{"id":23600,"date":"2024-04-19T13:23:13","date_gmt":"2024-04-19T10:23:13","guid":{"rendered":"https:\/\/zooprekes24.lt\/produktas\/fitmin-for-life-duck-turkey\/"},"modified":"2026-04-15T11:37:31","modified_gmt":"2026-04-15T09:37:31","slug":"fitmin-for-life-duck-turkey","status":"publish","type":"product","link":"https:\/\/zooprekes24.lt\/lv\/produktas\/fitmin-for-life-duck-turkey\/","title":{"rendered":"Fitmin for Life Duck Turkey sausas maistas \u0161unims"},"content":{"rendered":"<h3>Fitmin for Life Duck &amp; Turkey &#8211; visavertis sausas maistas vis\u0173 veisli\u0173 suaugusiems \u0161unims. Maiste naudojami sveiki ir energijos suteikiantys ingredientai &#8211; ry\u017eiai ir gardi antienos ir kalakutienos m\u0117sa, kuri u\u017etikrina patraukl\u0173 \u0117dalo skon\u012f ir sveik\u0105 \u0161uns gyvenimo kokyb\u0119.<\/h3>\n<ul>\n<li>Fitmin for Life p\u012ble un t\u012btars <a href=\"https:\/\/www.youtube.com\/watch?v=1yoQTbErEss\" target=\"_blank\" rel=\"noopener\">hipoaler\u0123iska formula<\/a> ar viegli sagremojamiem r\u012bsiem un gardu p\u012bles un t\u012btara ga\u013cu, \u012bpa\u0161i izstr\u0101d\u0101ta jut\u012bgiem, aler\u0123iskiem su\u0146iem ar gremo\u0161anas vai \u0101das un ka\u017eoka probl\u0113m\u0101m.<\/li>\n<li><a href=\"https:\/\/zooprekes24.lt\/lv\/products\/dr-clauders-barf-lassi-ella\/\">La\u0161a e\u013c\u013ca<\/a> ir lielisks omega 3 tauksk\u0101bju (EPA un DHA) avots, kas baro, m\u012bkstina un mitrina su\u0146a ka\u017eoku un \u0101du.<\/li>\n<li>Cigori\u0146u sakne darbojas k\u0101 dabisks prebioti\u0137is, kas atbalsta su\u0146a zarnu mikrofloru un nodro\u0161ina optim\u0101lu gremo\u0161anas sist\u0113mas darb\u012bbu.<\/li>\n<li>Sast\u0101v\u0101 eso\u0161ais vitam\u012bns B12 un folijsk\u0101be pal\u012bdz uztur\u0113t su\u0146a sirds vesel\u012bbu un samazina sirds un asinsvadu slim\u012bbu risku.<\/li>\n<li>\u0112dien\u0101 netiek izmantoti kvie\u0161i, kukur\u016bza, soja un \u0122MO.<\/li>\n<\/ul>","protected":false},"excerpt":{"rendered":"<p>Fitmin for Life Duck &amp; Turkey &#8211; visavertis sausas maistas vis\u0173 veisli\u0173 suaugusiems \u0161unims. Maiste naudojami sveiki ir energijos suteikiantys ingredientai &#8211; ry\u017eiai ir gardi antienos ir kalakutienos m\u0117sa, kuri u\u017etikrina patraukl\u0173 \u0117dalo skon\u012f ir sveik\u0105 \u0161uns gyvenimo kokyb\u0119. Fitmin for Life Duck &amp; Turkey hipoalergin\u0117 \u0117dalo formul\u0117 su lengvai vir\u0161kinamais ry\u017eiais ir gard\u017eia antienos&#8230;<\/p>","protected":false},"featured_media":786,"comment_status":"closed","ping_status":"closed","template":"","meta":{"_acf_changed":false,"slim_seo":{"title":"Fitmin for Life Duck Turkey sausas maistas \u0161unims - Zooprekes24","description":"Fitmin for Life Duck &amp; Turkey - visavertis sausas maistas vis\u0173 veisli\u0173 suaugusiems \u0161unims. Maiste naudojami sveiki ir energijos suteikiantys ingredientai -"},"iawp_total_views":127},"product_brand":[],"product_cat":[9043,9002,8999,29,31],"product_tag":[177,427],"class_list":{"0":"post-23600","1":"product","2":"type-product","3":"status-publish","4":"has-post-thumbnail","6":"product_cat-fitmin-for-life-sunims","7":"product_cat-sausas-maistas","8":"product_cat-sunims","9":"product_cat-sunu-maistas","10":"product_cat-sunu-prekiu-gamintojai","11":"product_tag-edalas-sunims","12":"product_tag-fitmin-edalas-sunims","13":"pa_pasaro-sudetis-antiena","14":"pa_pasaro-sudetis-kalakutiena","15":"pa_pasaro-sudetis-ryziai","16":"pa_prekiu-zenklai-fitmin-for-life","17":"pa_suns-amzius-suaugusiems","18":"pa_veisles-dydis-didelems-veislems","19":"pa_veisles-dydis-mazoms-veislems","20":"pa_veisles-dydis-vidutinems-veislems","21":"pa_veisles-dydis-visu-dydziu-veislems","23":"first","24":"instock","25":"sale","26":"taxable","27":"shipping-taxable","28":"purchasable","29":"product-type-variable"},"acf":[],"_links":{"self":[{"href":"https:\/\/zooprekes24.lt\/lv\/wp-json\/wp\/v2\/product\/23600","targetHints":{"allow":["GET"]}}],"collection":[{"href":"https:\/\/zooprekes24.lt\/lv\/wp-json\/wp\/v2\/product"}],"about":[{"href":"https:\/\/zooprekes24.lt\/lv\/wp-json\/wp\/v2\/types\/product"}],"replies":[{"embeddable":true,"href":"https:\/\/zooprekes24.lt\/lv\/wp-json\/wp\/v2\/comments?post=23600"}],"wp:featuredmedia":[{"embeddable":true,"href":"https:\/\/zooprekes24.lt\/lv\/wp-json\/wp\/v2\/media\/786"}],"wp:attachment":[{"href":"https:\/\/zooprekes24.lt\/lv\/wp-json\/wp\/v2\/media?parent=23600"}],"wp:term":[{"taxonomy":"product_brand","embeddable":true,"href":"https:\/\/zooprekes24.lt\/lv\/wp-json\/wp\/v2\/product_brand?post=23600"},{"taxonomy":"product_cat","embeddable":true,"href":"https:\/\/zooprekes24.lt\/lv\/wp-json\/wp\/v2\/product_cat?post=23600"},{"taxonomy":"product_tag","embeddable":true,"href":"https:\/\/zooprekes24.lt\/lv\/wp-json\/wp\/v2\/product_tag?post=23600"}],"curies":[{"name":"wp","href":"https:\/\/api.w.org\/{rel}","templated":true}]}}