{"id":23594,"date":"2024-04-19T13:23:13","date_gmt":"2024-04-19T10:23:13","guid":{"rendered":"https:\/\/zooprekes24.lt\/produktas\/fitmin-for-life-lamb-rice-sausas-maistas\/"},"modified":"2026-04-15T11:38:17","modified_gmt":"2026-04-15T09:38:17","slug":"fitmin-for-life-jera-galas-risu-sausa-bariba","status":"publish","type":"product","link":"https:\/\/zooprekes24.lt\/lv\/produktas\/fitmin-for-life-lamb-rice-sausas-maistas\/","title":{"rendered":"Fitmin for Life Lamb Rice sausas maistas \u0161unims"},"content":{"rendered":"<h3>Fitmin for Life Lamb &amp; Rice ir pilnv\u0113rt\u012bga saus\u0101 bar\u012bba pieaugu\u0161iem visu \u0161\u0137ir\u0146u su\u0146iem. Taj\u0101 izmantotas vesel\u012bgas, hipoaler\u0123iskas sast\u0101vda\u013cas, piem\u0113ram, r\u012bsi un svaiga j\u0113ra ga\u013ca, lai nodro\u0161in\u0101tu j\u016bsu sunim pievilc\u012bgu gar\u0161u un vesel\u012bgu dz\u012bves kvalit\u0101ti.<\/h3>\n<ul>\n<li>Fitmin for Life J\u0113ra ga\u013ca un r\u012bsi <a href=\"https:\/\/www.youtube.com\/watch?v=1yoQTbErEss\" target=\"_blank\" rel=\"noopener\">hipoaler\u0123iska formula<\/a> ar viegli sagremojamiem r\u012bsiem un svaigu j\u0113ra ga\u013cu, \u012bpa\u0161i izstr\u0101d\u0101ts jut\u012bgiem, aler\u0123iskiem su\u0146iem ar gremo\u0161anas vai \u0101das un ka\u017eoka probl\u0113m\u0101m.<\/li>\n<li><a href=\"https:\/\/zooprekes24.lt\/lv\/products\/dr-clauders-barf-lassi-ella\/\">La\u0161a e\u013c\u013ca<\/a> ir lielisks omega 3 tauksk\u0101bju (EPA un DHA) avots, kas baro, m\u012bkstina un mitrina su\u0146a ka\u017eoku un \u0101du.<\/li>\n<li>Cigori\u0146u sakne darbojas k\u0101 dabisks prebioti\u0137is, kas atbalsta su\u0146a zarnu mikrofloru un nodro\u0161ina optim\u0101lu gremo\u0161anas funkciju.<\/li>\n<li>Sast\u0101v\u0101 eso\u0161ais vitam\u012bns B12 un folijsk\u0101be pal\u012bdz uztur\u0113t su\u0146a sirds vesel\u012bbu un samazina sirds un asinsvadu slim\u012bbu risku.<\/li>\n<li>\u0112dien\u0101 netiek izmantoti kvie\u0161i, kukur\u016bza, soja un \u0122MO.<\/li>\n<\/ul>","protected":false},"excerpt":{"rendered":"<p>Fitmin for Life Lamb &amp; Rice &#8211; visavertis sausas maistas vis\u0173 veisli\u0173 suaugusiems \u0161unims. Maiste naudojami sveiki, hipoalerginiai ingredientai &#8211; ry\u017eiai ir \u0161vie\u017eia \u0117rienos m\u0117sa, kuri u\u017etikrina patraukl\u0173 \u0117dalo skon\u012f ir sveik\u0105 \u0161uns gyvenimo kokyb\u0119. Fitmin for Life Lamb &amp; Rice hipoalergin\u0117 \u0117dalo formul\u0117 su lengvai vir\u0161kinamais ry\u017eiais ir \u0161vie\u017eia \u0117rienos m\u0117sa sukurta specialiai jautriems,&#8230;<\/p>","protected":false},"featured_media":20244,"comment_status":"closed","ping_status":"closed","template":"","meta":{"_acf_changed":false,"slim_seo":{"title":"Fitmin for Life Lamb Rice sausas maistas \u0161unims - Zooprekes24","description":"Fitmin for Life Lamb &amp; Rice ir pilnv\u0113rt\u012bga saus\u0101 bar\u012bba pieaugu\u0161iem visu \u0161\u0137ir\u0146u su\u0146iem. Taj\u0101 izmantotas vesel\u012bgas, hipoaler\u0123iskas sast\u0101vda\u013cas, piem\u0113ram, r\u012bsi un asinsz\u0101les siers."},"iawp_total_views":354},"product_brand":[],"product_cat":[9043,9002,8999,29,31],"product_tag":[177,427],"class_list":{"0":"post-23594","1":"product","2":"type-product","3":"status-publish","4":"has-post-thumbnail","6":"product_cat-fitmin-for-life-sunims","7":"product_cat-sausas-maistas","8":"product_cat-sunims","9":"product_cat-sunu-maistas","10":"product_cat-sunu-prekiu-gamintojai","11":"product_tag-edalas-sunims","12":"product_tag-fitmin-edalas-sunims","13":"pa_pasaro-sudetis-eriena","14":"pa_pasaro-sudetis-ryziai","15":"pa_prekiu-zenklai-fitmin-for-life","16":"pa_suns-amzius-suaugusiems","17":"pa_veisles-dydis-didelems-veislems","18":"pa_veisles-dydis-mazoms-veislems","19":"pa_veisles-dydis-vidutinems-veislems","20":"pa_veisles-dydis-visu-dydziu-veislems","22":"first","23":"instock","24":"sale","25":"taxable","26":"shipping-taxable","27":"purchasable","28":"product-type-variable"},"acf":[],"_links":{"self":[{"href":"https:\/\/zooprekes24.lt\/lv\/wp-json\/wp\/v2\/product\/23594","targetHints":{"allow":["GET"]}}],"collection":[{"href":"https:\/\/zooprekes24.lt\/lv\/wp-json\/wp\/v2\/product"}],"about":[{"href":"https:\/\/zooprekes24.lt\/lv\/wp-json\/wp\/v2\/types\/product"}],"replies":[{"embeddable":true,"href":"https:\/\/zooprekes24.lt\/lv\/wp-json\/wp\/v2\/comments?post=23594"}],"wp:featuredmedia":[{"embeddable":true,"href":"https:\/\/zooprekes24.lt\/lv\/wp-json\/wp\/v2\/media\/20244"}],"wp:attachment":[{"href":"https:\/\/zooprekes24.lt\/lv\/wp-json\/wp\/v2\/media?parent=23594"}],"wp:term":[{"taxonomy":"product_brand","embeddable":true,"href":"https:\/\/zooprekes24.lt\/lv\/wp-json\/wp\/v2\/product_brand?post=23594"},{"taxonomy":"product_cat","embeddable":true,"href":"https:\/\/zooprekes24.lt\/lv\/wp-json\/wp\/v2\/product_cat?post=23594"},{"taxonomy":"product_tag","embeddable":true,"href":"https:\/\/zooprekes24.lt\/lv\/wp-json\/wp\/v2\/product_tag?post=23594"}],"curies":[{"name":"wp","href":"https:\/\/api.w.org\/{rel}","templated":true}]}}