{"id":23588,"date":"2024-04-19T13:22:59","date_gmt":"2024-04-19T10:22:59","guid":{"rendered":"https:\/\/zooprekes24.lt\/produktas\/fitmin-for-life-puppy-sausas-maistas\/"},"modified":"2026-02-27T12:29:00","modified_gmt":"2026-02-27T10:29:00","slug":"fitmin-for-life-kucenu-sausa-bariba","status":"publish","type":"product","link":"https:\/\/zooprekes24.lt\/lv\/produktas\/fitmin-for-life-puppy-sausas-maistas\/","title":{"rendered":"Fitmin for Life Puppy saus\u0101 bar\u012bba kuc\u0113niem"},"content":{"rendered":"<h3>Fitmin for Life Puppy ir pilnv\u0113rt\u012bga saus\u0101 bar\u012bba augo\u0161iem visu \u0161\u0137ir\u0146u kuc\u0113niem. Taj\u0101 izmantotas vesel\u012bgas un ener\u0123iju saturo\u0161as sast\u0101vda\u013cas, piem\u0113ram, svaiga m\u0101jputnu, c\u016bkga\u013ca un liellopu ga\u013ca, lai nodro\u0161in\u0101tu pievilc\u012bgu gar\u0161u un vesel\u012bgu dz\u012bves s\u0101kumu. T\u0101 ir piem\u0113rota ar\u012b gr\u016bsn\u0101m un lakt\u0113jo\u0161\u0101m kuc\u0113m.<\/h3>\n<ul>\n<li>Fitmin for Life kuc\u0113ns<a href=\"https:\/\/www.youtube.com\/watch?v=1yoQTbErEss\" target=\"_blank\" rel=\"noopener\"> p\u0101rtik\u0101 izmanto svaigu ga\u013cu<\/a> nodro\u0161ina j\u016bsu kuc\u0113na organismu ar visiem nepiecie\u0161amajiem vitam\u012bniem un miner\u0101lviel\u0101m, kas dabiski ieg\u016bti no dz\u012bvnieku izcelsmes sast\u0101vda\u013c\u0101m. Taj\u0101 izmantotas ar\u012b olbaltumvielas no \u017e\u0101v\u0113t\u0101m dz\u012bvnieku izcelsmes sast\u0101vda\u013c\u0101m, kas ir viegli sagremojamas un nodro\u0161ina vesel\u012bgu m\u0101jdz\u012bvnieka att\u012bst\u012bbu.<\/li>\n<li><a href=\"https:\/\/zooprekes24.lt\/lv\/products\/dr-clauders-barf-lassi-ella\/\">La\u0161a e\u013c\u013ca<\/a> ir lielisks omega 3 tauksk\u0101bju (EPA un DHA) avots, kas baro, m\u012bkstina un mitrina su\u0146a ka\u017eoku un \u0101du.<\/li>\n<li>Pareizs vitam\u012bnu un miner\u0101lvielu l\u012bdzsvars nodro\u0161ina optim\u0101lu kuc\u0113na imunit\u0101ti jau no \u013coti agra vecuma, k\u0101 ar\u012b \u013cauj lakt\u0113jo\u0161\u0101m kuc\u0113m atg\u016bties p\u0113c dzemd\u012bb\u0101m bez papildu stresa.<\/li>\n<li>Sast\u0101v\u0101 izmantot\u0101 cigori\u0146u sakne darbojas k\u0101 dabisks prebioti\u0137is, kas atbalsta kuc\u0113na zarnu mikrofloru un nodro\u0161ina optim\u0101lu gremo\u0161anas funkciju.<\/li>\n<\/ul>","protected":false},"excerpt":{"rendered":"<p>Fitmin for Life Puppy &#8211; visavertis sausas maistas vis\u0173 veisli\u0173 augantiems \u0161uniukams. Maiste naudojami sveiki ir energijos suteikiantys ingredientai &#8211; \u0161vie\u017eia pauk\u0161tienos, kiaulienos ir jautienos m\u0117sa, kuri u\u017etikrina patraukl\u0173 \u0117dalo skon\u012f ir sveik\u0105 \u0161uniuko gyvenimo prad\u017ei\u0105. \u0116dalas taip pat tinkamas besilaukian\u010dioms ir \u017eindan\u010dioms kal\u0117ms. Fitmin for Life Puppy maisto sud\u0117tyje naudojama \u0161vie\u017eia m\u0117sa suteikia \u0161uniuko&#8230;<\/p>","protected":false},"featured_media":20239,"comment_status":"closed","ping_status":"closed","template":"","meta":{"_acf_changed":false,"slim_seo":{"title":"Fitmin for Life Puppy sausas maistas \u0161uniukams - Zooprekes24","description":"Fitmin for Life Puppy ir pilnv\u0113rt\u012bga saus\u0101 bar\u012bba augo\u0161iem visu \u0161\u0137ir\u0146u kuc\u0113niem. Taj\u0101 izmantotas vesel\u012bgas un sp\u0113cino\u0161as sast\u0101vda\u013cas, piem\u0113ram, svaigas pa"},"iawp_total_views":173},"product_brand":[],"product_cat":[9043,9002,8999,29,31],"product_tag":[268,235,271,274],"class_list":{"0":"post-23588","1":"product","2":"type-product","3":"status-publish","4":"has-post-thumbnail","6":"product_cat-fitmin-for-life-sunims","7":"product_cat-sausas-maistas","8":"product_cat-sunims","9":"product_cat-sunu-maistas","10":"product_cat-sunu-prekiu-gamintojai","11":"product_tag-edalas-nesciai-kalei","12":"product_tag-edalas-suniukams","13":"product_tag-edalas-zindaciai-kalei","14":"product_tag-fitmin-edalas-suniukams","15":"pa_pasaro-sudetis-jautiena","16":"pa_pasaro-sudetis-kiauliena","17":"pa_pasaro-sudetis-ryziai","18":"pa_pasaro-sudetis-vistiena","19":"pa_prekiu-zenklai-fitmin-for-life","20":"pa_suns-amzius-jauniems","21":"pa_veisles-dydis-didelems-veislems","22":"pa_veisles-dydis-mazoms-veislems","23":"pa_veisles-dydis-vidutinems-veislems","24":"pa_veisles-dydis-visu-dydziu-veislems","26":"first","27":"outofstock","28":"taxable","29":"shipping-taxable","30":"purchasable","31":"product-type-variable"},"acf":[],"_links":{"self":[{"href":"https:\/\/zooprekes24.lt\/lv\/wp-json\/wp\/v2\/product\/23588","targetHints":{"allow":["GET"]}}],"collection":[{"href":"https:\/\/zooprekes24.lt\/lv\/wp-json\/wp\/v2\/product"}],"about":[{"href":"https:\/\/zooprekes24.lt\/lv\/wp-json\/wp\/v2\/types\/product"}],"replies":[{"embeddable":true,"href":"https:\/\/zooprekes24.lt\/lv\/wp-json\/wp\/v2\/comments?post=23588"}],"wp:featuredmedia":[{"embeddable":true,"href":"https:\/\/zooprekes24.lt\/lv\/wp-json\/wp\/v2\/media\/20239"}],"wp:attachment":[{"href":"https:\/\/zooprekes24.lt\/lv\/wp-json\/wp\/v2\/media?parent=23588"}],"wp:term":[{"taxonomy":"product_brand","embeddable":true,"href":"https:\/\/zooprekes24.lt\/lv\/wp-json\/wp\/v2\/product_brand?post=23588"},{"taxonomy":"product_cat","embeddable":true,"href":"https:\/\/zooprekes24.lt\/lv\/wp-json\/wp\/v2\/product_cat?post=23588"},{"taxonomy":"product_tag","embeddable":true,"href":"https:\/\/zooprekes24.lt\/lv\/wp-json\/wp\/v2\/product_tag?post=23588"}],"curies":[{"name":"wp","href":"https:\/\/api.w.org\/{rel}","templated":true}]}}