{"id":23582,"date":"2024-04-19T13:22:59","date_gmt":"2024-04-19T10:22:59","guid":{"rendered":"https:\/\/zooprekes24.lt\/produktas\/fitmin-medium-maxi-lamb-rice-sunims\/"},"modified":"2026-04-03T15:33:33","modified_gmt":"2026-04-03T13:33:33","slug":"fitmin-medium-maxi-maintenance-lamb-rice-sausas-maistas-sunims","status":"publish","type":"product","link":"https:\/\/zooprekes24.lt\/lv\/produktas\/fitmin-medium-maxi-maintenance-lamb-rice-sausas-maistas-sunims\/","title":{"rendered":"Fitmin Medium Maxi Maintenance Lamb &amp; Rice sausas maistas \u0161unims"},"content":{"rendered":"<h3>Fitmin Medium Maxi Maintenance Lamb &amp; Rice &#8211; visavertis sausas maistas vidutinio dyd\u017eio veisli\u0173 (nuo 13-35 kg) ir dideli\u0173 veisli\u0173 (nuo 35 kg) suaugusiems \u0161unims nuo 1 iki 8 met\u0173 am\u017eiaus. Maistas skirtas augintiniams, kurie turi jautr\u0173 vir\u0161kinim\u0105, yra link\u0119 \u012f \u012fvairias alergijas arba tiesiog m\u0117gsta gard\u0173 \u0117rienos m\u0117sos skon\u012f.<\/h3>\n<ul>\n<li>\u012apa\u0161a Fitmin bar\u012bbas formula, <a href=\"https:\/\/www.youtube.com\/watch?v=1yoQTbErEss\">kas satur l\u012bdz pat 70 % dz\u012bvnieku olbaltumvielu<\/a>, kas stiprina su\u0146a dabisk\u0101s aizsargsp\u0113jas.<\/li>\n<li><a href=\"https:\/\/zooprekes24.lt\/lv\/products\/dr-clauders-barf-lassi-ella\/\">La\u0161a e\u013c\u013ca<\/a> ir lielisks omega 3 tauksk\u0101bju (EPA un DHA) avots, kas baro un mitrina su\u0146a ka\u017eoku un \u0101du. EPA piem\u012bt dabiska pretiekaisuma iedarb\u012bba, savuk\u0101rt DHA ir saist\u012bta ar smadze\u0146u un t\u012bklenes strukt\u016bru.<\/li>\n<li>Hipoaler\u0123iska formula, kas piel\u0101gota jut\u012bgu, aler\u0123isku un bar\u012bbas nepanes\u012bgu su\u0146u vajadz\u012bb\u0101m.<\/li>\n<li>Satur B12 vitam\u012bnu un folijsk\u0101bi, kas pal\u012bdz uztur\u0113t vesel\u012bgu sirds darb\u012bbu un samazina sirds un asinsvadu slim\u012bbu risku.<\/li>\n<li>Fitmin Medium Maxi Maintenance Lamb &amp; Rice sud\u0117tyje esantis rozmarino ekstraktas stimuliuoja kepen\u0173 funkcij\u0105 ir gerina vir\u0161kinimo sistem\u0105.<\/li>\n<li>\u0112dien\u0101 netiek izmantoti kvie\u0161i, kukur\u016bza, soja un \u0122MO.<\/li>\n<\/ul>","protected":false},"excerpt":{"rendered":"<p>Fitmin Medium Maxi Maintenance Lamb &amp; Rice &#8211; visavertis sausas maistas vidutinio dyd\u017eio veisli\u0173 (nuo 13-35 kg) ir dideli\u0173 veisli\u0173 (nuo 35 kg) suaugusiems \u0161unims nuo 1 iki 8 met\u0173 am\u017eiaus. Maistas skirtas augintiniams, kurie turi jautr\u0173 vir\u0161kinim\u0105, yra link\u0119 \u012f \u012fvairias alergijas arba tiesiog m\u0117gsta gard\u0173 \u0117rienos m\u0117sos skon\u012f. Speciali Fitmin maisto formul\u0117, kurioje&#8230;<\/p>","protected":false},"featured_media":45373,"comment_status":"closed","ping_status":"closed","template":"","meta":{"_acf_changed":false,"slim_seo":{"title":"Fitmin Medium Maxi Maintenance Lamb &amp; Rice sausas maistas \u0161unims - Zooprekes24","description":"Fitmin Medium Maxi Maintenance Lamb &amp; Rice - visavertis sausas maistas vidutinio dyd\u017eio veisli\u0173 (nuo 13-35 kg) ir dideli\u0173 veisli\u0173 (nuo 35 kg) suaugusiems \u0161u"},"iawp_total_views":524},"product_brand":[],"product_cat":[9044,9002,8999,29,31],"product_tag":[177,804,427],"class_list":{"0":"post-23582","1":"product","2":"type-product","3":"status-publish","4":"has-post-thumbnail","6":"product_cat-fitmin-nutritional-programme","7":"product_cat-sausas-maistas","8":"product_cat-sunims","9":"product_cat-sunu-maistas","10":"product_cat-sunu-prekiu-gamintojai","11":"product_tag-edalas-sunims","12":"product_tag-fitmin-edalas-su-eriena-sunims","13":"product_tag-fitmin-edalas-sunims","14":"pa_pasaro-sudetis-eriena","15":"pa_pasaro-sudetis-ryziai","16":"pa_prekiu-zenklai-fitmin-nutritional-programme","17":"pa_suns-amzius-suaugusiems","18":"pa_veisles-dydis-didelems-veislems","19":"pa_veisles-dydis-vidutinems-veislems","21":"first","22":"instock","23":"taxable","24":"shipping-taxable","25":"purchasable","26":"product-type-variable"},"acf":[],"_links":{"self":[{"href":"https:\/\/zooprekes24.lt\/lv\/wp-json\/wp\/v2\/product\/23582","targetHints":{"allow":["GET"]}}],"collection":[{"href":"https:\/\/zooprekes24.lt\/lv\/wp-json\/wp\/v2\/product"}],"about":[{"href":"https:\/\/zooprekes24.lt\/lv\/wp-json\/wp\/v2\/types\/product"}],"replies":[{"embeddable":true,"href":"https:\/\/zooprekes24.lt\/lv\/wp-json\/wp\/v2\/comments?post=23582"}],"wp:featuredmedia":[{"embeddable":true,"href":"https:\/\/zooprekes24.lt\/lv\/wp-json\/wp\/v2\/media\/45373"}],"wp:attachment":[{"href":"https:\/\/zooprekes24.lt\/lv\/wp-json\/wp\/v2\/media?parent=23582"}],"wp:term":[{"taxonomy":"product_brand","embeddable":true,"href":"https:\/\/zooprekes24.lt\/lv\/wp-json\/wp\/v2\/product_brand?post=23582"},{"taxonomy":"product_cat","embeddable":true,"href":"https:\/\/zooprekes24.lt\/lv\/wp-json\/wp\/v2\/product_cat?post=23582"},{"taxonomy":"product_tag","embeddable":true,"href":"https:\/\/zooprekes24.lt\/lv\/wp-json\/wp\/v2\/product_tag?post=23582"}],"curies":[{"name":"wp","href":"https:\/\/api.w.org\/{rel}","templated":true}]}}