{"id":23578,"date":"2024-04-19T13:22:59","date_gmt":"2024-04-19T10:22:59","guid":{"rendered":"https:\/\/zooprekes24.lt\/produktas\/fitmin-mini-lamb-rice-sausas-maistas\/"},"modified":"2026-04-23T06:36:21","modified_gmt":"2026-04-23T04:36:21","slug":"fitmin-mini-maintenance-lamb-rice-sausas-maistas-sunims","status":"publish","type":"product","link":"https:\/\/zooprekes24.lt\/lv\/produktas\/fitmin-mini-maintenance-lamb-rice-sausas-maistas-sunims\/","title":{"rendered":"Fitmin Mini Maintenance Lamb &amp; Rice sausas maistas \u0161unims"},"content":{"rendered":"<h3>Fitmin Mini Maintenance Lamb &amp; Rice &#8211; visavertis sausas maistas ma\u017e\u0173 veisli\u0173 (iki 13 kg) suaugusiems \u0161unims nuo 10 m\u0117nesi\u0173 iki 11 met\u0173 am\u017eiaus. Maistas skirtas augintiniams, kurie turi jautr\u0173 vir\u0161kinim\u0105, yra link\u0119 \u012f \u012fvairias alergijas arba tiesiog m\u0117gsta gard\u0173 \u0117rienos m\u0117sos skon\u012f.<\/h3>\n<ul>\n<li>\u012apa\u0161a Fitmin bar\u012bbas formula, <a href=\"https:\/\/www.youtube.com\/watch?v=1yoQTbErEss\">kas satur l\u012bdz pat 70 % dz\u012bvnieku olbaltumvielu<\/a>, kas stiprina su\u0146a dabisk\u0101s aizsargsp\u0113jas.<\/li>\n<li><a href=\"https:\/\/zooprekes24.lt\/lv\/products\/dr-clauders-barf-lassi-ella\/\">La\u0161a e\u013c\u013ca<\/a> ir lielisks omega 3 tauksk\u0101bju (EPA un DHA) avots, kas baro un mitrina su\u0146a ka\u017eoku un \u0101du. EPA piem\u012bt dabiska pretiekaisuma iedarb\u012bba, savuk\u0101rt DHA ir saist\u012bta ar smadze\u0146u un t\u012bklenes strukt\u016bru.<\/li>\n<li>Hipoaler\u0123iska formula, kas piel\u0101gota jut\u012bgu, aler\u0123isku un bar\u012bbas nepanes\u012bgu su\u0146u vajadz\u012bb\u0101m.<\/li>\n<li>Satur B12 vitam\u012bnu un folijsk\u0101bi, kas pal\u012bdz uztur\u0113t vesel\u012bgu sirds darb\u012bbu un samazina sirds un asinsvadu slim\u012bbu risku.<\/li>\n<li>Fitmin Mini Maintenance Lamb &amp; Rice sud\u0117tyje esantis rozmarino ekstraktas stimuliuoja kepen\u0173 funkcij\u0105 ir gerina vir\u0161kinimo sistem\u0105.<\/li>\n<li>\u0112dien\u0101 netiek izmantoti kvie\u0161i, kukur\u016bza, soja un \u0122MO.<\/li>\n<\/ul>","protected":false},"excerpt":{"rendered":"<p>Fitmin Mini Maintenance Lamb &amp; Rice &#8211; visavertis sausas maistas ma\u017e\u0173 veisli\u0173 (iki 13 kg) suaugusiems \u0161unims nuo 10 m\u0117nesi\u0173 iki 11 met\u0173 am\u017eiaus. Maistas skirtas augintiniams, kurie turi jautr\u0173 vir\u0161kinim\u0105, yra link\u0119 \u012f \u012fvairias alergijas arba tiesiog m\u0117gsta gard\u0173 \u0117rienos m\u0117sos skon\u012f. Speciali Fitmin maisto formul\u0117, kurioje yra net 70 % gyv\u016bnin\u0117s kilm\u0117s baltym\u0173,&#8230;<\/p>","protected":false},"featured_media":45372,"comment_status":"closed","ping_status":"closed","template":"","meta":{"_acf_changed":false,"slim_seo":{"title":"Fitmin Mini Maintenance Lamb &amp; Rice sausas maistas \u0161unims - Zooprekes24","description":"Fitmin Mini Maintenance Lamb &amp; Rice - visavertis sausas maistas ma\u017e\u0173 veisli\u0173 (iki 13 kg) suaugusiems \u0161unims nuo 10 m\u0117nesi\u0173 iki 11 met\u0173 am\u017eiaus. Maistas skir"},"iawp_total_views":486},"product_brand":[],"product_cat":[9044,9002,8999,29,31],"product_tag":[177,804,427],"class_list":{"0":"post-23578","1":"product","2":"type-product","3":"status-publish","4":"has-post-thumbnail","6":"product_cat-fitmin-nutritional-programme","7":"product_cat-sausas-maistas","8":"product_cat-sunims","9":"product_cat-sunu-maistas","10":"product_cat-sunu-prekiu-gamintojai","11":"product_tag-edalas-sunims","12":"product_tag-fitmin-edalas-su-eriena-sunims","13":"product_tag-fitmin-edalas-sunims","14":"pa_pasaro-sudetis-eriena","15":"pa_pasaro-sudetis-ryziai","16":"pa_prekiu-zenklai-fitmin-nutritional-programme","17":"pa_suns-amzius-suaugusiems","18":"pa_veisles-dydis-mazoms-veislems","20":"first","21":"outofstock","22":"taxable","23":"shipping-taxable","24":"purchasable","25":"product-type-variable"},"acf":[],"_links":{"self":[{"href":"https:\/\/zooprekes24.lt\/lv\/wp-json\/wp\/v2\/product\/23578","targetHints":{"allow":["GET"]}}],"collection":[{"href":"https:\/\/zooprekes24.lt\/lv\/wp-json\/wp\/v2\/product"}],"about":[{"href":"https:\/\/zooprekes24.lt\/lv\/wp-json\/wp\/v2\/types\/product"}],"replies":[{"embeddable":true,"href":"https:\/\/zooprekes24.lt\/lv\/wp-json\/wp\/v2\/comments?post=23578"}],"wp:featuredmedia":[{"embeddable":true,"href":"https:\/\/zooprekes24.lt\/lv\/wp-json\/wp\/v2\/media\/45372"}],"wp:attachment":[{"href":"https:\/\/zooprekes24.lt\/lv\/wp-json\/wp\/v2\/media?parent=23578"}],"wp:term":[{"taxonomy":"product_brand","embeddable":true,"href":"https:\/\/zooprekes24.lt\/lv\/wp-json\/wp\/v2\/product_brand?post=23578"},{"taxonomy":"product_cat","embeddable":true,"href":"https:\/\/zooprekes24.lt\/lv\/wp-json\/wp\/v2\/product_cat?post=23578"},{"taxonomy":"product_tag","embeddable":true,"href":"https:\/\/zooprekes24.lt\/lv\/wp-json\/wp\/v2\/product_tag?post=23578"}],"curies":[{"name":"wp","href":"https:\/\/api.w.org\/{rel}","templated":true}]}}