{"id":23575,"date":"2024-04-19T13:22:59","date_gmt":"2024-04-19T10:22:59","guid":{"rendered":"https:\/\/zooprekes24.lt\/produktas\/fitmin-medium-senior-sausas-maistas\/"},"modified":"2026-02-26T15:42:56","modified_gmt":"2026-02-26T13:42:56","slug":"fitmin-medium-senior-sausa-bariba","status":"publish","type":"product","link":"https:\/\/zooprekes24.lt\/lv\/produktas\/fitmin-medium-senior-sausas-maistas\/","title":{"rendered":"Fitmin Medium Senior saus\u0101 bar\u012bba su\u0146iem"},"content":{"rendered":"<h3>Fitmin Medium Senior ir pilnv\u0113rt\u012bga saus\u0101 bar\u012bba vid\u0113ja lieluma (13-35 kg) su\u0146iem vecum\u0101 no 9 gadiem. Viegli sagremojama, bag\u0101tin\u0101ta ar organisko sel\u0113nu un E vitam\u012bnu, lai pal\u0113nin\u0101tu noveco\u0161an\u0101s procesu, samazin\u0101tu p\u0101r\u0113\u0161an\u0101s risku un samazin\u0101tu iesp\u0113jam\u0101s su\u0146a gremo\u0161anas probl\u0113mas. Zem\u0101ks tauku saturs nov\u0113r\u0161 dz\u012bvnieka aptauko\u0161anos.<\/h3>\n<ul>\n<li>\u012apa\u0161a Fitmin bar\u012bbas formula, <a href=\"https:\/\/www.youtube.com\/watch?v=1yoQTbErEss\">kas satur 68 dz\u012bvnieku izcelsmes % olbaltumvielas<\/a>, kas stiprina su\u0146a dabisk\u0101s aizsargsp\u0113jas.<\/li>\n<li><a href=\"https:\/\/zooprekes24.lt\/lv\/products\/dr-clauders-barf-lassi-ella\/\">La\u0161a e\u013c\u013ca<\/a> ir lielisks omega 3 tauksk\u0101bju (EPA un DHA) avots, kas baro un mitrina su\u0146a ka\u017eoku un \u0101du. EPA piem\u012bt dabiska pretiekaisuma iedarb\u012bba, savuk\u0101rt DHA ir saist\u012bta ar smadze\u0146u un t\u012bklenes strukt\u016bru.<\/li>\n<li>Satur B12 vitam\u012bnu un folijsk\u0101bi, kas pal\u012bdz uztur\u0113t vesel\u012bgu sirds darb\u012bbu un samazina sirds un asinsvadu slim\u012bbu risku.<\/li>\n<li>Hondroit\u012bns un glikozam\u012bns stiprina j\u016bsu m\u012blu\u013ca skrim\u0161\u013cus, c\u012bpslas un saites.<\/li>\n<li>Zems glik\u0113miskais indekss pal\u012bdz uztur\u0113t optim\u0101lu cukura l\u012bmeni asin\u012bs un samazina aptauko\u0161an\u0101s risku.<\/li>\n<li>Fitmin Medium Senior satur rozmar\u012bna ekstraktu, kas stimul\u0113 aknu darb\u012bbu un uzlabo gremo\u0161anas sist\u0113mu.<\/li>\n<li>\u0112diens nesatur: kvie\u0161us, soju un \u0122MO.<\/li>\n<\/ul>","protected":false},"excerpt":{"rendered":"<p>Fitmin Medium Senior &#8211; visavertis sausas maistas vidutinio dyd\u017eio veisli\u0173 (nuo 13-35 kg) vyresnio am\u017eiaus \u0161unims nuo 9 met\u0173. Lengvai vir\u0161kinamas, praturtintas organiniu selenu ir vitaminu E tam, kad sul\u0117tintu sen\u0117jimo procesus, suma\u017eintu apsivalgymo rizik\u0105 bei minimalizuotu galimas \u0161uns vir\u0161kinimo problemas. Sud\u0117tyje esantis ma\u017eesnis riebal\u0173 kiekis apsaugo augintin\u012f nuo nutukimo. Speciali Fitmin maisto formul\u0117, kurioje&#8230;<\/p>","protected":false},"featured_media":45382,"comment_status":"closed","ping_status":"closed","template":"","meta":{"_acf_changed":false,"slim_seo":{"title":"Fitmin Medium Senior sausas maistas \u0161unims - Zooprekes24","description":"Fitmin Medium Senior ir pilnv\u0113rt\u012bga saus\u0101 bar\u012bba vid\u0113ja lieluma (13-35 kg) su\u0146iem vecum\u0101 no 9 gadiem. Viegli sagremojama, bag\u0101tin\u0101ta ar o"},"iawp_total_views":119},"product_brand":[],"product_cat":[9044,9002,8999,29,31],"product_tag":[177,427,1664,1665],"class_list":{"0":"post-23575","1":"product","2":"type-product","3":"status-publish","4":"has-post-thumbnail","6":"product_cat-fitmin-nutritional-programme","7":"product_cat-sausas-maistas","8":"product_cat-sunims","9":"product_cat-sunu-maistas","10":"product_cat-sunu-prekiu-gamintojai","11":"product_tag-edalas-sunims","12":"product_tag-fitmin-edalas-sunims","13":"product_tag-fitmin-maistas-seniems-sunims","14":"product_tag-fitmin-senam-suniui","15":"pa_pasaro-sudetis-ryziai","16":"pa_pasaro-sudetis-vistiena","17":"pa_pasaro-sudetis-zuvis","18":"pa_prekiu-zenklai-fitmin-nutritional-programme","19":"pa_suns-amzius-senjorams","20":"pa_veisles-dydis-vidutinems-veislems","22":"first","23":"instock","24":"taxable","25":"shipping-taxable","26":"purchasable","27":"product-type-variable"},"acf":[],"_links":{"self":[{"href":"https:\/\/zooprekes24.lt\/lv\/wp-json\/wp\/v2\/product\/23575","targetHints":{"allow":["GET"]}}],"collection":[{"href":"https:\/\/zooprekes24.lt\/lv\/wp-json\/wp\/v2\/product"}],"about":[{"href":"https:\/\/zooprekes24.lt\/lv\/wp-json\/wp\/v2\/types\/product"}],"replies":[{"embeddable":true,"href":"https:\/\/zooprekes24.lt\/lv\/wp-json\/wp\/v2\/comments?post=23575"}],"wp:featuredmedia":[{"embeddable":true,"href":"https:\/\/zooprekes24.lt\/lv\/wp-json\/wp\/v2\/media\/45382"}],"wp:attachment":[{"href":"https:\/\/zooprekes24.lt\/lv\/wp-json\/wp\/v2\/media?parent=23575"}],"wp:term":[{"taxonomy":"product_brand","embeddable":true,"href":"https:\/\/zooprekes24.lt\/lv\/wp-json\/wp\/v2\/product_brand?post=23575"},{"taxonomy":"product_cat","embeddable":true,"href":"https:\/\/zooprekes24.lt\/lv\/wp-json\/wp\/v2\/product_cat?post=23575"},{"taxonomy":"product_tag","embeddable":true,"href":"https:\/\/zooprekes24.lt\/lv\/wp-json\/wp\/v2\/product_tag?post=23575"}],"curies":[{"name":"wp","href":"https:\/\/api.w.org\/{rel}","templated":true}]}}