{"id":23568,"date":"2024-04-19T13:22:30","date_gmt":"2024-04-19T10:22:30","guid":{"rendered":"https:\/\/zooprekes24.lt\/produktas\/fitmin-mini-light-sausas-maistas\/"},"modified":"2026-02-05T13:38:46","modified_gmt":"2026-02-05T11:38:46","slug":"fitmin-mini-light-sausas-maistas-sunims","status":"publish","type":"product","link":"https:\/\/zooprekes24.lt\/lv\/produktas\/fitmin-mini-light-sausas-maistas-sunims\/","title":{"rendered":"Fitmin Mini Light sausas maistas \u0161unims 2.5 kg"},"content":{"rendered":"<h3>Fitmin Mini Light ir pilnv\u0113rt\u012bga saus\u0101 bar\u012bba akt\u012bviem mazo \u0161\u0137ir\u0146u (l\u012bdz 13 kg) pieaugu\u0161iem su\u0146iem vecum\u0101 no 10 m\u0113ne\u0161iem l\u012bdz 11 gadiem. Piem\u0113rota su\u0146iem ar noslieci uz svara pieaugumu vai lieko svaru.<\/h3>\n<ul>\n<li>\u012apa\u0161a Fitmin bar\u012bbas formula, <a href=\"https:\/\/www.youtube.com\/watch?v=1yoQTbErEss\">kas satur 68 dz\u012bvnieku izcelsmes % olbaltumvielas<\/a>, kas stiprina su\u0146a dabisk\u0101s aizsargsp\u0113jas.<\/li>\n<li><a href=\"https:\/\/zooprekes24.lt\/lv\/products\/dr-clauders-barf-lassi-ella\/\">La\u0161a e\u013c\u013ca<\/a> ir lielisks omega 3 tauksk\u0101bju (EPA un DHA) avots, kas baro un mitrina su\u0146a ka\u017eoku un \u0101du. EPA piem\u012bt dabiska pretiekaisuma iedarb\u012bba, savuk\u0101rt DHA ir saist\u012bta ar smadze\u0146u un t\u012bklenes strukt\u016bru.<\/li>\n<li>Tas satur dab\u012bgo antioksidantu kompleksu, kas aizsarg\u0101 \u0161\u016bnas no br\u012bvo radik\u0101\u013cu kait\u012bg\u0101s ietekmes, un zobu aizsardz\u012bbas kompleksu, kas nodro\u0161ina j\u016bsu m\u012blu\u013ca zobu vesel\u012bbu.<\/li>\n<li>Fitmin Mini Light sast\u0101v\u0101 eso\u0161ais vistas ga\u013cas prote\u012bns ar zemu tauku saturu un vieglu sagremojam\u012bbu uztur j\u016bsu m\u012blu\u013ca musku\u013cu masu liesu un pal\u012bdz c\u012bn\u012bties ar nev\u0113lamu lieko svaru.<\/li>\n<li>Rozmar\u012bna ekstrakts stimul\u0113 aknu darb\u012bbu un uzlabo gremo\u0161anas sist\u0113mas darb\u012bbu.<\/li>\n<li>\u0112diens nesatur: kvie\u0161us, soju un \u0122MO.<\/li>\n<\/ul>","protected":false},"excerpt":{"rendered":"<p>Fitmin Mini Light &#8211; visavertis sausas maistas aktyviems ma\u017e\u0173 veisli\u0173 (iki 13 kg) suaugusiems \u0161unims nuo 10 m\u0117nesi\u0173 iki 11 met\u0173 am\u017eiaus. Pritaikytas \u0161unims linkusiems priaugti svorio arba turintiems vir\u0161svorio. Speciali Fitmin maisto formul\u0117, kurioje yra 68 % gyv\u016bnin\u0117s kilm\u0117s baltym\u0173, stiprina nat\u016brali\u0105 \u0161uns organizmo apsaug\u0105. La\u0161i\u0161\u0173 aliejus yra puikus Omega-3 riebal\u0173 r\u016bg\u0161\u010di\u0173 (EPA ir&#8230;<\/p>","protected":false},"featured_media":45392,"comment_status":"closed","ping_status":"closed","template":"","meta":{"_acf_changed":false,"slim_seo":{"title":"Fitmin Mini Light sausas maistas \u0161unims 2.5 kg - Zooprekes24","description":"Fitmin Mini Light ir pilnv\u0113rt\u012bga saus\u0101 bar\u012bba akt\u012bviem mazo \u0161\u0137ir\u0146u (l\u012bdz 13 kg) pieaugu\u0161iem su\u0146iem vecum\u0101 no 10 m\u0113ne\u0161iem l\u012bdz 11 gadiem. Piel\u0101gota su\u0146iem ar l\u016b\u0161iem"},"iawp_total_views":110},"product_brand":[],"product_cat":[9044,9002,8999,29,31],"product_tag":[1084,177,1085,427,1091,1094],"class_list":{"0":"post-23568","1":"product","2":"type-product","3":"status-publish","4":"has-post-thumbnail","6":"product_cat-fitmin-nutritional-programme","7":"product_cat-sausas-maistas","8":"product_cat-sunims","9":"product_cat-sunu-maistas","10":"product_cat-sunu-prekiu-gamintojai","11":"product_tag-antsvorio-turinciam-suniui","12":"product_tag-edalas-sunims","13":"product_tag-fitmin-antsvorio-turintiems-sunims","14":"product_tag-fitmin-edalas-sunims","15":"product_tag-maistas-sunims-turintiems-antsvorio","16":"product_tag-sausas-maistas-storam-suniui","17":"pa_pasaro-sudetis-ryziai","18":"pa_pasaro-sudetis-vistiena","19":"pa_pasaro-sudetis-zuvis","20":"pa_prekiu-zenklai-fitmin-nutritional-programme","21":"pa_suns-amzius-suaugusiems","22":"pa_veisles-dydis-mazoms-veislems","24":"first","25":"outofstock","26":"taxable","27":"shipping-taxable","28":"purchasable","29":"product-type-simple"},"acf":[],"_links":{"self":[{"href":"https:\/\/zooprekes24.lt\/lv\/wp-json\/wp\/v2\/product\/23568","targetHints":{"allow":["GET"]}}],"collection":[{"href":"https:\/\/zooprekes24.lt\/lv\/wp-json\/wp\/v2\/product"}],"about":[{"href":"https:\/\/zooprekes24.lt\/lv\/wp-json\/wp\/v2\/types\/product"}],"replies":[{"embeddable":true,"href":"https:\/\/zooprekes24.lt\/lv\/wp-json\/wp\/v2\/comments?post=23568"}],"wp:featuredmedia":[{"embeddable":true,"href":"https:\/\/zooprekes24.lt\/lv\/wp-json\/wp\/v2\/media\/45392"}],"wp:attachment":[{"href":"https:\/\/zooprekes24.lt\/lv\/wp-json\/wp\/v2\/media?parent=23568"}],"wp:term":[{"taxonomy":"product_brand","embeddable":true,"href":"https:\/\/zooprekes24.lt\/lv\/wp-json\/wp\/v2\/product_brand?post=23568"},{"taxonomy":"product_cat","embeddable":true,"href":"https:\/\/zooprekes24.lt\/lv\/wp-json\/wp\/v2\/product_cat?post=23568"},{"taxonomy":"product_tag","embeddable":true,"href":"https:\/\/zooprekes24.lt\/lv\/wp-json\/wp\/v2\/product_tag?post=23568"}],"curies":[{"name":"wp","href":"https:\/\/api.w.org\/{rel}","templated":true}]}}