{"id":23562,"date":"2024-04-19T13:22:30","date_gmt":"2024-04-19T10:22:30","guid":{"rendered":"https:\/\/zooprekes24.lt\/produktas\/fitmin-medium-maintenance-sausas-maistas\/"},"modified":"2026-04-03T16:01:35","modified_gmt":"2026-04-03T14:01:35","slug":"fitmin-videjas-uzturvertibas-sausa-bariba","status":"publish","type":"product","link":"https:\/\/zooprekes24.lt\/lv\/produktas\/fitmin-medium-maintenance-sausas-maistas\/","title":{"rendered":"Fitmin Medium Maintenance saus\u0101 bar\u012bba su\u0146iem"},"content":{"rendered":"<h3>Fitmin Medium Maintenance ir pilnv\u0113rt\u012bga saus\u0101 bar\u012bba vid\u0113ja lieluma (13-35 kg) pieaugu\u0161iem su\u0146iem no 1 l\u012bdz 9 gadu vecumam. Piel\u0101gotais ener\u0123\u0113tiskais sast\u0101vs un prebiotikas uzlabo su\u0146a zarnu darb\u012bbu un im\u016bnsist\u0113mu. \u012apa\u0161\u0101 formula atbalsta aknu darb\u012bbu, k\u0101 ar\u012b m\u0101jdz\u012bvnieka ka\u017eoku un \u0101du.<\/h3>\n<ul>\n<li>\u012apa\u0161a Fitmin bar\u012bbas formula, <a href=\"https:\/\/www.youtube.com\/watch?v=1yoQTbErEss\">kas satur 69 % dz\u012bvnieku olbaltumvielas<\/a>, kas stiprina su\u0146a dabisk\u0101s aizsargsp\u0113jas.<\/li>\n<li><a href=\"https:\/\/zooprekes24.lt\/lv\/products\/dr-clauders-barf-lassi-ella\/\">La\u0161a e\u013c\u013ca<\/a> ir lielisks omega 3 tauksk\u0101bju (EPA un DHA) avots, kas baro un mitrina su\u0146a ka\u017eoku un \u0101du. EPA piem\u012bt dabiska pretiekaisuma iedarb\u012bba, savuk\u0101rt DHA ir saist\u012bta ar smadze\u0146u un t\u012bklenes strukt\u016bru.<\/li>\n<li>Tas satur dab\u012bgo antioksidantu kompleksu, kas aizsarg\u0101 \u0161\u016bnas no br\u012bvo radik\u0101\u013cu kait\u012bg\u0101s ietekmes, un zobu aizsardz\u012bbas kompleksu, kas nodro\u0161ina j\u016bsu m\u012blu\u013ca zobu vesel\u012bbu.<\/li>\n<li>Fitmin Medium Maintenance Medium Energy bar\u012bba pal\u012bdz uztur\u0113t ide\u0101lu vid\u0113ja lieluma su\u0146u svaru un nov\u0113rst nev\u0113lamas liek\u0101 svara probl\u0113mas.<\/li>\n<li>Rozmar\u012bna ekstrakts stimul\u0113 aknu darb\u012bbu un uzlabo gremo\u0161anas sist\u0113mas darb\u012bbu.<\/li>\n<li>\u0112diens nesatur: kvie\u0161us, soju un \u0122MO.<\/li>\n<\/ul>","protected":false},"excerpt":{"rendered":"<p>Fitmin Medium Maintenance &#8211; visavertis sausas maistas vidutinio dyd\u017eio veisli\u0173 (nuo 13-35 kg) suaugusiems \u0161unims nuo 1 iki 9 met\u0173 am\u017eiaus. Pritaikytas energijos kiekis ir prebiotikai gerina \u0161uns \u017earnyno veikl\u0105 ir organizmo imunin\u0119 funkcij\u0105. Ypatingos maisto formul\u0117s d\u0117ka palaikoma kepen\u0173 veikla bei puosel\u0117jamas augintinio kailis ir oda. Speciali Fitmin maisto formul\u0117, kurioje yra net 69&#8230;<\/p>","protected":false},"featured_media":45390,"comment_status":"closed","ping_status":"closed","template":"","meta":{"_acf_changed":false,"slim_seo":{"title":"Fitmin Medium Maintenance sausas maistas \u0161unims - Zooprekes24","description":"Fitmin Medium Maintenance ir pilnv\u0113rt\u012bga saus\u0101 bar\u012bba vid\u0113ja lieluma (13-35 kg) pieaugu\u0161iem su\u0146iem no 1 l\u012bdz 9 gadu vecumam. Piel\u0101gota ener\u0123ijai"},"iawp_total_views":136},"product_brand":[],"product_cat":[9044,9002,8999,29,31],"product_tag":[177,427],"class_list":{"0":"post-23562","1":"product","2":"type-product","3":"status-publish","4":"has-post-thumbnail","6":"product_cat-fitmin-nutritional-programme","7":"product_cat-sausas-maistas","8":"product_cat-sunims","9":"product_cat-sunu-maistas","10":"product_cat-sunu-prekiu-gamintojai","11":"product_tag-edalas-sunims","12":"product_tag-fitmin-edalas-sunims","13":"pa_pasaro-sudetis-ryziai","14":"pa_pasaro-sudetis-vistiena","15":"pa_pasaro-sudetis-zuvis","16":"pa_prekiu-zenklai-fitmin-nutritional-programme","17":"pa_suns-amzius-suaugusiems","18":"pa_veisles-dydis-vidutinems-veislems","20":"first","21":"instock","22":"taxable","23":"shipping-taxable","24":"purchasable","25":"product-type-variable"},"acf":[],"_links":{"self":[{"href":"https:\/\/zooprekes24.lt\/lv\/wp-json\/wp\/v2\/product\/23562","targetHints":{"allow":["GET"]}}],"collection":[{"href":"https:\/\/zooprekes24.lt\/lv\/wp-json\/wp\/v2\/product"}],"about":[{"href":"https:\/\/zooprekes24.lt\/lv\/wp-json\/wp\/v2\/types\/product"}],"replies":[{"embeddable":true,"href":"https:\/\/zooprekes24.lt\/lv\/wp-json\/wp\/v2\/comments?post=23562"}],"wp:featuredmedia":[{"embeddable":true,"href":"https:\/\/zooprekes24.lt\/lv\/wp-json\/wp\/v2\/media\/45390"}],"wp:attachment":[{"href":"https:\/\/zooprekes24.lt\/lv\/wp-json\/wp\/v2\/media?parent=23562"}],"wp:term":[{"taxonomy":"product_brand","embeddable":true,"href":"https:\/\/zooprekes24.lt\/lv\/wp-json\/wp\/v2\/product_brand?post=23562"},{"taxonomy":"product_cat","embeddable":true,"href":"https:\/\/zooprekes24.lt\/lv\/wp-json\/wp\/v2\/product_cat?post=23562"},{"taxonomy":"product_tag","embeddable":true,"href":"https:\/\/zooprekes24.lt\/lv\/wp-json\/wp\/v2\/product_tag?post=23562"}],"curies":[{"name":"wp","href":"https:\/\/api.w.org\/{rel}","templated":true}]}}