{"id":23552,"date":"2024-04-19T13:22:30","date_gmt":"2024-04-19T10:22:30","guid":{"rendered":"https:\/\/zooprekes24.lt\/produktas\/fitmin-maxi-junior-sausas-maistas\/"},"modified":"2026-02-26T14:55:11","modified_gmt":"2026-02-26T12:55:11","slug":"fitmin-maxi-junior-sausas-maistas-suniukams-12kg","status":"publish","type":"product","link":"https:\/\/zooprekes24.lt\/lv\/produktas\/fitmin-maxi-junior-sausas-maistas-suniukams-12kg\/","title":{"rendered":"Fitmin Maxi Junior sausas maistas \u0161uniukams 12 kg"},"content":{"rendered":"<h3>Fitmin Maxi Junior ir pilnv\u0113rt\u012bga saus\u0101 bar\u012bba lielo \u0161\u0137ir\u0146u kuc\u0113niem (no 35 kg) vecum\u0101 no 5 m\u0113ne\u0161iem l\u012bdz 1,5 gadiem. Piel\u0101gotais ener\u0123\u0113tisk\u0101s v\u0113rt\u012bbas, olbaltumvielu, kalcija un fosfora saturs pal\u012bdz kuc\u0113niem att\u012bst\u012bt vesel\u012bgus un sp\u0113c\u012bgus kaulus. \u012apa\u0161\u0101 bar\u012bbas formula stiprina imunit\u0101ti un nodro\u0161ina lielisku gremo\u0161anu.<\/h3>\n<ul>\n<li>\u012apa\u0161a Fitmin bar\u012bbas formula, <a href=\"https:\/\/www.youtube.com\/watch?v=1yoQTbErEss\" target=\"_blank\" rel=\"noopener\">kas satur l\u012bdz pat 75 % dz\u012bvnieku olbaltumvielu<\/a>stiprina jaun\u0101 kuc\u0113na organisma dabisk\u0101s aizsargsp\u0113jas.<\/li>\n<li>Piel\u0101gota ener\u0123\u0113tisk\u0101 v\u0113rt\u012bba, olbaltumvielas, kalcijs un fosfors veicina vesel\u012bgu un sp\u0113c\u012bgu kaulu veido\u0161anos kuc\u0113niem. Hondroit\u012bns un glikozam\u012bns stiprina kuc\u0113na loc\u012btavas jau agr\u012bn\u0101 vecum\u0101.<\/li>\n<li><a href=\"https:\/\/zooprekes24.lt\/lv\/products\/dr-clauders-barf-lassi-ella\/\" target=\"_blank\" rel=\"noopener\">La\u0161a e\u013c\u013ca<\/a> ir lielisks omega 3 tauksk\u0101bju (EPA un DHA) avots, kas baro un mitrina j\u016bsu m\u012blu\u013ca ka\u017eoku un \u0101du. EPA piem\u012bt dabiska pretiekaisuma iedarb\u012bba, savuk\u0101rt DHA ir saist\u012bta ar smadze\u0146u un t\u012bklenes strukt\u016bru.<\/li>\n<li>Rozmar\u012bna ekstrakts pal\u012bdz stimul\u0113t aknu darb\u012bbu un uzlabot jauno su\u0146u gremo\u0161anas sist\u0113mu.<\/li>\n<li>Fitmin Maxi Junior piel\u0101gotais sast\u0101vs pal\u012bdz uztur\u0113t lielo \u0161\u0137ir\u0146u kuc\u0113nu ide\u0101lo svaru.<\/li>\n<li>\u0112diens nesatur: kvie\u0161us, soju un \u0122MO.<\/li>\n<\/ul>","protected":false},"excerpt":{"rendered":"<p>Fitmin Maxi Junior &#8211; visavertis sausas maistas dideli\u0173 veisli\u0173 (nuo 35 kg) \u0161uniukams nuo 5 m\u0117nesi\u0173 iki 1,5 met\u0173 am\u017eiaus. Pritaikytas energijos kiekis, baltymai, kalcis ir fosforas padeda formuotis sveikiems ir stipriems \u0161uniuk\u0173 kaulams. Ypatingos maisto formul\u0117s d\u0117ka stiprinamas imunitetas, u\u017etikrinamas puikus vir\u0161kinimas. Speciali Fitmin maisto formul\u0117, kurioje yra net 75 % gyv\u016bnin\u0117s kilm\u0117s baltym\u0173,&#8230;<\/p>","protected":false},"featured_media":45374,"comment_status":"closed","ping_status":"closed","template":"","meta":{"_acf_changed":false,"slim_seo":{"title":"Fitmin Maxi Junior sausas maistas \u0161uniukams 12 kg - Zooprekes24","description":"Fitmin Maxi Junior ir pilnv\u0113rt\u012bga saus\u0101 bar\u012bba lielo \u0161\u0137ir\u0146u kuc\u0113niem (no 35 kg) vecum\u0101 no 5 m\u0113ne\u0161iem l\u012bdz 1,5 gadiem. Kori\u0123\u0113ts ener\u0123\u0113tiskais saturs, olbaltumvielas,"},"iawp_total_views":166},"product_brand":[],"product_cat":[9044,9002,8999,29,31],"product_tag":[268,235,271,274],"class_list":{"0":"post-23552","1":"product","2":"type-product","3":"status-publish","4":"has-post-thumbnail","6":"product_cat-fitmin-nutritional-programme","7":"product_cat-sausas-maistas","8":"product_cat-sunims","9":"product_cat-sunu-maistas","10":"product_cat-sunu-prekiu-gamintojai","11":"product_tag-edalas-nesciai-kalei","12":"product_tag-edalas-suniukams","13":"product_tag-edalas-zindaciai-kalei","14":"product_tag-fitmin-edalas-suniukams","15":"pa_pasaro-sudetis-ryziai","16":"pa_pasaro-sudetis-vistiena","17":"pa_pasaro-sudetis-zuvis","18":"pa_prekiu-zenklai-fitmin-nutritional-programme","19":"pa_suns-amzius-jauniems","20":"pa_veisles-dydis-didelems-veislems","22":"first","23":"outofstock","24":"taxable","25":"shipping-taxable","26":"purchasable","27":"product-type-simple"},"acf":[],"_links":{"self":[{"href":"https:\/\/zooprekes24.lt\/lv\/wp-json\/wp\/v2\/product\/23552","targetHints":{"allow":["GET"]}}],"collection":[{"href":"https:\/\/zooprekes24.lt\/lv\/wp-json\/wp\/v2\/product"}],"about":[{"href":"https:\/\/zooprekes24.lt\/lv\/wp-json\/wp\/v2\/types\/product"}],"replies":[{"embeddable":true,"href":"https:\/\/zooprekes24.lt\/lv\/wp-json\/wp\/v2\/comments?post=23552"}],"wp:featuredmedia":[{"embeddable":true,"href":"https:\/\/zooprekes24.lt\/lv\/wp-json\/wp\/v2\/media\/45374"}],"wp:attachment":[{"href":"https:\/\/zooprekes24.lt\/lv\/wp-json\/wp\/v2\/media?parent=23552"}],"wp:term":[{"taxonomy":"product_brand","embeddable":true,"href":"https:\/\/zooprekes24.lt\/lv\/wp-json\/wp\/v2\/product_brand?post=23552"},{"taxonomy":"product_cat","embeddable":true,"href":"https:\/\/zooprekes24.lt\/lv\/wp-json\/wp\/v2\/product_cat?post=23552"},{"taxonomy":"product_tag","embeddable":true,"href":"https:\/\/zooprekes24.lt\/lv\/wp-json\/wp\/v2\/product_tag?post=23552"}],"curies":[{"name":"wp","href":"https:\/\/api.w.org\/{rel}","templated":true}]}}