{"id":23534,"date":"2024-04-19T13:22:08","date_gmt":"2024-04-19T10:22:08","guid":{"rendered":"https:\/\/zooprekes24.lt\/produktas\/fitmin-purity-senior-sausas-maistas\/"},"modified":"2026-04-15T10:20:04","modified_gmt":"2026-04-15T08:20:04","slug":"fitmin-purity-senior-sausa-bariba","status":"publish","type":"product","link":"https:\/\/zooprekes24.lt\/lv\/produktas\/fitmin-purity-senior-sausas-maistas\/","title":{"rendered":"Fitmin Purity Senior ka\u0137u saus\u0101 bar\u012bba"},"content":{"rendered":"<h3>Fitmin Purity Senior ir holistiska saus\u0101 bar\u012bba bez graudiem vec\u0101kiem ka\u0137iem, kas satur 71 % dz\u012bvnieku olbaltumvielu. <a href=\"https:\/\/www.youtube.com\/watch?v=1yoQTbErEss\" target=\"_blank\" rel=\"noopener\">P\u0101rtikas ra\u017eo\u0161anas tehnolo\u0123ij\u0101 izmanto tikai svaigu, atkaulotu ga\u013cu.<\/a>kas izce\u013c dab\u012bgo sast\u0101vda\u013cu gar\u0161u, vienlaikus saglab\u0101jot svar\u012bg\u0101ko uzturvielu un olbaltumvielu integrit\u0101ti. Tas ir bag\u0101ts ar svaigu d\u0101rze\u0146u, sul\u012bgu aug\u013cu un gar\u0161augu kombin\u0101ciju, kas atlas\u012bti no viet\u0113j\u0101m saimniec\u012bb\u0101m Eiropas sird\u012b, \u010cehij\u0101, kalnos.<\/h3>\n<ul>\n<li>Tru\u0161a ga\u013ca ir barojo\u0161a, viegli sagremojama un tai piem\u012bt \u012bpa\u0161s arom\u0101ts un gar\u0161a, t\u0101p\u0113c \u0161is \u0113diens ir \u013coti gar\u0161\u012bgs. <strong><span style=\"color: #808080;\">ne tikai pras\u012bgiem senioriem, bet ar\u012b ide\u0101li piem\u0113rots vec\u0101kiem ka\u0137iem ar nov\u0101jin\u0101tu apet\u012bti.<\/span><\/strong>.<\/li>\n<li>Mellenes\u00a0<span style=\"color: #808080;\"><strong>stiprina ka\u0137a redzi, pal\u0113nina noveco\u0161an\u0101s procesu.<\/strong><\/span> un pozit\u012bvi ietekm\u0113 m\u0101jdz\u012bvnieka asinsvadu elast\u012bbu. Pateicoties antibakteri\u0101laj\u0101m \u012bpa\u0161\u012bb\u0101m, tas pal\u012bdz nov\u0113rst ur\u012bnce\u013cu un zarnu infekcijas.<\/li>\n<li>Fitmin Purity Senior sast\u0101v\u0101 eso\u0161ajai lucernai ir detoksik\u0113jo\u0161a ietekme uz nier\u0113m. T\u0101 stimul\u0113 \u0161\u016bnu vielmai\u0146u un <span style=\"color: #808080;\"><strong>pal\u012bdz uztur\u0113t vec\u0101ku ka\u0137u dabisk\u0101s aizsargsp\u0113jas.<\/strong><\/span>.<\/li>\n<li>Aukst\u0101 pres\u0113\u0161ana <a href=\"https:\/\/zooprekes24.lt\/lv\/products\/dr-clauders-barf-lassi-ella\/\">la\u0161a e\u013c\u013ca<\/a> ir lielisks omega 3 tauksk\u0101bju (EPA un DHA) avots, kas <span style=\"color: #808080;\"><strong>baro un mitrina j\u016bsu m\u012blu\u013ca ka\u017eoku un \u0101du.<\/strong><\/span>. EPA piem\u012bt dabiska pretiekaisuma iedarb\u012bba, savuk\u0101rt DHA ir saist\u012bta ar smadze\u0146u strukt\u016bru.<\/li>\n<li>Fitmin Purity Senior satur za\u013c\u0101s gliemenes<span style=\"color: #808080;\">\u00a0<strong>atbalsta skrim\u0161\u013ca re\u0123ener\u0101ciju un<\/strong><\/span>\u00a0<strong><span style=\"color: #808080;\">pal\u012bdz uztur\u0113t loc\u012btavas elast\u012bgas un atsl\u0101bin\u0101tas.<\/span><\/strong>. T\u0101s ar\u012b pal\u012bdz mazin\u0101t loc\u012btavu slim\u012bbu izrais\u012bt\u0101s s\u0101pes. Ka\u0137iem za\u013c\u0101s gliemenes ir galvenais un svar\u012bg\u0101kais taur\u012bna ekstrakta avots.<\/li>\n<\/ul>","protected":false},"excerpt":{"rendered":"<p>Fitmin Purity Senior &#8211; begr\u016bdis, holistinis sausas maistas vyresnio am\u017eiaus kat\u0117ms, kuriame yra 71 % gyv\u016bnin\u0117s kilm\u0117s baltym\u0173. Maisto gamybos technologijoje naudojama i\u0161kirtinai \u0161vie\u017eia m\u0117sa be kaul\u0173, kuri i\u0161ry\u0161kina nat\u016brali\u0173 ingredient\u0173 skon\u012f ir kartu i\u0161saugo b\u016btin\u0173 maistini\u0173 med\u017eiag\u0173 ir baltym\u0173 vientisum\u0105. Sud\u0117tyje gausu \u0161vie\u017ei\u0173 dar\u017eovi\u0173, sulting\u0173 vaisi\u0173 ir prieskonini\u0173 \u017eoleli\u0173 derini\u0173, atrinkt\u0173 vietin\u0117se fermose tarp&#8230;<\/p>","protected":false},"featured_media":20201,"comment_status":"closed","ping_status":"closed","template":"","meta":{"_acf_changed":false,"slim_seo":{"title":"Fitmin Purity Senior sausas maistas kat\u0117ms - Zooprekes24","description":"Fitmin Purity Senior ir holistiska saus\u0101 bar\u012bba bez graudiem vec\u0101kiem ka\u0137iem, kas satur 71 % dz\u012bvnieku olbaltumvielu. Bar\u012bbas ra\u017eo\u0161anas tehnolo\u0123ijas pamat\u0101 ir"},"iawp_total_views":610},"product_brand":[],"product_cat":[9027,9075,72,83,25,9016],"product_tag":[1671,1817,1965,3563,1979,1675,1682],"class_list":{"0":"post-23534","1":"product","2":"type-product","3":"status-publish","4":"has-post-thumbnail","6":"product_cat-begrudis-maistas-kaciu-maistas","7":"product_cat-fitmin-purity-kaciu-prekiu-gamintojai","8":"product_cat-kaciu-maistas","9":"product_cat-kaciu-prekiu-gamintojai","10":"product_cat-katems","11":"product_cat-sausas-maistas-kaciu-maistas","12":"product_tag-begrudis-kaciu-maistas","13":"product_tag-edalas-katems","14":"product_tag-fitmin-maistas-sterilizuotoms-katems","15":"product_tag-fitmin-purity-sausas-maistas-senai-katei","16":"product_tag-holistinis-maistas-katems","17":"product_tag-kaciu-edalas","18":"product_tag-kaciu-maistas-super-premium-klases","19":"pa_pasaro-sudetis-darzoves","20":"pa_pasaro-sudetis-eriena","21":"pa_pasaro-sudetis-kiauliena","22":"pa_pasaro-sudetis-triusiena","23":"pa_pasaro-sudetis-uogos","24":"pa_pasaro-sudetis-vaisiai","25":"pa_pasaro-sudetis-vistiena","26":"pa_prekiu-zenklai-fitmin-purity","28":"first","29":"instock","30":"sale","31":"featured","32":"taxable","33":"shipping-taxable","34":"purchasable","35":"product-type-variable"},"acf":[],"_links":{"self":[{"href":"https:\/\/zooprekes24.lt\/lv\/wp-json\/wp\/v2\/product\/23534","targetHints":{"allow":["GET"]}}],"collection":[{"href":"https:\/\/zooprekes24.lt\/lv\/wp-json\/wp\/v2\/product"}],"about":[{"href":"https:\/\/zooprekes24.lt\/lv\/wp-json\/wp\/v2\/types\/product"}],"replies":[{"embeddable":true,"href":"https:\/\/zooprekes24.lt\/lv\/wp-json\/wp\/v2\/comments?post=23534"}],"wp:featuredmedia":[{"embeddable":true,"href":"https:\/\/zooprekes24.lt\/lv\/wp-json\/wp\/v2\/media\/20201"}],"wp:attachment":[{"href":"https:\/\/zooprekes24.lt\/lv\/wp-json\/wp\/v2\/media?parent=23534"}],"wp:term":[{"taxonomy":"product_brand","embeddable":true,"href":"https:\/\/zooprekes24.lt\/lv\/wp-json\/wp\/v2\/product_brand?post=23534"},{"taxonomy":"product_cat","embeddable":true,"href":"https:\/\/zooprekes24.lt\/lv\/wp-json\/wp\/v2\/product_cat?post=23534"},{"taxonomy":"product_tag","embeddable":true,"href":"https:\/\/zooprekes24.lt\/lv\/wp-json\/wp\/v2\/product_tag?post=23534"}],"curies":[{"name":"wp","href":"https:\/\/api.w.org\/{rel}","templated":true}]}}