{"id":23529,"date":"2024-04-19T13:22:08","date_gmt":"2024-04-19T10:22:08","guid":{"rendered":"https:\/\/zooprekes24.lt\/produktas\/fitmin-purity-urinary-sausas-maistas\/"},"modified":"2026-04-15T10:14:41","modified_gmt":"2026-04-15T08:14:41","slug":"fitmin-purity-urinary-sausa-bariba","status":"publish","type":"product","link":"https:\/\/zooprekes24.lt\/lv\/produktas\/fitmin-purity-urinary-sausas-maistas\/","title":{"rendered":"Fitmin Purity Urinary saus\u0101 ka\u0137u bar\u012bba"},"content":{"rendered":"<h3>Fitmin Purity Urinary ir holistiska saus\u0101 bar\u012bba pieaugu\u0161iem ka\u0137iem, kas nesatur graudus, lai aizsarg\u0101tu ur\u012bnce\u013cu sist\u0113mu. Fitmin Purity unik\u0101l\u0101 formula satur 75 % dz\u012bvnieku olbaltumvielu. <a href=\"https:\/\/www.youtube.com\/watch?v=1yoQTbErEss\" target=\"_blank\" rel=\"noopener\">P\u0101rtikas ra\u017eo\u0161anas tehnolo\u0123ij\u0101 izmanto tikai svaigu, atkaulotu ga\u013cu.<\/a>kas izce\u013c dab\u012bgo sast\u0101vda\u013cu gar\u0161u, vienlaikus saglab\u0101jot svar\u012bg\u0101ko uzturvielu un olbaltumvielu integrit\u0101ti. Tas ir bag\u0101ts ar svaigu d\u0101rze\u0146u, sul\u012bgu aug\u013cu un gar\u0161augu kombin\u0101ciju, kas atlas\u012bti no viet\u0113j\u0101m saimniec\u012bb\u0101m Eiropas sird\u012b, \u010cehij\u0101, kalnos.<\/h3>\n<ul>\n<li>Satur uzturviel\u0101m bag\u0101tu, viegli sagremojamu un ar zemu tauku saturu<span style=\"color: #808080;\"><strong> svaiga t\u012btara ga\u013ca bez kauliem<\/strong><\/span>. Tas ir lielisks olbaltumvielu avots, kas veicina ka\u0137a organisma \u0161\u016bnu atjauno\u0161anos. Ga\u013c\u0101 ir ar\u012b daudz miner\u0101lvielu (cinka un sel\u0113na), kas labv\u0113l\u012bgi ietekm\u0113 ka\u0137a im\u016bnsist\u0113mu un reprodukt\u012bvo sist\u0113mu.<\/li>\n<li>Mellenes to antibakteri\u0101lo \u012bpa\u0161\u012bbu d\u0113\u013c. <span style=\"color: #808080;\"><strong>nov\u0113r\u0161 ur\u012bnce\u013cu un zarnu infekcijas.<\/strong><\/span>.<\/li>\n<li>N\u0101tres <span style=\"color: #808080;\"><strong>stimul\u0113 ka\u0137a nieres un ur\u012bnp\u016bsli.<\/strong><\/span>. T\u0101s ir bag\u0101tas ar sil\u012bcijsk\u0101bi, kas labv\u0113l\u012bgi ietekm\u0113 j\u016bsu m\u012blu\u013ca kaulus, zobus, skrim\u0161\u013cus, saistaudus, c\u012bpslas un loc\u012btavas.<\/li>\n<li>Fitmin Purity Urinary satur rozmar\u012bna ekstraktu - pagarina \u0161\u016bnu pilnv\u0113rt\u012bgu dz\u012bvi,<span style=\"color: #808080;\"><strong> atbalsta optim\u0101lu aknu darb\u012bbu un uzlabo gremo\u0161anu<\/strong><\/span>.<\/li>\n<li>\u0112diena sast\u0101vu papildina \u0113rk\u0161\u0137ogu ogas (paz\u012bstamas ar\u012b k\u0101 god\u017ei ogas), kas satur C, B1, B2 vitam\u012bnus, neaizvietojam\u0101s aminosk\u0101bes un mikroelementus, kas <strong><span style=\"color: #808080;\">nodro\u0161ina optim\u0101lu m\u0101jdz\u012bvnieka organisma aizsardz\u012bbu un labu gremo\u0161anas trakta darb\u012bbu.<\/span><\/strong>.<\/li>\n<li>Fitmin Purity Urinary sast\u0101v\u0101 eso\u0161ajai lucernai ir detoksik\u0113jo\u0161a iedarb\u012bba uz nier\u0113m. T\u0101 stimul\u0113 \u0161\u016bnu vielmai\u0146u un <span style=\"color: #808080;\"><strong>pal\u012bdz uztur\u0113t vec\u0101ku steriliz\u0113tu ka\u0137u dabisko aizsargsp\u0113ju.<\/strong><\/span>.<\/li>\n<\/ul>","protected":false},"excerpt":{"rendered":"<p>Fitmin Purity Urinary &#8211; begr\u016bdis, holistinis sausas maistas suaugusioms kat\u0117ms, skirtas \u0161lapimo tak\u0173 apsaugai. Unikalioje Fitmin Purity maisto formul\u0117je yra 75 % gyv\u016bnin\u0117s kilm\u0117s baltym\u0173. Maisto gamybos technologijoje naudojama i\u0161kirtinai \u0161vie\u017eia m\u0117sa be kaul\u0173, kuri i\u0161ry\u0161kina nat\u016brali\u0173 ingredient\u0173 skon\u012f ir kartu i\u0161saugo b\u016btin\u0173 maistini\u0173 med\u017eiag\u0173 ir baltym\u0173 vientisum\u0105. Sud\u0117tyje gausu \u0161vie\u017ei\u0173 dar\u017eovi\u0173, sulting\u0173 vaisi\u0173 ir&#8230;<\/p>","protected":false},"featured_media":20198,"comment_status":"closed","ping_status":"closed","template":"","meta":{"_acf_changed":false,"slim_seo":{"title":"Fitmin Purity Urinary sausas maistas kat\u0117ms - Zooprekes24","description":"Fitmin Purity Urinary ir holistiska saus\u0101 bar\u012bba pieaugu\u0161iem ka\u0137iem, kas nesatur graudus, lai aizsarg\u0101tu ur\u012bnce\u013cu sist\u0113mu. Unik\u0101l\u0101 Fitmin Purity formula satur 75"},"iawp_total_views":1236},"product_brand":[],"product_cat":[9027,9075,72,83,25,9016],"product_tag":[1671,1817,1965,1979,1675,1682,1966],"class_list":{"0":"post-23529","1":"product","2":"type-product","3":"status-publish","4":"has-post-thumbnail","6":"product_cat-begrudis-maistas-kaciu-maistas","7":"product_cat-fitmin-purity-kaciu-prekiu-gamintojai","8":"product_cat-kaciu-maistas","9":"product_cat-kaciu-prekiu-gamintojai","10":"product_cat-katems","11":"product_cat-sausas-maistas-kaciu-maistas","12":"product_tag-begrudis-kaciu-maistas","13":"product_tag-edalas-katems","14":"product_tag-fitmin-maistas-sterilizuotoms-katems","15":"product_tag-holistinis-maistas-katems","16":"product_tag-kaciu-edalas","17":"product_tag-kaciu-maistas-super-premium-klases","18":"product_tag-maistas-kastruotam-katinui","19":"pa_pasaro-sudetis-darzoves","20":"pa_pasaro-sudetis-kalakutiena","21":"pa_pasaro-sudetis-uogos","22":"pa_pasaro-sudetis-vaisiai","23":"pa_pasaro-sudetis-vistiena","24":"pa_pasaro-sudetis-zuvis","25":"pa_prekiu-zenklai-fitmin-purity","27":"first","28":"instock","29":"sale","30":"featured","31":"taxable","32":"shipping-taxable","33":"purchasable","34":"product-type-variable","35":"has-default-attributes"},"acf":[],"_links":{"self":[{"href":"https:\/\/zooprekes24.lt\/lv\/wp-json\/wp\/v2\/product\/23529","targetHints":{"allow":["GET"]}}],"collection":[{"href":"https:\/\/zooprekes24.lt\/lv\/wp-json\/wp\/v2\/product"}],"about":[{"href":"https:\/\/zooprekes24.lt\/lv\/wp-json\/wp\/v2\/types\/product"}],"replies":[{"embeddable":true,"href":"https:\/\/zooprekes24.lt\/lv\/wp-json\/wp\/v2\/comments?post=23529"}],"wp:featuredmedia":[{"embeddable":true,"href":"https:\/\/zooprekes24.lt\/lv\/wp-json\/wp\/v2\/media\/20198"}],"wp:attachment":[{"href":"https:\/\/zooprekes24.lt\/lv\/wp-json\/wp\/v2\/media?parent=23529"}],"wp:term":[{"taxonomy":"product_brand","embeddable":true,"href":"https:\/\/zooprekes24.lt\/lv\/wp-json\/wp\/v2\/product_brand?post=23529"},{"taxonomy":"product_cat","embeddable":true,"href":"https:\/\/zooprekes24.lt\/lv\/wp-json\/wp\/v2\/product_cat?post=23529"},{"taxonomy":"product_tag","embeddable":true,"href":"https:\/\/zooprekes24.lt\/lv\/wp-json\/wp\/v2\/product_tag?post=23529"}],"curies":[{"name":"wp","href":"https:\/\/api.w.org\/{rel}","templated":true}]}}