{"id":23524,"date":"2024-04-19T13:21:39","date_gmt":"2024-04-19T10:21:39","guid":{"rendered":"https:\/\/zooprekes24.lt\/produktas\/fitmin-purity-kitten-sausas-maistas\/"},"modified":"2026-04-15T10:17:30","modified_gmt":"2026-04-15T08:17:30","slug":"fitmin-purity-kakenu-sausa-bariba","status":"publish","type":"product","link":"https:\/\/zooprekes24.lt\/lv\/produktas\/fitmin-purity-kitten-sausas-maistas\/","title":{"rendered":"Fitmin Purity Kitten saus\u0101 bar\u012bba ka\u0137\u0113niem"},"content":{"rendered":"<h3>Fitmin Purity Kitten ir holistiska saus\u0101 bar\u012bba bez graudiem ka\u0137\u0113niem, kas satur l\u012bdz 86 % dz\u012bvnieku izcelsmes olbaltumvielu. <a href=\"https:\/\/www.youtube.com\/watch?v=1yoQTbErEss\" target=\"_blank\" rel=\"noopener\">P\u0101rtikas ra\u017eo\u0161anas tehnolo\u0123ij\u0101 izmanto tikai svaigu, atkaulotu ga\u013cu.<\/a>kas izce\u013c dab\u012bgo sast\u0101vda\u013cu gar\u0161u, vienlaikus saglab\u0101jot svar\u012bg\u0101ko uzturvielu un olbaltumvielu integrit\u0101ti. Tas ir bag\u0101ts ar svaigu d\u0101rze\u0146u, sul\u012bgu aug\u013cu un gar\u0161augu kombin\u0101ciju, kas atlas\u012bti no viet\u0113j\u0101m saimniec\u012bb\u0101m Eiropas sird\u012b, \u010cehij\u0101, kalnos.<\/h3>\n<ul>\n<li>Ka\u0137\u0113niem ir \u012bpa\u0161i svar\u012bgi, lai uztur\u0101 b\u016btu kvalitat\u012bvas olbaltumvielas, tauki, vitam\u012bni un svar\u012bg\u0101k\u0101s uzturvielas vesel\u012bgai aug\u0161anai un optim\u0101lai att\u012bst\u012bbai. Fitmin Purity Kitten<span style=\"color: #808080;\"><strong> izmanto svaigu vistas ga\u013cu un da\u017e\u0101da veida zivis<\/strong><\/span>kas nodro\u0161ina ka\u0137\u0113nu ar visu nepiecie\u0161amo, lai tas augtu lieliski un pilnv\u0113rt\u012bgi.<\/li>\n<li>S\u0113klinieka sast\u0101vda\u013cas <strong><span style=\"color: #808080;\">Kumel\u012b\u0161u ziedi piln\u012bb\u0101 r\u016bp\u0113jas par augo\u0161a ka\u0137\u0113na gremo\u0161anas un ur\u012bnce\u013cu sist\u0113mu.<\/span><\/strong>tam piem\u012bt pretiekaisuma un dezinfic\u0113jo\u0161as \u012bpa\u0161\u012bbas, un tas var pal\u012bdz\u0113t samazin\u0101t vai nov\u0113rst nev\u0113lamu v\u0113dera p\u016b\u0161anos m\u0101jdz\u012bvniekiem.<\/li>\n<li>\u0113rk\u0161\u0137ogas (paz\u012bstamas ar\u012b k\u0101 god\u017ei ogas), kas satur C, B1, B2 vitam\u012bnus, neaizst\u0101jam\u0101s aminosk\u0101bes un mikroelementus, kas <strong><span style=\"color: #808080;\">nodro\u0161ina optim\u0101lu aizsardz\u012bbu m\u0101jdz\u012bvnieka augo\u0161ajam \u0137ermenim.<\/span><\/strong><\/li>\n<li>P\u0101rtik\u0101 eso\u0161ajam ingveram piem\u012bt pretiekaisuma \u012bpa\u0161\u012bbas, tas labv\u0113l\u012bgi ietekm\u0113 ka\u0137\u0113nu gremo\u0161anas sist\u0113mu un<span style=\"color: #808080;\"><strong> pal\u012bdz nov\u0113rst gremo\u0161anas probl\u0113mas.<\/strong><\/span>.<\/li>\n<li>Fitmin Purity Kitten sast\u0101v\u0101 ir jukas, kas neitraliz\u0113 smakas izraiso\u0161\u0101s gremo\u0161anas g\u0101zes un toks\u012bnus un <strong><span style=\"color: #808080;\">samazina ka\u0137\u0113nu ekskrementu un ur\u012bna smaku.<\/span><\/strong><\/li>\n<li>P\u0101rtika <strong><span style=\"color: #808080;\">atbilsto\u0161s <\/span><\/strong><span style=\"color: #808080;\"><strong>gr\u016bsn\u0101m un lakt\u0113jo\u0161\u0101m ka\u0137en\u0113m<\/strong><\/span>.<\/li>\n<\/ul>","protected":false},"excerpt":{"rendered":"<p>Fitmin Purity Kitten &#8211; begr\u016bdis, holistinis sausas maistas ka\u010diukams, kuriame yra net 86 % gyv\u016bnin\u0117s kilm\u0117s baltym\u0173. Maisto gamybos technologijoje naudojama i\u0161kirtinai \u0161vie\u017eia m\u0117sa be kaul\u0173, kuri i\u0161ry\u0161kina nat\u016brali\u0173 ingredient\u0173 skon\u012f ir kartu i\u0161saugo b\u016btin\u0173 maistini\u0173 med\u017eiag\u0173 ir baltym\u0173 vientisum\u0105. Sud\u0117tyje gausu \u0161vie\u017ei\u0173 dar\u017eovi\u0173, sulting\u0173 vaisi\u0173 ir prieskonini\u0173 \u017eoleli\u0173 derini\u0173, atrinkt\u0173 vietin\u0117se fermose tarp kaln\u0173,&#8230;<\/p>","protected":false},"featured_media":20195,"comment_status":"closed","ping_status":"closed","template":"","meta":{"_acf_changed":false,"slim_seo":{"title":"Fitmin Purity Kitten sausas maistas ka\u010diukams - Zooprekes24","description":"Fitmin Purity Kitten ir holistiska saus\u0101 bar\u012bba bez graudiem ka\u0137\u0113niem, kas satur l\u012bdz 86 % dz\u012bvnieku izcelsmes olbaltumvielu. Bar\u012bba ir ra\u017eota, izmantojot augstas kvalit\u0101tes tehnolo\u0123iju."},"iawp_total_views":746},"product_brand":[],"product_cat":[9027,9075,72,83,25,9016],"product_tag":[3194,1817,1979,1675,1682],"class_list":{"0":"post-23524","1":"product","2":"type-product","3":"status-publish","4":"has-post-thumbnail","6":"product_cat-begrudis-maistas-kaciu-maistas","7":"product_cat-fitmin-purity-kaciu-prekiu-gamintojai","8":"product_cat-kaciu-maistas","9":"product_cat-kaciu-prekiu-gamintojai","10":"product_cat-katems","11":"product_cat-sausas-maistas-kaciu-maistas","12":"product_tag-begrudis-maistas-kaciukams","13":"product_tag-edalas-katems","14":"product_tag-holistinis-maistas-katems","15":"product_tag-kaciu-edalas","16":"product_tag-kaciu-maistas-super-premium-klases","17":"pa_pasaro-sudetis-antiena","18":"pa_pasaro-sudetis-darzoves","19":"pa_pasaro-sudetis-jautiena","20":"pa_pasaro-sudetis-kiauliena","21":"pa_pasaro-sudetis-uogos","22":"pa_pasaro-sudetis-vaisiai","23":"pa_pasaro-sudetis-vistiena","24":"pa_pasaro-sudetis-zuvis","25":"pa_prekiu-zenklai-fitmin-purity","27":"first","28":"instock","29":"featured","30":"taxable","31":"shipping-taxable","32":"purchasable","33":"product-type-variable"},"acf":[],"_links":{"self":[{"href":"https:\/\/zooprekes24.lt\/lv\/wp-json\/wp\/v2\/product\/23524","targetHints":{"allow":["GET"]}}],"collection":[{"href":"https:\/\/zooprekes24.lt\/lv\/wp-json\/wp\/v2\/product"}],"about":[{"href":"https:\/\/zooprekes24.lt\/lv\/wp-json\/wp\/v2\/types\/product"}],"replies":[{"embeddable":true,"href":"https:\/\/zooprekes24.lt\/lv\/wp-json\/wp\/v2\/comments?post=23524"}],"wp:featuredmedia":[{"embeddable":true,"href":"https:\/\/zooprekes24.lt\/lv\/wp-json\/wp\/v2\/media\/20195"}],"wp:attachment":[{"href":"https:\/\/zooprekes24.lt\/lv\/wp-json\/wp\/v2\/media?parent=23524"}],"wp:term":[{"taxonomy":"product_brand","embeddable":true,"href":"https:\/\/zooprekes24.lt\/lv\/wp-json\/wp\/v2\/product_brand?post=23524"},{"taxonomy":"product_cat","embeddable":true,"href":"https:\/\/zooprekes24.lt\/lv\/wp-json\/wp\/v2\/product_cat?post=23524"},{"taxonomy":"product_tag","embeddable":true,"href":"https:\/\/zooprekes24.lt\/lv\/wp-json\/wp\/v2\/product_tag?post=23524"}],"curies":[{"name":"wp","href":"https:\/\/api.w.org\/{rel}","templated":true}]}}