{"id":23519,"date":"2024-04-19T13:21:39","date_gmt":"2024-04-19T10:21:39","guid":{"rendered":"https:\/\/zooprekes24.lt\/produktas\/fitmin-purity-indoor-sausas-maistas\/"},"modified":"2026-04-23T10:31:18","modified_gmt":"2026-04-23T08:31:18","slug":"fitmin-purity-iekstelpu-sausa-bariba","status":"publish","type":"product","link":"https:\/\/zooprekes24.lt\/lv\/produktas\/fitmin-purity-indoor-sausas-maistas\/","title":{"rendered":"Fitmin Purity Indoor saus\u0101 ka\u0137u bar\u012bba"},"content":{"rendered":"<h3>Fitmin Purity Indoor ir holistiska saus\u0101 bar\u012bba bez graudiem pieaugu\u0161iem ka\u0137iem no 1 gada vecuma. Unik\u0101l\u0101 Fitmin Purity formula satur 69 % dz\u012bvnieku olbaltumvielu. <a href=\"https:\/\/www.youtube.com\/watch?v=1yoQTbErEss\" target=\"_blank\" rel=\"noopener\">P\u0101rtikas ra\u017eo\u0161anas tehnolo\u0123ij\u0101 izmanto \u012bpa\u0161i svaigas zivis<\/a>kas izce\u013c dab\u012bgo sast\u0101vda\u013cu gar\u0161u, vienlaikus saglab\u0101jot svar\u012bg\u0101ko uzturvielu un olbaltumvielu integrit\u0101ti. Tas ir bag\u0101ts ar svaigu d\u0101rze\u0146u, sul\u012bgu aug\u013cu un gar\u0161augu kombin\u0101ciju, kas atlas\u012bti no viet\u0113j\u0101m saimniec\u012bb\u0101m Eiropas sird\u012b, \u010cehij\u0101, kalnos.<\/h3>\n<ul>\n<li><strong><span style=\"color: #808080;\">P\u0101rtik\u0101 izmantot\u0101s svaigas zivis<\/span><\/strong>satur pilnv\u0113rt\u012bgas olbaltumvielas, biolo\u0123iski izmantojamus taukus, A un D vitam\u012bnus, B grupas miner\u0101lvielas un jodu, kas labv\u0113l\u012bgi ietekm\u0113 ka\u0137a vairogdziedzera darb\u012bbu.<\/li>\n<li>M\u0101j\u0101s dz\u012bvojo\u0161us ka\u0137us bie\u017ei vien stres\u0113 jebkuras izmai\u0146as vid\u0113, piem\u0113ram, jauns \u0123imenes loceklis, m\u0113be\u013cu p\u0101rve\u0161ana, m\u0101jok\u013ca mai\u0146a utt. Visi \u0161ie faktori negat\u012bvi ietekm\u0113 ka\u0137u nervu un asinsrites sist\u0113mu. Fitmin Purity Indoor <strong><span style=\"color: #808080;\">Melisa ir labi paz\u012bstama ar savu sp\u0113ju nodro\u0161in\u0101t ka\u0137iem dabisku un efekt\u012bvu aizsardz\u012bbu pret stresu.<\/span><\/strong>. Tas stabiliz\u0113 sirdsdarb\u012bbu, pazemina augstu asinsspiedienu un iedarbojas relaks\u0113jo\u0161i.<\/li>\n<li>Upenes <span style=\"color: #808080;\"><strong>stiprina ka\u0137a im\u016bnsist\u0113mu<\/strong><\/span>, pal\u0113nina organisma noveco\u0161an\u0101s procesu un pozit\u012bvi ietekm\u0113 asinsvadu elast\u012bbu.<\/li>\n<li>Fitmin Purity Indoor satur jukas, kas neitraliz\u0113 nepat\u012bkamas smakojo\u0161as gremo\u0161anas g\u0101zes un toks\u012bnus, un <strong><span style=\"color: #808080;\">samazina ka\u0137u ekskrementu un ur\u012bna smaku.<\/span><\/strong><\/li>\n<li>Apet\u012bta sast\u0101vu papildina \u0113rk\u0161\u0137ogas (paz\u012bstamas ar\u012b k\u0101 god\u017ei ogas), kas satur C, B1, B2 vitam\u012bnus, neaizvietojam\u0101s aminosk\u0101bes un mikroelementus, kas <strong><span style=\"color: #808080;\">nodro\u0161ina optim\u0101lu m\u0101jdz\u012bvnieka organisma aizsardz\u012bbu un labu gremo\u0161anas trakta darb\u012bbu.<\/span><\/strong>.<\/li>\n<\/ul>","protected":false},"excerpt":{"rendered":"<p>Fitmin Purity Indoor &#8211; begr\u016bdis, holistinis sausas maistas skirtas suaugusioms, namuose gyvenan\u010dioms kat\u0117ms nuo 1 met\u0173 am\u017eiaus. Unikalioje Fitmin Purity maisto formul\u0117je yra 69 % gyv\u016bnin\u0117s kilm\u0117s baltym\u0173. Maisto gamybos technologijoje naudojama i\u0161kirtinai \u0161vie\u017eia \u017euvis, kuri i\u0161ry\u0161kina nat\u016brali\u0173 ingredient\u0173 skon\u012f ir kartu i\u0161saugo b\u016btin\u0173 maistini\u0173 med\u017eiag\u0173 ir baltym\u0173 vientisum\u0105. Sud\u0117tyje gausu \u0161vie\u017ei\u0173 dar\u017eovi\u0173, sulting\u0173 vaisi\u0173&#8230;<\/p>","protected":false},"featured_media":20192,"comment_status":"closed","ping_status":"closed","template":"","meta":{"_acf_changed":false,"slim_seo":{"title":"Fitmin Purity Indoor sausas maistas kat\u0117ms - Zooprekes24","description":"Fitmin Purity Indoor ir holistiska saus\u0101 bar\u012bba bez graudiem pieaugu\u0161iem ka\u0137iem no 1 gada vecuma. Unik\u0101l\u0101 Fitmin Purity bar\u012bba"},"iawp_total_views":890},"product_brand":[],"product_cat":[9027,9075,72,83,25,9016],"product_tag":[1671,1817,2050,1979,1675,1682],"class_list":{"0":"post-23519","1":"product","2":"type-product","3":"status-publish","4":"has-post-thumbnail","6":"product_cat-begrudis-maistas-kaciu-maistas","7":"product_cat-fitmin-purity-kaciu-prekiu-gamintojai","8":"product_cat-kaciu-maistas","9":"product_cat-kaciu-prekiu-gamintojai","10":"product_cat-katems","11":"product_cat-sausas-maistas-kaciu-maistas","12":"product_tag-begrudis-kaciu-maistas","13":"product_tag-edalas-katems","14":"product_tag-fitmin-purity-maistas-namie-gyvenancioms-katems","15":"product_tag-holistinis-maistas-katems","16":"product_tag-kaciu-edalas","17":"product_tag-kaciu-maistas-super-premium-klases","18":"pa_pasaro-sudetis-darzoves","19":"pa_pasaro-sudetis-lasisa","20":"pa_pasaro-sudetis-uogos","21":"pa_pasaro-sudetis-zuvis","22":"pa_prekiu-zenklai-fitmin-purity","24":"first","25":"instock","26":"sale","27":"featured","28":"taxable","29":"shipping-taxable","30":"purchasable","31":"product-type-variable"},"acf":[],"_links":{"self":[{"href":"https:\/\/zooprekes24.lt\/lv\/wp-json\/wp\/v2\/product\/23519","targetHints":{"allow":["GET"]}}],"collection":[{"href":"https:\/\/zooprekes24.lt\/lv\/wp-json\/wp\/v2\/product"}],"about":[{"href":"https:\/\/zooprekes24.lt\/lv\/wp-json\/wp\/v2\/types\/product"}],"replies":[{"embeddable":true,"href":"https:\/\/zooprekes24.lt\/lv\/wp-json\/wp\/v2\/comments?post=23519"}],"wp:featuredmedia":[{"embeddable":true,"href":"https:\/\/zooprekes24.lt\/lv\/wp-json\/wp\/v2\/media\/20192"}],"wp:attachment":[{"href":"https:\/\/zooprekes24.lt\/lv\/wp-json\/wp\/v2\/media?parent=23519"}],"wp:term":[{"taxonomy":"product_brand","embeddable":true,"href":"https:\/\/zooprekes24.lt\/lv\/wp-json\/wp\/v2\/product_brand?post=23519"},{"taxonomy":"product_cat","embeddable":true,"href":"https:\/\/zooprekes24.lt\/lv\/wp-json\/wp\/v2\/product_cat?post=23519"},{"taxonomy":"product_tag","embeddable":true,"href":"https:\/\/zooprekes24.lt\/lv\/wp-json\/wp\/v2\/product_tag?post=23519"}],"curies":[{"name":"wp","href":"https:\/\/api.w.org\/{rel}","templated":true}]}}