{"id":23514,"date":"2024-04-19T13:21:39","date_gmt":"2024-04-19T10:21:39","guid":{"rendered":"https:\/\/zooprekes24.lt\/produktas\/fitmin-purity-dental-sausas-maistas\/"},"modified":"2026-04-15T10:11:23","modified_gmt":"2026-04-15T08:11:23","slug":"fitmin-purity-dental-sausa-bariba","status":"publish","type":"product","link":"https:\/\/zooprekes24.lt\/lv\/produktas\/fitmin-purity-dental-sausas-maistas\/","title":{"rendered":"Fitmin Purity Dental saus\u0101 ka\u0137u bar\u012bba"},"content":{"rendered":"<h3>Fitmin Purity Dental ir holistiska saus\u0101 bar\u012bba pieaugu\u0161iem ka\u0137iem, kas nesatur graudus. T\u0101 samazina zobu boj\u0101\u0161an\u0101s risku un pal\u012bdz uztur\u0113t optim\u0101lu mutes dobuma vesel\u012bbu. Fitmin Purity unik\u0101l\u0101 formula satur l\u012bdz 78 % dz\u012bvnieku izcelsmes olbaltumvielu. <a href=\"https:\/\/www.youtube.com\/watch?v=1yoQTbErEss\" target=\"_blank\" rel=\"noopener\">P\u0101rtikas ra\u017eo\u0161anas tehnolo\u0123ij\u0101 izmanto tikai svaigu, atkaulotu ga\u013cu.<\/a>kas izce\u013c dab\u012bgo sast\u0101vda\u013cu gar\u0161u, vienlaikus saglab\u0101jot svar\u012bg\u0101ko uzturvielu un olbaltumvielu integrit\u0101ti. Tas ir bag\u0101ts ar svaigu d\u0101rze\u0146u, sul\u012bgu aug\u013cu un gar\u0161augu kombin\u0101ciju, kas atlas\u012bti no viet\u0113j\u0101m saimniec\u012bb\u0101m Eiropas sird\u012b, \u010cehij\u0101, kalnos.<\/h3>\n<ul>\n<li>J\u0113ra ga\u013ca ir lielisks B grupas vitam\u012bnu avots, kas ir nepiecie\u0161ami organisma vielmai\u0146as reakcij\u0101m. Fitmin Purity Dental satur j\u0113ra ga\u013cu <span style=\"color: #808080;\"><strong>neapgr\u016btina m\u0101jdz\u012bvnieka gremo\u0161anas sist\u0113mu un veicina bar\u012bbas vielu uzs\u016bk\u0161anos.<\/strong><\/span>.<\/li>\n<li>Sast\u0101v\u0101 eso\u0161ajam ingveram piem\u012bt pretiekaisuma \u012bpa\u0161\u012bbas, tas labv\u0113l\u012bgi ietekm\u0113 gremo\u0161anas sist\u0113mu un<span style=\"color: #808080;\"><strong> pal\u012bdz nov\u0113rst gremo\u0161anas probl\u0113mas.<\/strong><\/span>.<\/li>\n<li>N\u0101tres p\u0101rtik\u0101 <span style=\"color: #808080;\"><strong>stimul\u0113 ka\u0137a nieres un ur\u012bnp\u016bsli.<\/strong><\/span>. T\u0101s ir bag\u0101tas ar sil\u012bcijsk\u0101bi, kas labv\u0113l\u012bgi ietekm\u0113 j\u016bsu m\u012blu\u013ca kaulus, zobus, skrim\u0161\u013cus, saistaudus, c\u012bpslas un loc\u012btavas.<\/li>\n<li>Aukst\u0101 pres\u0113\u0161ana <a href=\"https:\/\/zooprekes24.lt\/lv\/products\/dr-clauders-barf-lassi-ella\/\">la\u0161a e\u013c\u013ca<\/a> ir lielisks omega 3 tauksk\u0101bju (EPA un DHA) avots, kas <span style=\"color: #808080;\"><strong>baro un mitrina j\u016bsu m\u012blu\u013ca ka\u017eoku un \u0101du.<\/strong><\/span>. EPA piem\u012bt dabiska pretiekaisuma iedarb\u012bba, savuk\u0101rt DHA ir saist\u012bta ar smadze\u0146u strukt\u016bru.<\/li>\n<li>Unik\u0101ls Fitmin Purity Dental <span style=\"color: #808080;\"><strong>Sasmalcin\u0101tajam \u0113dienam ir att\u012bro\u0161a iedarb\u012bba.<\/strong><\/span>kas samazina zobakmens veido\u0161anos.<\/li>\n<\/ul>","protected":false},"excerpt":{"rendered":"<p>Fitmin Purity Dental &#8211; begr\u016bdis, holistinis sausas maistas skirtas suaugusioms kat\u0117ms. Maistas ma\u017eina dant\u0173 \u0117duonies susidarymo rizik\u0105 ir padeda palaikyti optimali\u0105 burnos sveikat\u0105. Unikalioje Fitmin Purity maisto formul\u0117je yra net 78 % gyv\u016bnin\u0117s kilm\u0117s baltym\u0173. Maisto gamybos technologijoje naudojama i\u0161kirtinai \u0161vie\u017eia m\u0117sa be kaul\u0173, kuri i\u0161ry\u0161kina nat\u016brali\u0173 ingredient\u0173 skon\u012f ir kartu i\u0161saugo b\u016btin\u0173 maistini\u0173 med\u017eiag\u0173&#8230;<\/p>","protected":false},"featured_media":20189,"comment_status":"closed","ping_status":"closed","template":"","meta":{"_acf_changed":false,"slim_seo":{"title":"Fitmin Purity Dental sausas maistas kat\u0117ms - Zooprekes24","description":"Fitmin Purity Dental ir holistiska saus\u0101 bar\u012bba pieaugu\u0161iem ka\u0137iem, kas nesatur graudus. T\u0101 samazina zobu boj\u0101\u0161an\u0101s risku un pal\u012bdz uztur\u0113t optim\u0101lu zobu vesel\u012bbu."},"iawp_total_views":613},"product_brand":[],"product_cat":[9027,9075,72,83,25,9016],"product_tag":[1671,1817,1979,1675,1682],"class_list":{"0":"post-23514","1":"product","2":"type-product","3":"status-publish","4":"has-post-thumbnail","6":"product_cat-begrudis-maistas-kaciu-maistas","7":"product_cat-fitmin-purity-kaciu-prekiu-gamintojai","8":"product_cat-kaciu-maistas","9":"product_cat-kaciu-prekiu-gamintojai","10":"product_cat-katems","11":"product_cat-sausas-maistas-kaciu-maistas","12":"product_tag-begrudis-kaciu-maistas","13":"product_tag-edalas-katems","14":"product_tag-holistinis-maistas-katems","15":"product_tag-kaciu-edalas","16":"product_tag-kaciu-maistas-super-premium-klases","17":"pa_pasaro-sudetis-darzoves","18":"pa_pasaro-sudetis-eriena","19":"pa_pasaro-sudetis-kiauliena","20":"pa_pasaro-sudetis-vaisiai","21":"pa_pasaro-sudetis-vistiena","22":"pa_pasaro-sudetis-zuvis","23":"pa_prekiu-zenklai-fitmin-purity","25":"first","26":"instock","27":"sale","28":"featured","29":"taxable","30":"shipping-taxable","31":"purchasable","32":"product-type-variable"},"acf":[],"_links":{"self":[{"href":"https:\/\/zooprekes24.lt\/lv\/wp-json\/wp\/v2\/product\/23514","targetHints":{"allow":["GET"]}}],"collection":[{"href":"https:\/\/zooprekes24.lt\/lv\/wp-json\/wp\/v2\/product"}],"about":[{"href":"https:\/\/zooprekes24.lt\/lv\/wp-json\/wp\/v2\/types\/product"}],"replies":[{"embeddable":true,"href":"https:\/\/zooprekes24.lt\/lv\/wp-json\/wp\/v2\/comments?post=23514"}],"wp:featuredmedia":[{"embeddable":true,"href":"https:\/\/zooprekes24.lt\/lv\/wp-json\/wp\/v2\/media\/20189"}],"wp:attachment":[{"href":"https:\/\/zooprekes24.lt\/lv\/wp-json\/wp\/v2\/media?parent=23514"}],"wp:term":[{"taxonomy":"product_brand","embeddable":true,"href":"https:\/\/zooprekes24.lt\/lv\/wp-json\/wp\/v2\/product_brand?post=23514"},{"taxonomy":"product_cat","embeddable":true,"href":"https:\/\/zooprekes24.lt\/lv\/wp-json\/wp\/v2\/product_cat?post=23514"},{"taxonomy":"product_tag","embeddable":true,"href":"https:\/\/zooprekes24.lt\/lv\/wp-json\/wp\/v2\/product_tag?post=23514"}],"curies":[{"name":"wp","href":"https:\/\/api.w.org\/{rel}","templated":true}]}}