{"id":23509,"date":"2024-04-19T13:21:39","date_gmt":"2024-04-19T10:21:39","guid":{"rendered":"https:\/\/zooprekes24.lt\/produktas\/fitmin-purity-hairball-sausas-maistas\/"},"modified":"2026-04-15T10:18:05","modified_gmt":"2026-04-15T08:18:05","slug":"fitmin-purity-hairball-sausa-bariba","status":"publish","type":"product","link":"https:\/\/zooprekes24.lt\/lv\/produktas\/fitmin-purity-hairball-sausas-maistas\/","title":{"rendered":"Fitmin Purity saus\u0101 ka\u0137u bar\u012bba Hairball"},"content":{"rendered":"<h3>Fitmin Purity Hairball ir holistiska saus\u0101 bar\u012bba bez graudiem pieaugu\u0161iem ka\u0137iem ar gremo\u0161anas probl\u0113m\u0101m, ko izraisa apmatojuma sabiez\u0113jumi gremo\u0161anas trakt\u0101. Fitmin Purity unik\u0101l\u0101 formula satur 76% dz\u012bvnieku izcelsmes olbaltumvielu. <a href=\"https:\/\/www.youtube.com\/watch?v=1yoQTbErEss\" target=\"_blank\" rel=\"noopener\">P\u0101rtikas ra\u017eo\u0161anas tehnolo\u0123ij\u0101 izmanto tikai svaigu, atkaulotu ga\u013cu.<\/a>kas izce\u013c dab\u012bgo sast\u0101vda\u013cu gar\u0161u, vienlaikus saglab\u0101jot svar\u012bg\u0101ko uzturvielu un olbaltumvielu integrit\u0101ti. Tas ir bag\u0101ts ar svaigu d\u0101rze\u0146u, sul\u012bgu aug\u013cu un gar\u0161augu kombin\u0101ciju, kas atlas\u012bti no viet\u0113j\u0101m saimniec\u012bb\u0101m Eiropas sird\u012b, \u010cehij\u0101, kalnos.<\/h3>\n<ul>\n<li>P\u0101rtik\u0101<span style=\"color: #808080;\"> <strong>izmanto svaigu liellopu ga\u013cu bez kauliem<\/strong><\/span>, kas ir viena no lab\u0101kaj\u0101m un biolo\u0123iski v\u0113rt\u012bg\u0101kaj\u0101m ga\u013c\u0101m, bag\u0101ta ar ka\u0137a vesel\u012bbai neaizvietojam\u0101m aminosk\u0101b\u0113m, dzelzi un B2 vitam\u012bnu.<\/li>\n<li>\u012apa\u0161a formula Fitmin Purity Hairball <strong><span style=\"color: #808080;\">pieaugu\u0161iem ka\u0137iem, kuriem ku\u0146\u0123\u012b veidojas matu bumbi\u0146as.<\/span><\/strong>. Mati regul\u0101ri izdal\u0101s ar izk\u0101rn\u012bjumiem, nevis uzkr\u0101jas ku\u0146\u0123\u012b un p\u0113c tam tiek atdal\u012bti.<\/li>\n<li>N\u0101tres p\u0101rtik\u0101 <span style=\"color: #808080;\"><strong>stimul\u0113 ka\u0137a nieres un ur\u012bnp\u016bsli.<\/strong><\/span>. T\u0101s ir bag\u0101tas ar sil\u012bcijsk\u0101bi, kas labv\u0113l\u012bgi ietekm\u0113 j\u016bsu m\u012blu\u013ca kaulus, zobus, skrim\u0161\u013cus, saistaudus, c\u012bpslas un loc\u012btavas.<\/li>\n<li>Piene\u0146u lapas bar\u012bb\u0101 uzlabo ka\u0137a apet\u012bti, <strong><span style=\"color: #808080;\">stimul\u0113 ku\u0146\u0123a sk\u0101bju ra\u017eo\u0161anu un pozit\u012bvi ietekm\u0113 nieru darb\u012bbu.<\/span><\/strong>. Piene\u0146u lapas mazina ur\u012bnce\u013cu iekaisumu un nierakme\u0146u veido\u0161anos, k\u0101 ar\u012b palielina \u017eults izdal\u012b\u0161anos un izdal\u012b\u0161anos ku\u0146\u0123a darb\u012bbas trauc\u0113jumu gad\u012bjum\u0101, ko var izrais\u012bt ku\u0146\u0123a p\u016b\u017e\u0146i.<\/li>\n<li>Fitmin Purity Hairball sast\u0101v\u0101 ir l\u012bdzsvarota \u0161\u0137iedru kombin\u0101cija <strong><span style=\"color: #808080;\">veicina ka\u0137a zarnu sieni\u0146u pareizu darb\u012bbu.<\/span><\/strong>pal\u012bdz viegli no\u0146emt nor\u012btos matus un nov\u0113r\u0161 apmatojuma veido\u0161anos.<\/li>\n<li>\u012apa\u0161i piel\u0101gots ener\u0123ijas saturs <span style=\"color: #808080;\"><strong>apmierina visas ka\u0137u vajadz\u012bbas, neapgr\u016btinot ku\u0146\u0123i.<\/strong><\/span>.<\/li>\n<\/ul>","protected":false},"excerpt":{"rendered":"<p>Fitmin Purity Hairball &#8211; begr\u016bdis, holistinis sausas maistas skirtas suaugusioms kat\u0117ms, turin\u010dioms vir\u0161kinimo problem\u0173, kurias sukelia susiformav\u0119 plauk\u0173 gumuliukai vir\u0161kinimo trakte.\u00a0Unikalioje Fitmin Purity maisto formul\u0117je yra net 76% gyv\u016bnin\u0117s kilm\u0117s baltym\u0173. Maisto gamybos technologijoje naudojama i\u0161kirtinai \u0161vie\u017eia m\u0117sa be kaul\u0173, kuri i\u0161ry\u0161kina nat\u016brali\u0173 ingredient\u0173 skon\u012f ir kartu i\u0161saugo b\u016btin\u0173 maistini\u0173 med\u017eiag\u0173 ir baltym\u0173 vientisum\u0105. Sud\u0117tyje&#8230;<\/p>","protected":false},"featured_media":20186,"comment_status":"closed","ping_status":"closed","template":"","meta":{"_acf_changed":false,"slim_seo":{"title":"Fitmin Purity Hairball sausas maistas kat\u0117ms - Zooprekes24","description":"Fitmin Purity Hairball - begr\u016bdis, holistinis sausas maistas skirtas suaugusioms kat\u0117ms, turin\u010dioms vir\u0161kinimo problem\u0173, kurias sukelia susiformav\u0119 plauk\u0173 gumul"},"iawp_total_views":786},"product_brand":[],"product_cat":[9027,9075,72,83,25,9016],"product_tag":[1671,1817,3289,1979,1675,1682],"class_list":{"0":"post-23509","1":"product","2":"type-product","3":"status-publish","4":"has-post-thumbnail","6":"product_cat-begrudis-maistas-kaciu-maistas","7":"product_cat-fitmin-purity-kaciu-prekiu-gamintojai","8":"product_cat-kaciu-maistas","9":"product_cat-kaciu-prekiu-gamintojai","10":"product_cat-katems","11":"product_cat-sausas-maistas-kaciu-maistas","12":"product_tag-begrudis-kaciu-maistas","13":"product_tag-edalas-katems","14":"product_tag-fitmin-purity-nuo-plauku-gumuliuku","15":"product_tag-holistinis-maistas-katems","16":"product_tag-kaciu-edalas","17":"product_tag-kaciu-maistas-super-premium-klases","18":"pa_pasaro-sudetis-darzoves","19":"pa_pasaro-sudetis-jautiena","20":"pa_pasaro-sudetis-kiauliena","21":"pa_pasaro-sudetis-vaisiai","22":"pa_pasaro-sudetis-vistiena","23":"pa_prekiu-zenklai-fitmin-purity","25":"first","26":"instock","27":"featured","28":"taxable","29":"shipping-taxable","30":"purchasable","31":"product-type-variable"},"acf":[],"_links":{"self":[{"href":"https:\/\/zooprekes24.lt\/lv\/wp-json\/wp\/v2\/product\/23509","targetHints":{"allow":["GET"]}}],"collection":[{"href":"https:\/\/zooprekes24.lt\/lv\/wp-json\/wp\/v2\/product"}],"about":[{"href":"https:\/\/zooprekes24.lt\/lv\/wp-json\/wp\/v2\/types\/product"}],"replies":[{"embeddable":true,"href":"https:\/\/zooprekes24.lt\/lv\/wp-json\/wp\/v2\/comments?post=23509"}],"wp:featuredmedia":[{"embeddable":true,"href":"https:\/\/zooprekes24.lt\/lv\/wp-json\/wp\/v2\/media\/20186"}],"wp:attachment":[{"href":"https:\/\/zooprekes24.lt\/lv\/wp-json\/wp\/v2\/media?parent=23509"}],"wp:term":[{"taxonomy":"product_brand","embeddable":true,"href":"https:\/\/zooprekes24.lt\/lv\/wp-json\/wp\/v2\/product_brand?post=23509"},{"taxonomy":"product_cat","embeddable":true,"href":"https:\/\/zooprekes24.lt\/lv\/wp-json\/wp\/v2\/product_cat?post=23509"},{"taxonomy":"product_tag","embeddable":true,"href":"https:\/\/zooprekes24.lt\/lv\/wp-json\/wp\/v2\/product_tag?post=23509"}],"curies":[{"name":"wp","href":"https:\/\/api.w.org\/{rel}","templated":true}]}}