{"id":23504,"date":"2024-04-19T13:21:39","date_gmt":"2024-04-19T10:21:39","guid":{"rendered":"https:\/\/zooprekes24.lt\/produktas\/fitmin-purity-delicious-sausas-maistas\/"},"modified":"2026-04-15T10:16:27","modified_gmt":"2026-04-15T08:16:27","slug":"fitmin-purity-delicious-sausa-bariba","status":"publish","type":"product","link":"https:\/\/zooprekes24.lt\/lv\/produktas\/fitmin-purity-delicious-sausas-maistas\/","title":{"rendered":"Fitmin Purity Delicious saus\u0101 ka\u0137u bar\u012bba"},"content":{"rendered":"<h3>Fitmin Purity Delicious ir holistiska saus\u0101 bar\u012bba pieaugu\u0161iem ka\u0137iem bez graudiem, kas satur 71% dz\u012bvnieku izcelsmes olbaltumvielu. Gar\u0161\u012bg\u0101 formula ar brie\u017ea ga\u013cu ir ide\u0101li piem\u0113rota ka\u0137iem ar bar\u012bbas izv\u0113li. Unik\u0101l\u0101 Fitmin Purity <a href=\"https:\/\/www.youtube.com\/watch?v=1yoQTbErEss\" target=\"_blank\" rel=\"noopener\">p\u0101rtikas ra\u017eo\u0161anas tehnolo\u0123ij\u0101 izmanto tikai svaigu, atkaulotu ga\u013cu.<\/a>kas izce\u013c dab\u012bgo sast\u0101vda\u013cu gar\u0161u, vienlaikus saglab\u0101jot svar\u012bg\u0101ko uzturvielu un olbaltumvielu integrit\u0101ti. Tas ir bag\u0101ts ar svaigu d\u0101rze\u0146u, sul\u012bgu aug\u013cu un gar\u0161augu kombin\u0101ciju, kas atlas\u012bti no viet\u0113j\u0101m saimniec\u012bb\u0101m Eiropas sird\u012b, \u010cehij\u0101, kalnos.<\/h3>\n<ul>\n<li>Satur uzturviel\u0101m bag\u0101tu, viegli sagremojamu un ar zemu tauku saturu<span style=\"color: #808080;\"><strong> svaiga brie\u017ea ga\u013ca bez kauliem<\/strong><\/span>. Ga\u013c\u0101 ir daudz miner\u0101lvielu (n\u0101trijs, k\u0101lijs, dzelzs, fosfors) un B grupas vitam\u012bnu, kas labv\u0113l\u012bgi ietekm\u0113 ka\u0137a vesel\u012bbu.<\/li>\n<li>Fitmin Purity Delicious food satur <strong><span style=\"color: #808080;\">Kumel\u012b\u0161u ziedi nodro\u0161ina visaptvero\u0161u ka\u0137a gremo\u0161anas un ur\u012bnce\u013cu sist\u0113mas apr\u016bpi.<\/span><\/strong>tam piem\u012bt pretiekaisuma un dezinfic\u0113jo\u0161as \u012bpa\u0161\u012bbas, un tas var pal\u012bdz\u0113t samazin\u0101t vai nov\u0113rst nev\u0113lamu v\u0113dera p\u016b\u0161anos m\u0101jdz\u012bvniekiem.<\/li>\n<li>Mellenes\u00a0<strong><span style=\"color: #808080;\">stiprina ka\u0137a redzi, pal\u0113nina noveco\u0161an\u0101s procesu.<\/span><\/strong> un pozit\u012bvi ietekm\u0113 m\u0101jdz\u012bvnieka asinsvadu elast\u012bbu.<\/li>\n<li>Fitmin Purity Delicious satur rozmar\u012bna ekstraktu - pagarina \u0161\u016bnu pilnv\u0113rt\u012bgu dz\u012bvi,<span style=\"color: #808080;\"><strong> atbalsta optim\u0101lu aknu darb\u012bbu un uzlabo gremo\u0161anu<\/strong><\/span>.<\/li>\n<li>Kori\u0123\u0113tais kaloriju saturs p\u0101rtik\u0101 <strong><span style=\"color: #808080;\">pal\u012bdz uztur\u0113t ide\u0101lu \u0137erme\u0146a svaru pieaugu\u0161iem ka\u0137iem.<\/span><\/strong>un gard\u0101 gar\u0161u kombin\u0101cija patiks pat vispras\u012bg\u0101kajiem un jut\u012bg\u0101kajiem ka\u0137iem.<\/li>\n<\/ul>","protected":false},"excerpt":{"rendered":"<p>Fitmin Purity Delicious &#8211; begr\u016bdis, holistinis sausas maistas skirtas suaugusioms kat\u0117ms, kuriame yra 71% gyv\u016bnin\u0117s kilm\u0117s baltym\u0173. Gardi maisto formul\u0117 su elniena puikiai tiks i\u0161rankioms maistui kat\u0117ms. Unikalioje Fitmin Purity maisto gamybos technologijoje naudojama i\u0161kirtinai \u0161vie\u017eia m\u0117sa be kaul\u0173, kuri i\u0161ry\u0161kina nat\u016brali\u0173 ingredient\u0173 skon\u012f ir kartu i\u0161saugo b\u016btin\u0173 maistini\u0173 med\u017eiag\u0173 ir baltym\u0173 vientisum\u0105. Sud\u0117tyje gausu&#8230;<\/p>","protected":false},"featured_media":20183,"comment_status":"closed","ping_status":"closed","template":"","meta":{"_acf_changed":false,"slim_seo":{"title":"Fitmin Purity Delicious sausas maistas kat\u0117ms - Zooprekes24","description":"Fitmin Purity Delicious ir holistiska saus\u0101 bar\u012bba pieaugu\u0161iem ka\u0137iem bez graudiem, kas satur 71% dz\u012bvnieku izcelsmes olbaltumvielu. Gar\u0161\u012bgas bar\u012bbas formula ar brie\u017ea ga\u013cu"},"iawp_total_views":1278},"product_brand":[],"product_cat":[9027,9075,72,83,25,9016],"product_tag":[1671,1817,3096,1979,1675,1682,1966],"class_list":{"0":"post-23504","1":"product","2":"type-product","3":"status-publish","4":"has-post-thumbnail","6":"product_cat-begrudis-maistas-kaciu-maistas","7":"product_cat-fitmin-purity-kaciu-prekiu-gamintojai","8":"product_cat-kaciu-maistas","9":"product_cat-kaciu-prekiu-gamintojai","10":"product_cat-katems","11":"product_cat-sausas-maistas-kaciu-maistas","12":"product_tag-begrudis-kaciu-maistas","13":"product_tag-edalas-katems","14":"product_tag-fitmin-purity-isrankiai-katei","15":"product_tag-holistinis-maistas-katems","16":"product_tag-kaciu-edalas","17":"product_tag-kaciu-maistas-super-premium-klases","18":"product_tag-maistas-kastruotam-katinui","19":"pa_pasaro-sudetis-antiena","20":"pa_pasaro-sudetis-darzoves","21":"pa_pasaro-sudetis-jautiena","22":"pa_pasaro-sudetis-kiauliena","23":"pa_pasaro-sudetis-stirniena-elniena","24":"pa_pasaro-sudetis-uogos","25":"pa_pasaro-sudetis-vaisiai","26":"pa_prekiu-zenklai-fitmin-purity","28":"first","29":"instock","30":"sale","31":"featured","32":"taxable","33":"shipping-taxable","34":"purchasable","35":"product-type-variable"},"acf":[],"_links":{"self":[{"href":"https:\/\/zooprekes24.lt\/lv\/wp-json\/wp\/v2\/product\/23504","targetHints":{"allow":["GET"]}}],"collection":[{"href":"https:\/\/zooprekes24.lt\/lv\/wp-json\/wp\/v2\/product"}],"about":[{"href":"https:\/\/zooprekes24.lt\/lv\/wp-json\/wp\/v2\/types\/product"}],"replies":[{"embeddable":true,"href":"https:\/\/zooprekes24.lt\/lv\/wp-json\/wp\/v2\/comments?post=23504"}],"wp:featuredmedia":[{"embeddable":true,"href":"https:\/\/zooprekes24.lt\/lv\/wp-json\/wp\/v2\/media\/20183"}],"wp:attachment":[{"href":"https:\/\/zooprekes24.lt\/lv\/wp-json\/wp\/v2\/media?parent=23504"}],"wp:term":[{"taxonomy":"product_brand","embeddable":true,"href":"https:\/\/zooprekes24.lt\/lv\/wp-json\/wp\/v2\/product_brand?post=23504"},{"taxonomy":"product_cat","embeddable":true,"href":"https:\/\/zooprekes24.lt\/lv\/wp-json\/wp\/v2\/product_cat?post=23504"},{"taxonomy":"product_tag","embeddable":true,"href":"https:\/\/zooprekes24.lt\/lv\/wp-json\/wp\/v2\/product_tag?post=23504"}],"curies":[{"name":"wp","href":"https:\/\/api.w.org\/{rel}","templated":true}]}}