{"id":23500,"date":"2024-04-19T13:21:28","date_gmt":"2024-04-19T10:21:28","guid":{"rendered":"https:\/\/zooprekes24.lt\/produktas\/fitmin-purity-castrate-sausas-maistas\/"},"modified":"2026-04-15T10:14:53","modified_gmt":"2026-04-15T08:14:53","slug":"fitmin-purity-castrate-sausa-bariba","status":"publish","type":"product","link":"https:\/\/zooprekes24.lt\/lv\/produktas\/fitmin-purity-castrate-sausas-maistas\/","title":{"rendered":"Fitmin Purity Castrate saus\u0101 ka\u0137u bar\u012bba"},"content":{"rendered":"<h3>Fitmin Purity Castrate ir holistiska saus\u0101 bar\u012bba bez graudiem pieaugu\u0161iem, steriliz\u0113tiem\/kastr\u0113tiem ka\u0137iem, kas satur l\u012bdz 80% dz\u012bvnieku izcelsmes olbaltumvielu. \u012apa\u0161ais sast\u0101vs pal\u012bdz kontrol\u0113t ka\u0137a svaru un regul\u0113t ur\u012bna sk\u0101bumu. Unik\u0101lais Fitmin Purity <a href=\"https:\/\/www.youtube.com\/watch?v=1yoQTbErEss\" target=\"_blank\" rel=\"noopener\">p\u0101rtikas ra\u017eo\u0161anas tehnolo\u0123ij\u0101 izmanto tikai svaigu, atkaulotu ga\u013cu.<\/a>kas izce\u013c dab\u012bgo sast\u0101vda\u013cu gar\u0161u, vienlaikus saglab\u0101jot svar\u012bg\u0101ko uzturvielu un olbaltumvielu integrit\u0101ti. Tas ir bag\u0101ts ar svaigu d\u0101rze\u0146u, sul\u012bgu aug\u013cu un gar\u0161augu kombin\u0101ciju, kas atlas\u012bti no viet\u0113j\u0101m saimniec\u012bb\u0101m Eiropas sird\u012b, \u010cehij\u0101, kalnos.<\/h3>\n<ul>\n<li>Satur <span style=\"color: #808080;\"><strong>svaigi vi<\/strong><strong>\u0161nice\u013cu ga\u013ca<\/strong><\/span><strong><span style=\"color: #808080;\"> bez kauliem<\/span><\/strong>, ir viegli sagremojama, di\u0113tiska ga\u013ca, kas veicina gremo\u0161anas vesel\u012bbu un uzlabo kastr\u0113tu ka\u0137u \u0101das un ka\u017eoka st\u0101vokli.<\/li>\n<li>Fitmin Purity Castrate satur piene\u0146u lapas, kas uzlabo j\u016bsu ka\u0137a apet\u012bti, <strong><span style=\"color: #808080;\">stimul\u0113 ku\u0146\u0123a sk\u0101bju veido\u0161anos un labv\u0113l\u012bgi ietekm\u0113 aknu un nieru darb\u012bbu.<\/span><\/strong>. Piene\u0146u lapas mazina ur\u012bnce\u013cu iekaisumu un nierakme\u0146u veido\u0161anos, k\u0101 ar\u012b veicina \u017eults izdal\u012b\u0161anos un izdal\u012b\u0161anos ku\u0146\u0123a darb\u012bbas trauc\u0113jumu gad\u012bjum\u0101.<\/li>\n<li>Upenes <span style=\"color: #808080;\"><strong>stiprina ka\u0137a im\u016bnsist\u0113mu<\/strong><\/span>, pal\u0113nina organisma noveco\u0161an\u0101s procesu un pozit\u012bvi ietekm\u0113 asinsvadu elast\u012bbu.<\/li>\n<li>Kastr\u0113ti ka\u0137i m\u0113dz \u0113st vair\u0101k, bet tiem nepiecie\u0161ams 25-30 % maz\u0101k ener\u0123ijas. T\u0101 rezult\u0101t\u0101 2-3 m\u0113ne\u0161u laik\u0101 var pieaugt \u0137erme\u0146a svars par vair\u0101k nek\u0101 50 %. Fitmin Purity Castrate bar\u012bba <strong><span style=\"color: #808080;\">L-karnit\u012bns veicina viegl\u0101ku tauku dedzin\u0101\u0161anu<\/span><\/strong>, nov\u0113r\u0161 aptauko\u0161an\u0101s probl\u0113mas un uztur j\u016bsu m\u012blu\u013ca sirds musku\u013ca darb\u012bbu.<\/li>\n<li>Lucerna atbalsta ka\u0137a gremo\u0161anas trakta darb\u012bbu un detoksic\u0113jo\u0161i iedarbojas uz nier\u0113m. T\u0101 stimul\u0113 \u0161\u016bnu vielmai\u0146u un <span style=\"color: #808080;\"><strong>pal\u012bdz uztur\u0113t vec\u0101ku steriliz\u0113tu ka\u0137u dabisko aizsargsp\u0113ju.<\/strong><\/span>.<\/li>\n<li><a href=\"https:\/\/zooprekes24.lt\/lv\/?s=sterilizuotoms&amp;post_type=product&amp;product_cat=0\" target=\"_blank\" rel=\"noopener noreferrer\">P\u0113c steriliz\u0101cijas<\/a> Fitmin Purity Castrate bar\u012bba samazina ka\u0137u ener\u0123ijas pat\u0113ri\u0146u. <span style=\"color: #808080;\"><strong>zem\u0101ks tauku saturs.<\/strong><\/span> pal\u012bdz samazin\u0101t risku, ka j\u016bsu m\u0101jdz\u012bvniekam var rasties liekais svars.<\/li>\n<li>Augsts olbaltumvielu saturs ar augstu biolo\u0123isko v\u0113rt\u012bbu (80%) <span style=\"color: #808080;\"><strong>Pal\u012bdz veidot musku\u013cus un uztur\u0113t lies\u0101s musku\u013cu masu<\/strong><\/span>.<\/li>\n<\/ul>","protected":false},"excerpt":{"rendered":"<p>Fitmin Purity Castrate ir holistiska saus\u0101 bar\u012bba bez graudiem pieaugu\u0161iem, steriliz\u0113tiem\/kastr\u0113tiem ka\u0137iem, kas satur l\u012bdz 80% dz\u012bvnieku izcelsmes olbaltumvielu. \u012apa\u0161ais sast\u0101vs pal\u012bdz kontrol\u0113t ka\u0137a svaru un regul\u0113t ur\u012bna sk\u0101bumu. Unik\u0101laj\u0101 Fitmin Purity bar\u012bbas tehnolo\u0123ij\u0101 izmantota \u012bpa\u0161i svaiga, atkaulota ga\u013ca, kas izce\u013c dab\u012bgo sast\u0101vda\u013cu gar\u0161u, vienlaikus saglab\u0101jot b\u016btisk\u0101s uzturvielas un olbaltumvielas...<\/p>","protected":false},"featured_media":20181,"comment_status":"closed","ping_status":"closed","template":"","meta":{"_acf_changed":false,"slim_seo":{"title":"Fitmin Purity Castrate sausas maistas kat\u0117ms - Zooprekes24","description":"Fitmin Purity Castrate ir holistiska saus\u0101 bar\u012bba bez graudiem pieaugu\u0161iem, steriliz\u0113tiem\/kastr\u0113tiem ka\u0137iem, kas satur l\u012bdz 80% dz\u012bvnieku izcelsmes olbaltumvielu. \u012apa\u0161s"},"iawp_total_views":1736},"product_brand":[],"product_cat":[9027,9075,72,83,25,9016],"product_tag":[1671,1817,1965,1979,1675,1682,1966],"class_list":{"0":"post-23500","1":"product","2":"type-product","3":"status-publish","4":"has-post-thumbnail","6":"product_cat-begrudis-maistas-kaciu-maistas","7":"product_cat-fitmin-purity-kaciu-prekiu-gamintojai","8":"product_cat-kaciu-maistas","9":"product_cat-kaciu-prekiu-gamintojai","10":"product_cat-katems","11":"product_cat-sausas-maistas-kaciu-maistas","12":"product_tag-begrudis-kaciu-maistas","13":"product_tag-edalas-katems","14":"product_tag-fitmin-maistas-sterilizuotoms-katems","15":"product_tag-holistinis-maistas-katems","16":"product_tag-kaciu-edalas","17":"product_tag-kaciu-maistas-super-premium-klases","18":"product_tag-maistas-kastruotam-katinui","19":"pa_pasaro-sudetis-darzoves","20":"pa_pasaro-sudetis-kalakutiena","21":"pa_pasaro-sudetis-uogos","22":"pa_pasaro-sudetis-vaisiai","23":"pa_pasaro-sudetis-vistiena","24":"pa_prekiu-zenklai-fitmin-purity","26":"first","27":"instock","28":"sale","29":"featured","30":"taxable","31":"shipping-taxable","32":"purchasable","33":"product-type-variable"},"acf":[],"_links":{"self":[{"href":"https:\/\/zooprekes24.lt\/lv\/wp-json\/wp\/v2\/product\/23500","targetHints":{"allow":["GET"]}}],"collection":[{"href":"https:\/\/zooprekes24.lt\/lv\/wp-json\/wp\/v2\/product"}],"about":[{"href":"https:\/\/zooprekes24.lt\/lv\/wp-json\/wp\/v2\/types\/product"}],"replies":[{"embeddable":true,"href":"https:\/\/zooprekes24.lt\/lv\/wp-json\/wp\/v2\/comments?post=23500"}],"wp:featuredmedia":[{"embeddable":true,"href":"https:\/\/zooprekes24.lt\/lv\/wp-json\/wp\/v2\/media\/20181"}],"wp:attachment":[{"href":"https:\/\/zooprekes24.lt\/lv\/wp-json\/wp\/v2\/media?parent=23500"}],"wp:term":[{"taxonomy":"product_brand","embeddable":true,"href":"https:\/\/zooprekes24.lt\/lv\/wp-json\/wp\/v2\/product_brand?post=23500"},{"taxonomy":"product_cat","embeddable":true,"href":"https:\/\/zooprekes24.lt\/lv\/wp-json\/wp\/v2\/product_cat?post=23500"},{"taxonomy":"product_tag","embeddable":true,"href":"https:\/\/zooprekes24.lt\/lv\/wp-json\/wp\/v2\/product_tag?post=23500"}],"curies":[{"name":"wp","href":"https:\/\/api.w.org\/{rel}","templated":true}]}}