{"id":23485,"date":"2024-04-19T13:21:28","date_gmt":"2024-04-19T10:21:28","guid":{"rendered":"https:\/\/zooprekes24.lt\/produktas\/fitmin-for-life-adult-beef-konservai\/"},"modified":"2026-04-03T13:58:45","modified_gmt":"2026-04-03T11:58:45","slug":"fitmin-for-life-pieauguso-liellopu-galas-konservi","status":"publish","type":"product","link":"https:\/\/zooprekes24.lt\/lv\/produktas\/fitmin-for-life-adult-beef-konservai\/","title":{"rendered":"Fitmin for Life Adult liellopa ga\u013cas konservi ka\u0137iem m\u0113rc\u0113"},"content":{"rendered":"<h3><span style=\"vertical-align: inherit\"><span style=\"vertical-align: inherit\"><span style=\"vertical-align: inherit\"><span style=\"vertical-align: inherit\">Fitmin for Life pieaugu\u0161o liellopu ga\u013cas konservi - <\/span><\/span><\/span><\/span>ir sabalans\u0113ta mitr\u0101 ka\u0137u bar\u012bba maisi\u0146\u0101 pieaugu\u0161iem ka\u0137iem no 1 gada vecuma.<\/h3>\n<ul>\n<li>Dekor\u0113ts ar liellopa ga\u013cas gabali\u0146iem m\u0113rc\u0113.<\/li>\n<li><span style=\"vertical-align: inherit\"><span style=\"vertical-align: inherit\"><span style=\"vertical-align: inherit\"><span style=\"vertical-align: inherit\">Fitmin for Life Adult liellopu liellopa liellopa bar\u012bba pieaugu\u0161ajiem <\/span><\/span><\/span><\/span><a href=\"https:\/\/zooprekes24.lt\/lv\/kategorija\/prekes-katems\/\" target=\"_blank\" rel=\"noopener\"><span style=\"vertical-align: inherit\"><span style=\"vertical-align: inherit\"><span style=\"vertical-align: inherit\"><span style=\"vertical-align: inherit\">ka\u0137iem<\/span><\/span><\/span><\/span><\/a><span style=\"vertical-align: inherit\"><span style=\"vertical-align: inherit\"><span style=\"vertical-align: inherit\"><span style=\"vertical-align: inherit\">.<\/span><\/span><\/span><\/span><\/li>\n<li>Neaizvietojam\u0101 aminosk\u0101be taur\u012bns pal\u012bdz uztur\u0113t veselu ka\u0137a sirdi un redzi.<\/li>\n<li>Konservi papildina D3 vitam\u012bns un miner\u0101lvielas, kas ir \u013coti svar\u012bgas ka\u0137u skeleta, musku\u013cu un nervu sist\u0113mai.<\/li>\n<li><a href=\"https:\/\/www.fitmin.com\/en\/ingredients\" target=\"_blank\" rel=\"noopener\"><span style=\"vertical-align: inherit\"><span style=\"vertical-align: inherit\"><span style=\"vertical-align: inherit\"><span style=\"vertical-align: inherit\">Nesatur m\u0101ksl\u012bg\u0101s kr\u0101svielas un konservantus<\/span><\/span><\/span><\/span><\/a>.<\/li>\n<\/ul>","protected":false},"excerpt":{"rendered":"<p>Fitmin for Life Adult Beef konservai &#8211; tai subalansuotas \u0161lapias ka\u010di\u0173 pa\u0161aras mai\u0161elyje, skirtas suaugusioms kat\u0117ms nuo 1 met\u0173 am\u017eiaus. Pagardinta jautienos gabaliukais pada\u017ee. Fitmin for Life Adult Beef \u0161lapias \u0117dalas skirtas suaugusioms kat\u0117ms. Sud\u0117tyje esanti nepamainoma aminor\u016bg\u0161tis taurinas padeda i\u0161saugoti sveik\u0105 kat\u0117s \u0161ird\u012f ir reg\u0117jim\u0105. Konserv\u0173 sud\u0117tis papildyta vitaminu D3 ir mineralais, kurie itin&#8230;<\/p>","protected":false},"featured_media":20175,"comment_status":"closed","ping_status":"closed","template":"","meta":{"_acf_changed":false,"slim_seo":{"title":"Fitmin for Life Adult Beef konservai kat\u0117ms pada\u017ee - Zooprekes24","description":"Fitmin for Life Adult Beef Canned ir sabalans\u0113ta mitr\u0101 ka\u0137u bar\u012bba maisi\u0146\u0101 pieaugu\u0161iem ka\u0137iem no 1 gada vecuma. T\u0101 ir izgatavota no da\u017e\u0101d\u0101m sast\u0101vda\u013c\u0101m un ir piem\u0113rota da\u017e\u0101diem lolojumdz\u012bvnieku bar\u012bbas produktiem su\u0146iem un ka\u0137iem."},"iawp_total_views":245},"product_brand":[],"product_cat":[9042,72,83,25,9020],"product_tag":[2173],"class_list":{"0":"post-23485","1":"product","2":"type-product","3":"status-publish","4":"has-post-thumbnail","6":"product_cat-fitmin-for-life-katems","7":"product_cat-kaciu-maistas","8":"product_cat-kaciu-prekiu-gamintojai","9":"product_cat-katems","10":"product_cat-slapias-maistas-kaciu-maistas","11":"product_tag-konservuotas-maistas-katems","12":"pa_pasaro-sudetis-jautiena","13":"pa_prekiu-zenklai-fitmin-for-life","15":"first","16":"instock","17":"featured","18":"taxable","19":"shipping-taxable","20":"purchasable","21":"product-type-variable"},"acf":[],"_links":{"self":[{"href":"https:\/\/zooprekes24.lt\/lv\/wp-json\/wp\/v2\/product\/23485","targetHints":{"allow":["GET"]}}],"collection":[{"href":"https:\/\/zooprekes24.lt\/lv\/wp-json\/wp\/v2\/product"}],"about":[{"href":"https:\/\/zooprekes24.lt\/lv\/wp-json\/wp\/v2\/types\/product"}],"replies":[{"embeddable":true,"href":"https:\/\/zooprekes24.lt\/lv\/wp-json\/wp\/v2\/comments?post=23485"}],"wp:featuredmedia":[{"embeddable":true,"href":"https:\/\/zooprekes24.lt\/lv\/wp-json\/wp\/v2\/media\/20175"}],"wp:attachment":[{"href":"https:\/\/zooprekes24.lt\/lv\/wp-json\/wp\/v2\/media?parent=23485"}],"wp:term":[{"taxonomy":"product_brand","embeddable":true,"href":"https:\/\/zooprekes24.lt\/lv\/wp-json\/wp\/v2\/product_brand?post=23485"},{"taxonomy":"product_cat","embeddable":true,"href":"https:\/\/zooprekes24.lt\/lv\/wp-json\/wp\/v2\/product_cat?post=23485"},{"taxonomy":"product_tag","embeddable":true,"href":"https:\/\/zooprekes24.lt\/lv\/wp-json\/wp\/v2\/product_tag?post=23485"}],"curies":[{"name":"wp","href":"https:\/\/api.w.org\/{rel}","templated":true}]}}