{"id":23483,"date":"2024-04-19T13:21:28","date_gmt":"2024-04-19T10:21:28","guid":{"rendered":"https:\/\/zooprekes24.lt\/produktas\/fitmin-purity-semimoist-rabbit-lamb\/"},"modified":"2026-04-03T15:56:39","modified_gmt":"2026-04-03T13:56:39","slug":"fitmin-tiribas-pakapes-pusmikstuma-trusu-jers","status":"publish","type":"product","link":"https:\/\/zooprekes24.lt\/lv\/produktas\/fitmin-purity-semimoist-rabbit-lamb\/","title":{"rendered":"Fitmin Purity Semimoist Rabbit &amp; Lamb with Rice pusiau dr\u0117gnas maistas \u0161unims"},"content":{"rendered":"<h3>Fitmin Purity Semimoist Rabbit &amp; Lamb with Rice ir holistiska, da\u013c\u0113ji mitra saus\u0101 bar\u012bba pieaugu\u0161iem visu \u0161\u0137ir\u0146u su\u0146iem, kas satur l\u012bdz 73% dz\u012bvnieku izcelsmes olbaltumvielu. Unik\u0101laj\u0101 Fitmin Purity <a href=\"https:\/\/www.youtube.com\/watch?v=1yoQTbErEss\" target=\"_blank\" rel=\"noopener\">p\u0101rtikas ra\u017eo\u0161anas tehnolo\u0123ij\u0101 izmanto tikai svaigu, atkaulotu ga\u013cu.<\/a>kas izce\u013c dab\u012bgo sast\u0101vda\u013cu gar\u0161u, vienlaikus saglab\u0101jot svar\u012bg\u0101ko uzturvielu un olbaltumvielu integrit\u0101ti. Tas ir bag\u0101ts ar svaigu d\u0101rze\u0146u, sul\u012bgu aug\u013cu un gar\u0161augu kombin\u0101ciju, kas atlas\u012bti no viet\u0113j\u0101m saimniec\u012bb\u0101m Eiropas sird\u012b, \u010cehij\u0101, kalnos.<\/h3>\n<ul>\n<li>P\u0101rtik\u0101 <span style=\"color: #808080\"><strong>izmanto svaigu j\u0113ra ga\u013cu<\/strong><\/span>kas ir lielisks B grupas vitam\u012bnu avots, kuri nepiecie\u0161ami organisma vielmai\u0146as reakcij\u0101m. J\u0113ra ga\u013ca <span style=\"color: #808080\"><strong>neapgr\u016btina gremo\u0161anas sist\u0113mu un veicina uzturvielu uzs\u016bk\u0161anos.<\/strong><\/span>.<\/li>\n<li>Tru\u0161a ga\u013ca ir barojo\u0161a, viegli sagremojama un viegli sagremojama. <span style=\"color: #808080\"><strong>Izce\u013cas ar \u012bpa\u0161u arom\u0101tu un gar\u0161u<\/strong><\/span>t\u0101p\u0113c pat vispras\u012bg\u0101kajiem gard\u0113\u017eiem tas patiks.<\/li>\n<li>\u012apa\u0161\u0101 p\u0101rtikas formul\u0101 <span style=\"color: #808080\"><strong>lab\u012bbas izcelsmes r\u012bsu izmanto\u0161ana<\/strong><\/span>nevis kvie\u0161u vai kukur\u016bzas lipekli, kas jut\u012bgiem su\u0146iem var izrais\u012bt aler\u0123iju. Galven\u0101 r\u012bsu priek\u0161roc\u012bba ir t\u0101, ka tie su\u0146a ku\u0146\u0123\u012b uzbriest l\u0113ni, t\u0101p\u0113c dz\u012bvnieka organisms ener\u0123iju uz\u0146em pak\u0101peniski un t\u0101 ilg\u0101k saglab\u0101jas, kas ir \u012bpa\u0161i svar\u012bgi akt\u012bviem su\u0146iem.<\/li>\n<li>Fitmin Purity Semimoist trusis un j\u0113ra ga\u013ca ar r\u012bsiem satur \u0101bolus, kas ir lielisks beta karot\u012bna avots, kur\u0161 pieder antioksidantu kategorijai un darbojas k\u0101 antioksidants. <span style=\"color: #808080\"><strong>dabas<\/strong><\/span> <strong><span style=\"color: #808080\">aizsardz\u012bba pret br\u012bvo radik\u0101\u013cu negat\u012bvo ietekmi.<\/span><\/strong>.<\/li>\n<li>Aukst\u0101 pres\u0113\u0161ana <a href=\"https:\/\/zooprekes24.lt\/lv\/products\/dr-clauders-barf-lassi-ella\/\">la\u0161a e\u013c\u013ca<\/a> ir lielisks omega 3 tauksk\u0101bju (EPA un DHA) avots, kas <span style=\"color: #808080\"><strong>baro un mitrina j\u016bsu m\u012blu\u013ca ka\u017eoku un \u0101du.<\/strong><\/span>. EPA piem\u012bt dabiska pretiekaisuma iedarb\u012bba, savuk\u0101rt DHA ir saist\u012bta ar smadze\u0146u un t\u012bklenes strukt\u016bru.<\/li>\n<li>Fitmin Purity Semimoist trusis un j\u0113ra ga\u013ca ar r\u012bsiem satur \u0161itake s\u0113nes, kas nodro\u0161ina detoksik\u0113jo\u0161as \u012bpa\u0161\u012bbas. T\u0101 ir ide\u0101la sast\u0101vda\u013ca <span style=\"color: #808080\"><strong>im\u016bnsist\u0113mas stiprin\u0101\u0161anai un aknu darb\u012bbas aizsardz\u012bbai.<\/strong><\/span>. \u0160\u012b eksotisk\u0101 s\u0113ne nom\u0101c aler\u0123ijas simptomus un ir lielisks D vitam\u012bna, dzelzs un sel\u0113na avots.<\/li>\n<li>Lucerna stimul\u0113 \u0161\u016bnu vielmai\u0146u un <span style=\"color: #808080\"><strong>pal\u012bdz uztur\u0113t m\u0101jdz\u012bvnieka dabisk\u0101s aizsargsp\u0113jas.<\/strong><\/span>.<\/li>\n<li>Margrieti\u0146as <span style=\"color: #808080\"><strong>atbalsta j\u016bsu m\u012blu\u013ca ur\u012bnce\u013cu sist\u0113mas optim\u0101lu darb\u012bbu.<\/strong><\/span>Tam piem\u012bt pretiekaisuma un antiseptiska iedarb\u012bba uz organismu, k\u0101 ar\u012b tas mazina vai atrisina v\u0113dera uzp\u016b\u0161an\u0101s probl\u0113mas.<\/li>\n<\/ul>\n<h3><a ref=\"magnificPopup\" href=\"https:\/\/zooprekes24.lt\/wp-content\/uploads\/2021\/11\/Fitmin-Purity-logo-2.png\"><img loading=\"lazy\" decoding=\"async\" class=\"wp-image-13541\" src=\"https:\/\/zooprekes24.lt\/wp-content\/uploads\/Fitmin-Purity-logo-2-e1636643478120.png\" alt=\"Fitmin Purity logotips\" width=\"600\" height=\"308\" \/><\/a><\/h3>\n<hr \/>\n<h3>Ar ko Fitmin Purity saus\u0101s p\u0101rtikas produktu l\u012bnija ir \u012bpa\u0161a?<\/h3>\n<p>Holistisk\u0101 saus\u0101 su\u0146u bar\u012bba <span style=\"color: #808080\"><strong>Pied\u0101v\u0101jum\u0101 ir 9 da\u017e\u0101di p\u0101rtikas produktu veidi.<\/strong><\/span>no kur\u0101m atkar\u012bb\u0101 no j\u016bsu m\u012blu\u013ca vajadz\u012bb\u0101m, <span style=\"color: #808080\"><strong>varat izv\u0113l\u0113ties recepti<\/strong> <strong>ar r\u012bsiem vai bezgraudu bar\u012bbu uz zir\u0146u, kartupe\u013cu un \u0137irbju b\u0101zes.<\/strong>.<\/span><\/p>\n<ul>\n<li>Zir\u0146iem ir zem\u0101ks glik\u0113miskais indekss un <span style=\"color: #808080\"><strong>nov\u0113r\u0161 su\u0146iem nev\u0113lamas liek\u0101 svara un aptauko\u0161an\u0101s probl\u0113mas.<\/strong><\/span>. Taj\u0101s ir ar\u012b daudz \u0161\u0137iedrvielu, kas pal\u012bdz regul\u0113t zarnu mikrofloru un gremo\u0161anu.<\/li>\n<li>\u0136irbis ir paz\u012bstams ar\u012b k\u0101 dab\u012bgs polivitam\u012bns un satur <span style=\"color: #808080\"><strong>bag\u0101ti ar antioksidantiem un A, C un E vitam\u012bniem.<\/strong><\/span>. \u0136irbju lieto\u0161ana su\u0146u bar\u012bb\u0101 pal\u012bdz uztur\u0113t optim\u0101lu su\u0146a \u0137erme\u0146a svaru un mazin\u0101t gremo\u0161anas trauc\u0113jumus, piem\u0113ram, caureju un aizciet\u0113jumus.<\/li>\n<li>Lieto\u0161anai p\u0101rtik\u0101 uz r\u012bsu b\u0101zes <span style=\"color: #808080\"><strong>neizmanto r\u012bsu graudaugus, bet kvie\u0161u vai kukur\u016bzas lipekli, kas jut\u012bgiem su\u0146iem var izrais\u012bt aler\u0123iju.<\/strong><\/span>. Galven\u0101 r\u012bsu priek\u0161roc\u012bba ir t\u0101, ka tie su\u0146a ku\u0146\u0123\u012b uzbriest l\u0113ni, t\u0101p\u0113c m\u0101jdz\u012bvnieka organisms ener\u0123iju uz\u0146em pak\u0101penisk\u0101k un t\u0101 ilg\u0101k saglab\u0101jas, kas ir \u012bpa\u0161i svar\u012bgi akt\u012bviem su\u0146iem.<\/li>\n<li>Fitmin Purity l\u012bnija <span style=\"color: #808080\"><strong><strong>kartupe\u013ci<\/strong> izmanto p\u0101rslu veid\u0101<\/strong><\/span>. T\u0101s ir bag\u0101tas ar \u0161\u0137iedrviel\u0101m, miner\u0101lviel\u0101m, vitam\u012bniem un og\u013chidr\u0101tiem - \u012bpa\u0161i labs ener\u0123ijas avots su\u0146a organismam. Bet . <span style=\"color: #808080\"><strong>kartupe\u013cu izmanto\u0161ana Fitmin recept\u0113s ir k\u013cuvusi iesp\u0113jama tikai pateicoties tehnolo\u0123iskajam progresam.<\/strong><\/span> - Pateicoties ekstr\u016bzijai (viens no jaun\u0101kajiem p\u0101rtikas un bar\u012bbas ra\u017eo\u0161anas procesiem, kur\u0101 sajaukt\u0101s sast\u0101vda\u013cas tiek padar\u012btas plastiskas un veidotas, kombin\u0113jot t\u0101dus parametrus k\u0101 mitrums, temperat\u016bra, spiediens un meh\u0101niskais sp\u0113ks), kartupe\u013cus su\u0146a organisms var efekt\u012bvi izmantot, un tie ir viegli sagremojami.<\/li>\n<li>Nav svaigas ga\u013cas Fitmin Purity produkti <span style=\"color: #808080\"><strong>citi dz\u012bvnieku izcelsmes produkti, piem\u0113ram, \u017e\u0101v\u0113ta un hidroliz\u0113ta ga\u013ca, olas, m\u0101jputnu tauki un augst\u0101k\u0101s kvalit\u0101tes auksti spiesta la\u0161u e\u013c\u013ca.<\/strong><\/span>. Produktos ir daudz kvalitat\u012bvu olbaltumvielu, tauku, miner\u0101lvielu un vitam\u012bnu. To pietiekams l\u012bdzsvars ir b\u016btisks lolojumdz\u012bvnieku bar\u012bbas kvalit\u0101tei.<\/li>\n<li>Receptes<span style=\"color: #808080\"><strong> r\u016bp\u012bgi atlas\u012btas augu izcelsmes vielas papildina kompoz\u012bciju.<\/strong><\/span>kas recept\u0113 pievieno v\u0113rt\u012bgas uzturvielas.<\/li>\n<\/ul>\n<h3>Unik\u0101l\u0101 sast\u0101vda\u013cu kombin\u0101cija un gard\u0113\u017eu pieredze nodro\u0161in\u0101s, ka j\u016bsu \u010detrk\u0101jainie draugi sa\u0146ems visu nepiecie\u0161amo laim\u012bgai un akt\u012bvai dz\u012bvei!<\/h3>","protected":false},"excerpt":{"rendered":"<p>Fitmin Purity Semimoist Rabbit &amp; Lamb with Rice &#8211; holistinis, pusiau dr\u0117gnas sausas maistas, vis\u0173 veisli\u0173 suaugusiems \u0161unims, kuriame yra net 73% gyv\u016blin\u0117s kilm\u0117s baltym\u0173. Unikalioje Fitmin Purity maisto gamybos technologijoje naudojama i\u0161kirtinai \u0161vie\u017eia m\u0117sa be kaul\u0173, kuri i\u0161ry\u0161kina nat\u016brali\u0173 ingredient\u0173 skon\u012f ir kartu i\u0161saugo b\u016btin\u0173 maistini\u0173 med\u017eiag\u0173 ir baltym\u0173 vientisum\u0105. Sud\u0117tyje gausu \u0161vie\u017ei\u0173 dar\u017eovi\u0173,&#8230;<\/p>","protected":false},"featured_media":20172,"comment_status":"closed","ping_status":"closed","template":"","meta":{"_acf_changed":false,"slim_seo":{"title":"Fitmin Purity Semimoist Rabbit &amp; Lamb with Rice pusiau dr\u0117gnas maistas \u0161unims - Zooprekes24","description":"Fitmin Purity Semimoist Rabbit &amp; Lamb with Rice ir holistiska, da\u013c\u0113ji mitra sausa bar\u012bba visu \u0161\u0137ir\u0146u pieaugu\u0161iem su\u0146iem, kas satur l\u012bdz 73% dz\u012bvnieku bar\u012bbas."},"iawp_total_views":1123},"product_brand":[],"product_cat":[9051,9002,8999,29,31],"product_tag":[177,462,468,326],"class_list":{"0":"post-23483","1":"product","2":"type-product","3":"status-publish","4":"has-post-thumbnail","6":"product_cat-fitmin-purity","7":"product_cat-sausas-maistas","8":"product_cat-sunims","9":"product_cat-sunu-maistas","10":"product_cat-sunu-prekiu-gamintojai","11":"product_tag-edalas-sunims","12":"product_tag-fitmin-sausas-maistas-sunims-su-triusiena","13":"product_tag-holistinis-edalas-sunims","14":"product_tag-holistinis-maistas-sunims","15":"pa_pasaro-sudetis-darzoves","16":"pa_pasaro-sudetis-eriena","17":"pa_pasaro-sudetis-triusiena","18":"pa_pasaro-sudetis-uogos","19":"pa_pasaro-sudetis-vaisiai","20":"pa_prekiu-zenklai-fitmin-purity","21":"pa_suns-amzius-suaugusiems","22":"pa_veisles-dydis-didelems-veislems","23":"pa_veisles-dydis-mazoms-veislems","24":"pa_veisles-dydis-vidutinems-veislems","25":"pa_veisles-dydis-visu-dydziu-veislems","27":"first","28":"instock","29":"taxable","30":"shipping-taxable","31":"purchasable","32":"product-type-variable"},"acf":[],"_links":{"self":[{"href":"https:\/\/zooprekes24.lt\/lv\/wp-json\/wp\/v2\/product\/23483","targetHints":{"allow":["GET"]}}],"collection":[{"href":"https:\/\/zooprekes24.lt\/lv\/wp-json\/wp\/v2\/product"}],"about":[{"href":"https:\/\/zooprekes24.lt\/lv\/wp-json\/wp\/v2\/types\/product"}],"replies":[{"embeddable":true,"href":"https:\/\/zooprekes24.lt\/lv\/wp-json\/wp\/v2\/comments?post=23483"}],"wp:featuredmedia":[{"embeddable":true,"href":"https:\/\/zooprekes24.lt\/lv\/wp-json\/wp\/v2\/media\/20172"}],"wp:attachment":[{"href":"https:\/\/zooprekes24.lt\/lv\/wp-json\/wp\/v2\/media?parent=23483"}],"wp:term":[{"taxonomy":"product_brand","embeddable":true,"href":"https:\/\/zooprekes24.lt\/lv\/wp-json\/wp\/v2\/product_brand?post=23483"},{"taxonomy":"product_cat","embeddable":true,"href":"https:\/\/zooprekes24.lt\/lv\/wp-json\/wp\/v2\/product_cat?post=23483"},{"taxonomy":"product_tag","embeddable":true,"href":"https:\/\/zooprekes24.lt\/lv\/wp-json\/wp\/v2\/product_tag?post=23483"}],"curies":[{"name":"wp","href":"https:\/\/api.w.org\/{rel}","templated":true}]}}