{"id":23468,"date":"2024-04-19T13:21:14","date_gmt":"2024-04-19T10:21:14","guid":{"rendered":"https:\/\/zooprekes24.lt\/produktas\/fitmin-purity-puppy-fish\/"},"modified":"2026-04-03T15:55:57","modified_gmt":"2026-04-03T13:55:57","slug":"fitmin-tiribas-kucenu-zivis","status":"publish","type":"product","link":"https:\/\/zooprekes24.lt\/lv\/produktas\/fitmin-purity-puppy-fish\/","title":{"rendered":"Fitmin Purity Puppy Fish saus\u0101 bar\u012bba kuc\u0113niem"},"content":{"rendered":"<h3>Fitmin Purity Puppy Fish ir holistiska saus\u0101 bar\u012bba bez graudiem visu \u0161\u0137ir\u0146u kuc\u0113niem, gr\u016bsn\u0101m un lakt\u0113jo\u0161\u0101m kuc\u0113m, kas satur l\u012bdz 78% dz\u012bvnieku izcelsmes olbaltumvielu. Unik\u0101l\u0101 Fitmin Purity <a href=\"https:\/\/www.youtube.com\/watch?v=1yoQTbErEss\" target=\"_blank\" rel=\"noopener\">p\u0101rtikas ra\u017eo\u0161anas tehnolo\u0123ij\u0101 izmanto tikai svaigas zivis<\/a>kas izce\u013c dab\u012bgo sast\u0101vda\u013cu gar\u0161u, vienlaikus saglab\u0101jot svar\u012bg\u0101ko uzturvielu un olbaltumvielu integrit\u0101ti. Tas ir bag\u0101ts ar svaigu d\u0101rze\u0146u, sul\u012bgu aug\u013cu un gar\u0161augu kombin\u0101ciju, kas atlas\u012bti no viet\u0113j\u0101m saimniec\u012bb\u0101m Eiropas sird\u012b, \u010cehij\u0101, starp kalniem.<\/h3>\n<ul>\n<li>P\u0101rtik\u0101 <span style=\"color: #808080\"><strong>izmantotas svaigas si\u013c\u0137es<\/strong><\/span>satur pilnv\u0113rt\u012bgas olbaltumvielas, taukus ar augstu biolo\u0123isko v\u0113rt\u012bbu, A un D vitam\u012bnus un B grupas miner\u0101lvielas.<\/li>\n<li>Zir\u0146iem ir zem\u0101ks glik\u0113miskais indekss un <span style=\"color: #808080\"><strong>pasarg\u0101 kuc\u0113nus no nev\u0113lama liek\u0101 svara.<\/strong><\/span> un aptauko\u0161an\u0101s probl\u0113mas.<\/li>\n<li>Satur<span style=\"color: #808080\"> <strong>Ingveram ir pozit\u012bva ietekme uz kuc\u0113nu gremo\u0161anas sist\u0113mu.<\/strong><\/span>, uzlabo uzturvielu uzs\u016bk\u0161anos un pal\u012bdz nov\u0113rst gremo\u0161anas probl\u0113mas.<\/li>\n<li>Fitmin Purity Puppy Fish sast\u0101v\u0101 izmantotais \u0137irbis ir bag\u0101ts ar antioksidantiem un A, C un E vitam\u012bniem. Tie satur ar\u012b da\u017e\u0101das miner\u0101lvielas, piem\u0113ram, magniju, k\u0101liju, dzelzi, fosforu, cinku, kalciju un varu. \u0136irbji pal\u012bdz uztur\u0113t optim\u0101lu gremo\u0161anas funkciju un efekt\u012bvu gremo\u0161anu. <span style=\"color: #808080\"><strong><span style=\"color: #808080\">s<\/span>aizsarg\u0101t kuc\u0113na organismu pret caureju, aizciet\u0113jumiem vai cit\u0101m gremo\u0161anas probl\u0113m\u0101m.<\/strong><\/span>.<\/li>\n<li>Upenes <span style=\"color: #808080\"><strong>stiprina jauno su\u0146u im\u016bnsist\u0113mu<\/strong><\/span> un pozit\u012bvi ietekm\u0113 asins \u0161\u016bnu elast\u012bbu.<\/li>\n<li>Aukst\u0101 pres\u0113\u0161ana <a href=\"https:\/\/zooprekes24.lt\/lv\/products\/dr-clauders-barf-lassi-ella\/\">la\u0161a e\u013c\u013ca<\/a> ir lielisks omega 3 tauksk\u0101bju (EPA un DHA) avots, kas <span style=\"color: #808080\"><strong>baro un mitrina j\u016bsu m\u012blu\u013ca ka\u017eoku un \u0101du.<\/strong><\/span>. EPA piem\u012bt dabiska pretiekaisuma iedarb\u012bba, savuk\u0101rt DHA ir saist\u012bta ar smadze\u0146u un t\u012bklenes strukt\u016bru.<\/li>\n<li>\u012ast\u0101s major\u0101na s\u0113klas to antioksidantu \u012bpa\u0161\u012bbu d\u0113\u013c. <span style=\"color: #808080\"><strong>stimul\u0113 aknu \u0161\u016bnu prolifer\u0101ciju un aizsarg\u0101 jauno org\u0101nu no toks\u012bniem.<\/strong><\/span>.<\/li>\n<li>Fitmin Purity Puppy Fish ieguvumi no \u0161itake s\u0113n\u0113m <span style=\"color: #808080\"><strong>im\u016bnsist\u0113mas stiprin\u0101\u0161anai un aknu darb\u012bbas aizsardz\u012bbai.<\/strong>.<\/span> \u0160\u012b eksotisk\u0101 s\u0113ne nom\u0101c aler\u0123ijas simptomus un ir lielisks D vitam\u012bna, dzelzs un sel\u0113na avots.<\/li>\n<li><span style=\"color: #808080\"><strong>A\u013c\u0123es satur sil\u012bcijsk\u0101bi, kas ir \u012bpa\u0161i svar\u012bga kuc\u0113na aug\u0161anas period\u0101.<\/strong><\/span>. Tas labv\u0113l\u012bgi ietekm\u0113 kaulu, zobu, skrim\u0161\u013cu, saistaudu, c\u012bpslu un loc\u012btavu veido\u0161anos.<\/li>\n<\/ul>\n<h3><a ref=\"magnificPopup\" href=\"https:\/\/zooprekes24.lt\/wp-content\/uploads\/2021\/11\/Fitmin-Purity-logo-2.png\"><img loading=\"lazy\" decoding=\"async\" class=\"wp-image-13541\" src=\"https:\/\/zooprekes24.lt\/wp-content\/uploads\/Fitmin-Purity-logo-2-e1636643478120.png\" alt=\"Fitmin Purity logotips\" width=\"600\" height=\"308\" \/><\/a><\/h3>\n<hr \/>\n<h3>Ar ko Fitmin Purity saus\u0101s p\u0101rtikas produktu l\u012bnija ir \u012bpa\u0161a?<\/h3>\n<p>Holistisk\u0101 saus\u0101 su\u0146u bar\u012bba <span style=\"color: #808080\"><strong>Pied\u0101v\u0101jum\u0101 ir 9 da\u017e\u0101di p\u0101rtikas produktu veidi.<\/strong><\/span>no kur\u0101m atkar\u012bb\u0101 no j\u016bsu m\u012blu\u013ca vajadz\u012bb\u0101m, <span style=\"color: #808080\"><strong>varat izv\u0113l\u0113ties recepti<\/strong> <strong>ar r\u012bsiem vai bezgraudu bar\u012bbu uz zir\u0146u, kartupe\u013cu un \u0137irbju b\u0101zes.<\/strong>.<\/span><\/p>\n<ul>\n<li>Zir\u0146iem ir zem\u0101ks glik\u0113miskais indekss un <span style=\"color: #808080\"><strong>nov\u0113r\u0161 su\u0146iem nev\u0113lamas liek\u0101 svara un aptauko\u0161an\u0101s probl\u0113mas.<\/strong><\/span>. Taj\u0101s ir ar\u012b daudz \u0161\u0137iedrvielu, kas pal\u012bdz regul\u0113t zarnu mikrofloru un gremo\u0161anu.<\/li>\n<li>\u0136irbis ir paz\u012bstams ar\u012b k\u0101 dab\u012bgs polivitam\u012bns un satur <span style=\"color: #808080\"><strong>bag\u0101ti ar antioksidantiem un A, C un E vitam\u012bniem.<\/strong><\/span>. \u0136irbju lieto\u0161ana su\u0146u bar\u012bb\u0101 pal\u012bdz uztur\u0113t optim\u0101lu su\u0146a \u0137erme\u0146a svaru un mazin\u0101t gremo\u0161anas trauc\u0113jumus, piem\u0113ram, caureju un aizciet\u0113jumus.<\/li>\n<li>Lieto\u0161anai p\u0101rtik\u0101 uz r\u012bsu b\u0101zes <span style=\"color: #808080\"><strong>kvie\u0161u vai kukur\u016bzas lipek\u013ca, kas jut\u012bgiem su\u0146iem var izrais\u012bt aler\u0123iju, nevis kvie\u0161u vai kukur\u016bzas lipek\u013ca, izmanto\u0161ana.<\/strong><\/span>. Galven\u0101 r\u012bsu priek\u0161roc\u012bba ir t\u0101, ka tie su\u0146a ku\u0146\u0123\u012b uzbriest l\u0113ni, t\u0101p\u0113c m\u0101jdz\u012bvnieka organisms ener\u0123iju uz\u0146em pak\u0101penisk\u0101k un t\u0101 ilg\u0101k saglab\u0101jas, kas ir \u012bpa\u0161i svar\u012bgi akt\u012bviem su\u0146iem.<\/li>\n<li>Fitmin Purity l\u012bnija <span style=\"color: #808080\"><strong><strong>kartupe\u013ci<\/strong> izmanto p\u0101rslu veid\u0101<\/strong><\/span>. T\u0101s ir bag\u0101tas ar \u0161\u0137iedrviel\u0101m, miner\u0101lviel\u0101m, vitam\u012bniem un og\u013chidr\u0101tiem - \u012bpa\u0161i labs ener\u0123ijas avots su\u0146a organismam. Bet . <span style=\"color: #808080\"><strong>kartupe\u013cu izmanto\u0161ana Fitmin recept\u0113s ir k\u013cuvusi iesp\u0113jama tikai pateicoties tehnolo\u0123iskajam progresam.<\/strong><\/span> - Pateicoties ekstr\u016bzijai (viens no jaun\u0101kajiem p\u0101rtikas un bar\u012bbas ra\u017eo\u0161anas procesiem, kur\u0101 sajaukt\u0101s sast\u0101vda\u013cas tiek padar\u012btas plastiskas un veidotas, kombin\u0113jot t\u0101dus parametrus k\u0101 mitrums, temperat\u016bra, spiediens un meh\u0101niskais sp\u0113ks), kartupe\u013cus su\u0146a organisms var efekt\u012bvi izmantot, un tie ir viegli sagremojami.<\/li>\n<li>Nav svaigas ga\u013cas Fitmin Purity produkti <span style=\"color: #808080\"><strong>citi dz\u012bvnieku izcelsmes produkti, piem\u0113ram, \u017e\u0101v\u0113ta un hidroliz\u0113ta ga\u013ca, olas, m\u0101jputnu tauki un augst\u0101k\u0101s kvalit\u0101tes auksti spiesta la\u0161u e\u013c\u013ca.<\/strong><\/span>. Produktos ir daudz kvalitat\u012bvu olbaltumvielu, tauku, miner\u0101lvielu un vitam\u012bnu. To pietiekams l\u012bdzsvars ir b\u016btisks lolojumdz\u012bvnieku bar\u012bbas kvalit\u0101tei.<\/li>\n<li>Receptes<span style=\"color: #808080\"><strong> r\u016bp\u012bgi atlas\u012btas augu izcelsmes vielas papildina kompoz\u012bciju.<\/strong><\/span>kas recept\u0113 pievieno v\u0113rt\u012bgas uzturvielas.<\/li>\n<\/ul>\n<h3>Unik\u0101l\u0101 sast\u0101vda\u013cu kombin\u0101cija un gard\u0113\u017eu pieredze nodro\u0161in\u0101s, ka j\u016bsu \u010detrk\u0101jainie draugi sa\u0146ems visu nepiecie\u0161amo laim\u012bgai un akt\u012bvai dz\u012bvei!<\/h3>","protected":false},"excerpt":{"rendered":"<p>Fitmin Purity Puppy Fish &#8211; begr\u016bdis, holistinis sausas maistas, vis\u0173 veisli\u0173 \u0161uniukams bei n\u0117\u0161\u010dioms ir \u017eindan\u010dioms kal\u0117ms, kuriame yra net 78% gyv\u016bnin\u0117s kilm\u0117s baltym\u0173. Unikalioje Fitmin Purity maisto gamybos technologijoje naudojama i\u0161kirtinai \u0161vie\u017eia \u017euvis, kuri i\u0161ry\u0161kina nat\u016brali\u0173 ingredient\u0173 skon\u012f ir kartu i\u0161saugo b\u016btin\u0173 maistini\u0173 med\u017eiag\u0173 ir baltym\u0173 vientisum\u0105. Sud\u0117tyje gausu \u0161vie\u017ei\u0173 dar\u017eovi\u0173, sulting\u0173 vaisi\u0173 ir&#8230;<\/p>","protected":false},"featured_media":18346,"comment_status":"closed","ping_status":"closed","template":"","meta":{"_acf_changed":false,"slim_seo":{"title":"Fitmin Purity Puppy Fish sausas maistas \u0161uniukams - Zooprekes24","description":"Fitmin Purity Puppy Fish - holistisk\u0101 saus\u0101 bar\u012bba bez graudiem visu \u0161\u0137ir\u0146u kuc\u0113niem, gr\u016bsn\u0101m un lakt\u0113jo\u0161\u0101m kuc\u0113m, kas satur l\u012bdz 78% dz\u012bvnieku izcelsmes bar\u012bbas."},"iawp_total_views":220},"product_brand":[],"product_cat":[9001,9051,9002,8999,29,31],"product_tag":[235,274,325,326],"class_list":{"0":"post-23468","1":"product","2":"type-product","3":"status-publish","4":"has-post-thumbnail","6":"product_cat-begrudis-maistas","7":"product_cat-fitmin-purity","8":"product_cat-sausas-maistas","9":"product_cat-sunims","10":"product_cat-sunu-maistas","11":"product_cat-sunu-prekiu-gamintojai","12":"product_tag-edalas-suniukams","13":"product_tag-fitmin-edalas-suniukams","14":"product_tag-holistinis-edalas-suniukams","15":"product_tag-holistinis-maistas-sunims","16":"pa_pasaro-sudetis-bulves","17":"pa_pasaro-sudetis-darzoves","18":"pa_pasaro-sudetis-eriena","19":"pa_pasaro-sudetis-uogos","20":"pa_pasaro-sudetis-vaisiai","21":"pa_pasaro-sudetis-zuvis","22":"pa_prekiu-zenklai-fitmin-purity","23":"pa_suns-amzius-jauniems","24":"pa_veisles-dydis-didelems-veislems","25":"pa_veisles-dydis-mazoms-veislems","26":"pa_veisles-dydis-vidutinems-veislems","27":"pa_veisles-dydis-visu-dydziu-veislems","29":"first","30":"outofstock","31":"taxable","32":"shipping-taxable","33":"purchasable","34":"product-type-variable"},"acf":[],"_links":{"self":[{"href":"https:\/\/zooprekes24.lt\/lv\/wp-json\/wp\/v2\/product\/23468","targetHints":{"allow":["GET"]}}],"collection":[{"href":"https:\/\/zooprekes24.lt\/lv\/wp-json\/wp\/v2\/product"}],"about":[{"href":"https:\/\/zooprekes24.lt\/lv\/wp-json\/wp\/v2\/types\/product"}],"replies":[{"embeddable":true,"href":"https:\/\/zooprekes24.lt\/lv\/wp-json\/wp\/v2\/comments?post=23468"}],"wp:featuredmedia":[{"embeddable":true,"href":"https:\/\/zooprekes24.lt\/lv\/wp-json\/wp\/v2\/media\/18346"}],"wp:attachment":[{"href":"https:\/\/zooprekes24.lt\/lv\/wp-json\/wp\/v2\/media?parent=23468"}],"wp:term":[{"taxonomy":"product_brand","embeddable":true,"href":"https:\/\/zooprekes24.lt\/lv\/wp-json\/wp\/v2\/product_brand?post=23468"},{"taxonomy":"product_cat","embeddable":true,"href":"https:\/\/zooprekes24.lt\/lv\/wp-json\/wp\/v2\/product_cat?post=23468"},{"taxonomy":"product_tag","embeddable":true,"href":"https:\/\/zooprekes24.lt\/lv\/wp-json\/wp\/v2\/product_tag?post=23468"}],"curies":[{"name":"wp","href":"https:\/\/api.w.org\/{rel}","templated":true}]}}