{"id":23456,"date":"2024-04-19T13:21:01","date_gmt":"2024-04-19T10:21:01","guid":{"rendered":"https:\/\/zooprekes24.lt\/produktas\/brit-care-sterilized-healthy-rabbit-wet\/"},"modified":"2024-08-09T16:05:29","modified_gmt":"2024-08-09T13:05:29","slug":"brit-care-sterilized-healthy-rabbit-wet","status":"publish","type":"product","link":"https:\/\/zooprekes24.lt\/lv\/produktas\/brit-care-sterilized-healthy-rabbit-wet\/","title":{"rendered":"Brit Care Steriliz\u0113ta ka\u0137u bar\u012bba Healthy Rabbit m\u0113rc\u0113"},"content":{"rendered":"<div class=\"benefits\">\n<h3>Ka\u0137a di\u0113tai j\u0101b\u016bt daudzveid\u012bgai, gar\u0161\u012bgai un vesel\u012bgai. Gardu Brit Care Sterilised Healthy Rabbit konservi ar tru\u0161a ga\u013cu m\u0113rc\u0113 var lietot k\u0101 pilnv\u0113rt\u012bgu bar\u012bbu vai k\u0101 papildin\u0101jumu sausai bar\u012bbai. \u012apa\u0161i piem\u0113rots \u013coti izv\u0113l\u012bgiem ka\u0137iem vai dz\u012bvniekiem ar di\u0113tas probl\u0113m\u0101m. Satur <a href=\"https:\/\/krmivo-brit.cz\/cs\/brit-care-cat-kapsicky\" target=\"_blank\" rel=\"noopener\">nasturcija un smilts\u0113rk\u0161\u0137i<\/a>\u00a0pal\u012bdz nov\u0113rst ur\u012bnce\u013cu slim\u012bbas.<\/h3>\n<ul>\n<li>Satur pat 85% gar\u0161\u012bgas ga\u013cas.<\/li>\n<li>Bez pievienot\u0101 cukura - bez sojas - bez \u0122MO.<\/li>\n<li>Konserv\u0113\u0161an\u0101 neizmanto graudaugus.<\/li>\n<li>\u013boti gar\u0161\u012bgi, t\u0101p\u0113c pat vispras\u012bg\u0101kajiem gar\u0161as k\u0101rpi\u0146\u0101m tie patiks. <a href=\"https:\/\/zooprekes24.lt\/lv\/kategorija\/prekes-katems\/\" target=\"_blank\" rel=\"noopener\">ka\u0137iem<\/a>.<\/li>\n<li>Satur dabiskus antioksidantus: rozmar\u012bna ekstraktu.<\/li>\n<\/ul>\n<\/div>","protected":false},"excerpt":{"rendered":"<p>Kat\u0117s racionas tur\u0117t\u0173 b\u016bti \u012fvairus, skanus ir sveikas. Gard\u016bs Brit Care Sterilized Healthy Rabbit konservai su triu\u0161iena pada\u017ee gali b\u016bti naudojami kaip visavertis maistas arba kaip papildas prie sauso pa\u0161aro. Ypa\u010d tinka labai i\u0161rankioms kat\u0117ms arba gyv\u016bnams, turintiems problem\u0173 su mityba. Sud\u0117tyje esanti nasturt\u0117 ir \u0161altalankiai\u00a0padeda u\u017ekirsti keli\u0105 \u0161lapimo tak\u0173 ligoms. Sud\u0117tyje net 85% gard\u017eios&#8230;<\/p>","protected":false},"featured_media":20155,"comment_status":"closed","ping_status":"closed","template":"","meta":{"_acf_changed":false,"slim_seo":{"title":"Brit Care Sterilized Healthy Rabbit konservai kat\u0117ms pada\u017ee - Zooprekes24","description":"Kat\u0117s racionas tur\u0117t\u0173 b\u016bti \u012fvairus, skanus ir sveikas. Gard\u016bs Brit Care Sterilized Healthy Rabbit konservai su triu\u0161iena pada\u017ee gali b\u016bti naudojami kaip visaver"},"iawp_total_views":183},"product_brand":[],"product_cat":[9047,72,83,25,9020],"product_tag":[2168,1675,2173],"class_list":{"0":"post-23456","1":"product","2":"type-product","3":"status-publish","4":"has-post-thumbnail","6":"product_cat-brit-care-kaciu-prekiu-gamintojai","7":"product_cat-kaciu-maistas","8":"product_cat-kaciu-prekiu-gamintojai","9":"product_cat-katems","10":"product_cat-slapias-maistas-kaciu-maistas","11":"product_tag-brit-slapias-maistas","12":"product_tag-kaciu-edalas","13":"product_tag-konservuotas-maistas-katems","14":"pa_pasaro-sudetis-triusiena","15":"pa_pasaro-sudetis-vistiena","16":"pa_prekiu-zenklai-brit-care","18":"first","19":"instock","20":"featured","21":"taxable","22":"shipping-taxable","23":"purchasable","24":"product-type-variable"},"acf":[],"_links":{"self":[{"href":"https:\/\/zooprekes24.lt\/lv\/wp-json\/wp\/v2\/product\/23456","targetHints":{"allow":["GET"]}}],"collection":[{"href":"https:\/\/zooprekes24.lt\/lv\/wp-json\/wp\/v2\/product"}],"about":[{"href":"https:\/\/zooprekes24.lt\/lv\/wp-json\/wp\/v2\/types\/product"}],"replies":[{"embeddable":true,"href":"https:\/\/zooprekes24.lt\/lv\/wp-json\/wp\/v2\/comments?post=23456"}],"wp:featuredmedia":[{"embeddable":true,"href":"https:\/\/zooprekes24.lt\/lv\/wp-json\/wp\/v2\/media\/20155"}],"wp:attachment":[{"href":"https:\/\/zooprekes24.lt\/lv\/wp-json\/wp\/v2\/media?parent=23456"}],"wp:term":[{"taxonomy":"product_brand","embeddable":true,"href":"https:\/\/zooprekes24.lt\/lv\/wp-json\/wp\/v2\/product_brand?post=23456"},{"taxonomy":"product_cat","embeddable":true,"href":"https:\/\/zooprekes24.lt\/lv\/wp-json\/wp\/v2\/product_cat?post=23456"},{"taxonomy":"product_tag","embeddable":true,"href":"https:\/\/zooprekes24.lt\/lv\/wp-json\/wp\/v2\/product_tag?post=23456"}],"curies":[{"name":"wp","href":"https:\/\/api.w.org\/{rel}","templated":true}]}}