{"id":23440,"date":"2024-04-19T13:20:50","date_gmt":"2024-04-19T10:20:50","guid":{"rendered":"https:\/\/zooprekes24.lt\/produktas\/brit-care-kitten-tender-turkey-cat-wet\/"},"modified":"2024-07-09T18:43:05","modified_gmt":"2024-07-09T15:43:05","slug":"brit-care-kitten-tender-turkey-cat-wet","status":"publish","type":"product","link":"https:\/\/zooprekes24.lt\/lv\/produktas\/brit-care-kitten-tender-turkey-cat-wet\/","title":{"rendered":"Brit Care Kitten Kitten Tender Turkey konservi ka\u0137\u0113niem m\u0113rc\u0113"},"content":{"rendered":"<div class=\"benefits\">\n<h3>Ka\u0137a di\u0113tai j\u0101b\u016bt daudzveid\u012bgai, gar\u0161\u012bgai un vesel\u012bgai. Gardu Brit Care Kitten Kitten Tender Turkey konserv\u0113tu t\u012btara ga\u013cu m\u0113rc\u0113 var lietot k\u0101 pilnv\u0113rt\u012bgu bar\u012bbu vai k\u0101 papildin\u0101jumu sausajai bar\u012bbai, lai da\u017e\u0101dotu un pie\u0161\u0137irtu gar\u0161u. \u012apa\u0161i piem\u0113rots \u013coti pras\u012bgiem ka\u0137\u0113niem vai m\u0101jdz\u012bvniekiem ar uztura probl\u0113m\u0101m. Satur <a href=\"https:\/\/krmivo-brit.cz\/cs\/brit-care-cat-kapsicky\" target=\"_blank\" rel=\"noopener\">smilts\u0113rk\u0161\u0137i<\/a> pal\u012bdz saglab\u0101t j\u016bsu m\u012blu\u013ca vesel\u012bgu \u0101du un sp\u012bd\u012bgu ka\u017eoku.<\/h3>\n<ul>\n<li>Satur pat 85% gar\u0161\u012bgas ga\u013cas.<\/li>\n<li>Bez pievienot\u0101 cukura - bez sojas - bez \u0122MO.<\/li>\n<li>Konserv\u0113\u0161an\u0101 neizmanto graudaugus.<\/li>\n<li>\u013boti gar\u0161\u012bgi, t\u0101p\u0113c pat vispras\u012bg\u0101kajiem gar\u0161as k\u0101rpi\u0146\u0101m tie patiks. <a href=\"https:\/\/zooprekes24.lt\/lv\/?s=ka%C4%8Diukams&amp;post_type=product\" target=\"_blank\" rel=\"noopener\">ka\u0137\u0113niem<\/a>.<\/li>\n<li>Satur dabiskus antioksidantus: rozmar\u012bna ekstraktu.<\/li>\n<\/ul>\n<\/div>","protected":false},"excerpt":{"rendered":"<p>Kat\u0117s racionas tur\u0117t\u0173 b\u016bti \u012fvairus, skanus ir sveikas. Gard\u016bs Brit Care Kitten Tender Turkey konservai su kalakutiena pada\u017ee gali b\u016bti naudojami kaip visavertis maistas arba kaip papildas prie sauso pa\u0161aro, siekiant padidinti \u012fvairov\u0119 ir skon\u012f. Ypa\u010d tinka labai i\u0161rankiems ka\u010diukams arba gyv\u016bnams, turintiems problem\u0173 su mityba. Sud\u0117tyje esantys \u0161altalankiai padeda i\u0161laikyti sveik\u0105 augintinio od\u0105 ir&#8230;<\/p>","protected":false},"featured_media":20150,"comment_status":"closed","ping_status":"closed","template":"","meta":{"_acf_changed":false,"slim_seo":{"title":"Brit Care Kitten Tender Turkey konservai ka\u010diukams pada\u017ee - Zooprekes24","description":"Kat\u0117s racionas tur\u0117t\u0173 b\u016bti \u012fvairus, skanus ir sveikas. Gard\u016bs Brit Care Kitten Tender Turkey konservai su kalakutiena pada\u017ee gali b\u016bti naudojami kaip visavertis"},"iawp_total_views":199},"product_brand":[],"product_cat":[9047,72,83,25,9020],"product_tag":[2168,1675,2173],"class_list":{"0":"post-23440","1":"product","2":"type-product","3":"status-publish","4":"has-post-thumbnail","6":"product_cat-brit-care-kaciu-prekiu-gamintojai","7":"product_cat-kaciu-maistas","8":"product_cat-kaciu-prekiu-gamintojai","9":"product_cat-katems","10":"product_cat-slapias-maistas-kaciu-maistas","11":"product_tag-brit-slapias-maistas","12":"product_tag-kaciu-edalas","13":"product_tag-konservuotas-maistas-katems","14":"pa_pasaro-sudetis-kalakutiena","15":"pa_pasaro-sudetis-vistiena","16":"pa_prekiu-zenklai-brit-care","18":"first","19":"instock","20":"featured","21":"taxable","22":"shipping-taxable","23":"purchasable","24":"product-type-variable"},"acf":[],"_links":{"self":[{"href":"https:\/\/zooprekes24.lt\/lv\/wp-json\/wp\/v2\/product\/23440","targetHints":{"allow":["GET"]}}],"collection":[{"href":"https:\/\/zooprekes24.lt\/lv\/wp-json\/wp\/v2\/product"}],"about":[{"href":"https:\/\/zooprekes24.lt\/lv\/wp-json\/wp\/v2\/types\/product"}],"replies":[{"embeddable":true,"href":"https:\/\/zooprekes24.lt\/lv\/wp-json\/wp\/v2\/comments?post=23440"}],"wp:featuredmedia":[{"embeddable":true,"href":"https:\/\/zooprekes24.lt\/lv\/wp-json\/wp\/v2\/media\/20150"}],"wp:attachment":[{"href":"https:\/\/zooprekes24.lt\/lv\/wp-json\/wp\/v2\/media?parent=23440"}],"wp:term":[{"taxonomy":"product_brand","embeddable":true,"href":"https:\/\/zooprekes24.lt\/lv\/wp-json\/wp\/v2\/product_brand?post=23440"},{"taxonomy":"product_cat","embeddable":true,"href":"https:\/\/zooprekes24.lt\/lv\/wp-json\/wp\/v2\/product_cat?post=23440"},{"taxonomy":"product_tag","embeddable":true,"href":"https:\/\/zooprekes24.lt\/lv\/wp-json\/wp\/v2\/product_tag?post=23440"}],"curies":[{"name":"wp","href":"https:\/\/api.w.org\/{rel}","templated":true}]}}