{"id":23439,"date":"2024-04-19T13:20:50","date_gmt":"2024-04-19T10:20:50","guid":{"rendered":"https:\/\/zooprekes24.lt\/produktas\/brit-premium-by-nature-pork-with-trachea\/"},"modified":"2024-07-08T14:08:45","modified_gmt":"2024-07-08T11:08:45","slug":"brit-premium-by-nature-cukgala-ar-traheju","status":"publish","type":"product","link":"https:\/\/zooprekes24.lt\/lv\/produktas\/brit-premium-by-nature-pork-with-trachea\/","title":{"rendered":"Brit Premium by Nature C\u016bkga\u013ca ar traheju Konservi su\u0146iem"},"content":{"rendered":"<h3>Brit Premium by Nature Pork with Trachea - c\u016bkga\u013cas un trahejas konservi su\u0146iem ir ide\u0101ls papildin\u0101jums sausajai bar\u012bbai vai vienk\u0101r\u0161i garda pilnv\u0113rt\u012bga uzkoda. Tas pal\u012bdz uzlabot bar\u012bbas uz\u0146em\u0161anu un papildin\u0101t \u0161\u0137idruma kr\u0101jumus. Satur miner\u0101lvielas, kas uztur vesel\u012bgas loc\u012btavas, <a href=\"https:\/\/zooprekes24.lt\/lv\/products\/brit-care-lassi-ella\/\" target=\"_blank\" rel=\"noopener\">la\u0161a e\u013c\u013ca<\/a> un gar\u0161augiem.<\/h3>\n<ul>\n<li><a href=\"https:\/\/brit-petfood.com\/lt\/kodel-grain-free\" target=\"_blank\" rel=\"noopener\">bez graudaugiem - bez s\u0101ls - bez \u0122MO<\/a>.<\/li>\n<li>Lieliska sagremojam\u012bba un lieliska ga\u013cas gar\u0161a.<\/li>\n<li>Sabalans\u0113ts uzturvielu, vitam\u012bnu un miner\u0101lvielu daudzums.<\/li>\n<\/ul>","protected":false},"excerpt":{"rendered":"<p>Brit Premium by Nature Pork with Trachea - c\u016bkga\u013cas un trahejas konservi su\u0146iem ir ide\u0101ls papildin\u0101jums sausajai bar\u012bbai vai vienk\u0101r\u0161i garda pilnv\u0113rt\u012bga uzkoda. Tas pal\u012bdz uzlabot bar\u012bbas uz\u0146em\u0161anu un papildin\u0101t \u0161\u0137idruma kr\u0101jumus. T\u0101 satur miner\u0101lvielas, kas veicina vesel\u012bgu loc\u012btavu vesel\u012bbu, la\u0161a e\u013c\u013cu un gar\u0161augus. Bez graudaugiem, bez s\u0101ls, bez \u0122MO. Lieliska sagremojam\u012bba un...<\/p>","protected":false},"featured_media":20149,"comment_status":"closed","ping_status":"closed","template":"","meta":{"_acf_changed":false,"slim_seo":{"title":"Brit Premium by Nature Pork with Trachea konservai \u0161unims - Zooprekes24","description":"Brit Premium by Nature Pork with Trachea - c\u016bkga\u013cas un trahejas konservi su\u0146iem ir ide\u0101ls papildin\u0101jums sausajai bar\u012bbai vai vienk\u0101r\u0161i gar\u0161\u012bgs pilnv\u0113rt\u012bgs \u0113diens."},"iawp_total_views":58},"product_brand":[],"product_cat":[9006,9004,8999,29,31],"product_tag":[730,418],"class_list":{"0":"post-23439","1":"product","2":"type-product","3":"status-publish","4":"has-post-thumbnail","6":"product_cat-brit-premium","7":"product_cat-slapias-maistas","8":"product_cat-sunims","9":"product_cat-sunu-maistas","10":"product_cat-sunu-prekiu-gamintojai","11":"product_tag-brit-premium-slapias-maistas","12":"product_tag-konservuotas-maistas-sunims","13":"pa_pasaro-sudetis-kiauliena","14":"pa_prekiu-zenklai-brit-premium","15":"pa_suns-amzius-senjorams","16":"pa_suns-amzius-suaugusiems","17":"pa_veisles-dydis-didelems-veislems","18":"pa_veisles-dydis-mazoms-veislems","19":"pa_veisles-dydis-vidutinems-veislems","20":"pa_veisles-dydis-visu-dydziu-veislems","22":"first","23":"instock","24":"featured","25":"taxable","26":"shipping-taxable","27":"purchasable","28":"product-type-variable"},"acf":[],"_links":{"self":[{"href":"https:\/\/zooprekes24.lt\/lv\/wp-json\/wp\/v2\/product\/23439","targetHints":{"allow":["GET"]}}],"collection":[{"href":"https:\/\/zooprekes24.lt\/lv\/wp-json\/wp\/v2\/product"}],"about":[{"href":"https:\/\/zooprekes24.lt\/lv\/wp-json\/wp\/v2\/types\/product"}],"replies":[{"embeddable":true,"href":"https:\/\/zooprekes24.lt\/lv\/wp-json\/wp\/v2\/comments?post=23439"}],"wp:featuredmedia":[{"embeddable":true,"href":"https:\/\/zooprekes24.lt\/lv\/wp-json\/wp\/v2\/media\/20149"}],"wp:attachment":[{"href":"https:\/\/zooprekes24.lt\/lv\/wp-json\/wp\/v2\/media?parent=23439"}],"wp:term":[{"taxonomy":"product_brand","embeddable":true,"href":"https:\/\/zooprekes24.lt\/lv\/wp-json\/wp\/v2\/product_brand?post=23439"},{"taxonomy":"product_cat","embeddable":true,"href":"https:\/\/zooprekes24.lt\/lv\/wp-json\/wp\/v2\/product_cat?post=23439"},{"taxonomy":"product_tag","embeddable":true,"href":"https:\/\/zooprekes24.lt\/lv\/wp-json\/wp\/v2\/product_tag?post=23439"}],"curies":[{"name":"wp","href":"https:\/\/api.w.org\/{rel}","templated":true}]}}