{"id":23436,"date":"2024-04-19T13:20:50","date_gmt":"2024-04-19T10:20:50","guid":{"rendered":"https:\/\/zooprekes24.lt\/produktas\/brit-premium-white-fish-kitten-konservai\/"},"modified":"2026-04-01T19:09:18","modified_gmt":"2026-04-01T17:09:18","slug":"brit-premium-balto-zivju-kakenu-konservi","status":"publish","type":"product","link":"https:\/\/zooprekes24.lt\/lv\/produktas\/brit-premium-white-fish-kitten-konservai\/","title":{"rendered":"Brit Premium White Fish Kitten Konservi ka\u0137\u0113niem"},"content":{"rendered":"<h3>Brit Premium White Fish Kitten konservai ka\u010diukams &#8211; auk\u0161\u010diausios kokyb\u0117s visavertis ka\u010di\u0173 maistas mai\u0161elyje.<\/h3>\n<p>\u0160ie itin gard\u016bs baltos <a href=\"https:\/\/zooprekes24.lt\/kategorija\/prekes-katems\/kaciu-maistas\/?filters=pasaro-sudetis[2192]\" target=\"_blank\" rel=\"noopener\">\u017euvies<\/a> <a href=\"https:\/\/www.youtube.com\/watch?v=wVNj1tuc-rU\" target=\"_blank\" rel=\"noopener\">gabaliukai pada\u017ee<\/a> specialiai pritaikyti ma\u017eyliams\u00a0tai &#8211; subalansuota J\u016bs\u0173 augintinio mityba ir malonus pasitenkinimas su kiekvienu k\u0105sniu.<\/p>\n","protected":false},"excerpt":{"rendered":"<p>Brit Premium White Fish Kitten ka\u0137u bar\u012bba - augst\u0101k\u0101s kvalit\u0101tes pilnv\u0113rt\u012bga ka\u0137u bar\u012bba maisi\u0146\u0101. \u0160ie \u012bpa\u0161i gar\u0161\u012bgie balto zivju gabali\u0146i m\u0113rc\u0113, kas \u012bpa\u0161i izstr\u0101d\u0101ta ka\u0137\u0113niem, nodro\u0161ina j\u016bsu m\u012blulim sabalans\u0113tu uzturu un gandar\u012bjumu ar katru k\u0101rumu.<\/p>","protected":false},"featured_media":20148,"comment_status":"closed","ping_status":"closed","template":"","meta":{"_acf_changed":false,"slim_seo":{"title":"Brit Premium White Fish Kitten konservai ka\u010diukams - Zooprekes24","description":"Brit Premium White Fish Kitten ka\u0137u bar\u012bba - augst\u0101k\u0101s kvalit\u0101tes pilnv\u0113rt\u012bga ka\u0137u bar\u012bba maisi\u0146\u0101. \u0160ie super gar\u0161\u012bgie balto zivju gabali\u0146i m\u0113rc\u0113 ar sp..."},"iawp_total_views":123},"product_brand":[],"product_cat":[9048,72,83,25,9020],"product_tag":[730,2168,1675,2173],"class_list":{"0":"post-23436","1":"product","2":"type-product","3":"status-publish","4":"has-post-thumbnail","6":"product_cat-brit-premium-kaciu-prekiu-gamintojai","7":"product_cat-kaciu-maistas","8":"product_cat-kaciu-prekiu-gamintojai","9":"product_cat-katems","10":"product_cat-slapias-maistas-kaciu-maistas","11":"product_tag-brit-premium-slapias-maistas","12":"product_tag-brit-slapias-maistas","13":"product_tag-kaciu-edalas","14":"product_tag-konservuotas-maistas-katems","15":"pa_pasaro-sudetis-zuvis","16":"pa_prekiu-zenklai-brit-premium","18":"first","19":"instock","20":"featured","21":"taxable","22":"shipping-taxable","23":"purchasable","24":"product-type-variable"},"acf":[],"_links":{"self":[{"href":"https:\/\/zooprekes24.lt\/lv\/wp-json\/wp\/v2\/product\/23436","targetHints":{"allow":["GET"]}}],"collection":[{"href":"https:\/\/zooprekes24.lt\/lv\/wp-json\/wp\/v2\/product"}],"about":[{"href":"https:\/\/zooprekes24.lt\/lv\/wp-json\/wp\/v2\/types\/product"}],"replies":[{"embeddable":true,"href":"https:\/\/zooprekes24.lt\/lv\/wp-json\/wp\/v2\/comments?post=23436"}],"wp:featuredmedia":[{"embeddable":true,"href":"https:\/\/zooprekes24.lt\/lv\/wp-json\/wp\/v2\/media\/20148"}],"wp:attachment":[{"href":"https:\/\/zooprekes24.lt\/lv\/wp-json\/wp\/v2\/media?parent=23436"}],"wp:term":[{"taxonomy":"product_brand","embeddable":true,"href":"https:\/\/zooprekes24.lt\/lv\/wp-json\/wp\/v2\/product_brand?post=23436"},{"taxonomy":"product_cat","embeddable":true,"href":"https:\/\/zooprekes24.lt\/lv\/wp-json\/wp\/v2\/product_cat?post=23436"},{"taxonomy":"product_tag","embeddable":true,"href":"https:\/\/zooprekes24.lt\/lv\/wp-json\/wp\/v2\/product_tag?post=23436"}],"curies":[{"name":"wp","href":"https:\/\/api.w.org\/{rel}","templated":true}]}}