{"id":23433,"date":"2024-04-19T13:20:50","date_gmt":"2024-04-19T10:20:50","guid":{"rendered":"https:\/\/zooprekes24.lt\/produktas\/brit-premium-salmon-for-sterilised-kons\/"},"modified":"2026-04-01T19:11:29","modified_gmt":"2026-04-01T17:11:29","slug":"brit-premium-lasi-sterilizetiem-suniem","status":"publish","type":"product","link":"https:\/\/zooprekes24.lt\/lv\/produktas\/brit-premium-salmon-for-sterilised-kons\/","title":{"rendered":"Brit Premium Salmon Steriliz\u0113ta konserv\u0113ta bar\u012bba ka\u0137iem"},"content":{"rendered":"<h3>Brit Premium Salmon for Sterilised ka\u0137u bar\u012bba ir augst\u0101k\u0101s kvalit\u0101tes pilnv\u0113rt\u012bga bar\u012bba pieaugu\u0161iem ka\u0137iem maisi\u0146\u0101.<\/h3>\n<p>\u0160ie super gar\u0161\u012bgie la\u0161i <a href=\"https:\/\/www.youtube.com\/watch?v=wVNj1tuc-rU\" target=\"_blank\" rel=\"noopener\">gabali\u0146i m\u0113rc\u0113<\/a> \u012bpa\u0161i piel\u0101gots <a href=\"https:\/\/zooprekes24.lt\/lv\/?s=sterilizuotoms&amp;post_type=product\" target=\"_blank\" rel=\"noopener\">steriliz\u0113tiem ka\u0137iem<\/a> sabalans\u0113ts uzturs j\u016bsu m\u0101jdz\u012bvniekam un pat\u012bkams gandar\u012bjums par katru k\u0101rumu.<\/p>","protected":false},"excerpt":{"rendered":"<p>Brit Premium Salmon for Sterilised ka\u0137u bar\u012bba ir augst\u0101k\u0101s kvalit\u0101tes pilnv\u0113rt\u012bga bar\u012bba pieaugu\u0161iem ka\u0137iem maisi\u0146\u0101. \u0160ie \u012bpa\u0161i gar\u0161\u012bgie la\u0161a gabali\u0146i m\u0113rc\u0113, kas \u012bpa\u0161i piel\u0101goti steriliz\u0113tiem ka\u0137iem, nodro\u0161ina j\u016bsu m\u012blulim sabalans\u0113tu uzturu un pat\u012bkamu baud\u012bjumu ar katru k\u0101rumu.<\/p>","protected":false},"featured_media":18316,"comment_status":"closed","ping_status":"closed","template":"","meta":{"_acf_changed":false,"slim_seo":{"title":"Brit Premium Salmon for Sterilised konservai kat\u0117ms - Zooprekes24","description":"Brit Premium Salmon steriliz\u0113tiem ka\u0137u konserviem - augst\u0101k\u0101s kvalit\u0101tes pilnv\u0113rt\u012bga pieaugu\u0161o ka\u0137u bar\u012bba maisi\u0146\u0101. \u0160ie \u012bpa\u0161i gar\u0161\u012bgie la\u0161a gabali\u0146i"},"iawp_total_views":72},"product_brand":[],"product_cat":[9048,72,83,25,9020],"product_tag":[730,2168,1675,2173],"class_list":{"0":"post-23433","1":"product","2":"type-product","3":"status-publish","4":"has-post-thumbnail","6":"product_cat-brit-premium-kaciu-prekiu-gamintojai","7":"product_cat-kaciu-maistas","8":"product_cat-kaciu-prekiu-gamintojai","9":"product_cat-katems","10":"product_cat-slapias-maistas-kaciu-maistas","11":"product_tag-brit-premium-slapias-maistas","12":"product_tag-brit-slapias-maistas","13":"product_tag-kaciu-edalas","14":"product_tag-konservuotas-maistas-katems","15":"pa_pasaro-sudetis-lasisa","16":"pa_pasaro-sudetis-zuvis","17":"pa_prekiu-zenklai-brit-premium","19":"first","20":"instock","21":"featured","22":"taxable","23":"shipping-taxable","24":"purchasable","25":"product-type-variable"},"acf":[],"_links":{"self":[{"href":"https:\/\/zooprekes24.lt\/lv\/wp-json\/wp\/v2\/product\/23433","targetHints":{"allow":["GET"]}}],"collection":[{"href":"https:\/\/zooprekes24.lt\/lv\/wp-json\/wp\/v2\/product"}],"about":[{"href":"https:\/\/zooprekes24.lt\/lv\/wp-json\/wp\/v2\/types\/product"}],"replies":[{"embeddable":true,"href":"https:\/\/zooprekes24.lt\/lv\/wp-json\/wp\/v2\/comments?post=23433"}],"wp:featuredmedia":[{"embeddable":true,"href":"https:\/\/zooprekes24.lt\/lv\/wp-json\/wp\/v2\/media\/18316"}],"wp:attachment":[{"href":"https:\/\/zooprekes24.lt\/lv\/wp-json\/wp\/v2\/media?parent=23433"}],"wp:term":[{"taxonomy":"product_brand","embeddable":true,"href":"https:\/\/zooprekes24.lt\/lv\/wp-json\/wp\/v2\/product_brand?post=23433"},{"taxonomy":"product_cat","embeddable":true,"href":"https:\/\/zooprekes24.lt\/lv\/wp-json\/wp\/v2\/product_cat?post=23433"},{"taxonomy":"product_tag","embeddable":true,"href":"https:\/\/zooprekes24.lt\/lv\/wp-json\/wp\/v2\/product_tag?post=23433"}],"curies":[{"name":"wp","href":"https:\/\/api.w.org\/{rel}","templated":true}]}}