{"id":23430,"date":"2024-04-19T13:20:50","date_gmt":"2024-04-19T10:20:50","guid":{"rendered":"https:\/\/zooprekes24.lt\/produktas\/brit-premium-liver-for-sterilised-kons\/"},"modified":"2026-04-01T19:12:31","modified_gmt":"2026-04-01T17:12:31","slug":"brit-premium-aknas-sterilizetiem-suniem","status":"publish","type":"product","link":"https:\/\/zooprekes24.lt\/lv\/produktas\/brit-premium-liver-for-sterilised-kons\/","title":{"rendered":"Brit Premium Aknas steriliz\u0113t\u0101m konserv\u0101m ka\u0137iem"},"content":{"rendered":"<h3>Brit Premium Liver steriliz\u0113tai ka\u0137u konservu bar\u012bbai - augst\u0101k\u0101s kvalit\u0101tes pilnv\u0113rt\u012bga pieaugu\u0161o ka\u0137u bar\u012bba maisi\u0146\u0101.<\/h3>\n<p>\u0160\u012bs super gar\u0161\u012bg\u0101s aknu aknas <a href=\"https:\/\/www.youtube.com\/watch?v=wVNj1tuc-rU\" target=\"_blank\" rel=\"noopener\">gabali\u0146i m\u0113rc\u0113<\/a> \u012bpa\u0161i piel\u0101gots <a href=\"https:\/\/zooprekes24.lt\/lv\/?s=sterilizuotoms&amp;post_type=product\" target=\"_blank\" rel=\"noopener\">steriliz\u0113tiem ka\u0137iem<\/a> sabalans\u0113ts uzturs j\u016bsu m\u0101jdz\u012bvniekam un pat\u012bkams gandar\u012bjums par katru k\u0101rumu.<\/p>","protected":false},"excerpt":{"rendered":"<p>Brit Premium Liver steriliz\u0113tai ka\u0137u konservu bar\u012bbai - augst\u0101k\u0101s kvalit\u0101tes pilnv\u0113rt\u012bga pieaugu\u0161o ka\u0137u bar\u012bba maisi\u0146\u0101. \u0160ie gardie aknu gabali\u0146i m\u0113rc\u0113, kas \u012bpa\u0161i piel\u0101goti steriliz\u0113tiem ka\u0137iem, nodro\u0161ina j\u016bsu m\u012blulim sabalans\u0113tu uzturu un sniedz baud\u012bjumu ar katru k\u0101rumu.<\/p>","protected":false},"featured_media":18313,"comment_status":"closed","ping_status":"closed","template":"","meta":{"_acf_changed":false,"slim_seo":{"title":"Brit Premium Liver for Sterilised konservai kat\u0117ms - Zooprekes24","description":"Brit Premium Liver for Sterilised konservai kat\u0117ms - auk\u0161\u010diausios kokyb\u0117s visavertis suaugusi\u0173 ka\u010di\u0173 maistas mai\u0161elyje. \u0160ie itin gard\u016bs kepeneli\u0173 gabaliukai pad"},"iawp_total_views":100},"product_brand":[],"product_cat":[9048,72,83,25,9020],"product_tag":[730,2168,1675,2173],"class_list":{"0":"post-23430","1":"product","2":"type-product","3":"status-publish","4":"has-post-thumbnail","6":"product_cat-brit-premium-kaciu-prekiu-gamintojai","7":"product_cat-kaciu-maistas","8":"product_cat-kaciu-prekiu-gamintojai","9":"product_cat-katems","10":"product_cat-slapias-maistas-kaciu-maistas","11":"product_tag-brit-premium-slapias-maistas","12":"product_tag-brit-slapias-maistas","13":"product_tag-kaciu-edalas","14":"product_tag-konservuotas-maistas-katems","15":"pa_prekiu-zenklai-brit-premium","17":"first","18":"instock","19":"featured","20":"taxable","21":"shipping-taxable","22":"purchasable","23":"product-type-variable"},"acf":[],"_links":{"self":[{"href":"https:\/\/zooprekes24.lt\/lv\/wp-json\/wp\/v2\/product\/23430","targetHints":{"allow":["GET"]}}],"collection":[{"href":"https:\/\/zooprekes24.lt\/lv\/wp-json\/wp\/v2\/product"}],"about":[{"href":"https:\/\/zooprekes24.lt\/lv\/wp-json\/wp\/v2\/types\/product"}],"replies":[{"embeddable":true,"href":"https:\/\/zooprekes24.lt\/lv\/wp-json\/wp\/v2\/comments?post=23430"}],"wp:featuredmedia":[{"embeddable":true,"href":"https:\/\/zooprekes24.lt\/lv\/wp-json\/wp\/v2\/media\/18313"}],"wp:attachment":[{"href":"https:\/\/zooprekes24.lt\/lv\/wp-json\/wp\/v2\/media?parent=23430"}],"wp:term":[{"taxonomy":"product_brand","embeddable":true,"href":"https:\/\/zooprekes24.lt\/lv\/wp-json\/wp\/v2\/product_brand?post=23430"},{"taxonomy":"product_cat","embeddable":true,"href":"https:\/\/zooprekes24.lt\/lv\/wp-json\/wp\/v2\/product_cat?post=23430"},{"taxonomy":"product_tag","embeddable":true,"href":"https:\/\/zooprekes24.lt\/lv\/wp-json\/wp\/v2\/product_tag?post=23430"}],"curies":[{"name":"wp","href":"https:\/\/api.w.org\/{rel}","templated":true}]}}