{"id":23421,"date":"2024-04-19T13:20:50","date_gmt":"2024-04-19T10:20:50","guid":{"rendered":"https:\/\/zooprekes24.lt\/produktas\/royal-canin-satiety-weight-management-s\/"},"modified":"2025-07-28T19:31:55","modified_gmt":"2025-07-28T17:31:55","slug":"royal-canin-sata-satuross-svara-parvaldibas-s","status":"publish","type":"product","link":"https:\/\/zooprekes24.lt\/lv\/produktas\/royal-canin-satiety-weight-management-s\/","title":{"rendered":"Royal Canin Satiety Weight Management Small Dog saus\u0101 bar\u012bba su\u0146iem"},"content":{"rendered":"<h3>Royal Canin Satiety Weight Management Small Dog ir saus\u0101 veterin\u0101r\u0101 bar\u012bba mazo \u0161\u0137ir\u0146u (l\u012bdz 10 kg) pieaugu\u0161iem un vec\u0101kiem su\u0146iem. \u012apa\u0161a veterin\u0101r\u0101 di\u0113ta, kas piel\u0101gota su\u0146iem, kuri c\u012bn\u0101s ar liek\u0101 svara un aptauko\u0161an\u0101s probl\u0113m\u0101m. Bar\u012bba satur palielin\u0101tu daudzumu viegli sagremojamu olbaltumvielu un vesel\u012bbai v\u0113rt\u012bgu vitam\u012bnu un miner\u0101lvielu kompleksu. Pirms di\u0113tas uzs\u0101k\u0161anas ir j\u0101nosaka su\u0146a ide\u0101lais \u0137erme\u0146a svars atbilsto\u0161i dz\u012bvnieka individu\u0101laj\u0101m \u012bpa\u0161\u012bb\u0101m un \u0161\u0137irnes standartam. Optim\u0101lais svara zudums: 1-3% ned\u0113\u013c\u0101.<\/h3>\n<ul>\n<li>Augstais Royal Canin Satiety Weight Management Small Dog olbaltumvielu saturs (&gt;112 g\/1000 kcal) samazina dz\u012bvnieka musku\u013cu masas zudumu svara samazin\u0101\u0161anas period\u0101 l\u012bdz 30%.<\/li>\n<li><a href=\"https:\/\/www.youtube.com\/watch?v=UUHrWGqmGwQ&amp;feature=emb_title\" target=\"_blank\" rel=\"noopener\">\u012apa\u0161s da\u017e\u0101du veidu \u0161\u0137iedrvielu mais\u012bjums veicina ku\u0146\u0123a piepild\u012b\u0161anos un s\u0101ta saj\u016btu.<\/a>kas samazina ikdienas \u0113dienrei\u017eu skaitu. \u0160o efektu v\u0113l vair\u0101k pastiprina unik\u0101l\u0101s bar\u012bbas granulas, kur\u0101m ir zems bl\u012bvums, bet kuras palielina bar\u012bbas tilpumu l\u012bdz pat 32%, sal\u012bdzinot ar parasto bar\u012bbu ar augstu \u0161\u0137iedrvielu saturu.<\/li>\n<li>J\u0113ra ga\u013c\u0101 eso\u0161\u0101s uzturvielas, tostarp <a href=\"https:\/\/zooprekes24.lt\/lv\/products\/canvit-chondro-tabletes-sunims\/\" target=\"_blank\" rel=\"noopener\">hondroit\u012bna sulf\u0101ts un glikozam\u012bns<\/a>pal\u012bdz uztur\u0113t veselus j\u016bsu m\u012blu\u013ca kaulus, skrim\u0161\u013cus un loc\u012btavas, kuras su\u0146a aptauko\u0161an\u0101s rada papildu slodzi un stresu.<\/li>\n<li>Royal Canin Satiety Weight Management Small Dog unik\u0101l\u0101 formula ir bag\u0101tin\u0101ta ar labv\u0113l\u012bgu vitam\u012bnu un miner\u0101lvielu kompleksu, nodro\u0161inot j\u016bsu m\u012blulim visas svar\u012bg\u0101k\u0101s uzturvielas, kas nepiecie\u0161amas svara samazin\u0101\u0161anas un di\u0113tas ierobe\u017eo\u0161anas laik\u0101.<\/li>\n<li>Patent\u0113t\u0101 formula aizsarg\u0101 j\u016bsu m\u012bluli pret oksal\u0101tu un struv\u012bta akme\u0146u veido\u0161anos.<\/li>\n<\/ul>\n<h3><span style=\"color: #438472; font-size: 14px;\"><strong>Piem\u0113rota p\u0101rtika <span style=\"color: #438472;\">izmanto\u0161anai<\/span> ja tas notiek:<\/strong><\/span><\/h3>\n<ul>\n<li>Aptauko\u0161an\u0101s<\/li>\n<li>Liekais svars<\/li>\n<li>Liekais svars hiperlipid\u0113mija<\/li>\n<li>Cukura diab\u0113ts (liekais svars)<\/li>\n<\/ul>\n<h3><span style=\"font-size: 14px; color: #438472;\"><strong>P\u0101rtiku nedr\u012bkst lietot:<\/strong><\/span><\/h3>\n<ul>\n<li>Gr\u016btniec\u012bbas, lakt\u0101cijas, aug\u0161anas un aug\u0161anas laik\u0101<\/li>\n<li>Hroniskas slim\u012bbas, kuru \u0101rst\u0113\u0161anai nepiecie\u0161ama di\u0113ta ar augstu kaloriju daudzumu<\/li>\n<\/ul>\n<p><a ref=\"magnificPopup\" href=\"https:\/\/zooprekes24.lt\/wp-content\/uploads\/vhn-all-territories-packaging-emblematic-adult-small-dog-1-1.png\"><img loading=\"lazy\" decoding=\"async\" class=\"wp-image-11386\" src=\"https:\/\/zooprekes24.lt\/wp-content\/uploads\/vhn-all-territories-packaging-emblematic-adult-small-dog-1-1.png\" alt=\"Royal Canin Hypoallergenic Small Dog saus\u0101 bar\u012bba su\u0146iem logo\" width=\"301\" height=\"301\" \/><\/a><\/p>","protected":false},"excerpt":{"rendered":"<p>Royal Canin Satiety Weight Management Small Dog &#8211; veterinarinis ma\u017e\u0173 veisli\u0173 (iki 10 kg) suaugusi\u0173 ir vyresnio am\u017eiaus \u0161un\u0173 sausas maistas. Speciali veterinarin\u0117 dieta pritaikyta \u0161unims, kovojantiems su antsvorio ir nutukimo problemomis. Maisto sud\u0117tyje padidintas lengvai vir\u0161kinam\u0173 baltym\u0173 kiekis bei vertingas sveikatai vitamin\u0173 ir mineral\u0173 kompleksas. Prie\u0161 pradedant diet\u0105, b\u016btina nustatyti idealu \u0161uns k\u016bno svor\u012f&#8230;<\/p>","protected":false},"featured_media":20146,"comment_status":"closed","ping_status":"closed","template":"","meta":{"_acf_changed":false,"slim_seo":{"title":"Royal Canin Satiety Weight Management Small Dog sausas maistas \u0161unims - Zooprekes24","description":"Royal Canin Satiety Weight Management Small Dog ir saus\u0101 veterin\u0101r\u0101 bar\u012bba mazo \u0161\u0137ir\u0146u (l\u012bdz 10 kg) pieaugu\u0161iem un vec\u0101kiem su\u0146iem. \u012apa\u0161a veterin\u0101r\u0101"},"iawp_total_views":252},"product_brand":[],"product_cat":[9241,9002,8999,29,31,9035],"product_tag":[4413,177,4414,4419,200],"class_list":{"0":"post-23421","1":"product","2":"type-product","3":"status-publish","4":"has-post-thumbnail","6":"product_cat-royal-canin-veterinary-diets-sunims","7":"product_cat-sausas-maistas","8":"product_cat-sunims","9":"product_cat-sunu-maistas","10":"product_cat-sunu-prekiu-gamintojai","11":"product_cat-veterinarine-dieta","12":"product_tag-dietinis-maistas-sunims","13":"product_tag-edalas-sunims","14":"product_tag-maistas-nutukusiam-suniui","15":"product_tag-royal-canin-satajeti","16":"product_tag-super-premium-maistas-sunims","17":"pa_pasaro-sudetis-vistiena","18":"pa_pasaro-sudetis-zuvis","19":"pa_prekiu-zenklai-royal-canin-veterinary-diets","20":"pa_suns-amzius-senjorams","21":"pa_suns-amzius-suaugusiems","22":"pa_veisles-dydis-mazoms-veislems","24":"first","25":"instock","26":"taxable","27":"shipping-taxable","28":"purchasable","29":"product-type-variable"},"acf":[],"_links":{"self":[{"href":"https:\/\/zooprekes24.lt\/lv\/wp-json\/wp\/v2\/product\/23421","targetHints":{"allow":["GET"]}}],"collection":[{"href":"https:\/\/zooprekes24.lt\/lv\/wp-json\/wp\/v2\/product"}],"about":[{"href":"https:\/\/zooprekes24.lt\/lv\/wp-json\/wp\/v2\/types\/product"}],"replies":[{"embeddable":true,"href":"https:\/\/zooprekes24.lt\/lv\/wp-json\/wp\/v2\/comments?post=23421"}],"wp:featuredmedia":[{"embeddable":true,"href":"https:\/\/zooprekes24.lt\/lv\/wp-json\/wp\/v2\/media\/20146"}],"wp:attachment":[{"href":"https:\/\/zooprekes24.lt\/lv\/wp-json\/wp\/v2\/media?parent=23421"}],"wp:term":[{"taxonomy":"product_brand","embeddable":true,"href":"https:\/\/zooprekes24.lt\/lv\/wp-json\/wp\/v2\/product_brand?post=23421"},{"taxonomy":"product_cat","embeddable":true,"href":"https:\/\/zooprekes24.lt\/lv\/wp-json\/wp\/v2\/product_cat?post=23421"},{"taxonomy":"product_tag","embeddable":true,"href":"https:\/\/zooprekes24.lt\/lv\/wp-json\/wp\/v2\/product_tag?post=23421"}],"curies":[{"name":"wp","href":"https:\/\/api.w.org\/{rel}","templated":true}]}}