{"id":23414,"date":"2024-04-19T13:20:38","date_gmt":"2024-04-19T10:20:38","guid":{"rendered":"https:\/\/zooprekes24.lt\/produktas\/royal-canin-sensitivity-control-pastetas\/"},"modified":"2025-07-28T18:49:18","modified_gmt":"2025-07-28T16:49:18","slug":"royal-canin-jutiguma-kontroles-pastete","status":"publish","type":"product","link":"https:\/\/zooprekes24.lt\/lv\/produktas\/royal-canin-sensitivity-control-pastetas\/","title":{"rendered":"Royal Canin Sensitivity Control past\u0113te su\u0146iem"},"content":{"rendered":"<h3>Royal Canin Sensitivity Control ir veterin\u0101r\u0101 mitr\u0101 bar\u012bba pieaugu\u0161iem un vec\u0101kiem su\u0146iem. Hipoaler\u0123iska veterin\u0101r\u0101 di\u0113ta, kas piel\u0101gota su\u0146iem ar paaugstin\u0101tu jut\u012bbu pret noteikt\u0101m olbaltumvielu grup\u0101m, da\u017e\u0101d\u0101m p\u0101rtikas aler\u0123ij\u0101m un p\u0101rtikas nepanes\u012bb\u0101m. Unik\u0101l\u0101 konservu formula ir izstr\u0101d\u0101ta, lai samazin\u0101tu un kontrol\u0113tu sast\u0101vda\u013cu un bar\u012bbas vielu nepanesam\u012bbu. Ar gar\u0161\u012bgu p\u012bli un r\u012bsiem.<\/h3>\n<ul>\n<li>Royal Canin Sensitivity Control konserv\u0113ta bar\u012bbas formula sast\u0101v no prote\u012bna izol\u0101ta un augu di\u0113tisk\u0101s \u0161\u0137iedrvielas hidroliz\u0101ta. To sast\u0101v\u0101 ir zemas molekulmasas pept\u012bdi, kas padara bar\u012bbu viegli sagremojamu un labi panesamu aler\u0123isku su\u0146u gremo\u0161anas sist\u0113mai.<\/li>\n<li>Sast\u0101v\u0101 eso\u0161ie vitam\u012bnu kompleksi stiprina j\u016bsu m\u012blu\u013ca \u0101das aizsargbarjeras funkcijas un nov\u0113r\u0161 p\u0101rm\u0113r\u012bgu sausumu, kas var izrais\u012bt sp\u0113c\u012bgu niezi.<\/li>\n<li>Divi galvenie omega 3 tauksk\u0101bju veidi ir \u0161\u0101di. <a href=\"https:\/\/omegamarine.lt\/apie-omega3\/\" target=\"_blank\" rel=\"noopener\">EPA (eikozapenta\u0113nsk\u0101be) un DHA (dokozaheksa\u0113nsk\u0101be).<\/a> ir dabiski sastopamas e\u013c\u013cain\u0101s j\u016bras ziv\u012bs, piem\u0113ram, la\u0161os, skumbrij\u0101s, si\u013c\u0137\u0113s, tunziv\u012bs un sard\u012bn\u0113s. \u0160\u012bs past\u0113t\u0113 eso\u0161\u0101s sk\u0101bes pal\u012bdz regul\u0113t \u0101das reakcijas uz aler\u0123ij\u0101m un ir iesaist\u012btas ar\u012b zarnu g\u013cot\u0101das \u0161\u016bnu veido\u0161an\u0101.<\/li>\n<li>Royal Canin Sensitivity Control mitr\u0101 bar\u012bba satur patent\u0113to intens\u012bv\u0101s kr\u0101sas kompleksu, kas bag\u0101tin\u0101ts ar L-tiroz\u012bnu, kur\u0161 pal\u012bdz atjaunot optim\u0101lu ka\u017eoka dabisk\u0101s kr\u0101sas intensit\u0101ti.<\/li>\n<li><a href=\"https:\/\/www.youtube.com\/watch?v=2r6aVu54J20\" target=\"_blank\" rel=\"noopener\">T\u0101 izmanto ierobe\u017eotu olbaltumvielu avotu - p\u012bli un ierobe\u017eotu og\u013chidr\u0101tu avotu - r\u012bsus.<\/a><\/li>\n<\/ul>\n<h3><span style=\"color: #408ca3; font-size: 14px;\"><strong>P\u0101rtika ir der\u012bga lieto\u0161anai p\u0101rtik\u0101, ja:<\/strong><\/span><\/h3>\n<ul>\n<li>Nev\u0113lama reakcija uz bar\u012bbu (ADR)<\/li>\n<li>Atopiskais dermat\u012bts ar hronisku niezi (vieglos gad\u012bjumos)<\/li>\n<li>Hroniska caureja<\/li>\n<li>Uzturvielu nepanes\u012bba<\/li>\n<li>P\u0101rtikas aler\u0123ijas<\/li>\n<\/ul>\n<h3><span style=\"font-size: 14px; color: #408ca3;\"><strong>Ja esat slims, \u0113dienu nedr\u012bkst lietot:<\/strong><\/span><\/h3>\n<ul>\n<li>Ak\u016bts pankreat\u012bts <span style=\"color: #000000;\"><strong>*<\/strong><\/span><\/li>\n<li>Gr\u016btniec\u012bbas, lakt\u0101cijas, aug\u0161anas un aug\u0161anas laik\u0101<\/li>\n<\/ul>\n<p><span style=\"color: #000000;\"><strong>*<\/strong><\/span>\u00a0<small>Baro\u0161ana ir iesp\u0113jama hroniska pankreat\u012bta gad\u012bjum\u0101<\/small><\/p>\n<p><a ref=\"magnificPopup\" href=\"https:\/\/zooprekes24.lt\/wp-content\/uploads\/hypoallergic-logo.png\"><img loading=\"lazy\" decoding=\"async\" class=\"wp-image-11369\" src=\"https:\/\/zooprekes24.lt\/wp-content\/uploads\/hypoallergic-logo.png\" alt=\"Royal Canin hipoaler\u0123iska saus\u0101 bar\u012bba su\u0146iem logo\" width=\"301\" height=\"313\" \/><\/a><\/p>","protected":false},"excerpt":{"rendered":"<p>Royal Canin Sensitivity Control &#8211; veterinarinis suaugusi\u0173 ir vyresnio am\u017eiaus \u0161un\u0173 \u0161lapias maistas. Hipoalergin\u0117 veterinarin\u0117 dieta pritaikyta \u0161unims su padid\u0117jusiu organizmo jautrumu konkre\u010dioms baltym\u0173 grup\u0117ms, ken\u010diantiems nuo \u012fvairi\u0173 maisto alergij\u0173 ir maisto netoleravimo. Unikali konserv\u0173 formul\u0117 skirta ingredient\u0173 ir maistini\u0173 med\u017eiag\u0173 netoleravimo ma\u017einimui ir kontroliavimui. Su gard\u017eia antiena ir ry\u017eiais. Royal Canin Sensitivity Control konserv\u0173&#8230;<\/p>","protected":false},"featured_media":18306,"comment_status":"closed","ping_status":"closed","template":"","meta":{"_acf_changed":false,"slim_seo":{"title":"Royal Canin Sensitivity Control pa\u0161tetas \u0161unims - Zooprekes24","description":"Royal Canin Sensitivity Control ir veterin\u0101r\u0101 mitr\u0101 bar\u012bba pieaugu\u0161iem un vec\u0101kiem su\u0146iem. Hipoaler\u0123iska veterin\u0101r\u0101 bar\u012bba, kas piel\u0101gota su\u0146iem ar paaugstin\u0101tu jut\u012bbu."},"iawp_total_views":157},"product_brand":[],"product_cat":[9241,9004,8999,29,31,9035],"product_tag":[177,4285,4286,4300,200],"class_list":{"0":"post-23414","1":"product","2":"type-product","3":"status-publish","4":"has-post-thumbnail","6":"product_cat-royal-canin-veterinary-diets-sunims","7":"product_cat-slapias-maistas","8":"product_cat-sunims","9":"product_cat-sunu-maistas","10":"product_cat-sunu-prekiu-gamintojai","11":"product_cat-veterinarine-dieta","12":"product_tag-edalas-sunims","13":"product_tag-royal-canin-alergiskam-suniui","14":"product_tag-royal-canin-alergiskiems-sunims","15":"product_tag-suns-letinis-viduriavimas","16":"product_tag-super-premium-maistas-sunims","17":"pa_pasaro-sudetis-antiena","18":"pa_pasaro-sudetis-ryziai","19":"pa_prekiu-zenklai-royal-canin-veterinary-diets","20":"pa_suns-amzius-senjorams","21":"pa_suns-amzius-suaugusiems","22":"pa_veisles-dydis-didelems-veislems","23":"pa_veisles-dydis-mazoms-veislems","24":"pa_veisles-dydis-vidutinems-veislems","25":"pa_veisles-dydis-visu-dydziu-veislems","27":"first","28":"instock","29":"taxable","30":"shipping-taxable","31":"purchasable","32":"product-type-variable"},"acf":[],"_links":{"self":[{"href":"https:\/\/zooprekes24.lt\/lv\/wp-json\/wp\/v2\/product\/23414","targetHints":{"allow":["GET"]}}],"collection":[{"href":"https:\/\/zooprekes24.lt\/lv\/wp-json\/wp\/v2\/product"}],"about":[{"href":"https:\/\/zooprekes24.lt\/lv\/wp-json\/wp\/v2\/types\/product"}],"replies":[{"embeddable":true,"href":"https:\/\/zooprekes24.lt\/lv\/wp-json\/wp\/v2\/comments?post=23414"}],"wp:featuredmedia":[{"embeddable":true,"href":"https:\/\/zooprekes24.lt\/lv\/wp-json\/wp\/v2\/media\/18306"}],"wp:attachment":[{"href":"https:\/\/zooprekes24.lt\/lv\/wp-json\/wp\/v2\/media?parent=23414"}],"wp:term":[{"taxonomy":"product_brand","embeddable":true,"href":"https:\/\/zooprekes24.lt\/lv\/wp-json\/wp\/v2\/product_brand?post=23414"},{"taxonomy":"product_cat","embeddable":true,"href":"https:\/\/zooprekes24.lt\/lv\/wp-json\/wp\/v2\/product_cat?post=23414"},{"taxonomy":"product_tag","embeddable":true,"href":"https:\/\/zooprekes24.lt\/lv\/wp-json\/wp\/v2\/product_tag?post=23414"}],"curies":[{"name":"wp","href":"https:\/\/api.w.org\/{rel}","templated":true}]}}