{"id":23410,"date":"2024-04-19T13:20:38","date_gmt":"2024-04-19T10:20:38","guid":{"rendered":"https:\/\/zooprekes24.lt\/produktas\/royal-canin-anallergenic-sunims\/"},"modified":"2025-10-21T10:45:58","modified_gmt":"2025-10-21T08:45:58","slug":"royal-canin-analergiskie-sunims","status":"publish","type":"product","link":"https:\/\/zooprekes24.lt\/lv\/produktas\/royal-canin-anallergenic-sunims\/","title":{"rendered":"Royal Canin Anallergenic saus\u0101 bar\u012bba su\u0146iem"},"content":{"rendered":"<h3>Royal Canin Anallergenic ir veterin\u0101ra saus\u0101 bar\u012bba pieaugu\u0161iem un vec\u0101kiem su\u0146iem. Hipoaler\u0123iska veterin\u0101r\u0101 di\u0113ta, kas piel\u0101gota su\u0146iem ar paaugstin\u0101tu jut\u012bbu, p\u0101rtikas aler\u0123iju vai p\u0101rtikas nepanesam\u012bbu. Izstr\u0101d\u0101ta, lai mazin\u0101tu bar\u012bbas izejvielu un bar\u012bbas vielu nepanesam\u012bbu. Atlas\u012bti olbaltumvielu un og\u013chidr\u0101tu avoti. Paredz\u0113ts bar\u012bbas izvad\u012b\u0161anas di\u0113t\u0101m.<\/h3>\n<ul>\n<li>\u012apa\u0161ais <a href=\"https:\/\/www.youtube.com\/watch?v=e_BUgKozqZw\" target=\"_blank\" rel=\"noopener\">Royal Canin Anallergenic<\/a> Bar\u012bbas sast\u0101vs, kas izgatavots no augsti hidroliz\u0113tiem spalvu prote\u012bniem, lai l\u012bdz minimumam samazin\u0101tu p\u0101rtikas alerg\u0113nu daudzumu. Ra\u017eo\u0161anas process ir pl\u0101nots un r\u016bp\u012bgi veikts, lai izvair\u012btos no jebk\u0101das iesp\u0113jamas saskares ar p\u0101rtikas produktiem un alerg\u0113niem.<\/li>\n<li>Royal Canin Anallergenic formula sast\u0101v no olbaltumvielu izol\u0101ta un augu di\u0113tisk\u0101s \u0161\u0137iedrvielas hidroliz\u0101ta. To sast\u0101v\u0101 ir zemas molekulmasas pept\u012bdi, kas padara bar\u012bbu viegli sagremojamu un labi panesamu aler\u0123isku su\u0146u gremo\u0161anas sist\u0113mai. T\u0101 ir pirm\u0101 komerci\u0101l\u0101 bar\u012bba ar \u0101rk\u0101rt\u012bgi augstu br\u012bvo aminosk\u0101bju un mazo pept\u012bdu (olbaltumvielu fragmentu) saturu (95%&lt;1 Kd).<\/li>\n<li>Sast\u0101v\u0101 eso\u0161ie vitam\u012bnu kompleksi stiprina j\u016bsu m\u012blu\u013ca \u0101das aizsargbarjeras funkcijas un nov\u0113r\u0161 p\u0101rm\u0113r\u012bgu sausumu, kas var izrais\u012bt sp\u0113c\u012bgu niezi.<\/li>\n<li>Patent\u0113ts siner\u0123isks antioksidantu komplekss pal\u012bdz neitraliz\u0113t br\u012bvos radik\u0101\u013cus.<\/li>\n<\/ul>\n<h3><span style=\"color: #408ca3; font-size: 14px;\"><strong>P\u0101rtika ir der\u012bga lieto\u0161anai p\u0101rtik\u0101, ja:<\/strong><\/span><\/h3>\n<ul>\n<li>P\u0101rtikas nepanesam\u012bbas tests<\/li>\n<li>Atopiskais dermat\u012bts ar hronisku niezi (vieglos gad\u012bjumos)<\/li>\n<li>Zarnu iekaisuma slim\u012bba (IBD)<\/li>\n<li>P\u0101rtikas aler\u0123ijas<\/li>\n<li>Uzturvielu nepanes\u012bba<\/li>\n<\/ul>\n<h3><span style=\"font-size: 14px; color: #408ca3;\"><strong>Ja esat slims, \u0113dienu nedr\u012bkst lietot:<\/strong><\/span><\/h3>\n<ul>\n<li>Pankreat\u012bts (tostarp iepriek\u0161 p\u0101rnestais)<\/li>\n<li>Gr\u016btniec\u012bbas, lakt\u0101cijas, aug\u0161anas un aug\u0161anas laik\u0101<\/li>\n<\/ul>\n<p><a ref=\"magnificPopup\" href=\"https:\/\/zooprekes24.lt\/wp-content\/uploads\/hypoallergic-logo.png\"><img loading=\"lazy\" decoding=\"async\" class=\"wp-image-11369\" src=\"https:\/\/zooprekes24.lt\/wp-content\/uploads\/hypoallergic-logo.png\" alt=\"Royal Canin hipoaler\u0123iska saus\u0101 bar\u012bba su\u0146iem logo\" width=\"301\" height=\"313\" \/><\/a><\/p>","protected":false},"excerpt":{"rendered":"<p>Royal Canin Anallergenic &#8211; veterinarinis suaugusi\u0173 ir vyresnio am\u017eiaus \u0161un\u0173 sausas maistas. Hipoalergin\u0117 veterinarin\u0117 dieta pritaikyta \u0161unims su padid\u0117jusiu organizmo jautrumu, kurie linke \u012f maisto alergijas ar netoleruoja maisto produkt\u0173. Sukurtas taip, kad suma\u017eint\u0173 pa\u0161arini\u0173 \u017ealiav\u0173 ir maistini\u0173 med\u017eiag\u0173 netoleravim\u0105. Rinktiniai baltym\u0173 ir angliavandeni\u0173 \u0161altiniai. Skirtas maisto eliminacinei dietai. Speciali Royal Canin Anallergenic maisto sudeties&#8230;<\/p>","protected":false},"featured_media":18302,"comment_status":"closed","ping_status":"closed","template":"","meta":{"_acf_changed":false,"slim_seo":{"title":"Royal Canin Anallergenic sausas maistas \u0161unims - Zooprekes24","description":"Royal Canin Anallergenic ir veterin\u0101ra saus\u0101 bar\u012bba pieaugu\u0161iem un vec\u0101kiem su\u0146iem. Hipoaler\u0123iska veterin\u0101r\u0101 di\u0113ta, kas piel\u0101gota su\u0146iem ar paaugstin\u0101tu org."},"iawp_total_views":4376},"product_brand":[],"product_cat":[9241,9002,8999,29,31,9035],"product_tag":[177,4285,4286,4303,4288,4300,200],"class_list":{"0":"post-23410","1":"product","2":"type-product","3":"status-publish","4":"has-post-thumbnail","6":"product_cat-royal-canin-veterinary-diets-sunims","7":"product_cat-sausas-maistas","8":"product_cat-sunims","9":"product_cat-sunu-maistas","10":"product_cat-sunu-prekiu-gamintojai","11":"product_cat-veterinarine-dieta","12":"product_tag-edalas-sunims","13":"product_tag-royal-canin-alergiskam-suniui","14":"product_tag-royal-canin-alergiskiems-sunims","15":"product_tag-royal-canin-analergic","16":"product_tag-royal-canin-hypoalergic-sausas-maistas-sunims","17":"product_tag-suns-letinis-viduriavimas","18":"product_tag-super-premium-maistas-sunims","19":"pa_prekiu-zenklai-royal-canin-veterinary-diets","20":"pa_suns-amzius-senjorams","21":"pa_suns-amzius-suaugusiems","22":"pa_veisles-dydis-didelems-veislems","23":"pa_veisles-dydis-mazoms-veislems","24":"pa_veisles-dydis-vidutinems-veislems","25":"pa_veisles-dydis-visu-dydziu-veislems","27":"first","28":"instock","29":"sale","30":"taxable","31":"shipping-taxable","32":"purchasable","33":"product-type-variable"},"acf":[],"_links":{"self":[{"href":"https:\/\/zooprekes24.lt\/lv\/wp-json\/wp\/v2\/product\/23410","targetHints":{"allow":["GET"]}}],"collection":[{"href":"https:\/\/zooprekes24.lt\/lv\/wp-json\/wp\/v2\/product"}],"about":[{"href":"https:\/\/zooprekes24.lt\/lv\/wp-json\/wp\/v2\/types\/product"}],"replies":[{"embeddable":true,"href":"https:\/\/zooprekes24.lt\/lv\/wp-json\/wp\/v2\/comments?post=23410"}],"wp:featuredmedia":[{"embeddable":true,"href":"https:\/\/zooprekes24.lt\/lv\/wp-json\/wp\/v2\/media\/18302"}],"wp:attachment":[{"href":"https:\/\/zooprekes24.lt\/lv\/wp-json\/wp\/v2\/media?parent=23410"}],"wp:term":[{"taxonomy":"product_brand","embeddable":true,"href":"https:\/\/zooprekes24.lt\/lv\/wp-json\/wp\/v2\/product_brand?post=23410"},{"taxonomy":"product_cat","embeddable":true,"href":"https:\/\/zooprekes24.lt\/lv\/wp-json\/wp\/v2\/product_cat?post=23410"},{"taxonomy":"product_tag","embeddable":true,"href":"https:\/\/zooprekes24.lt\/lv\/wp-json\/wp\/v2\/product_tag?post=23410"}],"curies":[{"name":"wp","href":"https:\/\/api.w.org\/{rel}","templated":true}]}}