{"id":23406,"date":"2024-04-19T13:20:38","date_gmt":"2024-04-19T10:20:38","guid":{"rendered":"https:\/\/zooprekes24.lt\/produktas\/royal-canin-gastrointestinal-kitten\/"},"modified":"2025-07-28T19:26:16","modified_gmt":"2025-07-28T17:26:16","slug":"royal-canin-kunga-zarnu-trakta-kakens","status":"publish","type":"product","link":"https:\/\/zooprekes24.lt\/lv\/produktas\/royal-canin-gastrointestinal-kitten\/","title":{"rendered":"Royal Canin Gastrointestinal Kitten saus\u0101 bar\u012bba ka\u0137\u0113niem"},"content":{"rendered":"<h3>Royal Canin Gastrointestinal Kitten ir pilnv\u0113rt\u012bga di\u0113tisk\u0101 bar\u012bba ka\u0137\u0113niem un pieaugu\u0161\u0101m gr\u016bsn\u0101m un lakt\u0113jo\u0161\u0101m ka\u0137en\u0113m, kas paredz\u0113ta ak\u016btu zarnu darb\u012bbas trauc\u0113jumu mazin\u0101\u0161anai, k\u0101 ar\u012b uzturvielu atjauno\u0161anai un vesel\u012bbas veicin\u0101\u0161anai. Unik\u0101l\u0101 formula ir izstr\u0101d\u0101ta ka\u0137\u0113niem ar jut\u012bgu ku\u0146\u0123i un gremo\u0161anas trauc\u0113jumiem.<\/h3>\n<ul>\n<li>Paaugstin\u0101tais ener\u0123\u0113tiskais saturs \u013cauj apmierin\u0101t ka\u0137\u0113na liel\u0101s ener\u0123\u0113tisk\u0101s vajadz\u012bbas, izbarojot mazas bar\u012bbas porcijas un neapgr\u016btinot ku\u0146\u0123i.<\/li>\n<li>Granulu unik\u0101l\u0101 forma un tekst\u016bra, kuras ir viegli ko\u0161\u013c\u0101jamas, ir ide\u0101li piem\u0113rotas past\u0101v\u012bgo zobu veido\u0161anai. Gar\u0161\u012bg\u0101 formula un augstais ener\u0123\u0113tiskais saturs apmierin\u0101s maz\u0101ku vai \u013coti pras\u012bgu apet\u012bti.<\/li>\n<li>Bar\u012bbu var dot sausu vai nedaudz samitrin\u0101tu ar siltu \u016bdeni.<\/li>\n<li><a href=\"https:\/\/zooprekes24.lt\/lv\/products\/royal-canin-gastrointestinal-cat\/\" target=\"_blank\" rel=\"noopener\">Royal Canin ku\u0146\u0123a-zarnu trakta <\/a>Kitten satur augsti absorb\u0113jamas sast\u0101vda\u013cas, kas kompens\u0113 gremo\u0161anas enz\u012bmu samazin\u0101to aktivit\u0101ti, t\u0101d\u0113j\u0101di nodro\u0161inot maksim\u0101lu uzturvielu uz\u0146em\u0161anu.<\/li>\n<li>Sabalans\u0113tais \u0161\u0137iedrvielu saturs un prebiotikas veicina ka\u0137\u0113na imunit\u0101tes att\u012bst\u012bbu un stiprin\u0101\u0161anu, norm\u0101lu gremo\u0161anu un atvieglo bar\u012bbas tranz\u012btu zarn\u0101s.<\/li>\n<li>Satur <a href=\"https:\/\/www.youtube.com\/watch?v=H0j9gJANw08&amp;feature=emb_title\" target=\"_blank\" rel=\"noopener\">vitam\u012bnu un mikroelementu komplekss<\/a> un taur\u012bns, kas r\u016bp\u0113jas par b\u0113rna \u0137ermeni, ir iesaist\u012bts daudzos dz\u012bv\u012bbai svar\u012bgos procesos un pozit\u012bvi ietekm\u0113 iek\u0161\u0113jo org\u0101nu un \u0137erme\u0146a vesel\u012bbu.<\/li>\n<li>Royal Canin Royal Canin Gastrointestinal Kitten sast\u0101v\u0101 ir divi galvenie omega-3 un omega-6 tauksk\u0101bju veidi. <a href=\"https:\/\/omegamarine.lt\/apie-omega3\/\" target=\"_blank\" rel=\"noopener\">EPA (eikozapenta\u0113nsk\u0101be) un DHA (dokozaheksa\u0113nsk\u0101be).<\/a> ir dabiski sastopamas tauksk\u0101b\u0101s j\u016bras ziv\u012bs, piem\u0113ram, la\u0161os, skumbrij\u0101s, si\u013c\u0137\u0113s, tunziv\u012bs un sard\u012bn\u0113s. \u0160\u012bs bar\u012bbas sast\u0101v\u0101 eso\u0161\u0101s sk\u0101bes pal\u012bdz regul\u0113t zarnu reakcijas, baro m\u0101jdz\u012bvnieka matus un veicina to atjauno\u0161anos.<\/li>\n<li>Royal Canin Gastrointestinal Kitten saus\u0101 bar\u012bba ir piem\u0113rota ar\u012b gr\u016bsn\u0101m un lakt\u0113jo\u0161\u0101m ka\u0137en\u0113m ar gremo\u0161anas probl\u0113m\u0101m.<\/li>\n<\/ul>\n<h3><span style=\"font-size: 14px; color: #7a5449;\"><strong>P\u0101rtika ir der\u012bga lieto\u0161anai p\u0101rtik\u0101, ja:<\/strong><\/span><\/h3>\n<div id=\"&quot;product_title_strong&quot;\">\n<ul>\n<li>Aknu slim\u012bbas (<strong>iz\u0146emot aknu encefalop\u0101tiju<\/strong>)<\/li>\n<li>Slikta gremo\u0161ana un bar\u012bbas vielu uzs\u016bk\u0161an\u0101s<\/li>\n<li>Bakt\u0113riju aug\u0161ana tievaj\u0101s zarn\u0101s<\/li>\n<li>Atvese\u013co\u0161an\u0101s periods p\u0113c slim\u012bbas<\/li>\n<li>Ak\u016bta un hroniska caureja<\/li>\n<li>Hronisks zarnu iekaisums<\/li>\n<li>Anoreksija<\/li>\n<li>Gastr\u012bts<\/li>\n<li>Kol\u012bts<\/li>\n<\/ul>\n<h3><span style=\"font-size: 14px; color: #7a5449;\"><strong>Ja esat slims, \u0113dienu nedr\u012bkst lietot:<\/strong><\/span><\/h3>\n<div id=\"&quot;product_title_strong&quot;\">\n<ul>\n<li>Aknu encefalop\u0101tija<\/li>\n<li>Limfangiekt\u0101zija - eksudat\u012bv\u0101 enterop\u0101tija<\/li>\n<li>Pankreat\u012bts (tostarp iepriek\u0161 p\u0101rnestais)<\/li>\n<\/ul>\n<\/div>\n<\/div>\n<p><a ref=\"magnificPopup\" href=\"https:\/\/zooprekes24.lt\/wp-content\/uploads\/gastro-kitten.png\"><img loading=\"lazy\" decoding=\"async\" class=\"wp-image-12214\" src=\"https:\/\/zooprekes24.lt\/wp-content\/uploads\/gastro-kitten-920x1024.png\" alt=\"Royal Canin Gastrointestinal Kitten saus\u0101 bar\u012bba ka\u0137\u0113niem\" width=\"280\" height=\"312\" \/><\/a><\/p>","protected":false},"excerpt":{"rendered":"<p>Royal Canin Gastrointestinal Kitten tai visavertis dietinis \u0117dalas ka\u010diukams bei suaugusioms n\u0117\u0161\u010dioms ir \u017eindan\u010dioms kat\u0117ms, skirtas suma\u017einti \u016bmius \u017earnyno sutrikimus bei skatinti mitybos atk\u016brim\u0105 ir sveikim\u0105. Unikali maisto formul\u0117 skirta jautr\u0173 skrand\u012f ir vir\u0161kinimo sutrikimus turintiems ka\u010diukams. Padidintas energijos kiekis, leid\u017eia apr\u016bpinti didelius ka\u010diuko energijos poreikius, \u0161eriant ma\u017eomis pa\u0161aro porcijomis &#8211; neapkraunant skrand\u017eio. Unikali granuli\u0173&#8230;<\/p>","protected":false},"featured_media":20142,"comment_status":"closed","ping_status":"closed","template":"","meta":{"_acf_changed":false,"slim_seo":{"title":"Royal Canin Gastrointestinal Kitten sausas maistas ka\u010diukams - Zooprekes24","description":"Royal Canin Gastrointestinal Kitten ir pilnv\u0113rt\u012bga di\u0113tisk\u0101 bar\u012bba ka\u0137\u0113niem un pieaugu\u0161\u0101m gr\u016bsn\u0101m un lakt\u0113jo\u0161\u0101m ka\u0137en\u0113m ak\u016btu zarnu darb\u012bbas trauc\u0113jumu mazin\u0101\u0161anai."},"iawp_total_views":946},"product_brand":[],"product_cat":[72,83,25,9242,9016,9037],"product_tag":[2322,1817,3296,1675,1682,3297,1696],"class_list":{"0":"post-23406","1":"product","2":"type-product","3":"status-publish","4":"has-post-thumbnail","6":"product_cat-kaciu-maistas","7":"product_cat-kaciu-prekiu-gamintojai","8":"product_cat-katems","9":"product_cat-royal-canin-veterinary-diets-katems","10":"product_cat-sausas-maistas-kaciu-maistas","11":"product_cat-veterinarine-dieta-kaciu-maistas","12":"product_tag-dietinis-edalas-katems","13":"product_tag-edalas-katems","14":"product_tag-gastro-intential-maistas-katei","15":"product_tag-kaciu-edalas","16":"product_tag-kaciu-maistas-super-premium-klases","17":"product_tag-maistas-katei-jautriam-skrandziui","18":"product_tag-super-premium-maistas-katems","19":"pa_pasaro-sudetis-ryziai","20":"pa_pasaro-sudetis-vistiena","21":"pa_prekiu-zenklai-royal-canin-veterinary-diets","23":"first","24":"instock","25":"featured","26":"taxable","27":"shipping-taxable","28":"purchasable","29":"product-type-variable"},"acf":[],"_links":{"self":[{"href":"https:\/\/zooprekes24.lt\/lv\/wp-json\/wp\/v2\/product\/23406","targetHints":{"allow":["GET"]}}],"collection":[{"href":"https:\/\/zooprekes24.lt\/lv\/wp-json\/wp\/v2\/product"}],"about":[{"href":"https:\/\/zooprekes24.lt\/lv\/wp-json\/wp\/v2\/types\/product"}],"replies":[{"embeddable":true,"href":"https:\/\/zooprekes24.lt\/lv\/wp-json\/wp\/v2\/comments?post=23406"}],"wp:featuredmedia":[{"embeddable":true,"href":"https:\/\/zooprekes24.lt\/lv\/wp-json\/wp\/v2\/media\/20142"}],"wp:attachment":[{"href":"https:\/\/zooprekes24.lt\/lv\/wp-json\/wp\/v2\/media?parent=23406"}],"wp:term":[{"taxonomy":"product_brand","embeddable":true,"href":"https:\/\/zooprekes24.lt\/lv\/wp-json\/wp\/v2\/product_brand?post=23406"},{"taxonomy":"product_cat","embeddable":true,"href":"https:\/\/zooprekes24.lt\/lv\/wp-json\/wp\/v2\/product_cat?post=23406"},{"taxonomy":"product_tag","embeddable":true,"href":"https:\/\/zooprekes24.lt\/lv\/wp-json\/wp\/v2\/product_tag?post=23406"}],"curies":[{"name":"wp","href":"https:\/\/api.w.org\/{rel}","templated":true}]}}