{"id":23402,"date":"2024-04-19T13:20:38","date_gmt":"2024-04-19T10:20:38","guid":{"rendered":"https:\/\/zooprekes24.lt\/produktas\/royal-canin-gastrointestinal-fibre-katems\/"},"modified":"2025-07-28T19:30:16","modified_gmt":"2025-07-28T17:30:16","slug":"royal-canin-gastrointestinal-fibre-catems","status":"publish","type":"product","link":"https:\/\/zooprekes24.lt\/lv\/produktas\/royal-canin-gastrointestinal-fibre-katems\/","title":{"rendered":"Royal Canin Gastrointestinal Fibre Response saus\u0101 ka\u0137u bar\u012bba"},"content":{"rendered":"<h3>Royal Canin Gastrointestinal Fibre Response ir pilnv\u0113rt\u012bga di\u0113tisk\u0101 bar\u012bba ka\u0137iem pret aizciet\u0113jumiem. Unik\u0101l\u0101 formula ir izstr\u0101d\u0101ta m\u0101jdz\u012bvniekiem ar \u012bslaic\u012bgiem vai ilgsto\u0161iem gremo\u0161anas trauc\u0113jumiem. Bar\u012bba pal\u012bdz uztur\u0113t vesel\u012bgu gremo\u0161anu, ku\u0146\u0123a un zarnu trakta tranz\u012btu, k\u0101 ar\u012b veicina bar\u012bbas atjauno\u0161anos un dziedin\u0101\u0161anu.<\/h3>\n<ul>\n<li>\u012apa\u0161s di\u0113tisko \u0161\u0137iedrvielu savienojums <a href=\"https:\/\/zooprekes24.lt\/lv\/products\/royal-canin-gastrointestinal-cat\/\" target=\"_blank\" rel=\"noopener\">atvieglo zarnu tranz\u012btu<\/a>.<\/li>\n<li>Pareizs ener\u0123ijas daudzums, lai apmierin\u0101tu ka\u0137a vajadz\u012bbas, nep\u0101rslogojot ku\u0146\u0123i.<\/li>\n<li><a href=\"https:\/\/www.youtube.com\/watch?v=H0j9gJANw08&amp;feature=emb_title\" target=\"_blank\" rel=\"noopener\">Patent\u0113ts siner\u0123isks antioksidantu komplekss pal\u012bdz neitraliz\u0113t br\u012bvos radik\u0101\u013cus.<\/a><\/li>\n<li>Gar\u0161\u012bg\u0101 bar\u012bbas formula apmierin\u0101s samazin\u0101tu vai \u013coti pras\u012bgu apet\u012bti.<\/li>\n<li>Royal Canin Gastrointestinal Fibre Response sast\u0101v\u0101 ir divi galvenie omega 3 tauksk\u0101bju veidi. <a href=\"https:\/\/omegamarine.lt\/apie-omega3\/\" target=\"_blank\" rel=\"noopener\">EPA (eikozapenta\u0113nsk\u0101be) un DHA (dokozaheksa\u0113nsk\u0101be).<\/a> ir dabiski sastopamas e\u013c\u013cain\u0101s j\u016bras ziv\u012bs, piem\u0113ram, la\u0161os, skumbrij\u0101s, si\u013c\u0137\u0113s, tunziv\u012bs un sard\u012bn\u0113s. \u0160\u012bs bar\u012bbas sast\u0101v\u0101 eso\u0161\u0101s sk\u0101bes pal\u012bdz regul\u0113t zarnu reakcijas, baro m\u0101jdz\u012bvnieka matus un veicina to atjauno\u0161anos, k\u0101 ar\u012b piedal\u0101s zarnu g\u013cot\u0101das \u0161\u016bnu veido\u0161an\u0101.<\/li>\n<\/ul>\n<h3><span style=\"font-size: 14px; color: #7a5449;\"><strong>P\u0101rtika ir der\u012bga lieto\u0161anai p\u0101rtik\u0101, ja:<\/strong><\/span><\/h3>\n<div id=\"&quot;product_title_strong&quot;\">\n<ul>\n<li>Ak\u016bts vai hronisks aizciet\u0113jums<\/li>\n<\/ul>\n<h3><span style=\"font-size: 14px; color: #7a5449;\"><strong>P\u0101rtiku nedr\u012bkst lietot, ja:<\/strong><\/span><\/h3>\n<div id=\"&quot;product_title_strong&quot;\">\n<ul>\n<li>Zarnu nosprostojumi<\/li>\n<li>Kolorekt\u0101l\u0101 dilat\u0101cija (megakolons)<\/li>\n<\/ul>\n<\/div>\n<\/div>\n<p><img loading=\"lazy\" decoding=\"async\" class=\"alignnone wp-image-8361\" src=\"https:\/\/zooprekes24.lt\/wp-content\/uploads\/vhn-all-territories-packaging-emblematic-all-adult-cat.png\" alt=\"Royal Canin VD Cat Gastro Intestinal logo\" width=\"320\" height=\"341\" \/><\/p>","protected":false},"excerpt":{"rendered":"<p>Royal Canin Gastrointestinal Fibre Response tai visavertis dietinis \u0117dalas kat\u0117ms nuo viduri\u0173 u\u017ekiet\u0117jimo. Unikali maisto formul\u0117 sukurta augintiniams turintiems trumpalaiki\u0173 ar ilgalaiki\u0173 vir\u0161kinimo sutrikim\u0173. \u0116dalas padeda palaikyti sveik\u0105 kat\u0117s vir\u0161kinim\u0105, vir\u0161kinamojo trakto tranzit\u0105 bei skatinti mitybos atk\u016brim\u0105 ir sveikim\u0105. Specialus dietin\u0117s l\u0105stelienos junginys palengvina \u017earnyno tranzit\u0105. Tinkamas energijos kiekis atitinka ka\u010di\u0173 poreikius neapkraunant skrand\u017eio. Patentuotas&#8230;<\/p>","protected":false},"featured_media":20141,"comment_status":"closed","ping_status":"closed","template":"","meta":{"_acf_changed":false,"slim_seo":{"title":"Royal Canin Gastrointestinal Fibre Response sausas maistas kat\u0117ms - Zooprekes24","description":"Royal Canin Gastrointestinal Fibre Response ir pilnv\u0113rt\u012bga di\u0113tisk\u0101 bar\u012bba ka\u0137iem pret aizciet\u0113jumiem. Unik\u0101la formula, kas paredz\u0113ta m\u0101jdz\u012bvniekiem ar"},"iawp_total_views":3125},"product_brand":[],"product_cat":[72,83,25,9242,9016,9037],"product_tag":[2322,1817,3296,1675,1682,3297,1696],"class_list":{"0":"post-23402","1":"product","2":"type-product","3":"status-publish","4":"has-post-thumbnail","6":"product_cat-kaciu-maistas","7":"product_cat-kaciu-prekiu-gamintojai","8":"product_cat-katems","9":"product_cat-royal-canin-veterinary-diets-katems","10":"product_cat-sausas-maistas-kaciu-maistas","11":"product_cat-veterinarine-dieta-kaciu-maistas","12":"product_tag-dietinis-edalas-katems","13":"product_tag-edalas-katems","14":"product_tag-gastro-intential-maistas-katei","15":"product_tag-kaciu-edalas","16":"product_tag-kaciu-maistas-super-premium-klases","17":"product_tag-maistas-katei-jautriam-skrandziui","18":"product_tag-super-premium-maistas-katems","19":"pa_pasaro-sudetis-ryziai","20":"pa_pasaro-sudetis-vistiena","21":"pa_prekiu-zenklai-royal-canin-veterinary-diets","23":"first","24":"instock","25":"featured","26":"taxable","27":"shipping-taxable","28":"purchasable","29":"product-type-variable"},"acf":[],"_links":{"self":[{"href":"https:\/\/zooprekes24.lt\/lv\/wp-json\/wp\/v2\/product\/23402","targetHints":{"allow":["GET"]}}],"collection":[{"href":"https:\/\/zooprekes24.lt\/lv\/wp-json\/wp\/v2\/product"}],"about":[{"href":"https:\/\/zooprekes24.lt\/lv\/wp-json\/wp\/v2\/types\/product"}],"replies":[{"embeddable":true,"href":"https:\/\/zooprekes24.lt\/lv\/wp-json\/wp\/v2\/comments?post=23402"}],"wp:featuredmedia":[{"embeddable":true,"href":"https:\/\/zooprekes24.lt\/lv\/wp-json\/wp\/v2\/media\/20141"}],"wp:attachment":[{"href":"https:\/\/zooprekes24.lt\/lv\/wp-json\/wp\/v2\/media?parent=23402"}],"wp:term":[{"taxonomy":"product_brand","embeddable":true,"href":"https:\/\/zooprekes24.lt\/lv\/wp-json\/wp\/v2\/product_brand?post=23402"},{"taxonomy":"product_cat","embeddable":true,"href":"https:\/\/zooprekes24.lt\/lv\/wp-json\/wp\/v2\/product_cat?post=23402"},{"taxonomy":"product_tag","embeddable":true,"href":"https:\/\/zooprekes24.lt\/lv\/wp-json\/wp\/v2\/product_tag?post=23402"}],"curies":[{"name":"wp","href":"https:\/\/api.w.org\/{rel}","templated":true}]}}