{"id":23393,"date":"2024-04-19T13:20:27","date_gmt":"2024-04-19T10:20:27","guid":{"rendered":"https:\/\/zooprekes24.lt\/produktas\/royal-canin-gastrointestinal-cat-wet\/"},"modified":"2025-07-28T19:23:43","modified_gmt":"2025-07-28T17:23:43","slug":"royal-canin-kunga-zarnu-trakta-kakis-mitrs","status":"publish","type":"product","link":"https:\/\/zooprekes24.lt\/lv\/produktas\/royal-canin-gastrointestinal-cat-wet\/","title":{"rendered":"Royal Canin Gastrointestinal Cat konservai kat\u0117ms pada\u017ee"},"content":{"rendered":"<h3>Royal Canin Gastrointestinal Cat Canned Food ir pilnv\u0113rt\u012bga di\u0113tiska mitr\u0101 bar\u012bba ka\u0137iem, kas paredz\u0113ta ak\u016btu zarnu darb\u012bbas trauc\u0113jumu mazin\u0101\u0161anai, k\u0101 ar\u012b uzturvielu atjauno\u0161anai un vesel\u012bbas veicin\u0101\u0161anai. Unik\u0101l\u0101 formula ir izstr\u0101d\u0101ta ka\u0137iem ar jut\u012bgu ku\u0146\u0123i un gremo\u0161anas trauc\u0113jumiem.<\/h3>\n<ul>\n<li>Uzturvielas <a href=\"https:\/\/zooprekes24.lt\/lv\/products\/royal-canin-gastrointestinal-cat\/\" target=\"_blank\" rel=\"noopener\">veicina l\u012bdzsvarotu gremo\u0161anas sist\u0113mu.<\/a><\/li>\n<li>Pareizs ener\u0123ijas daudzums, lai apmierin\u0101tu ka\u0137a vajadz\u012bbas, nep\u0101rslogojot ku\u0146\u0123i.<\/li>\n<li><a href=\"https:\/\/www.youtube.com\/watch?v=H0j9gJANw08&amp;feature=emb_title\" target=\"_blank\" rel=\"noopener\">Palielin\u0101ts elektrol\u012btu un svar\u012bg\u0101ko uzturvielu daudzums.<\/a><\/li>\n<li>Royal Canin Gastrointestinal ka\u0137u konservu bar\u012bba ir ar gardu formulu un augstu ener\u0123\u0113tisko v\u0113rt\u012bbu, kas apmierin\u0101s dz\u012bvnieku ar samazin\u0101tu vai \u013coti lielu apet\u012bti.<\/li>\n<li>Royal Canin Gastrointestinal ka\u0137u konservos Royal Canin Gastrointestinal ir divi galvenie omega 3 tauksk\u0101bju veidi. <a href=\"https:\/\/omegamarine.lt\/apie-omega3\/\" target=\"_blank\" rel=\"noopener\">EPA (eikozapenta\u0113nsk\u0101be) un DHA (dokozaheksa\u0113nsk\u0101be).<\/a> ir dabiski sastopamas e\u013c\u013cain\u0101s j\u016bras ziv\u012bs, piem\u0113ram, la\u0161os, skumbrij\u0101s, si\u013c\u0137\u0113s, tunziv\u012bs un sard\u012bn\u0113s. \u0160\u012bs sk\u0101bes pal\u012bdz regul\u0113t zarnu reakcijas, baro j\u016bsu m\u012blu\u013ca matus un veicina to atjauno\u0161anos.<\/li>\n<\/ul>\n<h3><span style=\"font-size: 14px; color: #7a5449;\"><strong>Konservi ir piem\u0113roti lieto\u0161anai, ja:<\/strong><\/span><\/h3>\n<div id=\"&quot;product_title_strong&quot;\">\n<ul>\n<li>Aknu slim\u012bbas (<strong>iz\u0146emot aknu encefalop\u0101tiju<\/strong>)<\/li>\n<li>Slikta gremo\u0161ana un bar\u012bbas vielu uzs\u016bk\u0161an\u0101s<\/li>\n<li>Bakt\u0113riju aug\u0161ana tievaj\u0101s zarn\u0101s<\/li>\n<li>Atvese\u013co\u0161an\u0101s periods p\u0113c slim\u012bbas<\/li>\n<li>Ak\u016bta un hroniska caureja<\/li>\n<li>Hronisks zarnu iekaisums<\/li>\n<li>Anoreksija<\/li>\n<li>Gastr\u012bts<\/li>\n<li>Kol\u012bts<\/li>\n<\/ul>\n<h3><span style=\"font-size: 14px; color: #7a5449;\"><strong>Ja esat slims, nedr\u012bkst lietot konserv\u0113tus p\u0101rtikas produktus:<\/strong><\/span><\/h3>\n<div id=\"&quot;product_title_strong&quot;\">\n<ul>\n<li>Aknu encefalop\u0101tija<\/li>\n<li>Limfangiekt\u0101zija - eksudat\u012bv\u0101 enterop\u0101tija<\/li>\n<li>Pankreat\u012bts<\/li>\n<\/ul>\n<\/div>\n<\/div>\n<p><img loading=\"lazy\" decoding=\"async\" class=\"alignnone wp-image-8361\" src=\"https:\/\/zooprekes24.lt\/wp-content\/uploads\/vhn-all-territories-packaging-emblematic-all-adult-cat.png\" alt=\"Royal Canin VD Cat Gastro Intestinal logo\" width=\"320\" height=\"341\" \/><\/p>","protected":false},"excerpt":{"rendered":"<p>Royal Canin Gastrointestinal Cat konservai tai visavertis dietinis \u0161lapias \u0117dalas kat\u0117ms, skirtas suma\u017einti \u016bmius \u017earnyno sutrikimus bei skatinti mitybos atk\u016brim\u0105 ir sveikim\u0105. Unikali maisto formul\u0117 skirta jautr\u0173 skrand\u012f ir vir\u0161kinimo sutrikimus turin\u010dioms kat\u0117ms. Maistin\u0117s med\u017eiagos palaiko subalansuot\u0105 vir\u0161kinimo sistem\u0105. Tinkamas energijos kiekis atitinka ka\u010di\u0173 poreikius neapkraunant skrand\u017eio. Padidintas elektrolit\u0173 ir svarbiausi\u0173 maisting\u0173 med\u017eiag\u0173 kiekis. Royal&#8230;<\/p>","protected":false},"featured_media":20138,"comment_status":"closed","ping_status":"closed","template":"","meta":{"_acf_changed":false,"slim_seo":{"title":"Royal Canin Gastrointestinal Cat konservai kat\u0117ms pada\u017ee - Zooprekes24","description":"Royal Canin Gastrointestinal Cat Canned Food ir pilnv\u0113rt\u012bga di\u0113tiska mitr\u0101 bar\u012bba ka\u0137iem, kas paredz\u0113ta ak\u016btu zarnu darb\u012bbas trauc\u0113jumu mazin\u0101\u0161anai un uzturvielu atjauno\u0161an\u0101s veicin\u0101\u0161anai."},"iawp_total_views":1746},"product_brand":[],"product_cat":[72,83,25,9242,9020,9037],"product_tag":[1671,2322,1817,3296,1675,1682,3297,1696],"class_list":{"0":"post-23393","1":"product","2":"type-product","3":"status-publish","4":"has-post-thumbnail","6":"product_cat-kaciu-maistas","7":"product_cat-kaciu-prekiu-gamintojai","8":"product_cat-katems","9":"product_cat-royal-canin-veterinary-diets-katems","10":"product_cat-slapias-maistas-kaciu-maistas","11":"product_cat-veterinarine-dieta-kaciu-maistas","12":"product_tag-begrudis-kaciu-maistas","13":"product_tag-dietinis-edalas-katems","14":"product_tag-edalas-katems","15":"product_tag-gastro-intential-maistas-katei","16":"product_tag-kaciu-edalas","17":"product_tag-kaciu-maistas-super-premium-klases","18":"product_tag-maistas-katei-jautriam-skrandziui","19":"product_tag-super-premium-maistas-katems","20":"pa_pasaro-sudetis-vistiena","21":"pa_prekiu-zenklai-royal-canin-veterinary-diets","23":"first","24":"instock","25":"featured","26":"taxable","27":"shipping-taxable","28":"purchasable","29":"product-type-variable"},"acf":[],"_links":{"self":[{"href":"https:\/\/zooprekes24.lt\/lv\/wp-json\/wp\/v2\/product\/23393","targetHints":{"allow":["GET"]}}],"collection":[{"href":"https:\/\/zooprekes24.lt\/lv\/wp-json\/wp\/v2\/product"}],"about":[{"href":"https:\/\/zooprekes24.lt\/lv\/wp-json\/wp\/v2\/types\/product"}],"replies":[{"embeddable":true,"href":"https:\/\/zooprekes24.lt\/lv\/wp-json\/wp\/v2\/comments?post=23393"}],"wp:featuredmedia":[{"embeddable":true,"href":"https:\/\/zooprekes24.lt\/lv\/wp-json\/wp\/v2\/media\/20138"}],"wp:attachment":[{"href":"https:\/\/zooprekes24.lt\/lv\/wp-json\/wp\/v2\/media?parent=23393"}],"wp:term":[{"taxonomy":"product_brand","embeddable":true,"href":"https:\/\/zooprekes24.lt\/lv\/wp-json\/wp\/v2\/product_brand?post=23393"},{"taxonomy":"product_cat","embeddable":true,"href":"https:\/\/zooprekes24.lt\/lv\/wp-json\/wp\/v2\/product_cat?post=23393"},{"taxonomy":"product_tag","embeddable":true,"href":"https:\/\/zooprekes24.lt\/lv\/wp-json\/wp\/v2\/product_tag?post=23393"}],"curies":[{"name":"wp","href":"https:\/\/api.w.org\/{rel}","templated":true}]}}