{"id":23390,"date":"2024-04-19T13:20:27","date_gmt":"2024-04-19T10:20:27","guid":{"rendered":"https:\/\/zooprekes24.lt\/produktas\/royal-canin-hypoallergenic-pastetas\/"},"modified":"2025-07-28T18:38:15","modified_gmt":"2025-07-28T16:38:15","slug":"royal-canin-hypoallergenic-pastetas-400g","status":"publish","type":"product","link":"https:\/\/zooprekes24.lt\/lv\/produktas\/royal-canin-hypoallergenic-pastetas-400g\/","title":{"rendered":"Royal Canin Hipoaler\u0123iska past\u0113te su\u0146iem"},"content":{"rendered":"<h3>Royal Canin Hypoallergenic ir veterin\u0101r\u0101 mitr\u0101 bar\u012bba pieaugu\u0161iem un vec\u0101kiem su\u0146iem. Hipoaler\u0123iska veterin\u0101r\u0101 bar\u012bba su\u0146iem ar hronisk\u0101m niezo\u0161\u0101m dermatoz\u0113m, p\u0101rtikas aler\u0123ij\u0101m vai p\u0101rtikas nepanesam\u012bbu. Unik\u0101l\u0101 konservu formula ir izstr\u0101d\u0101ta, lai samazin\u0101tu sast\u0101vda\u013cu un bar\u012bbas vielu nepanesam\u012bbu.<\/h3>\n<ul>\n<li>Royal Canin Hypoallergenic konservu formula sast\u0101v no prote\u012bna izol\u0101ta un augu di\u0113tisk\u0101s \u0161\u0137iedrvielas hidroliz\u0101ta. T\u0101s sast\u0101v no zemas molekulmasas pept\u012bdiem, padarot bar\u012bbu viegli sagremojamu un viegli sagremojamu. <a href=\"https:\/\/www.youtube.com\/watch?v=e_BUgKozqZw\" target=\"_blank\" rel=\"noopener\">labi panes aler\u0123isku su\u0146u gremo\u0161anas sist\u0113ma.<\/a><\/li>\n<li>Satur liel\u0101ku <a href=\"https:\/\/zooprekes24.lt\/lv\/products\/canina-biotina-forte-tabletes\/\" target=\"_blank\" rel=\"noopener\">biot\u012bns<\/a>Niac\u012bna, niac\u012bna, pantenola saturs kop\u0101 ar cinka un linolsk\u0101bes kompleksu stiprina m\u0101jdz\u012bvnieka \u0101das aizsargfunkciju barjeru un nov\u0113r\u0161 p\u0101rm\u0113r\u012bgu \u0101das sausumu, kas var izrais\u012bt stipru niezi.<\/li>\n<li>Ferment\u0113jam\u0101s \u0161\u0137iedrvielas (bie\u0161u m\u012bkstums, fruktooligosahar\u012bdi) l\u012bdzsvaro su\u0146a zarnu mikrofloru un veicina un atjauno pareizu ku\u0146\u0123a un zarnu trakta darb\u012bbu.<\/li>\n<li>Royal Canin Hypoallergenic Paste satur divu veidu omega 3 tauksk\u0101bes -. <a href=\"https:\/\/omegamarine.lt\/apie-omega3\/\" target=\"_blank\" rel=\"noopener\">EPA (eikozapenta\u0113nsk\u0101be) un DHA (dokozaheksa\u0113nsk\u0101be).<\/a> ir dabiski sastopamas e\u013c\u013cain\u0101s j\u016bras ziv\u012bs, piem\u0113ram, la\u0161os, skumbrij\u0101s, si\u013c\u0137\u0113s, tunziv\u012bs un sard\u012bn\u0113s. \u0160\u012bs sk\u0101bes pal\u012bdz regul\u0113t \u0101das reakcijas uz aler\u0123ij\u0101m un ir iesaist\u012btas ar\u012b zarnu g\u013cot\u0101das \u0161\u016bnu veido\u0161an\u0101.<\/li>\n<\/ul>\n<h3><span style=\"color: #408ca3; font-size: 14px;\"><strong>P\u0101rtika ir der\u012bga lieto\u0161anai p\u0101rtik\u0101, ja:<\/strong><\/span><\/h3>\n<ul>\n<li>ku\u0146\u0123a-zarnu trakta aler\u0123ijas ar \u0101das un\/vai ku\u0146\u0123a-zarnu trakta darb\u012bbas trauc\u0113jumiem.<\/li>\n<li>Atopiskais dermat\u012bts ar hronisku niezi (vieglos gad\u012bjumos)<\/li>\n<li>Bakt\u0113riju aug\u0161ana tievaj\u0101s zarn\u0101s (SIBO)<\/li>\n<li>Eksokr\u012bn\u0101 aizku\u0146\u0123a dziedzera mazsp\u0113ja (EPI)<\/li>\n<li>Uzturvielu nepanes\u012bba<\/li>\n<li>Hroniska zarnu iekaisuma slim\u012bba (IBD)<\/li>\n<li>Aizku\u0146\u0123a dziedzera enz\u012bmu defic\u012bts<\/li>\n<li>Hroniska caureja<\/li>\n<li>Zarnu mikrofloras trauc\u0113jumi<\/li>\n<\/ul>\n<h3><span style=\"font-size: 14px; color: #408ca3;\"><strong>Ja esat slims, \u0113dienu nedr\u012bkst lietot:<\/strong><\/span><\/h3>\n<ul>\n<li>Hiperlipid\u0113mija<\/li>\n<li>Pankreat\u012bts (tostarp iepriek\u0161 p\u0101rnestais)<\/li>\n<li>Akt\u012bv\u0101s aug\u0161anas, gr\u016btniec\u012bbas un lakt\u0101cijas laik\u0101<\/li>\n<\/ul>\n<p><a ref=\"magnificPopup\" href=\"https:\/\/zooprekes24.lt\/wp-content\/uploads\/hypoallergic-logo.png\"><img loading=\"lazy\" decoding=\"async\" class=\"wp-image-11369\" src=\"https:\/\/zooprekes24.lt\/wp-content\/uploads\/hypoallergic-logo.png\" alt=\"Royal Canin hipoaler\u0123iska saus\u0101 bar\u012bba su\u0146iem logo\" width=\"301\" height=\"313\" \/><\/a><\/p>","protected":false},"excerpt":{"rendered":"<p>Royal Canin Hypoallergenic &#8211; veterinarinis suaugusi\u0173 ir vyresnio am\u017eiaus \u0161un\u0173 \u0161lapias maistas. Hipoalergin\u0117 veterinarin\u0117 dieta pritaikyta \u0161unims sergantiems l\u0117tin\u0117mis nie\u017etin\u010diomis dermatoz\u0117mis, linkusiems \u012f maisto alergijas ar netoleruojantiems maisto produkt\u0173. Unikali konserv\u0173 formul\u0117 skirta ingredient\u0173 ir maistini\u0173 med\u017eiag\u0173 netoleravimo ma\u017einimui. Royal Canin Hypoallergenic konserv\u0173 formul\u0117 susideda i\u0161 baltym\u0173 izoliato ir augalini\u0173 maistini\u0173 skaidul\u0173 hidrolizato. Jie sudaryti&#8230;<\/p>","protected":false},"featured_media":20137,"comment_status":"closed","ping_status":"closed","template":"","meta":{"_acf_changed":false,"slim_seo":{"title":"Royal Canin Hypoallergenic pa\u0161tetas \u0161unims - Zooprekes24","description":"Royal Canin Hypoallergenic ir veterin\u0101r\u0101 mitr\u0101 bar\u012bba pieaugu\u0161iem un vec\u0101kiem su\u0146iem. Hipoaler\u0123iska veterin\u0101r\u0101 di\u0113ta, kas piel\u0101gota su\u0146iem ar l\u0113nu aug\u0161anas \u0101trumu."},"iawp_total_views":475},"product_brand":[],"product_cat":[9241,9004,8999,29,31,9035],"product_tag":[177,418,4285,4286,4288,4300,200],"class_list":{"0":"post-23390","1":"product","2":"type-product","3":"status-publish","4":"has-post-thumbnail","6":"product_cat-royal-canin-veterinary-diets-sunims","7":"product_cat-slapias-maistas","8":"product_cat-sunims","9":"product_cat-sunu-maistas","10":"product_cat-sunu-prekiu-gamintojai","11":"product_cat-veterinarine-dieta","12":"product_tag-edalas-sunims","13":"product_tag-konservuotas-maistas-sunims","14":"product_tag-royal-canin-alergiskam-suniui","15":"product_tag-royal-canin-alergiskiems-sunims","16":"product_tag-royal-canin-hypoalergic-sausas-maistas-sunims","17":"product_tag-suns-letinis-viduriavimas","18":"product_tag-super-premium-maistas-sunims","19":"pa_prekiu-zenklai-royal-canin-veterinary-diets","20":"pa_suns-amzius-senjorams","21":"pa_suns-amzius-suaugusiems","22":"pa_veisles-dydis-didelems-veislems","23":"pa_veisles-dydis-mazoms-veislems","24":"pa_veisles-dydis-vidutinems-veislems","25":"pa_veisles-dydis-visu-dydziu-veislems","27":"first","28":"instock","29":"taxable","30":"shipping-taxable","31":"purchasable","32":"product-type-variable"},"acf":[],"_links":{"self":[{"href":"https:\/\/zooprekes24.lt\/lv\/wp-json\/wp\/v2\/product\/23390","targetHints":{"allow":["GET"]}}],"collection":[{"href":"https:\/\/zooprekes24.lt\/lv\/wp-json\/wp\/v2\/product"}],"about":[{"href":"https:\/\/zooprekes24.lt\/lv\/wp-json\/wp\/v2\/types\/product"}],"replies":[{"embeddable":true,"href":"https:\/\/zooprekes24.lt\/lv\/wp-json\/wp\/v2\/comments?post=23390"}],"wp:featuredmedia":[{"embeddable":true,"href":"https:\/\/zooprekes24.lt\/lv\/wp-json\/wp\/v2\/media\/20137"}],"wp:attachment":[{"href":"https:\/\/zooprekes24.lt\/lv\/wp-json\/wp\/v2\/media?parent=23390"}],"wp:term":[{"taxonomy":"product_brand","embeddable":true,"href":"https:\/\/zooprekes24.lt\/lv\/wp-json\/wp\/v2\/product_brand?post=23390"},{"taxonomy":"product_cat","embeddable":true,"href":"https:\/\/zooprekes24.lt\/lv\/wp-json\/wp\/v2\/product_cat?post=23390"},{"taxonomy":"product_tag","embeddable":true,"href":"https:\/\/zooprekes24.lt\/lv\/wp-json\/wp\/v2\/product_tag?post=23390"}],"curies":[{"name":"wp","href":"https:\/\/api.w.org\/{rel}","templated":true}]}}