{"id":23385,"date":"2024-04-19T13:20:27","date_gmt":"2024-04-19T10:20:27","guid":{"rendered":"https:\/\/zooprekes24.lt\/produktas\/kong-nylon-collar-raudonas-antkaklis\/"},"modified":"2025-09-08T13:53:36","modified_gmt":"2025-09-08T11:53:36","slug":"kong-neilona-apkakle-sarkana-apkakle","status":"publish","type":"product","link":"https:\/\/zooprekes24.lt\/lv\/produktas\/kong-nylon-collar-raudonas-antkaklis\/","title":{"rendered":"KONG neilona apkakle sarkana apkakle su\u0146iem"},"content":{"rendered":"<h3>KONG neilona apkakle ir augstas kvalit\u0101tes apkakle j\u016bsu m\u012b\u013cotajam \u010detrk\u0101jainajam draugam. Ide\u0101li piem\u0113rota tum\u0161\u0101m dien\u0101m vai dienas laik\u0101, jo apkakle tums\u0101 atstaro gaismu. Pat\u012bkamais un m\u012bkstais, nodilumiztur\u012bgais materi\u0101ls apkakles iek\u0161pus\u0113 nodro\u0161ina augstu komforta l\u012bmeni j\u016bsu \u010detrk\u0101jainajam draugam.<\/h3>\n<ul>\n<li><a href=\"https:\/\/www.kongcompany.com\/lets-play\/kong-history\" target=\"_blank\" rel=\"noopener\">Augsta kvalit\u0101te un iztur\u012bba.<\/a><\/li>\n<li>Polster\u0113ts audums iek\u0161pus\u0113.<\/li>\n<li>\u013boti viegli uzvilkt un no\u0146emt.<\/li>\n<li>Lielais gredzens \u013cauj piesl\u0113gt apkakli pie jebkuras pavadas.<\/li>\n<li>Viegli regul\u0113jams apkakles izm\u0113rs.<\/li>\n<li>KONG neilona apkakles model\u012b izmantota iztur\u012bga un iztur\u012bga spr\u0101dze.<\/li>\n<li><a href=\"https:\/\/zooprekes24.lt\/lv\/?s=atspindi+sviesa&amp;post_type=product\" target=\"_blank\" rel=\"noopener\">Atstarojo\u0161as deta\u013cas<\/a> nodro\u0161ina komfortu pastaig\u0101m tums\u0101.<\/li>\n<\/ul>","protected":false},"excerpt":{"rendered":"<p>KONG Nylon Collar &#8211; auk\u0161tos kokyb\u0117s antkaklis J\u016bs\u0173 mylimam keturkojui bi\u010diuliui. Idealiai tinka tamsiomis dienomis arba tamsiu paros metu, kadangi antkaklis tamsoje atspindi \u0161vies\u0105. Maloni ir mink\u0161ta, trin\u010diai atspari med\u017eiaga esanti vidin\u0117je antkaklio pus\u0117je u\u017etikrina auk\u0161ta komforto lygi J\u016bs\u0173 keturkojui draugui. Auk\u0161ta kokyb\u0117 ir patvarumas. Pamink\u0161tintas vidin\u0117s pus\u0117s audinys. Labai paprasta u\u017ed\u0117ti ir nuimti. Didelis&#8230;<\/p>","protected":false},"featured_media":18290,"comment_status":"closed","ping_status":"closed","template":"","meta":{"_acf_changed":false,"slim_seo":{"title":"KONG Nylon Collar raudonas antkaklis \u0161unims - Zooprekes24","description":"KONG neilona apkakle - augstas kvalit\u0101tes apkakle j\u016bsu m\u012b\u013cotajam \u010detrk\u0101jainajam draugam. Ide\u0101li piem\u0113rota tum\u0161\u0101m diennakts stund\u0101m vai dienas laik\u0101, jo apkakle ir veidota t\u0101, lai"},"iawp_total_views":67},"product_brand":[],"product_cat":[32,9036,9074,8999,31],"product_tag":[],"class_list":{"0":"post-23385","1":"product","2":"type-product","3":"status-publish","4":"has-post-thumbnail","6":"product_cat-kitos-sunu-prekes","7":"product_cat-kong","8":"product_cat-pavadeliai-antsnukiai-petnesos","9":"product_cat-sunims","10":"product_cat-sunu-prekiu-gamintojai","11":"pa_prekiu-zenklai-kong","12":"pa_suns-amzius-jauniems","13":"pa_suns-amzius-senjorams","14":"pa_suns-amzius-suaugusiems","15":"pa_suns-amzius-visiems-amziams","16":"pa_veisles-dydis-didelems-veislems","17":"pa_veisles-dydis-mazoms-veislems","18":"pa_veisles-dydis-vidutinems-veislems","19":"pa_veisles-dydis-visu-dydziu-veislems","21":"first","22":"instock","23":"sale","24":"featured","25":"taxable","26":"shipping-taxable","27":"purchasable","28":"product-type-variable","29":"has-default-attributes"},"acf":[],"_links":{"self":[{"href":"https:\/\/zooprekes24.lt\/lv\/wp-json\/wp\/v2\/product\/23385","targetHints":{"allow":["GET"]}}],"collection":[{"href":"https:\/\/zooprekes24.lt\/lv\/wp-json\/wp\/v2\/product"}],"about":[{"href":"https:\/\/zooprekes24.lt\/lv\/wp-json\/wp\/v2\/types\/product"}],"replies":[{"embeddable":true,"href":"https:\/\/zooprekes24.lt\/lv\/wp-json\/wp\/v2\/comments?post=23385"}],"wp:featuredmedia":[{"embeddable":true,"href":"https:\/\/zooprekes24.lt\/lv\/wp-json\/wp\/v2\/media\/18290"}],"wp:attachment":[{"href":"https:\/\/zooprekes24.lt\/lv\/wp-json\/wp\/v2\/media?parent=23385"}],"wp:term":[{"taxonomy":"product_brand","embeddable":true,"href":"https:\/\/zooprekes24.lt\/lv\/wp-json\/wp\/v2\/product_brand?post=23385"},{"taxonomy":"product_cat","embeddable":true,"href":"https:\/\/zooprekes24.lt\/lv\/wp-json\/wp\/v2\/product_cat?post=23385"},{"taxonomy":"product_tag","embeddable":true,"href":"https:\/\/zooprekes24.lt\/lv\/wp-json\/wp\/v2\/product_tag?post=23385"}],"curies":[{"name":"wp","href":"https:\/\/api.w.org\/{rel}","templated":true}]}}