{"id":23377,"date":"2024-04-19T13:19:52","date_gmt":"2024-04-19T10:19:52","guid":{"rendered":"https:\/\/zooprekes24.lt\/produktas\/royal-canin-hypoallergenic-sunims\/"},"modified":"2025-07-28T18:49:05","modified_gmt":"2025-07-28T16:49:05","slug":"royal-canin-hipoalergiski-sunimsi","status":"publish","type":"product","link":"https:\/\/zooprekes24.lt\/lv\/produktas\/royal-canin-hypoallergenic-sunims\/","title":{"rendered":"Royal Canin hipoaler\u0123iska saus\u0101 bar\u012bba su\u0146iem"},"content":{"rendered":"<h3>Royal Canin Hypoallergenic ir saus\u0101 veterin\u0101r\u0101 bar\u012bba vid\u0113ju un lielu \u0161\u0137ir\u0146u (no 10 kg) pieaugu\u0161iem un vec\u0101kiem su\u0146iem. \u0160\u012b hipoaler\u0123isk\u0101 veterin\u0101r\u0101 bar\u012bba ir piem\u0113rota su\u0146iem ar hronisk\u0101m niezo\u0161\u0101m dermatoz\u0113m, p\u0101rtikas aler\u0123ij\u0101m vai p\u0101rtikas nepanesam\u012bbu. Unik\u0101l\u0101 formula ir izstr\u0101d\u0101ta t\u0101, lai samazin\u0101tu sast\u0101vda\u013cu un bar\u012bbas vielu nepanesam\u012bbu.<\/h3>\n<ul>\n<li>Royal Canin hipoaler\u0123isk\u0101 formula sast\u0101v no olbaltumvielu izol\u0101ta un augu di\u0113tisk\u0101s \u0161\u0137iedrvielas hidroliz\u0101ta. To sast\u0101v\u0101 ir zemas molekulmasas pept\u012bdi, kas padara bar\u012bbu viegli sagremojamu un labi panesamu aler\u0123isku su\u0146u gremo\u0161anas sist\u0113mai.<\/li>\n<li>Satur liel\u0101ku <a href=\"https:\/\/zooprekes24.lt\/lv\/products\/canina-biotina-forte-tabletes\/\" target=\"_blank\" rel=\"noopener\">biot\u012bns<\/a>Niac\u012bna, niac\u012bna, pantenola saturs kop\u0101 ar cinka un linolsk\u0101bes kompleksu stiprina m\u0101jdz\u012bvnieka \u0101das aizsargfunkciju barjeru un nov\u0113r\u0161 p\u0101rm\u0113r\u012bgu \u0101das sausumu, kas var izrais\u012bt stipru niezi.<\/li>\n<li>Ferment\u0113jam\u0101s \u0161\u0137iedrvielas (bie\u0161u m\u012bkstums, fruktooligosahar\u012bdi) l\u012bdzsvaro su\u0146a zarnu mikrofloru un veicina un atjauno pareizu ku\u0146\u0123a un zarnu trakta darb\u012bbu.<\/li>\n<li>Divi galvenie omega 3 tauksk\u0101bju veidi ir \u0161\u0101di. <a href=\"https:\/\/omegamarine.lt\/apie-omega3\/\" target=\"_blank\" rel=\"noopener\">EPA (eikozapenta\u0113nsk\u0101be) un DHA (dokozaheksa\u0113nsk\u0101be).<\/a> ir dabiski sastopamas e\u013c\u013cain\u0101s j\u016bras ziv\u012bs, piem\u0113ram, la\u0161os, skumbrij\u0101s, si\u013c\u0137\u0113s, tunziv\u012bs un sard\u012bn\u0113s. \u0160\u012bs p\u0101rtikas produktos eso\u0161\u0101s sk\u0101bes pal\u012bdz regul\u0113t \u0101das reakcijas uz aler\u0123ij\u0101m, k\u0101 ar\u012b piedal\u0101s zarnu g\u013cot\u0101das \u0161\u016bnu veido\u0161an\u0101.<\/li>\n<li><a href=\"https:\/\/www.youtube.com\/watch?v=e_BUgKozqZw\" target=\"_blank\" rel=\"noopener\">Royal Canin Hypoallergenic<\/a> Bar\u012bba satur patent\u0113tu intens\u012bv\u0101s kr\u0101sas kompleksu, kas bag\u0101tin\u0101ts ar L-tiroz\u012bnu, kas pal\u012bdz atjaunot optim\u0101lu ka\u017eoka dabisk\u0101s kr\u0101sas intensit\u0101ti.<\/li>\n<\/ul>\n<h3><span style=\"color: #408ca3; font-size: 14px;\"><strong>P\u0101rtika ir der\u012bga lieto\u0161anai p\u0101rtik\u0101, ja:<\/strong><\/span><\/h3>\n<ul>\n<li>ku\u0146\u0123a-zarnu trakta aler\u0123ijas ar \u0101das un\/vai ku\u0146\u0123a-zarnu trakta darb\u012bbas trauc\u0113jumiem.<\/li>\n<li>Atopiskais dermat\u012bts ar hronisku niezi (vieglos gad\u012bjumos)<\/li>\n<li>Bakt\u0113riju aug\u0161ana tievaj\u0101s zarn\u0101s (SIBO)<\/li>\n<li>Eksokr\u012bn\u0101 aizku\u0146\u0123a dziedzera mazsp\u0113ja (EPI)<\/li>\n<li>Uzturvielu nepanes\u012bba<\/li>\n<li>Hroniska zarnu iekaisuma slim\u012bba (IBD)<\/li>\n<li>Aizku\u0146\u0123a dziedzera enz\u012bmu defic\u012bts<\/li>\n<li>Hroniska caureja<\/li>\n<li>Zarnu mikrofloras trauc\u0113jumi<\/li>\n<\/ul>\n<h3><span style=\"font-size: 14px; color: #408ca3;\"><strong>Ja esat slims, \u0113dienu nedr\u012bkst lietot:<\/strong><\/span><\/h3>\n<ul>\n<li>Hiperlipid\u0113mija<\/li>\n<li>Pankreat\u012bts (tostarp iepriek\u0161 p\u0101rnestais)<\/li>\n<\/ul>\n<p><a ref=\"magnificPopup\" href=\"https:\/\/zooprekes24.lt\/wp-content\/uploads\/hypoallergic-logo.png\"><img loading=\"lazy\" decoding=\"async\" class=\"wp-image-11369\" src=\"https:\/\/zooprekes24.lt\/wp-content\/uploads\/hypoallergic-logo.png\" alt=\"Royal Canin hipoaler\u0123iska saus\u0101 bar\u012bba su\u0146iem logo\" width=\"301\" height=\"313\" \/><\/a><\/p>","protected":false},"excerpt":{"rendered":"<p>Royal Canin Hypoallergenic &#8211; veterinarinis vidutini\u0173 ir dideli\u0173 veisli\u0173 (nuo 10 kg) suaugusi\u0173 ir vyresnio am\u017eiaus \u0161un\u0173 sausas maistas. Hipoalergin\u0117 veterinarin\u0117 dieta pritaikyta \u0161unims sergantiems l\u0117tin\u0117mis nie\u017etin\u010diomis dermatoz\u0117mis, linkusiems \u012f maisto alergijas ar netoleruojantiems maisto produkt\u0173. Unikali maisto formul\u0117 skirta ingredient\u0173 ir maistini\u0173 med\u017eiag\u0173 netoleravimo ma\u017einimui. Royal Canin Hypoallergenic maisto formul\u0117 susideda i\u0161 baltym\u0173 izoliato&#8230;<\/p>","protected":false},"featured_media":20127,"comment_status":"closed","ping_status":"closed","template":"","meta":{"_acf_changed":false,"slim_seo":{"title":"Royal Canin Hypoallergenic sausas maistas \u0161unims - Zooprekes24","description":"Royal Canin Hypoallergenic ir saus\u0101 veterin\u0101r\u0101 bar\u012bba vid\u0113ju un lielu \u0161\u0137ir\u0146u (no 10 kg) pieaugu\u0161iem un vec\u0101kiem su\u0146iem. Hipoaler\u0123iska veterin\u0101r\u0101 bar\u012bba"},"iawp_total_views":2476},"product_brand":[],"product_cat":[9241,9002,8999,29,31,9035],"product_tag":[177,4285,4286,4288,4300,200],"class_list":{"0":"post-23377","1":"product","2":"type-product","3":"status-publish","4":"has-post-thumbnail","6":"product_cat-royal-canin-veterinary-diets-sunims","7":"product_cat-sausas-maistas","8":"product_cat-sunims","9":"product_cat-sunu-maistas","10":"product_cat-sunu-prekiu-gamintojai","11":"product_cat-veterinarine-dieta","12":"product_tag-edalas-sunims","13":"product_tag-royal-canin-alergiskam-suniui","14":"product_tag-royal-canin-alergiskiems-sunims","15":"product_tag-royal-canin-hypoalergic-sausas-maistas-sunims","16":"product_tag-suns-letinis-viduriavimas","17":"product_tag-super-premium-maistas-sunims","18":"pa_pasaro-sudetis-ryziai","19":"pa_prekiu-zenklai-royal-canin-veterinary-diets","20":"pa_suns-amzius-senjorams","21":"pa_suns-amzius-suaugusiems","22":"pa_veisles-dydis-didelems-veislems","23":"pa_veisles-dydis-vidutinems-veislems","25":"first","26":"instock","27":"taxable","28":"shipping-taxable","29":"purchasable","30":"product-type-variable"},"acf":[],"_links":{"self":[{"href":"https:\/\/zooprekes24.lt\/lv\/wp-json\/wp\/v2\/product\/23377","targetHints":{"allow":["GET"]}}],"collection":[{"href":"https:\/\/zooprekes24.lt\/lv\/wp-json\/wp\/v2\/product"}],"about":[{"href":"https:\/\/zooprekes24.lt\/lv\/wp-json\/wp\/v2\/types\/product"}],"replies":[{"embeddable":true,"href":"https:\/\/zooprekes24.lt\/lv\/wp-json\/wp\/v2\/comments?post=23377"}],"wp:featuredmedia":[{"embeddable":true,"href":"https:\/\/zooprekes24.lt\/lv\/wp-json\/wp\/v2\/media\/20127"}],"wp:attachment":[{"href":"https:\/\/zooprekes24.lt\/lv\/wp-json\/wp\/v2\/media?parent=23377"}],"wp:term":[{"taxonomy":"product_brand","embeddable":true,"href":"https:\/\/zooprekes24.lt\/lv\/wp-json\/wp\/v2\/product_brand?post=23377"},{"taxonomy":"product_cat","embeddable":true,"href":"https:\/\/zooprekes24.lt\/lv\/wp-json\/wp\/v2\/product_cat?post=23377"},{"taxonomy":"product_tag","embeddable":true,"href":"https:\/\/zooprekes24.lt\/lv\/wp-json\/wp\/v2\/product_tag?post=23377"}],"curies":[{"name":"wp","href":"https:\/\/api.w.org\/{rel}","templated":true}]}}