{"id":23374,"date":"2024-04-19T13:19:52","date_gmt":"2024-04-19T10:19:52","guid":{"rendered":"https:\/\/zooprekes24.lt\/produktas\/royal-canin-appetite-control-care-padaze\/"},"modified":"2025-07-02T11:15:43","modified_gmt":"2025-07-02T09:15:43","slug":"royal-canin-apetite-control-aprupes-merce","status":"publish","type":"product","link":"https:\/\/zooprekes24.lt\/lv\/produktas\/royal-canin-appetite-control-care-padaze\/","title":{"rendered":"Royal Canin Appetite Control Care konservai kat\u0117ms pada\u017ee"},"content":{"rendered":"<h3>Royal Canin Appetite Control Care &#8211; tai subalansuotas \u0161lapias ka\u010di\u0173 pa\u0161aras, skirtas suaugusioms kat\u0117ms nuo 1 met\u0173 am\u017eiaus. Konservai padeda kontroliuoti kat\u0117s maisto pra\u0161in\u0117jimo \u012fprot\u012f, suma\u017eina alkio poj\u016bti ir padeda i\u0161vengti vir\u0161vorio.<\/h3>\n<ul>\n<li>Da\u017ei ka\u0137i nesp\u0113j kontrol\u0113t ap\u0113st\u0101 bar\u012bbas daudzuma daudzumu, t\u0101p\u0113c konservos ir daudz speci\u0101lu \u0161\u0137iedrvielu, kas apmierina to ka\u0137u apet\u012bti, kuri nep\u0101rtraukti prasa bar\u012bbu, un dabiski samazina izsalkuma saj\u016btu.<\/li>\n<li>Mitraj\u0101 bar\u012bb\u0101 eso\u0161ais L-karnit\u012bns nodro\u0161ina labu tauku vielmai\u0146u.<\/li>\n<li>Zems tauku saturs (12%) pal\u012bdz samazin\u0101t ka\u0137u liek\u0101 svara risku.<\/li>\n<li><a href=\"https:\/\/www.youtube.com\/watch?v=FYwO1fiYoa8\" target=\"_blank\" rel=\"noopener\">Pareizi sabalans\u0113tas miner\u0101lvielas<\/a> veicina vesel\u012bgu j\u016bsu m\u0101jdz\u012bvnieka ur\u012bnce\u013cu sist\u0113mas darb\u012bbu.<\/li>\n<li>Sasniedziet optim\u0101lus rezult\u0101tus, kombin\u0113jot \u0161os konservus ar <a href=\"https:\/\/zooprekes24.lt\/lv\/products\/royal-canin-apetites-kontroles-aprupe\/\" target=\"_blank\" rel=\"noopener\">Royal Canin Appetite Control Care<\/a> saus\u0101 p\u0101rtika.<\/li>\n<\/ul>\n<p><a ref=\"magnificPopup\" href=\"https:\/\/zooprekes24.lt\/wp-content\/uploads\/Appetite-control-care-logo.png\"><img loading=\"lazy\" decoding=\"async\" class=\"alignnone wp-image-9817\" src=\"https:\/\/zooprekes24.lt\/wp-content\/uploads\/Appetite-control-care-logo.png\" alt=\"Appetite-control-care-logo\" width=\"256\" height=\"350\" \/><\/a><\/p>","protected":false},"excerpt":{"rendered":"<p>Royal Canin Appetite Control Care &#8211; tai subalansuotas \u0161lapias ka\u010di\u0173 pa\u0161aras, skirtas suaugusioms kat\u0117ms nuo 1 met\u0173 am\u017eiaus. Konservai padeda kontroliuoti kat\u0117s maisto pra\u0161in\u0117jimo \u012fprot\u012f, suma\u017eina alkio poj\u016bti ir padeda i\u0161vengti vir\u0161vorio. Kai kurios kat\u0117s nesugeba kontroliuoti suvalgomo maisto kiekio, d\u0117l \u0161ios prie\u017easties konserv\u0173 sud\u0117tyje yra daug speciali\u0173j\u0173 skaidul\u0173, kurios patenkina nuolat maisto pra\u0161an\u010di\u0173 ka\u010di\u0173&#8230;<\/p>","protected":false},"featured_media":20124,"comment_status":"closed","ping_status":"closed","template":"","meta":{"_acf_changed":false,"slim_seo":{"title":"Royal Canin Appetite Control Care konservai kat\u0117ms pada\u017ee - Zooprekes24","description":"Royal Canin Appetite Control Care - tai subalansuotas \u0161lapias ka\u010di\u0173 pa\u0161aras, skirtas suaugusioms kat\u0117ms nuo 1 met\u0173 am\u017eiaus. Konservai padeda kontroliuoti kat\u0117s"},"iawp_total_views":193},"product_brand":[],"product_cat":[72,83,25,9019,9020],"product_tag":[1675,1682,1696],"class_list":{"0":"post-23374","1":"product","2":"type-product","3":"status-publish","4":"has-post-thumbnail","6":"product_cat-kaciu-maistas","7":"product_cat-kaciu-prekiu-gamintojai","8":"product_cat-katems","9":"product_cat-royal-canin-kaciu-prekiu-gamintojai","10":"product_cat-slapias-maistas-kaciu-maistas","11":"product_tag-kaciu-edalas","12":"product_tag-kaciu-maistas-super-premium-klases","13":"product_tag-super-premium-maistas-katems","14":"pa_pasaro-sudetis-vistiena","15":"pa_prekiu-zenklai-royal-canin","17":"first","18":"instock","19":"featured","20":"taxable","21":"shipping-taxable","22":"purchasable","23":"product-type-variable"},"acf":[],"_links":{"self":[{"href":"https:\/\/zooprekes24.lt\/lv\/wp-json\/wp\/v2\/product\/23374","targetHints":{"allow":["GET"]}}],"collection":[{"href":"https:\/\/zooprekes24.lt\/lv\/wp-json\/wp\/v2\/product"}],"about":[{"href":"https:\/\/zooprekes24.lt\/lv\/wp-json\/wp\/v2\/types\/product"}],"replies":[{"embeddable":true,"href":"https:\/\/zooprekes24.lt\/lv\/wp-json\/wp\/v2\/comments?post=23374"}],"wp:featuredmedia":[{"embeddable":true,"href":"https:\/\/zooprekes24.lt\/lv\/wp-json\/wp\/v2\/media\/20124"}],"wp:attachment":[{"href":"https:\/\/zooprekes24.lt\/lv\/wp-json\/wp\/v2\/media?parent=23374"}],"wp:term":[{"taxonomy":"product_brand","embeddable":true,"href":"https:\/\/zooprekes24.lt\/lv\/wp-json\/wp\/v2\/product_brand?post=23374"},{"taxonomy":"product_cat","embeddable":true,"href":"https:\/\/zooprekes24.lt\/lv\/wp-json\/wp\/v2\/product_cat?post=23374"},{"taxonomy":"product_tag","embeddable":true,"href":"https:\/\/zooprekes24.lt\/lv\/wp-json\/wp\/v2\/product_tag?post=23374"}],"curies":[{"name":"wp","href":"https:\/\/api.w.org\/{rel}","templated":true}]}}