{"id":23362,"date":"2024-04-19T13:19:52","date_gmt":"2024-04-19T10:19:52","guid":{"rendered":"https:\/\/zooprekes24.lt\/produktas\/royal-canin-indoor-sterilised-padaze\/"},"modified":"2026-02-27T13:25:04","modified_gmt":"2026-02-27T11:25:04","slug":"royal-canin-sterilizeta-iekstelpu-merce","status":"publish","type":"product","link":"https:\/\/zooprekes24.lt\/lv\/produktas\/royal-canin-indoor-sterilised-padaze\/","title":{"rendered":"Royal Canin Indoor Sterilised konservai kat\u0117ms pada\u017ee"},"content":{"rendered":"<h3>Royal Canin Indoor Sterilised konservi ir sabalans\u0113ta mitr\u0101 ka\u0137u bar\u012bba pieaugu\u0161iem steriliz\u0113tiem ka\u0137iem vecum\u0101 no 1 l\u012bdz 7 gadiem. T\u0101 satur viegli sagremojamus prote\u012bnus vieglai izk\u0101rn\u012bjumiem un prec\u012bzu vitam\u012bnu un miner\u0101lvielu l\u012bdzsvaru, kas \u012bpa\u0161i piel\u0101gots iek\u0161telpu ka\u0137iem, kuri ir sam\u0113r\u0101 mazkust\u012bgi. <a href=\"https:\/\/zooprekes24.lt\/lv\/kategorija\/pilu-produktu-razotaji\/royal-canin-katems\/\" target=\"_blank\" rel=\"noopener\">ka\u0137u vajadz\u012bb\u0101m<\/a>.<\/h3>\n<ul>\n<li>Konservanti stimul\u0113 zarnu mikrofloru, neitraliz\u0113 toks\u012bnus un mazina fek\u0101liju smaku.<\/li>\n<li>Neraudz\u0113jamo \u0161\u0137iedrvielu un bie\u0161u m\u012bkstuma kombin\u0101cija stimul\u0113 zarnu caureju un pal\u012bdz izvad\u012bt nor\u012btos matus.<\/li>\n<li>Mitr\u0101 p\u0101rtika <a href=\"https:\/\/www.youtube.com\/watch?v=FYwO1fiYoa8&amp;t=2s\" target=\"_blank\" rel=\"noopener\">izstr\u0101d\u0101ti p\u0113c \u012bpa\u0161as formulas<\/a>lai pal\u012bdz\u0113tu uztur\u0113t vesel\u012bgus ur\u012bnce\u013cus un pareizo pH l\u012bmeni, lai nov\u0113rstu krist\u0101lu veido\u0161anos.<\/li>\n<li>Royal Canin Indoor Sterilised konservu bar\u012bba ir mazkaloriju konservu bar\u012bba, kas \u012bpa\u0161i izstr\u0101d\u0101ta maz\u0101k akt\u012bviem ka\u0137iem, kuri dz\u012bvo telp\u0101s.<\/li>\n<\/ul>\n<p><img loading=\"lazy\" decoding=\"async\" class=\"\" src=\"https:\/\/zooprekes24.lt\/wp-content\/uploads\/bc29h-hub-egyptian-mau-adult-black-and-white-22.jpeg\" width=\"423\" height=\"317\" \/><\/p>","protected":false},"excerpt":{"rendered":"<p>Royal Canin Indoor Sterilised konservai \u2013 tai subalansuotas \u0161lapias ka\u010di\u0173 pa\u0161aras, skirtas suaugusioms, sterilizuotoms kat\u0117ms nuo 1 iki 7 met\u0173 am\u017eiaus. Sud\u0117tyje yra itin lengvai vir\u0161kinam\u0173 baltym\u0173, u\u017etikrinan\u010di\u0173 lengv\u0105 tu\u0161tinim\u0105si, bei tiksli vitamin\u0173 ir mineral\u0173 pusiausvyra specialiai pritaikyta u\u017edarose patalpose gyvenan\u010dioms, gana s\u0117sli\u0173 ka\u010di\u0173 poreikiams. Konservai stimuliuoja \u017earnyno mikroflor\u0105, neutralizuoja toksinus ir u\u017etikrina silpnesn\u012f i\u0161mat\u0173&#8230;<\/p>","protected":false},"featured_media":18271,"comment_status":"closed","ping_status":"closed","template":"","meta":{"_acf_changed":false,"slim_seo":{"title":"Royal Canin Indoor Sterilised konservai kat\u0117ms pada\u017ee - Zooprekes24","description":"Royal Canin Indoor Sterilised konservi ir sabalans\u0113ta mitr\u0101 ka\u0137u bar\u012bba pieaugu\u0161iem steriliz\u0113tiem ka\u0137iem vecum\u0101 no 1 l\u012bdz 7 gadiem. Satur"},"iawp_total_views":606},"product_brand":[],"product_cat":[72,83,25,9019,9020],"product_tag":[1675,1682,1696],"class_list":{"0":"post-23362","1":"product","2":"type-product","3":"status-publish","4":"has-post-thumbnail","6":"product_cat-kaciu-maistas","7":"product_cat-kaciu-prekiu-gamintojai","8":"product_cat-katems","9":"product_cat-royal-canin-kaciu-prekiu-gamintojai","10":"product_cat-slapias-maistas-kaciu-maistas","11":"product_tag-kaciu-edalas","12":"product_tag-kaciu-maistas-super-premium-klases","13":"product_tag-super-premium-maistas-katems","14":"pa_pasaro-sudetis-vistiena","15":"pa_prekiu-zenklai-royal-canin","17":"first","18":"instock","19":"sale","20":"featured","21":"taxable","22":"shipping-taxable","23":"purchasable","24":"product-type-variable"},"acf":[],"_links":{"self":[{"href":"https:\/\/zooprekes24.lt\/lv\/wp-json\/wp\/v2\/product\/23362","targetHints":{"allow":["GET"]}}],"collection":[{"href":"https:\/\/zooprekes24.lt\/lv\/wp-json\/wp\/v2\/product"}],"about":[{"href":"https:\/\/zooprekes24.lt\/lv\/wp-json\/wp\/v2\/types\/product"}],"replies":[{"embeddable":true,"href":"https:\/\/zooprekes24.lt\/lv\/wp-json\/wp\/v2\/comments?post=23362"}],"wp:featuredmedia":[{"embeddable":true,"href":"https:\/\/zooprekes24.lt\/lv\/wp-json\/wp\/v2\/media\/18271"}],"wp:attachment":[{"href":"https:\/\/zooprekes24.lt\/lv\/wp-json\/wp\/v2\/media?parent=23362"}],"wp:term":[{"taxonomy":"product_brand","embeddable":true,"href":"https:\/\/zooprekes24.lt\/lv\/wp-json\/wp\/v2\/product_brand?post=23362"},{"taxonomy":"product_cat","embeddable":true,"href":"https:\/\/zooprekes24.lt\/lv\/wp-json\/wp\/v2\/product_cat?post=23362"},{"taxonomy":"product_tag","embeddable":true,"href":"https:\/\/zooprekes24.lt\/lv\/wp-json\/wp\/v2\/product_tag?post=23362"}],"curies":[{"name":"wp","href":"https:\/\/api.w.org\/{rel}","templated":true}]}}