{"id":23332,"date":"2024-04-19T13:19:25","date_gmt":"2024-04-19T10:19:25","guid":{"rendered":"https:\/\/zooprekes24.lt\/produktas\/brit-premium-by-nature-turkey-with-liver\/"},"modified":"2024-12-01T23:19:22","modified_gmt":"2024-12-01T21:19:22","slug":"brit-premium-by-nature-titars-ar-aknam","status":"publish","type":"product","link":"https:\/\/zooprekes24.lt\/lv\/produktas\/brit-premium-by-nature-turkey-with-liver\/","title":{"rendered":"Brit Premium by Nature Turcija ar akn\u0101m Konserv\u0113ta bar\u012bba su\u0146iem"},"content":{"rendered":"<h3>Brit Premium by Nature Turkey with Liver - konservi ar t\u012btaru ga\u013cu un akn\u0101m su\u0146iem ir ide\u0101ls papildin\u0101jums sausajai bar\u012bbai vai vienk\u0101r\u0161i garda pilnv\u0113rt\u012bga uzkoda. T\u0101 pal\u012bdz uzlabot bar\u012bbas uz\u0146em\u0161anu un papildin\u0101t \u0161\u0137idruma kr\u0101jumus. Satur miner\u0101lvielas, kas uztur vesel\u012bgas loc\u012btavas, <a href=\"https:\/\/zooprekes24.lt\/lv\/products\/brit-care-lassi-ella\/\" target=\"_blank\" rel=\"noopener\">la\u0161a e\u013c\u013ca<\/a> un gar\u0161augiem.<\/h3>\n<ul>\n<li><a href=\"https:\/\/brit-petfood.com\/lt\/kodel-grain-free\" target=\"_blank\" rel=\"noopener\">bez graudaugiem - bez s\u0101ls - bez \u0122MO<\/a>.<\/li>\n<li>Lieliska sagremojam\u012bba un lieliska ga\u013cas gar\u0161a.<\/li>\n<li>Sabalans\u0113ts uzturvielu, vitam\u012bnu un miner\u0101lvielu daudzums.<\/li>\n<\/ul>","protected":false},"excerpt":{"rendered":"<p>Brit Premium by Nature Turkey with Liver &#8211;\u00a0konservai su kalakutiena ir kepenimis \u0161unims tai idealus papildas sausam maistui pagardinti arba tiesiog skanus pilnavertis u\u017ekandis. Jis padeda pagerinti maisto suvartojim\u0105 ir papildyti skys\u010dius. Sud\u0117tyje yra mineral\u0173, kurie palaiko sveikus s\u0105narius, la\u0161i\u0161\u0173 aliejaus bei vaista\u017eoli\u0173. Be gr\u016bd\u0173 &#8211; be druskos &#8211; be GMO. Puikus vir\u0161kinamumas ir nuostabus&#8230;<\/p>","protected":false},"featured_media":20120,"comment_status":"closed","ping_status":"closed","template":"","meta":{"_acf_changed":false,"slim_seo":{"title":"Brit Premium by Nature Turkey with Liver konservai \u0161unims - Zooprekes24","description":"Brit Premium by Nature Turkey with Liver -\u00a0konservai su kalakutiena ir kepenimis \u0161unims tai idealus papildas sausam maistui pagardinti arba tiesiog skanus pilna"},"iawp_total_views":49},"product_brand":[],"product_cat":[9006,9004,8999,29,31],"product_tag":[730,418],"class_list":{"0":"post-23332","1":"product","2":"type-product","3":"status-publish","4":"has-post-thumbnail","6":"product_cat-brit-premium","7":"product_cat-slapias-maistas","8":"product_cat-sunims","9":"product_cat-sunu-maistas","10":"product_cat-sunu-prekiu-gamintojai","11":"product_tag-brit-premium-slapias-maistas","12":"product_tag-konservuotas-maistas-sunims","13":"pa_pasaro-sudetis-kalakutiena","14":"pa_pasaro-sudetis-vistiena","15":"pa_prekiu-zenklai-brit-premium","16":"pa_suns-amzius-suaugusiems","17":"pa_veisles-dydis-didelems-veislems","18":"pa_veisles-dydis-mazoms-veislems","19":"pa_veisles-dydis-vidutinems-veislems","20":"pa_veisles-dydis-visu-dydziu-veislems","22":"first","23":"instock","24":"featured","25":"taxable","26":"shipping-taxable","27":"purchasable","28":"product-type-variable"},"acf":[],"_links":{"self":[{"href":"https:\/\/zooprekes24.lt\/lv\/wp-json\/wp\/v2\/product\/23332","targetHints":{"allow":["GET"]}}],"collection":[{"href":"https:\/\/zooprekes24.lt\/lv\/wp-json\/wp\/v2\/product"}],"about":[{"href":"https:\/\/zooprekes24.lt\/lv\/wp-json\/wp\/v2\/types\/product"}],"replies":[{"embeddable":true,"href":"https:\/\/zooprekes24.lt\/lv\/wp-json\/wp\/v2\/comments?post=23332"}],"wp:featuredmedia":[{"embeddable":true,"href":"https:\/\/zooprekes24.lt\/lv\/wp-json\/wp\/v2\/media\/20120"}],"wp:attachment":[{"href":"https:\/\/zooprekes24.lt\/lv\/wp-json\/wp\/v2\/media?parent=23332"}],"wp:term":[{"taxonomy":"product_brand","embeddable":true,"href":"https:\/\/zooprekes24.lt\/lv\/wp-json\/wp\/v2\/product_brand?post=23332"},{"taxonomy":"product_cat","embeddable":true,"href":"https:\/\/zooprekes24.lt\/lv\/wp-json\/wp\/v2\/product_cat?post=23332"},{"taxonomy":"product_tag","embeddable":true,"href":"https:\/\/zooprekes24.lt\/lv\/wp-json\/wp\/v2\/product_tag?post=23332"}],"curies":[{"name":"wp","href":"https:\/\/api.w.org\/{rel}","templated":true}]}}