{"id":23327,"date":"2024-04-19T13:19:11","date_gmt":"2024-04-19T10:19:11","guid":{"rendered":"https:\/\/zooprekes24.lt\/produktas\/brit-premium-by-nature-sensitive\/"},"modified":"2026-04-03T15:44:50","modified_gmt":"2026-04-03T13:44:50","slug":"brit-premium-by-nature-sensitive","status":"publish","type":"product","link":"https:\/\/zooprekes24.lt\/lv\/produktas\/brit-premium-by-nature-sensitive\/","title":{"rendered":"Brit Premium by Nature Sensitive saus\u0101 bar\u012bba su\u0146iem"},"content":{"rendered":"<h3>Brit Premium by Nature Sensitive su\u0146u bar\u012bbai, kas \u012bpa\u0161i izstr\u0101d\u0101ta jut\u012bgiem, aler\u0123iskiem su\u0146iem ar gremo\u0161anas vai \u0101das un ka\u017eoka probl\u0113m\u0101m, piem\u012bt \u0161\u0101das \u012bpa\u0161\u012bbas, kas ietekm\u0113 su\u0146u vesel\u012bbu un st\u0101vokli:<\/h3>\n<ul>\n<li>Hipoaler\u0123iska formula, jo satur j\u0113ra ga\u013cu un r\u012bsus.<\/li>\n<li>Lieliska gremo\u0161ana. \u0160\u012b bar\u012bba satur viegli sagremojamas olbaltumvielas un taukus.<\/li>\n<li>Sp\u0113c\u012bga imunit\u0101te. Prebiotikas (mann\u0101ns un fruktooligosahar\u012bdi) un dab\u012bgie antioksidanti stiprina su\u0146u imunit\u0101ti.<\/li>\n<li>Sp\u012bd\u012bgs, m\u012bksts apmatojums un vesel\u012bga \u0101da - t\u0101s ir \u012bpa\u0161\u012bbas, ko Brit Premium by Nature Sensitive su\u0146iem nodro\u0161ina (pateicoties la\u0161a e\u013c\u013c\u0101 eso\u0161aj\u0101m Omega-3 nepies\u0101tin\u0101taj\u0101m tauksk\u0101b\u0113m).<\/li>\n<li>T\u0101 nesatur t\u0101dus su\u0146u bar\u012bb\u0101 parasti izmantotus graudaugus k\u0101 kvie\u0161i, kukur\u016bza un soja.<\/li>\n<\/ul>\n<h3>augu un aug\u013cu ekstrakti (rozmar\u012bns, kurkuma, citrusaug\u013ci un krustnagli\u0146as), ko satur <a href=\"https:\/\/brit-petfood.com\/en\/products\/264851-brit-premium-by-nature-sensitive-lamb\" target=\"_blank\" rel=\"noopener\">Brit Premium by Nature Sensitive<\/a> su\u0146u bar\u012bb\u0101, ietekme uz su\u0146u vesel\u012bbu un izskatu:<\/h3>\n<ul>\n<li>Uzlabo \u0113diena gar\u0161u un pievilc\u012bbu.<\/li>\n<li>Lielisks antioksidantu un fermentu avots, kas aizsarg\u0101 \u0161\u016bnas no boj\u0101jumiem.<\/li>\n<li>Pal\u012bdz uzlabot E vitam\u012bna uzs\u016bk\u0161anos un aizsarg\u0101 organismu pret br\u012bvajiem radik\u0101\u013ciem.<\/li>\n<li>Pal\u012bdz uzlabot tauksk\u0101bju uzs\u016bk\u0161anos no p\u0101rtikas, t\u0101p\u0113c\u00a0<a href=\"https:\/\/zooprekes24.lt\/lv\/products\/brit-care-lassi-ella\/\" target=\"_blank\" rel=\"noopener\">uzlabo \u0101das, ka\u017eoka un loc\u012btavu vesel\u012bbu<\/a>. Pastiprina pretnoveco\u0161an\u0101s efektu.<\/li>\n<\/ul>","protected":false},"excerpt":{"rendered":"<p>\u0160un\u0173 maistas Brit Premium by Nature Sensitive, sukurtas specialiai\u00a0jautriems, alergi\u0161kiems \u0161unims, turintiems vir\u0161kinimo ar odos ir kailio problem\u0173,\u00a0pasi\u017eymi tokiomis savyb\u0117mis, turin\u010diomis \u012ftakos \u0161un\u0173 sveikatai ir b\u016bklei: Hipoalergin\u0117 formul\u0117\u00a0d\u0117l sud\u0117tyje esan\u010dios \u0117rienos ir ry\u017ei\u0173. Puikus vir\u0161kinimas. \u0160io maisto sud\u0117tyje yra lengvai vir\u0161kinam\u0173 baltym\u0173 ir riebal\u0173. Stiprus imunitetas. Prebiotikai (manano ir fruktooligosacharidai) ir nat\u016bral\u016bs antioksidantai stiprina \u0161un\u0173&#8230;<\/p>","protected":false},"featured_media":20119,"comment_status":"closed","ping_status":"closed","template":"","meta":{"_acf_changed":false,"slim_seo":{"title":"Brit Premium by Nature Sensitive sausas maistas \u0161unims - Zooprekes24","description":"\u0160un\u0173 maistas Brit Premium by Nature Sensitive, sukurtas specialiai\u00a0jautriems, alergi\u0161kiems \u0161unims, turintiems vir\u0161kinimo ar odos ir kailio problem\u0173,\u00a0pasi\u017eymi to"},"iawp_total_views":119},"product_brand":[],"product_cat":[9001,9006,9002,8999,29,31],"product_tag":[353,177,260,200],"class_list":{"0":"post-23327","1":"product","2":"type-product","3":"status-publish","4":"has-post-thumbnail","6":"product_cat-begrudis-maistas","7":"product_cat-brit-premium","8":"product_cat-sausas-maistas","9":"product_cat-sunims","10":"product_cat-sunu-maistas","11":"product_cat-sunu-prekiu-gamintojai","12":"product_tag-brit-sunu-edalas","13":"product_tag-edalas-sunims","14":"product_tag-maistas-alergiskiems-sunims","15":"product_tag-super-premium-maistas-sunims","16":"pa_pasaro-sudetis-eriena","17":"pa_pasaro-sudetis-uogos","18":"pa_pasaro-sudetis-vaisiai","19":"pa_prekiu-zenklai-brit-premium","20":"pa_suns-amzius-suaugusiems","21":"pa_veisles-dydis-didelems-veislems","22":"pa_veisles-dydis-mazoms-veislems","23":"pa_veisles-dydis-vidutinems-veislems","24":"pa_veisles-dydis-visu-dydziu-veislems","26":"first","27":"instock","28":"featured","29":"taxable","30":"shipping-taxable","31":"purchasable","32":"product-type-variable"},"acf":[],"_links":{"self":[{"href":"https:\/\/zooprekes24.lt\/lv\/wp-json\/wp\/v2\/product\/23327","targetHints":{"allow":["GET"]}}],"collection":[{"href":"https:\/\/zooprekes24.lt\/lv\/wp-json\/wp\/v2\/product"}],"about":[{"href":"https:\/\/zooprekes24.lt\/lv\/wp-json\/wp\/v2\/types\/product"}],"replies":[{"embeddable":true,"href":"https:\/\/zooprekes24.lt\/lv\/wp-json\/wp\/v2\/comments?post=23327"}],"wp:featuredmedia":[{"embeddable":true,"href":"https:\/\/zooprekes24.lt\/lv\/wp-json\/wp\/v2\/media\/20119"}],"wp:attachment":[{"href":"https:\/\/zooprekes24.lt\/lv\/wp-json\/wp\/v2\/media?parent=23327"}],"wp:term":[{"taxonomy":"product_brand","embeddable":true,"href":"https:\/\/zooprekes24.lt\/lv\/wp-json\/wp\/v2\/product_brand?post=23327"},{"taxonomy":"product_cat","embeddable":true,"href":"https:\/\/zooprekes24.lt\/lv\/wp-json\/wp\/v2\/product_cat?post=23327"},{"taxonomy":"product_tag","embeddable":true,"href":"https:\/\/zooprekes24.lt\/lv\/wp-json\/wp\/v2\/product_tag?post=23327"}],"curies":[{"name":"wp","href":"https:\/\/api.w.org\/{rel}","templated":true}]}}