{"id":23324,"date":"2024-04-19T13:19:11","date_gmt":"2024-04-19T10:19:11","guid":{"rendered":"https:\/\/zooprekes24.lt\/produktas\/brit-premium-by-nature-light\/"},"modified":"2026-04-03T16:10:00","modified_gmt":"2026-04-03T14:10:00","slug":"brit-premium-by-nature-light","status":"publish","type":"product","link":"https:\/\/zooprekes24.lt\/lv\/produktas\/brit-premium-by-nature-light\/","title":{"rendered":"Brit Premium by Nature Light saus\u0101 bar\u012bba su\u0146iem"},"content":{"rendered":"<h3>Brit Premium by Nature Light su\u0146u bar\u012bbai, kas \u012bpa\u0161i izstr\u0101d\u0101ta pieaugu\u0161iem visu \u0161\u0137ir\u0146u un lieluma (no 1 l\u012bdz 7 gadiem) su\u0146iem ar lieko svaru, piem\u012bt \u0161\u0101das \u012bpa\u0161\u012bbas, kas ietekm\u0113 su\u0146u vesel\u012bbu un st\u0101vokli:<\/h3>\n<ul>\n<li>L\u012bdzsvarots svars, jo Brit Premium by Nature Light sast\u0101v\u0101 ir ierobe\u017eots tauku un kaloriju daudzums.<\/li>\n<li>Sp\u0113c\u012bga imunit\u0101te. Prebiotikas (mann\u0101ns un fruktooligosahar\u012bdi) un dab\u012bgie antioksidanti stiprina su\u0146u imunit\u0101ti.<\/li>\n<li>Dz\u012bvotsp\u0113ju nodro\u0161ina piel\u0101gots vitam\u012bnu un mikroelementu daudzums.<\/li>\n<li>Optim\u0101lu musku\u013cu masu uztur labi sagremojamas ga\u013cas (vistas ga\u013cas) olbaltumvielas.<\/li>\n<li>Satur antioksidantus.<\/li>\n<\/ul>\n<h3>augu un aug\u013cu ekstrakti (rozmar\u012bns, kurkuma, citrusaug\u013ci un krustnagli\u0146as), ko satur <a href=\"https:\/\/brit-petfood.com\/en\/products\/264848-brit-premium-by-nature-light\" target=\"_blank\" rel=\"noopener\">Brit Premium by Nature Light<\/a> su\u0146u bar\u012bb\u0101, ietekme uz su\u0146u vesel\u012bbu un izskatu:<\/h3>\n<ul>\n<li>Uzlabo \u0113diena gar\u0161u un pievilc\u012bbu.<\/li>\n<li>Lielisks antioksidantu un fermentu avots, kas aizsarg\u0101 \u0161\u016bnas no boj\u0101jumiem.<\/li>\n<li>Pal\u012bdz uzlabot E vitam\u012bna uzs\u016bk\u0161anos un aizsarg\u0101 organismu pret br\u012bvajiem radik\u0101\u013ciem.<\/li>\n<li>Pal\u012bdz uzlabot tauksk\u0101bju uzs\u016bk\u0161anos no p\u0101rtikas, t\u0101p\u0113c\u00a0<a href=\"https:\/\/zooprekes24.lt\/lv\/products\/brit-care-lassi-ella\/\" target=\"_blank\" rel=\"noopener\">uzlabo \u0101das, ka\u017eoka un loc\u012btavu vesel\u012bbu<\/a>. Pastiprina pretnoveco\u0161an\u0101s efektu.<\/li>\n<\/ul>","protected":false},"excerpt":{"rendered":"<p>\u0160un\u0173 maistas\u00a0Brit Premium by Nature Light,\u00a0sukurtas specialiai\u00a0vis\u0173 veisli\u0173 ir dyd\u017ei\u0173 suaugusiems \u0161unims (nuo 1-7 met\u0173), turintiems antsvorio,\u00a0pasi\u017eymi tokiomis savyb\u0117mis, turin\u010diomis \u012ftakos \u0161un\u0173 sveikatai ir b\u016bklei: Subalansuotas svoris\u00a0d\u0117l riboto riebal\u0173 ir kalorij\u0173 kiekio, esan\u010dio Brit Premium by Nature Light pa\u0161aro sud\u0117yje. Stiprus imunitetas.\u00a0Prebiotikai (manano ir fruktooligosacharidai) ir\u00a0nat\u016bral\u016bs antioksidantai\u00a0stiprina \u0161un\u0173 imunitet\u0105. Gyvybingum\u0105\u00a0u\u017etikrina pritaikytas vitamin\u0173 ir mikroelement\u0173 kiekis&#8230;.<\/p>","protected":false},"featured_media":20118,"comment_status":"closed","ping_status":"closed","template":"","meta":{"_acf_changed":false,"slim_seo":{"title":"Brit Premium by Nature Light sausas maistas \u0161unims - Zooprekes24","description":"Brit Premium by Nature Light su\u0146u bar\u012bbai, kas \u012bpa\u0161i izstr\u0101d\u0101ta pieaugu\u0161iem visu \u0161\u0137ir\u0146u un lieluma (no 1 l\u012bdz 7 gadiem) su\u0146iem ar lieko svaru, piem\u012bt \u0161\u0101das \u012bpa\u0161\u012bbas."},"iawp_total_views":118},"product_brand":[],"product_cat":[9006,9002,8999,29,31],"product_tag":[1084,353,177,260,200],"class_list":{"0":"post-23324","1":"product","2":"type-product","3":"status-publish","4":"has-post-thumbnail","6":"product_cat-brit-premium","7":"product_cat-sausas-maistas","8":"product_cat-sunims","9":"product_cat-sunu-maistas","10":"product_cat-sunu-prekiu-gamintojai","11":"product_tag-antsvorio-turinciam-suniui","12":"product_tag-brit-sunu-edalas","13":"product_tag-edalas-sunims","14":"product_tag-maistas-alergiskiems-sunims","15":"product_tag-super-premium-maistas-sunims","16":"pa_pasaro-sudetis-kalakutiena","17":"pa_pasaro-sudetis-uogos","18":"pa_pasaro-sudetis-vaisiai","19":"pa_pasaro-sudetis-vistiena","20":"pa_prekiu-zenklai-brit-premium","21":"pa_suns-amzius-suaugusiems","22":"pa_veisles-dydis-didelems-veislems","23":"pa_veisles-dydis-mazoms-veislems","24":"pa_veisles-dydis-vidutinems-veislems","25":"pa_veisles-dydis-visu-dydziu-veislems","27":"first","28":"instock","29":"featured","30":"taxable","31":"shipping-taxable","32":"purchasable","33":"product-type-variable"},"acf":[],"_links":{"self":[{"href":"https:\/\/zooprekes24.lt\/lv\/wp-json\/wp\/v2\/product\/23324","targetHints":{"allow":["GET"]}}],"collection":[{"href":"https:\/\/zooprekes24.lt\/lv\/wp-json\/wp\/v2\/product"}],"about":[{"href":"https:\/\/zooprekes24.lt\/lv\/wp-json\/wp\/v2\/types\/product"}],"replies":[{"embeddable":true,"href":"https:\/\/zooprekes24.lt\/lv\/wp-json\/wp\/v2\/comments?post=23324"}],"wp:featuredmedia":[{"embeddable":true,"href":"https:\/\/zooprekes24.lt\/lv\/wp-json\/wp\/v2\/media\/20118"}],"wp:attachment":[{"href":"https:\/\/zooprekes24.lt\/lv\/wp-json\/wp\/v2\/media?parent=23324"}],"wp:term":[{"taxonomy":"product_brand","embeddable":true,"href":"https:\/\/zooprekes24.lt\/lv\/wp-json\/wp\/v2\/product_brand?post=23324"},{"taxonomy":"product_cat","embeddable":true,"href":"https:\/\/zooprekes24.lt\/lv\/wp-json\/wp\/v2\/product_cat?post=23324"},{"taxonomy":"product_tag","embeddable":true,"href":"https:\/\/zooprekes24.lt\/lv\/wp-json\/wp\/v2\/product_tag?post=23324"}],"curies":[{"name":"wp","href":"https:\/\/api.w.org\/{rel}","templated":true}]}}