{"id":23321,"date":"2024-04-19T13:19:11","date_gmt":"2024-04-19T10:19:11","guid":{"rendered":"https:\/\/zooprekes24.lt\/produktas\/brit-premium-by-nature-junior-l\/"},"modified":"2026-04-03T14:46:13","modified_gmt":"2026-04-03T12:46:13","slug":"brit-premium-by-nature-junior-l","status":"publish","type":"product","link":"https:\/\/zooprekes24.lt\/lv\/produktas\/brit-premium-by-nature-junior-l\/","title":{"rendered":"Brit Premium by Nature Junior L saus\u0101 bar\u012bba su\u0146iem"},"content":{"rendered":"<h3>Brit Premium by Nature Junior L, kas \u012bpa\u0161i izstr\u0101d\u0101ta lielo \u0161\u0137ir\u0146u (25-45 kg) jauniem su\u0146iem (1-24 m\u0113ne\u0161i), piem\u012bt \u0161\u0101das \u012bpa\u0161\u012bbas, kas ietekm\u0113 su\u0146u vesel\u012bbu un st\u0101vokli:<\/h3>\n<ul>\n<li>L\u012bdzsvarota aug\u0161ana, pateicoties augstam dz\u012bvnieku tauku saturam.<\/li>\n<li>Vesel\u012bgas loc\u012btavas. Brit Premium by Nature Junior L su\u0146u bar\u012bba satur glikozam\u012bnu un hondroit\u012bnu vesel\u012bg\u0101m loc\u012btav\u0101m.<\/li>\n<li>Vesel\u012bgs skelets. Optim\u0101la kalcija un fosfora attiec\u012bba nodro\u0161ina vesel\u012bgus kaulus un vesel\u012bgu skeletu.<\/li>\n<li>Sp\u0113c\u012bga imunit\u0101te. Prebiotikas (mann\u0101ns un fruktooligosahar\u012bdi) un dab\u012bgie antioksidanti stiprina su\u0146u imunit\u0101ti.<\/li>\n<\/ul>\n<h3>augu un aug\u013cu ekstrakti (rozmar\u012bns, kurkuma, citrusaug\u013ci un krustnagli\u0146as), ko satur <a href=\"https:\/\/brit-petfood.com\/en\/products\/264811-brit-premium-by-nature-junior-l\" target=\"_blank\" rel=\"noopener\">Brit Premium by Nature Junior L<\/a> su\u0146u bar\u012bb\u0101, ietekme uz su\u0146u vesel\u012bbu un izskatu:<\/h3>\n<ul>\n<li>Uzlabo \u0113diena gar\u0161u un pievilc\u012bbu.<\/li>\n<li>Lielisks antioksidantu un fermentu avots, kas aizsarg\u0101 \u0161\u016bnas no boj\u0101jumiem.<\/li>\n<li>Pal\u012bdz uzlabot E vitam\u012bna uzs\u016bk\u0161anos un aizsarg\u0101 organismu pret br\u012bvajiem radik\u0101\u013ciem.<\/li>\n<li>Pal\u012bdz uzlabot tauksk\u0101bju uzs\u016bk\u0161anos no p\u0101rtikas, t\u0101p\u0113c\u00a0<a href=\"https:\/\/zooprekes24.lt\/lv\/products\/brit-care-lassi-ella\/\" target=\"_blank\" rel=\"noopener\">uzlabo \u0101das, ka\u017eoka un loc\u012btavu vesel\u012bbu<\/a>. Pastiprina pretnoveco\u0161an\u0101s efektu.<\/li>\n<\/ul>","protected":false},"excerpt":{"rendered":"<p>\u0160un\u0173 maistas\u00a0Brit Premium by Nature Junior L,\u00a0sukurtas specialiai\u00a0dideli\u0173 veisli\u0173 (25-45 kg) jauniems \u0161unims (1-24 m\u0117nesi\u0173),\u00a0pasi\u017eymi tokiomis savyb\u0117mis, turin\u010diomis \u012ftakos \u0161un\u0173 sveikatai ir b\u016bklei: Subalansuotas augimas\u00a0d\u0117l didelio kiekio gyv\u016blin\u0117s kilm\u0117s riebal\u0173. Sveiki s\u0105nariai. \u0160un\u0173 maisto Brit Premium by Nature Junior L sud\u0117tyje yra gliukozamino ir chondroitino sveikiems s\u0105nariams. Sveikas skeletas. Optimalus kalcio ir fosforo santykis u\u017etikrina&#8230;<\/p>","protected":false},"featured_media":20117,"comment_status":"closed","ping_status":"closed","template":"","meta":{"_acf_changed":false,"slim_seo":{"title":"Brit Premium by Nature Junior L sausas maistas \u0161unims - Zooprekes24","description":"\u0160un\u0173 maistas\u00a0Brit Premium by Nature Junior L,\u00a0sukurtas specialiai\u00a0dideli\u0173 veisli\u0173 (25-45 kg) jauniems \u0161unims (1-24 m\u0117nesi\u0173),\u00a0pasi\u017eymi tokiomis savyb\u0117mis, turin\u010d"},"iawp_total_views":21},"product_brand":[],"product_cat":[9006,9002,8999,29,31],"product_tag":[353,177,260,200],"class_list":{"0":"post-23321","1":"product","2":"type-product","3":"status-publish","4":"has-post-thumbnail","6":"product_cat-brit-premium","7":"product_cat-sausas-maistas","8":"product_cat-sunims","9":"product_cat-sunu-maistas","10":"product_cat-sunu-prekiu-gamintojai","11":"product_tag-brit-sunu-edalas","12":"product_tag-edalas-sunims","13":"product_tag-maistas-alergiskiems-sunims","14":"product_tag-super-premium-maistas-sunims","15":"pa_pasaro-sudetis-uogos","16":"pa_pasaro-sudetis-vaisiai","17":"pa_pasaro-sudetis-vistiena","18":"pa_prekiu-zenklai-brit-premium","19":"pa_suns-amzius-jauniems","20":"pa_veisles-dydis-didelems-veislems","22":"first","23":"instock","24":"featured","25":"taxable","26":"shipping-taxable","27":"purchasable","28":"product-type-variable"},"acf":[],"_links":{"self":[{"href":"https:\/\/zooprekes24.lt\/lv\/wp-json\/wp\/v2\/product\/23321","targetHints":{"allow":["GET"]}}],"collection":[{"href":"https:\/\/zooprekes24.lt\/lv\/wp-json\/wp\/v2\/product"}],"about":[{"href":"https:\/\/zooprekes24.lt\/lv\/wp-json\/wp\/v2\/types\/product"}],"replies":[{"embeddable":true,"href":"https:\/\/zooprekes24.lt\/lv\/wp-json\/wp\/v2\/comments?post=23321"}],"wp:featuredmedia":[{"embeddable":true,"href":"https:\/\/zooprekes24.lt\/lv\/wp-json\/wp\/v2\/media\/20117"}],"wp:attachment":[{"href":"https:\/\/zooprekes24.lt\/lv\/wp-json\/wp\/v2\/media?parent=23321"}],"wp:term":[{"taxonomy":"product_brand","embeddable":true,"href":"https:\/\/zooprekes24.lt\/lv\/wp-json\/wp\/v2\/product_brand?post=23321"},{"taxonomy":"product_cat","embeddable":true,"href":"https:\/\/zooprekes24.lt\/lv\/wp-json\/wp\/v2\/product_cat?post=23321"},{"taxonomy":"product_tag","embeddable":true,"href":"https:\/\/zooprekes24.lt\/lv\/wp-json\/wp\/v2\/product_tag?post=23321"}],"curies":[{"name":"wp","href":"https:\/\/api.w.org\/{rel}","templated":true}]}}