{"id":23309,"date":"2024-04-19T13:19:11","date_gmt":"2024-04-19T10:19:11","guid":{"rendered":"https:\/\/zooprekes24.lt\/produktas\/brit-care-sustainable-sensitive-insect\/"},"modified":"2024-06-27T15:37:43","modified_gmt":"2024-06-27T12:37:43","slug":"brit-care-ilgtspejiga-jutiga-kukainu-aprupe","status":"publish","type":"product","link":"https:\/\/zooprekes24.lt\/lv\/produktas\/brit-care-sustainable-sensitive-insect\/","title":{"rendered":"Brit Care Sustainable Sensitive Insect &amp; Fish saus\u0101 bar\u012bba su\u0146iem"},"content":{"rendered":"<h3>Brit Care Sustainable Sensitive Insect &amp; Fish - Super Premium ilgtsp\u0113j\u012bga un videi draudz\u012bga saus\u0101 bar\u012bba ir \u012bpa\u0161i izstr\u0101d\u0101ta su\u0146iem ar jut\u012bgu \u0101du. Augsts Omega-3 un Omega-6 tauksk\u0101bju l\u012bmenis pal\u012bdz uztur\u0113t labu \u0101das st\u0101vokli un sp\u012bd\u012bgu ka\u017eoku. Kukai\u0146u olbaltumvielu un zivju kombin\u0101cijai piem\u012bt lieliskas uzturv\u0113rt\u012bbas \u012bpa\u0161\u012bbas, kas pal\u012bdz mazin\u0101t p\u0101rtikas aler\u0123iju risku, un t\u0101 ir piem\u0113rota su\u0146iem ar nepanes\u012bbu pret noteiktu bar\u012bbu.<\/h3>\n<ul>\n<li>Uz kukai\u0146u un zivju b\u0101zes izstr\u0101d\u0101ta recepte, lai izvair\u012btos no nev\u0113lam\u0101m aler\u0123isk\u0101m reakcij\u0101m.<\/li>\n<li>Probiotikas un antioksidanti pal\u012bdz stiprin\u0101t im\u016bnsist\u0113mu un uztur\u0113t labu gremo\u0161anas darb\u012bbu.<\/li>\n<li><a href=\"https:\/\/krmivo-brit.cz\/cs\" target=\"_blank\" rel=\"noopener\">Brit Care<\/a> Ilgtsp\u0113j\u012bgas Sensitive Insect &amp; Fish sast\u0101v\u0101 eso\u0161aj\u0101m Omega-3 tauksk\u0101b\u0113m DHA un EPA piem\u012bt aizsarg\u0101jo\u0161as \u012bpa\u0161\u012bbas pret iekaisuma slim\u012bb\u0101m, tostarp aler\u0123ij\u0101m.<\/li>\n<\/ul>","protected":false},"excerpt":{"rendered":"<p>Brit Care Sustainable Sensitive Insect &amp; Fish &#8211; Super Premium tvarus ir draugi\u0161kas gamtai sausas maistas buvo specialiai sukurtas \u0161unims, kurie turi jautri\u0105 od\u0105. Didelis Omega-3 ir Omega-6 riebal\u0173 r\u016bg\u0161\u010di\u0173 kiekis padeda palaikyti ger\u0105 odos b\u016bkl\u0119 ir blizgant\u012f kail\u012f. Vabzd\u017ei\u0173 baltym\u0173 ir \u017euvies derinys turi puiki\u0173 maistini\u0173 savybi\u0173, kurios padeda suma\u017einti maisto alergij\u0173 rizik\u0105 ir&#8230;<\/p>","protected":false},"featured_media":27853,"comment_status":"closed","ping_status":"closed","template":"","meta":{"_acf_changed":false,"slim_seo":{"title":"Brit Care Sustainable Sensitive Insect & Fish sausas maistas \u0161unims - Zooprekes24","description":"Brit Care Sustainable Sensitive Insect &amp; Fish - Super Premium ilgtsp\u0113j\u012bga un videi draudz\u012bga saus\u0101 bar\u012bba ir \u012bpa\u0161i izstr\u0101d\u0101ta su\u0146iem, kuriem ir jut\u012bgi kukai\u0146i un zivis."},"iawp_total_views":376},"product_brand":[],"product_cat":[9029,9002,8999,29,31],"product_tag":[177,200],"class_list":{"0":"post-23309","1":"product","2":"type-product","3":"status-publish","4":"has-post-thumbnail","6":"product_cat-brit-care","7":"product_cat-sausas-maistas","8":"product_cat-sunims","9":"product_cat-sunu-maistas","10":"product_cat-sunu-prekiu-gamintojai","11":"product_tag-edalas-sunims","12":"product_tag-super-premium-maistas-sunims","13":"pa_pasaro-sudetis-darzoves","14":"pa_pasaro-sudetis-vabzdziai","15":"pa_pasaro-sudetis-vaisiai","16":"pa_pasaro-sudetis-zuvis","17":"pa_prekiu-zenklai-brit-care","18":"pa_suns-amzius-suaugusiems","19":"pa_veisles-dydis-didelems-veislems","20":"pa_veisles-dydis-mazoms-veislems","21":"pa_veisles-dydis-vidutinems-veislems","22":"pa_veisles-dydis-visu-dydziu-veislems","24":"first","25":"instock","26":"featured","27":"taxable","28":"shipping-taxable","29":"purchasable","30":"product-type-variable"},"acf":[],"_links":{"self":[{"href":"https:\/\/zooprekes24.lt\/lv\/wp-json\/wp\/v2\/product\/23309","targetHints":{"allow":["GET"]}}],"collection":[{"href":"https:\/\/zooprekes24.lt\/lv\/wp-json\/wp\/v2\/product"}],"about":[{"href":"https:\/\/zooprekes24.lt\/lv\/wp-json\/wp\/v2\/types\/product"}],"replies":[{"embeddable":true,"href":"https:\/\/zooprekes24.lt\/lv\/wp-json\/wp\/v2\/comments?post=23309"}],"wp:featuredmedia":[{"embeddable":true,"href":"https:\/\/zooprekes24.lt\/lv\/wp-json\/wp\/v2\/media\/27853"}],"wp:attachment":[{"href":"https:\/\/zooprekes24.lt\/lv\/wp-json\/wp\/v2\/media?parent=23309"}],"wp:term":[{"taxonomy":"product_brand","embeddable":true,"href":"https:\/\/zooprekes24.lt\/lv\/wp-json\/wp\/v2\/product_brand?post=23309"},{"taxonomy":"product_cat","embeddable":true,"href":"https:\/\/zooprekes24.lt\/lv\/wp-json\/wp\/v2\/product_cat?post=23309"},{"taxonomy":"product_tag","embeddable":true,"href":"https:\/\/zooprekes24.lt\/lv\/wp-json\/wp\/v2\/product_tag?post=23309"}],"curies":[{"name":"wp","href":"https:\/\/api.w.org\/{rel}","templated":true}]}}