{"id":23285,"date":"2024-04-19T13:18:30","date_gmt":"2024-04-19T10:18:30","guid":{"rendered":"https:\/\/zooprekes24.lt\/produktas\/royal-canin-sterilised-7\/"},"modified":"2026-02-27T07:18:38","modified_gmt":"2026-02-27T05:18:38","slug":"royal-canin-sterilizets-7","status":"publish","type":"product","link":"https:\/\/zooprekes24.lt\/lv\/produktas\/royal-canin-sterilised-7\/","title":{"rendered":"Royal Canin Sterilised 7+ saus\u0101 ka\u0137u bar\u012bba"},"content":{"rendered":"<h3>Royal Canin Sterilised 7+ <a href=\"https:\/\/www.royalcanin.com\/lt\/tailored-nutrition\" target=\"_blank\" rel=\"noopener\">\u012bpa\u0161i sabalans\u0113ts<\/a> saus\u0101 bar\u012bba vec\u0101kiem, steriliz\u0113tiem\/kastr\u0113tiem ka\u0137iem vecum\u0101 no 7 l\u012bdz 12 gadiem. Unik\u0101lais sast\u0101vs un antioksidantu savienojumi pal\u012bdz c\u012bn\u012bties pret \u0161\u016bnu noveco\u0161anos, uzlabo nieru darb\u012bbu un uztur optim\u0101lu loc\u012btavu vesel\u012bbu.<\/h3>\n<ul>\n<li><a href=\"https:\/\/www.youtube.com\/watch?v=NLmBtyl2bVs\" target=\"_blank\" rel=\"noopener\">Royal Canin Sterilised 7+<\/a> \u0112dien\u0101 eso\u0161ie antioksidanti (E un C vitam\u012bni, v\u012bnogu un za\u013c\u0101s t\u0113jas polifenoli) pal\u012bdz c\u012bn\u012bties pret \u0161\u016bnu noveco\u0161anos. Samazin\u0101ts fosfora un n\u0101trija l\u012bmenis uzlabo nieru darb\u012bbu, savuk\u0101rt glikozam\u012bns, hondroit\u012bns un omega 3 tauksk\u0101bes un dokozaheksa\u0113nsk\u0101be pal\u012bdz uzlabot nieru darb\u012bbu. <a href=\"https:\/\/zooprekes24.lt\/lv\/products\/sanal-locitavu-kopsanas-kauss\/\" target=\"_blank\" rel=\"noopener\">uztur\u0113t ka\u0137a loc\u012btavas veselas.<\/a><\/li>\n<li>Augstais LIP olbaltumvielu (90%) saturs, kas atlas\u012btas \u013coti labas uzs\u016bk\u0161an\u0101s d\u0113\u013c, samazina ferment\u0113jamo atlikumu daudzumu zarn\u0101s.<\/li>\n<li>\u012apa\u0161ais bar\u012bbas sast\u0101vs pal\u012bdz regul\u0113t ur\u012bna sk\u0101bumu un uzlabo ur\u012bnce\u013cu sist\u0113mas darb\u012bbu.<\/li>\n<li>Vec\u0101kiem ka\u0137iem parasti pasliktin\u0101s nieru darb\u012bba. Di\u0113ta satur m\u0113renu fosfora daudzumu, kas pal\u012bdz uztur\u0113t nieru vesel\u012bbu.<\/li>\n<\/ul>\n<p><a ref=\"magnificPopup\" href=\"https:\/\/zooprekes24.lt\/wp-content\/uploads\/Strerilise-7-logo.png\"><img loading=\"lazy\" decoding=\"async\" class=\"alignnone wp-image-9832\" src=\"https:\/\/zooprekes24.lt\/wp-content\/uploads\/Strerilise-7-logo.png\" alt=\"Strerilise-7+-logotips\" width=\"462\" height=\"235\" \/><\/a><\/p>","protected":false},"excerpt":{"rendered":"<p>Royal Canin Sterilised 7+ specialiai subalansuotas sausas maistas vyresnio am\u017eiaus, sterilizuotoms kat\u0117ms nuo 7 iki 12 met\u0173. Unikali maisto sud\u0117tis ir antioksidant\u0173 junginiai padeda kovoti su l\u0105steli\u0173 sen\u0117jimu, gerina inkst\u0173 veikla bei palaiko optimali\u0105 augintinio s\u0105nari\u0173 b\u016bkl\u0119. Royal Canin Sterilised 7+ maisto sud\u0117tyje esantis antioksidant\u0173 junginys (vitaminai E ir C, vynuogi\u0173 ir \u017ealiosios arbatos polifenoliai)&#8230;<\/p>","protected":false},"featured_media":20106,"comment_status":"closed","ping_status":"closed","template":"","meta":{"_acf_changed":false,"slim_seo":{"title":"Royal Canin Sterilised 7+ sausas maistas kat\u0117ms - Zooprekes24","description":"Royal Canin Sterilised 7+ ir \u012bpa\u0161i sabalans\u0113ta saus\u0101 bar\u012bba vec\u0101kiem steriliz\u0113tiem ka\u0137iem vecum\u0101 no 7 l\u012bdz 12 gadiem. Unik\u0101ls sast\u0101vs un antioksidantu \u012bpa\u0161\u012bbas"},"iawp_total_views":887},"product_brand":[],"product_cat":[72,83,25,9019,9016],"product_tag":[1675,1899,1682,1928,1696],"class_list":{"0":"post-23285","1":"product","2":"type-product","3":"status-publish","4":"has-post-thumbnail","6":"product_cat-kaciu-maistas","7":"product_cat-kaciu-prekiu-gamintojai","8":"product_cat-katems","9":"product_cat-royal-canin-kaciu-prekiu-gamintojai","10":"product_cat-sausas-maistas-kaciu-maistas","11":"product_tag-kaciu-edalas","12":"product_tag-kaciu-maistas-naminems-katems","13":"product_tag-kaciu-maistas-super-premium-klases","14":"product_tag-maistas-sterilizuotai-katei","15":"product_tag-super-premium-maistas-katems","16":"pa_pasaro-sudetis-ryziai","17":"pa_pasaro-sudetis-vistiena","18":"pa_prekiu-zenklai-royal-canin","20":"first","21":"instock","22":"sale","23":"featured","24":"taxable","25":"shipping-taxable","26":"purchasable","27":"product-type-variable"},"acf":[],"_links":{"self":[{"href":"https:\/\/zooprekes24.lt\/lv\/wp-json\/wp\/v2\/product\/23285","targetHints":{"allow":["GET"]}}],"collection":[{"href":"https:\/\/zooprekes24.lt\/lv\/wp-json\/wp\/v2\/product"}],"about":[{"href":"https:\/\/zooprekes24.lt\/lv\/wp-json\/wp\/v2\/types\/product"}],"replies":[{"embeddable":true,"href":"https:\/\/zooprekes24.lt\/lv\/wp-json\/wp\/v2\/comments?post=23285"}],"wp:featuredmedia":[{"embeddable":true,"href":"https:\/\/zooprekes24.lt\/lv\/wp-json\/wp\/v2\/media\/20106"}],"wp:attachment":[{"href":"https:\/\/zooprekes24.lt\/lv\/wp-json\/wp\/v2\/media?parent=23285"}],"wp:term":[{"taxonomy":"product_brand","embeddable":true,"href":"https:\/\/zooprekes24.lt\/lv\/wp-json\/wp\/v2\/product_brand?post=23285"},{"taxonomy":"product_cat","embeddable":true,"href":"https:\/\/zooprekes24.lt\/lv\/wp-json\/wp\/v2\/product_cat?post=23285"},{"taxonomy":"product_tag","embeddable":true,"href":"https:\/\/zooprekes24.lt\/lv\/wp-json\/wp\/v2\/product_tag?post=23285"}],"curies":[{"name":"wp","href":"https:\/\/api.w.org\/{rel}","templated":true}]}}