{"id":23279,"date":"2024-04-19T13:18:30","date_gmt":"2024-04-19T10:18:30","guid":{"rendered":"https:\/\/zooprekes24.lt\/produktas\/royal-canin-indoor-long-hair\/"},"modified":"2026-02-27T06:54:08","modified_gmt":"2026-02-27T04:54:08","slug":"royal-canin-indoor-long-hair","status":"publish","type":"product","link":"https:\/\/zooprekes24.lt\/lv\/produktas\/royal-canin-indoor-long-hair\/","title":{"rendered":"Royal Canin Indoor Long Hair saus\u0101 ka\u0137u bar\u012bba"},"content":{"rendered":"<h3>Royal Canin Indoor Long Hair - <a href=\"https:\/\/www.royalcanin.com\/lt\/tailored-nutrition\" target=\"_blank\" rel=\"noopener\">\u012bpa\u0161i sabalans\u0113ts<\/a> saus\u0101 bar\u012bba pieaugu\u0161iem garspalvainiem m\u0101jas ka\u0137iem no 1 gada vecuma. Bar\u012bba intens\u012bvi aizsarg\u0101 pret matu k\u016bni\u0146u veido\u0161anos un pal\u012bdz matiem dabiski iz\u0161\u0137\u012bst.<\/h3>\n<ul>\n<li><a href=\"https:\/\/zooprekes24.lt\/lv\/kategorija\/prekes-katems\/ciema-partika\/sausas-kaciu-maistas\/\" target=\"_blank\" rel=\"noopener\">Royal Canin Indoor Long Hair<\/a> Saus\u0101 bar\u012bba nov\u0113r\u0161 matu bumbu veido\u0161anos ku\u0146\u0123\u012b. Mati regul\u0101ri tiek izvad\u012bti ar izk\u0101rn\u012bjumiem, nevis uzkr\u0101jas ku\u0146\u0123\u012b un p\u0113c tam tiek atgr\u016bsti.<\/li>\n<li>Augsts olbaltumvielu saturs (35 %) un akt\u012bv\u0101s uzturvielas, tostarp A un B grupas vitam\u012bni, neaizst\u0101jam\u0101s tauksk\u0101bes, hel\u0101tiskie mikroelementi, borage e\u013c\u013ca un zivju e\u013c\u013ca, nodro\u0161ina \u0101das un ka\u017eoka vesel\u012bbu un skaistumu.<\/li>\n<li>Fruktooligosahar\u012bdi, zivju e\u013c\u013ca un olbaltumvielas <a href=\"https:\/\/www.youtube.com\/watch?v=NLmBtyl2bVs\" target=\"_blank\" rel=\"noopener\">veicina labu gremo\u0161anu ku\u0146\u0123\u012b<\/a> un bar\u012bbas vielu uzs\u016bk\u0161anos.<\/li>\n<\/ul>\n<p><a ref=\"magnificPopup\" href=\"https:\/\/zooprekes24.lt\/wp-content\/uploads\/Indoor-long-hair-logo.png\"><img loading=\"lazy\" decoding=\"async\" class=\"alignnone wp-image-9823\" src=\"https:\/\/zooprekes24.lt\/wp-content\/uploads\/Indoor-long-hair-logo.png\" alt=\"Indoor-long-hair-logo\" width=\"485\" height=\"310\" \/><\/a><\/p>","protected":false},"excerpt":{"rendered":"<p>Royal Canin Indoor Long Hair &#8211; specialiai subalansuotas sausas maistas suaugusioms, namuose gyvenan\u010dioms ilgaplauk\u0117ms kat\u0117ms nuo 1 met\u0173 am\u017eiaus. Maistas intensyviai saugo nuo plauk\u0173 kamuoliuk\u0173 susidarymo ir padeda plaukams pasi\u0161alinti nat\u016braliuoju b\u016bdu. Royal Canin Indoor Long Hair sausas maistas apsaugo nuo plauk\u0173 kamuoliuk\u0173 susidarymo skrandyje. Plaukai yra reguliariai pa\u0161alinami su i\u0161matomis, u\u017euot kaup\u0119si skrandyje ir&#8230;<\/p>","protected":false},"featured_media":20102,"comment_status":"closed","ping_status":"closed","template":"","meta":{"_acf_changed":false,"slim_seo":{"title":"Royal Canin Indoor Long Hair sausas maistas kat\u0117ms - Zooprekes24","description":"Royal Canin Indoor Long Hair ir \u012bpa\u0161i sabalans\u0113ta saus\u0101 bar\u012bba pieaugu\u0161iem m\u0101jas apst\u0101k\u013cos dz\u012bvojo\u0161iem garspalvainiem ka\u0137iem no 1 gada vecuma. Bar\u012bba ir intens\u012bvi"},"iawp_total_views":249},"product_brand":[],"product_cat":[72,83,25,9019,9016],"product_tag":[1909,1675,1899,1682,1696],"class_list":{"0":"post-23279","1":"product","2":"type-product","3":"status-publish","4":"has-post-thumbnail","6":"product_cat-kaciu-maistas","7":"product_cat-kaciu-prekiu-gamintojai","8":"product_cat-katems","9":"product_cat-royal-canin-kaciu-prekiu-gamintojai","10":"product_cat-sausas-maistas-kaciu-maistas","11":"product_tag-edalas-naminems-katems","12":"product_tag-kaciu-edalas","13":"product_tag-kaciu-maistas-naminems-katems","14":"product_tag-kaciu-maistas-super-premium-klases","15":"product_tag-super-premium-maistas-katems","16":"pa_pasaro-sudetis-ryziai","17":"pa_pasaro-sudetis-vistiena","18":"pa_prekiu-zenklai-royal-canin","20":"first","21":"instock","22":"sale","23":"featured","24":"taxable","25":"shipping-taxable","26":"purchasable","27":"product-type-variable"},"acf":[],"_links":{"self":[{"href":"https:\/\/zooprekes24.lt\/lv\/wp-json\/wp\/v2\/product\/23279","targetHints":{"allow":["GET"]}}],"collection":[{"href":"https:\/\/zooprekes24.lt\/lv\/wp-json\/wp\/v2\/product"}],"about":[{"href":"https:\/\/zooprekes24.lt\/lv\/wp-json\/wp\/v2\/types\/product"}],"replies":[{"embeddable":true,"href":"https:\/\/zooprekes24.lt\/lv\/wp-json\/wp\/v2\/comments?post=23279"}],"wp:featuredmedia":[{"embeddable":true,"href":"https:\/\/zooprekes24.lt\/lv\/wp-json\/wp\/v2\/media\/20102"}],"wp:attachment":[{"href":"https:\/\/zooprekes24.lt\/lv\/wp-json\/wp\/v2\/media?parent=23279"}],"wp:term":[{"taxonomy":"product_brand","embeddable":true,"href":"https:\/\/zooprekes24.lt\/lv\/wp-json\/wp\/v2\/product_brand?post=23279"},{"taxonomy":"product_cat","embeddable":true,"href":"https:\/\/zooprekes24.lt\/lv\/wp-json\/wp\/v2\/product_cat?post=23279"},{"taxonomy":"product_tag","embeddable":true,"href":"https:\/\/zooprekes24.lt\/lv\/wp-json\/wp\/v2\/product_tag?post=23279"}],"curies":[{"name":"wp","href":"https:\/\/api.w.org\/{rel}","templated":true}]}}