{"id":23268,"date":"2024-04-19T13:18:15","date_gmt":"2024-04-19T10:18:15","guid":{"rendered":"https:\/\/zooprekes24.lt\/produktas\/royal-canin-appetite-control-care\/"},"modified":"2026-02-27T06:19:01","modified_gmt":"2026-02-27T04:19:01","slug":"royal-canin-apetites-kontroles-aprupe","status":"publish","type":"product","link":"https:\/\/zooprekes24.lt\/lv\/produktas\/royal-canin-appetite-control-care\/","title":{"rendered":"Royal Canin Appetite Control Care saus\u0101 ka\u0137u bar\u012bba 2 kg"},"content":{"rendered":"<h3>Royal Canin Appetite Control Care - <a href=\"https:\/\/www.royalcanin.com\/lt\/tailored-nutrition\" target=\"_blank\" rel=\"noopener\">\u012bpa\u0161i sabalans\u0113ts<\/a> saus\u0101 bar\u012bba pieaugu\u0161iem ka\u0137iem no 1 gada vecuma. Pal\u012bdz kontrol\u0113t ka\u0137a \u0113\u0161anas paradumus, mazina izsalkumu un pal\u012bdz nov\u0113rst lieko svaru.<\/h3>\n<ul>\n<li>Da\u017ei ka\u0137i nesp\u0113j kontrol\u0113t ap\u0113st\u0101 bar\u012bbas daudzuma daudzumu, t\u0101p\u0113c bar\u012bba ir bag\u0101ta ar \u012bpa\u0161\u0101m \u0161\u0137iedrviel\u0101m, kas apmierina to ka\u0137u apet\u012bti, kuri nep\u0101rtraukti pieprasa bar\u012bbu, un dabiski mazina izsalkumu.<\/li>\n<li><a href=\"https:\/\/zooprekes24.lt\/lv\/kategorija\/prekes-katems\/ciema-partika\/sausas-kaciu-maistas\/\" target=\"_blank\" rel=\"noopener\">Royal Canin Appetite Control Care<\/a> L-karnit\u012bns nodro\u0161ina labu tauku vielmai\u0146u.<\/li>\n<li>Zems tauku saturs (12%) bar\u012bb\u0101 pal\u012bdz samazin\u0101t ka\u0137u liek\u0101 svara veido\u0161an\u0101s risku.<\/li>\n<li><a href=\"https:\/\/www.youtube.com\/watch?v=FYwO1fiYoa8\" target=\"_blank\" rel=\"noopener\">Pareizi sabalans\u0113tas miner\u0101lvielas<\/a> veicina vesel\u012bgu j\u016bsu m\u0101jdz\u012bvnieka ur\u012bnce\u013cu sist\u0113mas darb\u012bbu.<\/li>\n<\/ul>\n<p><a ref=\"magnificPopup\" href=\"https:\/\/zooprekes24.lt\/wp-content\/uploads\/Appetite-control-care-logo.png\"><img loading=\"lazy\" decoding=\"async\" class=\"alignnone wp-image-9817\" src=\"https:\/\/zooprekes24.lt\/wp-content\/uploads\/Appetite-control-care-logo.png\" alt=\"Appetite-control-care-logo\" width=\"256\" height=\"350\" \/><\/a><\/p>","protected":false},"excerpt":{"rendered":"<p>Royal Canin Appetite Control Care &#8211; specialiai subalansuotas sausas maistas suaugusioms kat\u0117ms nuo 1 met\u0173 am\u017eiaus. Padeda kontroliuoti kat\u0117s maisto pra\u0161in\u0117jimo \u012fprot\u012f, suma\u017eina alkio poj\u016bti ir padeda i\u0161vengti vir\u0161vorio. Kai kurios kat\u0117s nesugeba kontroliuoti suvalgomo maisto kiekio, d\u0117l \u0161ios prie\u017easties maisto sud\u0117tyje yra daug speciali\u0173j\u0173 skaidul\u0173, kurios patenkina nuolat maisto pra\u0161an\u010di\u0173 ka\u010di\u0173 apetit\u0105 bei nat\u016braliai&#8230;<\/p>","protected":false},"featured_media":30680,"comment_status":"closed","ping_status":"closed","template":"","meta":{"_acf_changed":false,"slim_seo":{"title":"Royal Canin Appetite Control Care sausas maistas kat\u0117ms 2 kg - Zooprekes24","description":"Royal Canin Appetite Control Care - specialiai subalansuotas sausas maistas suaugusioms kat\u0117ms nuo 1 met\u0173 am\u017eiaus. Padeda kontroliuoti kat\u0117s maisto pra\u0161in\u0117jimo"},"iawp_total_views":182},"product_brand":[],"product_cat":[72,83,25,9019,9016],"product_tag":[1675,1682,1696],"class_list":{"0":"post-23268","1":"product","2":"type-product","3":"status-publish","4":"has-post-thumbnail","6":"product_cat-kaciu-maistas","7":"product_cat-kaciu-prekiu-gamintojai","8":"product_cat-katems","9":"product_cat-royal-canin-kaciu-prekiu-gamintojai","10":"product_cat-sausas-maistas-kaciu-maistas","11":"product_tag-kaciu-edalas","12":"product_tag-kaciu-maistas-super-premium-klases","13":"product_tag-super-premium-maistas-katems","14":"pa_pasaro-sudetis-ryziai","15":"pa_pasaro-sudetis-vistiena","16":"pa_prekiu-zenklai-royal-canin","18":"first","19":"instock","20":"sale","21":"featured","22":"taxable","23":"shipping-taxable","24":"purchasable","25":"product-type-simple"},"acf":[],"_links":{"self":[{"href":"https:\/\/zooprekes24.lt\/lv\/wp-json\/wp\/v2\/product\/23268","targetHints":{"allow":["GET"]}}],"collection":[{"href":"https:\/\/zooprekes24.lt\/lv\/wp-json\/wp\/v2\/product"}],"about":[{"href":"https:\/\/zooprekes24.lt\/lv\/wp-json\/wp\/v2\/types\/product"}],"replies":[{"embeddable":true,"href":"https:\/\/zooprekes24.lt\/lv\/wp-json\/wp\/v2\/comments?post=23268"}],"wp:featuredmedia":[{"embeddable":true,"href":"https:\/\/zooprekes24.lt\/lv\/wp-json\/wp\/v2\/media\/30680"}],"wp:attachment":[{"href":"https:\/\/zooprekes24.lt\/lv\/wp-json\/wp\/v2\/media?parent=23268"}],"wp:term":[{"taxonomy":"product_brand","embeddable":true,"href":"https:\/\/zooprekes24.lt\/lv\/wp-json\/wp\/v2\/product_brand?post=23268"},{"taxonomy":"product_cat","embeddable":true,"href":"https:\/\/zooprekes24.lt\/lv\/wp-json\/wp\/v2\/product_cat?post=23268"},{"taxonomy":"product_tag","embeddable":true,"href":"https:\/\/zooprekes24.lt\/lv\/wp-json\/wp\/v2\/product_tag?post=23268"}],"curies":[{"name":"wp","href":"https:\/\/api.w.org\/{rel}","templated":true}]}}