{"id":23265,"date":"2024-04-19T13:18:15","date_gmt":"2024-04-19T10:18:15","guid":{"rendered":"https:\/\/zooprekes24.lt\/produktas\/royal-canin-bengal-adult\/"},"modified":"2025-12-30T09:57:14","modified_gmt":"2025-12-30T07:57:14","slug":"royal-canin-bengalis-pieaugusajiem","status":"publish","type":"product","link":"https:\/\/zooprekes24.lt\/lv\/produktas\/royal-canin-bengal-adult\/","title":{"rendered":"Royal Canin Bengal Adult saus\u0101 ka\u0137u bar\u012bba"},"content":{"rendered":"<h3>Royal Canin Bengal Adult - <a href=\"https:\/\/www.royalcanin.com\/lt\/tailored-nutrition\" target=\"_blank\" rel=\"noopener\">\u012bpa\u0161i sabalans\u0113ts<\/a> saus\u0101 bar\u012bba pieaugu\u0161iem Beng\u0101lijas ka\u0137iem no 1 gada vecuma. T\u0101 ir \u012bpa\u0161i izstr\u0101d\u0101ta, lai pal\u012bdz\u0113tu uztur\u0113t Beng\u0101lijas ka\u0137u musku\u013cus, nodro\u0161in\u0101tu lielisku gremo\u0161anas funkciju un saglab\u0101tu vesel\u012bgu \u0101du un sp\u012bd\u012bgu ka\u017eoku.<\/h3>\n<ul>\n<li><a href=\"https:\/\/zooprekes24.lt\/lv\/kategorija\/prekes-katems\/ciema-partika\/sausas-kaciu-maistas\/\" target=\"_blank\" rel=\"noopener\">Royal Canin Bengal Adult<\/a> \u012apa\u0161i izstr\u0101d\u0101t\u0101s bar\u012bbas granulas ir Y formas, kas pal\u012bdz j\u016bsu ka\u0137im ilg\u0101k ko\u0161\u013c\u0101t un uztur\u0113t vesel\u012bgu mutes dobuma un zobu higi\u0113nu.<\/li>\n<li>J\u0113ra ga\u013ca ir bag\u0101ta ar \u0161\u0137iedrviel\u0101m un olbaltumviel\u0101m, kas veicina gremo\u0161anas sist\u0113mas vesel\u012bbu.<\/li>\n<li><a href=\"https:\/\/www.youtube.com\/watch?v=FYwO1fiYoa8\" target=\"_blank\" rel=\"noopener\">Pie\u0161\u0137irtais \u0161\u0137iedras saturs<\/a> un prebiotikas uztur zarnu floras l\u012bdzsvaru.<\/li>\n<li>\u0160\u012bs \u0161\u0137irnes ka\u0137u atl\u0113tisko \u0137erme\u0146a masu un musku\u013cu tonusu uztur augsts olbaltumvielu saturs (40%) un samazin\u0101ts tauku saturs (18%).<\/li>\n<li>\u012apa\u0161as aminosk\u0101bes, vitam\u012bni, Omega-3 un Omega-6 tauksk\u0101bes baro j\u016bsu ka\u0137a \u0101du un ka\u017eoku.<\/li>\n<\/ul>\n<p><a ref=\"magnificPopup\" href=\"https:\/\/zooprekes24.lt\/wp-content\/uploads\/Bengal-logo.png\"><img loading=\"lazy\" decoding=\"async\" class=\"alignnone wp-image-9813\" src=\"https:\/\/zooprekes24.lt\/wp-content\/uploads\/Bengal-logo-1024x542.png\" alt=\"Beng\u0101lijas logotips\" width=\"501\" height=\"265\" \/><\/a><\/p>","protected":false},"excerpt":{"rendered":"<p>Royal Canin Bengal Adult &#8211; specialiai subalansuotas sausas maistas, suaugusioms Bengalijos veisl\u0117s kat\u0117ms nuo 1 met\u0173 am\u017eiaus. Pa\u0161aras sukurtas pagal speciali\u0105 formul\u0119, kuri padeda i\u0161laikyti raumening\u0105 Bengal\u0173 veisl\u0117s ka\u010di\u0173 form\u0105, u\u017etikrinti puiki\u0105 vir\u0161kinamojo trakto veikl\u0105 ir i\u0161laikyti sveik\u0105 od\u0105 bei blizgant\u012f kail\u012f. Royal Canin Bengal Adult specialiai sukurto maisto granul\u0117s yra Y formos, o tai&#8230;<\/p>","protected":false},"featured_media":20095,"comment_status":"closed","ping_status":"closed","template":"","meta":{"_acf_changed":false,"slim_seo":{"title":"Royal Canin Bengal Adult sausas maistas kat\u0117ms - Zooprekes24","description":"Royal Canin Bengal Adult ir \u012bpa\u0161i sabalans\u0113ta saus\u0101 bar\u012bba pieaugu\u0161iem Beng\u0101lijas ka\u0137iem no 1 gada vecuma. Bar\u012bba ir izstr\u0101d\u0101ta saska\u0146\u0101 ar \u012bpa\u0161u bar\u012bbas formulu."},"iawp_total_views":379},"product_brand":[],"product_cat":[72,83,25,9019,9016],"product_tag":[1675,1682,4231,4236,1696],"class_list":{"0":"post-23265","1":"product","2":"type-product","3":"status-publish","4":"has-post-thumbnail","6":"product_cat-kaciu-maistas","7":"product_cat-kaciu-prekiu-gamintojai","8":"product_cat-katems","9":"product_cat-royal-canin-kaciu-prekiu-gamintojai","10":"product_cat-sausas-maistas-kaciu-maistas","11":"product_tag-kaciu-edalas","12":"product_tag-kaciu-maistas-super-premium-klases","13":"product_tag-maistas-bengalu-veisles-katems","14":"product_tag-royal-canin-bengalams","15":"product_tag-super-premium-maistas-katems","16":"pa_pasaro-sudetis-ryziai","17":"pa_pasaro-sudetis-vistiena","18":"pa_prekiu-zenklai-royal-canin","20":"first","21":"instock","22":"sale","23":"featured","24":"taxable","25":"shipping-taxable","26":"purchasable","27":"product-type-variable"},"acf":[],"_links":{"self":[{"href":"https:\/\/zooprekes24.lt\/lv\/wp-json\/wp\/v2\/product\/23265","targetHints":{"allow":["GET"]}}],"collection":[{"href":"https:\/\/zooprekes24.lt\/lv\/wp-json\/wp\/v2\/product"}],"about":[{"href":"https:\/\/zooprekes24.lt\/lv\/wp-json\/wp\/v2\/types\/product"}],"replies":[{"embeddable":true,"href":"https:\/\/zooprekes24.lt\/lv\/wp-json\/wp\/v2\/comments?post=23265"}],"wp:featuredmedia":[{"embeddable":true,"href":"https:\/\/zooprekes24.lt\/lv\/wp-json\/wp\/v2\/media\/20095"}],"wp:attachment":[{"href":"https:\/\/zooprekes24.lt\/lv\/wp-json\/wp\/v2\/media?parent=23265"}],"wp:term":[{"taxonomy":"product_brand","embeddable":true,"href":"https:\/\/zooprekes24.lt\/lv\/wp-json\/wp\/v2\/product_brand?post=23265"},{"taxonomy":"product_cat","embeddable":true,"href":"https:\/\/zooprekes24.lt\/lv\/wp-json\/wp\/v2\/product_cat?post=23265"},{"taxonomy":"product_tag","embeddable":true,"href":"https:\/\/zooprekes24.lt\/lv\/wp-json\/wp\/v2\/product_tag?post=23265"}],"curies":[{"name":"wp","href":"https:\/\/api.w.org\/{rel}","templated":true}]}}