{"id":23257,"date":"2024-04-19T13:17:46","date_gmt":"2024-04-19T10:17:46","guid":{"rendered":"https:\/\/zooprekes24.lt\/produktas\/royal-canin-sphynx-adult\/"},"modified":"2026-02-27T07:31:30","modified_gmt":"2026-02-27T05:31:30","slug":"royal-canin-sphynx-pieaugusajiem","status":"publish","type":"product","link":"https:\/\/zooprekes24.lt\/lv\/produktas\/royal-canin-sphynx-adult\/","title":{"rendered":"Royal Canin Sphynx Adult saus\u0101 ka\u0137u bar\u012bba"},"content":{"rendered":"<h3>Royal Canin Sphynx Adult - <a href=\"https:\/\/www.royalcanin.com\/lt\/tailored-nutrition\" target=\"_blank\" rel=\"noopener\">\u012bpa\u0161i sabalans\u0113ts<\/a> saus\u0101 bar\u012bba pieaugu\u0161iem sfinksu ka\u0137iem no 1 gada vecuma. Izcila augstas ener\u0123\u0113tisk\u0101s v\u0113rt\u012bbas sasmalcin\u0101ta bar\u012bba, kas atbilst paaugstin\u0101t\u0101m sfinksu ka\u0137u ener\u0123ijas pras\u012bb\u0101m.<\/h3>\n<ul>\n<li><a href=\"https:\/\/www.youtube.com\/watch?v=FYwO1fiYoa8\" target=\"_blank\" rel=\"noopener\">\u012apa\u0161i izstr\u0101d\u0101ts<\/a> un kalcija hel\u0101ta granulas, kas piel\u0101gotas \u0161\u012bs \u0161\u0137irnes ka\u0137iem, uzlabo j\u016bsu m\u012blu\u013ca mutes un zobu higi\u0113nu.<\/li>\n<li>Paldies <a href=\"https:\/\/zooprekes24.lt\/lv\/kategorija\/prekes-katems\/ciema-partika\/sausas-kaciu-maistas\/\" target=\"_blank\" rel=\"noopener\">Royal Canin Sphynx Adult<\/a> Komplekss satur eikozapenta\u0113nsk\u0101bi (EPA) un dokozaheksa\u0113nsk\u0101bi (DHA), kas stiprina \u0101das aizsargbarjeras \u012bpa\u0161\u012bbas un mazina \u0101das kairin\u0101jumu. Gur\u0137u e\u013c\u013ca kop\u0101 ar biot\u012bnu, A vitam\u012bnu un cinku aizsarg\u0101 un mitrina jut\u012bgu sfinksu \u0101du.<\/li>\n<li>Taur\u012bns un L-karnit\u012bns pal\u012bdz uztur\u0113t optim\u0101lu ka\u0137a sirds musku\u013ca darb\u012bbu.<\/li>\n<li>Ekskluz\u012bva, \u013coti sp\u0113cino\u0161a bar\u012bba, kas atbilst paaugstin\u0101t\u0101m sfinksu ka\u0137u ener\u0123\u0113tiskaj\u0101m vajadz\u012bb\u0101m.<\/li>\n<\/ul>\n<p><a ref=\"magnificPopup\" href=\"https:\/\/zooprekes24.lt\/wp-content\/uploads\/Sfinkso-logo.png\"><img loading=\"lazy\" decoding=\"async\" class=\"alignnone wp-image-9809\" src=\"https:\/\/zooprekes24.lt\/wp-content\/uploads\/Sfinkso-logo.png\" alt=\"Sfinksa logotips\" width=\"356\" height=\"308\" \/><\/a><\/p>","protected":false},"excerpt":{"rendered":"<p>Royal Canin Sphynx Adult &#8211; specialiai subalansuotas sausas maistas, suaugusioms Sfinks\u0173 veisl\u0117s kat\u0117ms nuo 1 met\u0173 am\u017eiaus. I\u0161skirtinis labai daug energijos suteikiantis smulkintas maistas, patenkinantis padidintus Sfinks\u0173 ka\u010di\u0173 energijos poreikius. Specialiai sukurtos ir \u0161ios veisl\u0117s kat\u0117ms pritaikytos maisto granul\u0117s su kalcio chelatais gerina augintinio burnos ir dant\u0173 higien\u0105. D\u0117ka Royal Canin Sphynx Adult sud\u0117tyje esan\u010dio&#8230;<\/p>","protected":false},"featured_media":20091,"comment_status":"closed","ping_status":"closed","template":"","meta":{"_acf_changed":false,"slim_seo":{"title":"Royal Canin Sphynx Adult sausas maistas kat\u0117ms - Zooprekes24","description":"Royal Canin Sphynx Adult ir \u012bpa\u0161i sabalans\u0113ta saus\u0101 bar\u012bba pieaugu\u0161iem sfinksu ka\u0137iem no 1 gada vecuma. Izcili augstas ener\u0123\u0113tisk\u0101s v\u0113rt\u012bbas"},"iawp_total_views":773},"product_brand":[],"product_cat":[72,83,25,9019,9016],"product_tag":[4216,1675,4218,1682,4220,1696],"class_list":{"0":"post-23257","1":"product","2":"type-product","3":"status-publish","4":"has-post-thumbnail","6":"product_cat-kaciu-maistas","7":"product_cat-kaciu-prekiu-gamintojai","8":"product_cat-katems","9":"product_cat-royal-canin-kaciu-prekiu-gamintojai","10":"product_cat-sausas-maistas-kaciu-maistas","11":"product_tag-edalas-sfinksu-katems","12":"product_tag-kaciu-edalas","13":"product_tag-kaciu-edalas-sfinksui","14":"product_tag-kaciu-maistas-super-premium-klases","15":"product_tag-royal-canin-maistas-sfinksams","16":"product_tag-super-premium-maistas-katems","17":"pa_pasaro-sudetis-ryziai","18":"pa_pasaro-sudetis-vistiena","19":"pa_prekiu-zenklai-royal-canin","21":"first","22":"instock","23":"sale","24":"featured","25":"taxable","26":"shipping-taxable","27":"purchasable","28":"product-type-variable"},"acf":[],"_links":{"self":[{"href":"https:\/\/zooprekes24.lt\/lv\/wp-json\/wp\/v2\/product\/23257","targetHints":{"allow":["GET"]}}],"collection":[{"href":"https:\/\/zooprekes24.lt\/lv\/wp-json\/wp\/v2\/product"}],"about":[{"href":"https:\/\/zooprekes24.lt\/lv\/wp-json\/wp\/v2\/types\/product"}],"replies":[{"embeddable":true,"href":"https:\/\/zooprekes24.lt\/lv\/wp-json\/wp\/v2\/comments?post=23257"}],"wp:featuredmedia":[{"embeddable":true,"href":"https:\/\/zooprekes24.lt\/lv\/wp-json\/wp\/v2\/media\/20091"}],"wp:attachment":[{"href":"https:\/\/zooprekes24.lt\/lv\/wp-json\/wp\/v2\/media?parent=23257"}],"wp:term":[{"taxonomy":"product_brand","embeddable":true,"href":"https:\/\/zooprekes24.lt\/lv\/wp-json\/wp\/v2\/product_brand?post=23257"},{"taxonomy":"product_cat","embeddable":true,"href":"https:\/\/zooprekes24.lt\/lv\/wp-json\/wp\/v2\/product_cat?post=23257"},{"taxonomy":"product_tag","embeddable":true,"href":"https:\/\/zooprekes24.lt\/lv\/wp-json\/wp\/v2\/product_tag?post=23257"}],"curies":[{"name":"wp","href":"https:\/\/api.w.org\/{rel}","templated":true}]}}