{"id":23254,"date":"2024-04-19T13:17:46","date_gmt":"2024-04-19T10:17:46","guid":{"rendered":"https:\/\/zooprekes24.lt\/produktas\/royal-canin-persian-kitten\/"},"modified":"2025-12-30T10:25:56","modified_gmt":"2025-12-30T08:25:56","slug":"royal-canin-persian-kitten","status":"publish","type":"product","link":"https:\/\/zooprekes24.lt\/lv\/produktas\/royal-canin-persian-kitten\/","title":{"rendered":"Royal Canin Persian Kitten saus\u0101 bar\u012bba ka\u0137\u0113niem"},"content":{"rendered":"<h3>Royal Canin Persian Kitten &#8211; <a href=\"https:\/\/www.royalcanin.com\/lt\/tailored-nutrition\" target=\"_blank\" rel=\"noopener\">\u012bpa\u0161i sabalans\u0113ts <\/a>Saus\u0101 bar\u012bba persie\u0161u ka\u0137\u0113niem l\u012bdz 1 gada vecumam. Ekskluz\u012bvs bar\u012bbas vielu komplekss ka\u0137\u0113na ka\u017eoka baro\u0161anai un gremo\u0161anas sist\u0113mas stiprin\u0101\u0161anai.<\/h3>\n<ul>\n<li>Pateicoties ekskluz\u012bvam vielu kompleksam (gur\u0137u e\u013c\u013cai, EPA\/DHA un vitam\u012bniem), persie\u0161u ka\u0137\u0113nu ka\u017eoci\u0146\u0161 tiek mitrin\u0101ts un barots.<\/li>\n<li>\u012apa\u0161i atlas\u012btas, labi sagremojamas olbaltumvielas kop\u0101 ar fruktooligo-sahar\u012bdiem pal\u012bdz uztur\u0113t l\u012bdzsvarotu zarnu floru.<\/li>\n<li>Ekskluz\u012bvi \u0161\u0137iedrvielu savienojumi mazina p\u016bku veido\u0161anos un uzlabo ka\u0137\u0113nu ku\u0146\u0123a kust\u012bgumu.<\/li>\n<li>Royal Canin Persian Kitten sast\u0101v\u0101 eso\u0161ie n\u0101trija fosf\u0101ti pal\u0113nina zobu aplikuma un zobakmens veido\u0161anos, aizturot kalciju siekal\u0101s.<\/li>\n<li><a href=\"https:\/\/www.youtube.com\/watch?v=FYwO1fiYoa8\" target=\"_blank\" rel=\"noopener\">\u012apa\u0161as formas granulas<\/a> Izstr\u0101d\u0101ts tikai persie\u0161u ka\u0137iem ar daudzu zivju satv\u0113rienu.<\/li>\n<\/ul>\n<p><a ref=\"magnificPopup\" href=\"https:\/\/zooprekes24.lt\/wp-content\/uploads\/Kitten-Persian-logo.png\"><img loading=\"lazy\" decoding=\"async\" class=\"alignnone wp-image-9807\" src=\"https:\/\/zooprekes24.lt\/wp-content\/uploads\/Kitten-Persian-logo.png\" alt=\"Ka\u0137\u0113ns-Persijas logotips\" width=\"317\" height=\"261\" \/><\/a><\/p>","protected":false},"excerpt":{"rendered":"<p>Royal Canin Persian Kitten &#8211; specialiai subalansuotas sausas maistas Pers\u0173 veisl\u0117s ka\u010diukams iki 1 met\u0173 am\u017eiaus. I\u0161skirtinis maistini\u0173 med\u017eiag\u0173 kompleksas puosel\u0117ja ma\u017eylio kailiuk\u0105 bei stiprina vir\u0161kinimo sistemai. D\u0117ka i\u0161skirtinio med\u017eiag\u0173 komplekso (agurkl\u0117s aliejaus, EPA\/DHA ir vitamin\u0173) dr\u0117kinamas ir puosel\u0117jamas pers\u0173 veisl\u0117s ka\u010diuk\u0173 kailiukas. Specialiai atrinkti, itin lengvai vir\u0161kinami baltymai kartu su frukto-oligo-sacharidais padeda i\u0161laikyti subalansuot\u0105&#8230;<\/p>","protected":false},"featured_media":30619,"comment_status":"closed","ping_status":"closed","template":"","meta":{"_acf_changed":false,"slim_seo":{"title":"Royal Canin Persian Kitten sausas maistas ka\u010diukams - Zooprekes24","description":"Royal Canin Persian Kitten - specialiai subalansuotas sausas maistas Pers\u0173 veisl\u0117s ka\u010diukams iki 1 met\u0173 am\u017eiaus. I\u0161skirtinis maistini\u0173 med\u017eiag\u0173 kompleksas puose"},"iawp_total_views":75},"product_brand":[],"product_cat":[72,83,25,9019,9016],"product_tag":[1671,1817,1675,1682,1696],"class_list":{"0":"post-23254","1":"product","2":"type-product","3":"status-publish","4":"has-post-thumbnail","6":"product_cat-kaciu-maistas","7":"product_cat-kaciu-prekiu-gamintojai","8":"product_cat-katems","9":"product_cat-royal-canin-kaciu-prekiu-gamintojai","10":"product_cat-sausas-maistas-kaciu-maistas","11":"product_tag-begrudis-kaciu-maistas","12":"product_tag-edalas-katems","13":"product_tag-kaciu-edalas","14":"product_tag-kaciu-maistas-super-premium-klases","15":"product_tag-super-premium-maistas-katems","16":"pa_pasaro-sudetis-ryziai","17":"pa_pasaro-sudetis-vistiena","18":"pa_prekiu-zenklai-royal-canin","20":"first","21":"instock","22":"sale","23":"featured","24":"taxable","25":"shipping-taxable","26":"purchasable","27":"product-type-variable"},"acf":[],"_links":{"self":[{"href":"https:\/\/zooprekes24.lt\/lv\/wp-json\/wp\/v2\/product\/23254","targetHints":{"allow":["GET"]}}],"collection":[{"href":"https:\/\/zooprekes24.lt\/lv\/wp-json\/wp\/v2\/product"}],"about":[{"href":"https:\/\/zooprekes24.lt\/lv\/wp-json\/wp\/v2\/types\/product"}],"replies":[{"embeddable":true,"href":"https:\/\/zooprekes24.lt\/lv\/wp-json\/wp\/v2\/comments?post=23254"}],"wp:featuredmedia":[{"embeddable":true,"href":"https:\/\/zooprekes24.lt\/lv\/wp-json\/wp\/v2\/media\/30619"}],"wp:attachment":[{"href":"https:\/\/zooprekes24.lt\/lv\/wp-json\/wp\/v2\/media?parent=23254"}],"wp:term":[{"taxonomy":"product_brand","embeddable":true,"href":"https:\/\/zooprekes24.lt\/lv\/wp-json\/wp\/v2\/product_brand?post=23254"},{"taxonomy":"product_cat","embeddable":true,"href":"https:\/\/zooprekes24.lt\/lv\/wp-json\/wp\/v2\/product_cat?post=23254"},{"taxonomy":"product_tag","embeddable":true,"href":"https:\/\/zooprekes24.lt\/lv\/wp-json\/wp\/v2\/product_tag?post=23254"}],"curies":[{"name":"wp","href":"https:\/\/api.w.org\/{rel}","templated":true}]}}