{"id":23246,"date":"2024-04-19T13:17:46","date_gmt":"2024-04-19T10:17:46","guid":{"rendered":"https:\/\/zooprekes24.lt\/produktas\/royal-canin-maine-coon-kitten\/"},"modified":"2025-12-30T15:40:47","modified_gmt":"2025-12-30T13:40:47","slug":"royal-canin-maine-coon-kakens","status":"publish","type":"product","link":"https:\/\/zooprekes24.lt\/lv\/produktas\/royal-canin-maine-coon-kitten\/","title":{"rendered":"Royal Canin Maine Coon Kitten saus\u0101 bar\u012bba ka\u0137\u0113niem"},"content":{"rendered":"<h3>Royal Canin Meinas jenots ka\u0137\u0113ns -\u00a0<a href=\"https:\/\/www.royalcanin.com\/lt\/tailored-nutrition\" target=\"_blank\" rel=\"noopener\">\u012bpa\u0161i sabalans\u0113ts <\/a>Saus\u0101 bar\u012bba Meinas jenotsu\u0146u ka\u0137\u0113niem l\u012bdz 1 gada vecumam. \u012apa\u0161\u0101 formula veicina \u0161\u012bs \u0161\u0137irnes ka\u0137\u0113nu kaulu un loc\u012btavu pareizu att\u012bst\u012bbu un nodro\u0161ina teicamu gremo\u0161anas funkciju.<\/h3>\n<ul>\n<li><a href=\"https:\/\/zooprekes24.lt\/lv\/kategorija\/prekes-katems\/ciema-partika\/sausas-kaciu-maistas\/\" target=\"_blank\" rel=\"noopener\">Royal Canin Meinas jenots ka\u0137\u0113ns<\/a> Formula satur optim\u0101lu ener\u0123\u0113tisko v\u0113rt\u012bbu, prec\u012bzu kalcija, fosfora un D vitam\u012bna daudzumu, lai pal\u012bdz\u0113tu att\u012bst\u012bties ka\u0137\u0113nu kauliem. Glikozam\u012bns un hondroit\u012bns stiprina loc\u012btavu darb\u012bbu jau no agr\u012bna vecuma.<\/li>\n<li>\u012apa\u0161i atlas\u012btas viegli sagremojamas olbaltumvielas kop\u0101 ar fruktooligosahar\u012bdiem pal\u012bdz uztur\u0113t l\u012bdzsvarotu zarnu floru.<\/li>\n<li><a href=\"https:\/\/www.youtube.com\/watch?v=FYwO1fiYoa8\" target=\"_blank\" rel=\"noopener\">Patent\u0113ts antioksidantu komplekss<\/a> (E un C vitam\u012bni, taur\u012bns un lute\u012bns) stiprina ka\u0137\u0113na dabisko imunit\u0101ti aug\u0161anas laik\u0101.<\/li>\n<li>\u012apa\u0161as formulas granulas, kas piel\u0101gotas Meinas jenotsu\u0146u ka\u0137\u0113nu \u017eok\u013ciem, nodro\u0161ina labu mutes dobuma higi\u0113nu jau no mazotnes.<\/li>\n<\/ul>\n<p><a ref=\"magnificPopup\" href=\"https:\/\/zooprekes24.lt\/wp-content\/uploads\/Kitten-Maine-Coon-logo.png\"><img loading=\"lazy\" decoding=\"async\" class=\"alignnone wp-image-9803\" src=\"https:\/\/zooprekes24.lt\/wp-content\/uploads\/Kitten-Maine-Coon-logo.png\" alt=\"Ka\u0137\u0113ns-Maine-Coon-logo\" width=\"250\" height=\"319\" \/><\/a><\/p>","protected":false},"excerpt":{"rendered":"<p>Royal Canin Maine Coon Kitten &#8211;\u00a0specialiai subalansuotas sausas maistas Meino me\u0161k\u0117n\u0173 ka\u010diukams iki 1 met\u0173 am\u017eiaus. Speciali maisto formul\u0117 skatina tinkam\u0105 \u0161ios veisl\u0117s ka\u010diuk\u0173 kaul\u0173 ir s\u0105nari\u0173 vystym\u0105si bei u\u017etikrina puiki\u0105 ma\u017eyli\u0173 vir\u0161kinimo veikla. Royal Canin Maine Coon Kitten maisto formul\u0117s sud\u0117tyje optimalus energijos kiekis, tiksl\u016bs kalcio, fosforo ir vitamino D kiekiai, kurie padeda vystytis&#8230;<\/p>","protected":false},"featured_media":20085,"comment_status":"closed","ping_status":"closed","template":"","meta":{"_acf_changed":false,"slim_seo":{"title":"Royal Canin Maine Coon Kitten sausas maistas ka\u010diukams - Zooprekes24","description":"Royal Canin Maine Coon Kitten ir \u012bpa\u0161i sabalans\u0113ta saus\u0101 bar\u012bba Meinas jenotsu\u0146u ka\u0137\u0113niem l\u012bdz 1 gada vecumam. \u012apa\u0161\u0101 formula veicina pareizu \u0161\u012b ka\u0137\u0113na uzturu."},"iawp_total_views":714},"product_brand":[],"product_cat":[72,83,25,9019,9016],"product_tag":[1671,3317,1675,1682,1696],"class_list":{"0":"post-23246","1":"product","2":"type-product","3":"status-publish","4":"has-post-thumbnail","6":"product_cat-kaciu-maistas","7":"product_cat-kaciu-prekiu-gamintojai","8":"product_cat-katems","9":"product_cat-royal-canin-kaciu-prekiu-gamintojai","10":"product_cat-sausas-maistas-kaciu-maistas","11":"product_tag-begrudis-kaciu-maistas","12":"product_tag-edalas-meino-meskenu-kaciukams","13":"product_tag-kaciu-edalas","14":"product_tag-kaciu-maistas-super-premium-klases","15":"product_tag-super-premium-maistas-katems","16":"pa_pasaro-sudetis-ryziai","17":"pa_pasaro-sudetis-vistiena","18":"pa_prekiu-zenklai-royal-canin","20":"first","21":"instock","22":"sale","23":"featured","24":"taxable","25":"shipping-taxable","26":"purchasable","27":"product-type-variable"},"acf":[],"_links":{"self":[{"href":"https:\/\/zooprekes24.lt\/lv\/wp-json\/wp\/v2\/product\/23246","targetHints":{"allow":["GET"]}}],"collection":[{"href":"https:\/\/zooprekes24.lt\/lv\/wp-json\/wp\/v2\/product"}],"about":[{"href":"https:\/\/zooprekes24.lt\/lv\/wp-json\/wp\/v2\/types\/product"}],"replies":[{"embeddable":true,"href":"https:\/\/zooprekes24.lt\/lv\/wp-json\/wp\/v2\/comments?post=23246"}],"wp:featuredmedia":[{"embeddable":true,"href":"https:\/\/zooprekes24.lt\/lv\/wp-json\/wp\/v2\/media\/20085"}],"wp:attachment":[{"href":"https:\/\/zooprekes24.lt\/lv\/wp-json\/wp\/v2\/media?parent=23246"}],"wp:term":[{"taxonomy":"product_brand","embeddable":true,"href":"https:\/\/zooprekes24.lt\/lv\/wp-json\/wp\/v2\/product_brand?post=23246"},{"taxonomy":"product_cat","embeddable":true,"href":"https:\/\/zooprekes24.lt\/lv\/wp-json\/wp\/v2\/product_cat?post=23246"},{"taxonomy":"product_tag","embeddable":true,"href":"https:\/\/zooprekes24.lt\/lv\/wp-json\/wp\/v2\/product_tag?post=23246"}],"curies":[{"name":"wp","href":"https:\/\/api.w.org\/{rel}","templated":true}]}}