{"id":23244,"date":"2024-04-19T13:17:46","date_gmt":"2024-04-19T10:17:46","guid":{"rendered":"https:\/\/zooprekes24.lt\/produktas\/royal-canin-medium-adult-konservai\/"},"modified":"2025-07-06T17:35:13","modified_gmt":"2025-07-06T15:35:13","slug":"royal-canin-videja-lieluma-pieauguso-konservu-bariba","status":"publish","type":"product","link":"https:\/\/zooprekes24.lt\/lv\/produktas\/royal-canin-medium-adult-konservai\/","title":{"rendered":"Royal Canin Medium Adult konservai \u0161unims pada\u017ee"},"content":{"rendered":"<h3>Royal Canin Medium Adult -\u00a0<a href=\"https:\/\/www.royalcanin.com\/lt\/tailored-nutrition\" target=\"_blank\" rel=\"noopener\">\u012bpa\u0161i sabalans\u0113ts<\/a> Mitr\u0101 bar\u012bba pieaugu\u0161iem vid\u0113ja lieluma (11-25 kg) su\u0146iem vecum\u0101 no 1 l\u012bdz 10 gadiem. Unik\u0101l\u0101 formula nodro\u0161ina labu gremo\u0161anas funkciju, stiprina imunit\u0101ti un uztur optim\u0101lu \u0137erme\u0146a svaru.<\/h3>\n<ul>\n<li>Labv\u0113l\u012bg\u0101s uzturvielas - eikozapenta\u0113nsk\u0101be (EPA) un dokozaheksa\u0113nsk\u0101be (DHA) - stiprina su\u0146a sirds darb\u012bbu, taur\u012bns uzlabo sirdsdarb\u012bbu, bet L-karnit\u012bns nodro\u0161ina \u0161\u016bnu ener\u0123iju.<\/li>\n<li><a href=\"https:\/\/www.youtube.com\/watch?v=FYwO1fiYoa8&amp;t=1s\" target=\"_blank\" rel=\"noopener\">\u012apa\u0161a konserv\u0113\u0161anas formula<\/a> pal\u012bdz uztur\u0113t vesel\u012bgu gremo\u0161anas sist\u0113mu un zarnu floras l\u012bdzsvaru.<\/li>\n<li>Royal Canin Medium Adult mitr\u0101 bar\u012bba ir bag\u0101tin\u0101ta ar Omega-3 tauksk\u0101b\u0113m (EPR-DHA), kas pal\u012bdz saglab\u0101t vesel\u012bgu \u0101du.<\/li>\n<li>Palielin\u0101ts hondroit\u012bna un glikozam\u012bna l\u012bmenis <a href=\"https:\/\/zooprekes24.lt\/lv\/products\/canvit-chondro-maxi-500g\/\" target=\"_blank\" rel=\"noopener\">pal\u012bdz saglab\u0101t j\u016bsu m\u012blu\u013ca kust\u012bgumu un aizsarg\u0101t loc\u012btavas.<\/a><\/li>\n<\/ul>\n<p><img loading=\"lazy\" decoding=\"async\" class=\"alignnone wp-image-9486\" src=\"https:\/\/zooprekes24.lt\/wp-content\/uploads\/medium-adult-1.png\" alt=\"Vid\u0113ja izm\u0113ra pieaugu\u0161o logotips\" width=\"319\" height=\"269\" \/><\/p>","protected":false},"excerpt":{"rendered":"<p>Royal Canin Medium Adult &#8211;\u00a0specialiai subalansuotas suaugusi\u0173, vidutinio dyd\u017eio veisli\u0173\u00a0 (nuo 11-25 kg) \u0161un\u0173 \u0161lapias maistas nuo 1 iki 10 met\u0173 am\u017eiaus. Unikali maisto formul\u0117 u\u017etikrina ger\u0105 augintinio vir\u0161kinamojo trakto veikl\u0105, stiprina imunitet\u0105 bei palaiko optimal\u0173 k\u016bno svor\u012f. Naudingos maistin\u0117s med\u017eiagos, eikozapentaeno (EPA) ir dokozaheksaeno (DHA) r\u016bg\u0161tys stiprina \u0161uns \u0161irdies funkcijas, taurinas gerina \u0161irdies susitraukim\u0173&#8230;<\/p>","protected":false},"featured_media":25293,"comment_status":"closed","ping_status":"closed","template":"","meta":{"_acf_changed":false,"slim_seo":{"title":"Royal Canin Medium Adult konservai \u0161unims pada\u017ee - Zooprekes24","description":"Royal Canin Medium Adult ir \u012bpa\u0161i sabalans\u0113ta mitr\u0101 bar\u012bba pieaugu\u0161iem vid\u0113ja lieluma (11-25 kg) su\u0146iem no 1 l\u012bdz 10 gadu vecumam. Unik\u0101ls"},"iawp_total_views":90},"product_brand":[],"product_cat":[9012,9004,8999,29,31],"product_tag":[177,200],"class_list":{"0":"post-23244","1":"product","2":"type-product","3":"status-publish","4":"has-post-thumbnail","6":"product_cat-royal-canin","7":"product_cat-slapias-maistas","8":"product_cat-sunims","9":"product_cat-sunu-maistas","10":"product_cat-sunu-prekiu-gamintojai","11":"product_tag-edalas-sunims","12":"product_tag-super-premium-maistas-sunims","13":"pa_pasaro-sudetis-vistiena","14":"pa_prekiu-zenklai-royal-canin","15":"pa_suns-amzius-suaugusiems","16":"pa_veisles-dydis-vidutinems-veislems","18":"first","19":"instock","20":"taxable","21":"shipping-taxable","22":"purchasable","23":"product-type-variable"},"acf":[],"_links":{"self":[{"href":"https:\/\/zooprekes24.lt\/lv\/wp-json\/wp\/v2\/product\/23244","targetHints":{"allow":["GET"]}}],"collection":[{"href":"https:\/\/zooprekes24.lt\/lv\/wp-json\/wp\/v2\/product"}],"about":[{"href":"https:\/\/zooprekes24.lt\/lv\/wp-json\/wp\/v2\/types\/product"}],"replies":[{"embeddable":true,"href":"https:\/\/zooprekes24.lt\/lv\/wp-json\/wp\/v2\/comments?post=23244"}],"wp:featuredmedia":[{"embeddable":true,"href":"https:\/\/zooprekes24.lt\/lv\/wp-json\/wp\/v2\/media\/25293"}],"wp:attachment":[{"href":"https:\/\/zooprekes24.lt\/lv\/wp-json\/wp\/v2\/media?parent=23244"}],"wp:term":[{"taxonomy":"product_brand","embeddable":true,"href":"https:\/\/zooprekes24.lt\/lv\/wp-json\/wp\/v2\/product_brand?post=23244"},{"taxonomy":"product_cat","embeddable":true,"href":"https:\/\/zooprekes24.lt\/lv\/wp-json\/wp\/v2\/product_cat?post=23244"},{"taxonomy":"product_tag","embeddable":true,"href":"https:\/\/zooprekes24.lt\/lv\/wp-json\/wp\/v2\/product_tag?post=23244"}],"curies":[{"name":"wp","href":"https:\/\/api.w.org\/{rel}","templated":true}]}}